{"id":5087,"date":"2025-12-02T06:41:46","date_gmt":"2025-12-02T06:41:46","guid":{"rendered":"https:\/\/mountlaser.com\/?post_type=product&#038;p=5087"},"modified":"2025-12-02T06:41:47","modified_gmt":"2025-12-02T06:41:47","slug":"gp180-gps-pole-thread-lock","status":"publish","type":"product","link":"https:\/\/mountlaser.com\/pl\/produkt\/gp180-gps-pole-thread-lock\/","title":{"rendered":"Blokada gwintu s\u0142upka GPS GP180"},"content":{"rendered":"<p>Ten <a href=\"https:\/\/mountlaser.com\/pl\/kategoria-produktu\/surveying-pole-rod\/\"><strong>Blokada gwintu s\u0142upka GPS GP180<\/strong><\/a> To profesjonalne rozwi\u0105zanie przeznaczone dla geodet\u00f3w, kt\u00f3rzy wymagaj\u0105 maksymalnej stabilno\u015bci i niezawodno\u015bci w terenie. Ten zaawansowany system blokady gwintu s\u0142upa GPS GP180 zapewnia bezpieczne i odporne na wibracje po\u0142\u0105czenie, dzi\u0119ki czemu idealnie nadaje si\u0119 do wymagaj\u0105cych zastosowa\u0144 GNSS. Stworzony z my\u015bl\u0105 o wszechstronno\u015bci, s\u0142up jest w pe\u0142ni kompatybilny z dowolnym standardowym s\u0142upem GPS, a jego od\u0142\u0105czana konstrukcja z blokad\u0105 gwintu zwi\u0119ksza mobilno\u015b\u0107 i \u0142atwo\u015b\u0107 u\u017cytkowania. Niezale\u017cnie od tego, czy chodzi o robotyk\u0119 GNSS, geodezj\u0119, czy geodezj\u0119 budowlan\u0105, blokada gwintu s\u0142upa GPS GP180 zapewnia niezawodn\u0105 prac\u0119 ka\u017cdego dnia.<\/p>\n<p>Wykonane z najwy\u017cszej jako\u015bci w\u0142\u00f3kna w\u0119glowego, ka\u017cde <strong><a href=\"https:\/\/mountlaser.com\/pl\/about-us\/\">S\u0142up GPS<\/a> <\/strong>Oferuje wyj\u0105tkow\u0105 wytrzyma\u0142o\u015b\u0107 przy minimalnej wadze, a aluminiowa podstawa z libell\u0105 zawiera precyzyjn\u0105 30-stopow\u0105 libelk\u0119 okr\u0105g\u0142\u0105 do natychmiastowego poziomowania. Wbudowana os\u0142ona antypo\u015blizgowa u\u0142atwia obs\u0142ug\u0119 w trudnych warunkach, a gwint 5\/8\u2033-11 gwarantuje uniwersaln\u0105 kompatybilno\u015b\u0107 z konwencjonalnymi instrumentami geodezyjnymi. Dzi\u0119ki wielu opcjom konfiguracji \u2013 takim jak modele 180 cm i 200 cm \u2013 <a href=\"https:\/\/mountlaser.com\/pl\/contact-us\/\">S\u0142up GPS<\/a> System z \u0142atwo\u015bci\u0105 dostosowuje si\u0119 do r\u00f3\u017cnych wymaga\u0144 miejsca pracy.<\/p>\n<div>\n<table style=\"border-collapse: collapse; width: 1055.28pt;\" border=\"0\" width=\"1407\" cellspacing=\"0\" cellpadding=\"0\">\n<tbody>\n<tr style=\"height: 14.25pt;\">\n<td class=\"et2\" style=\"height: 14.25pt; width: 235.50pt;\" width=\"314\" height=\"19\">NUMER<\/td>\n<td class=\"et2\" style=\"width: 309.00pt;\" width=\"412\">ROZSZERZENIE<\/td>\n<td class=\"et2\" style=\"width: 88.50pt;\" width=\"118\">SEKCJE<\/td>\n<td class=\"et2\" style=\"width: 138.00pt;\" width=\"184\">TWORZYWO<\/td>\n<td class=\"et2\" style=\"width: 176.25pt;\" width=\"235\">KOLOR<\/td>\n<td class=\"et2\" style=\"width: 54.00pt;\" width=\"72\">\u015aREDNICA<\/td>\n<td class=\"et3\" style=\"width: 54.00pt;\" width=\"72\">ZDJ\u0118CIE<\/td>\n<\/tr>\n<tr style=\"height: 14.25pt;\">\n<td class=\"et4\" style=\"height: 14.25pt;\" height=\"19\">GP180-4C<\/td>\n<td class=\"et4\">180 cm<\/td>\n<td class=\"et5\">4<\/td>\n<td class=\"et4\">W\u0142\u00f3kno w\u0119glowe premium<\/td>\n<td class=\"et4\">Czarny<\/td>\n<td class=\"et4\">32 mm<\/td>\n<td><img fetchpriority=\"high\" decoding=\"async\" class=\"alignnone wp-image-5079\" src=\"https:\/\/mountlaser.com\/wp-content\/uploads\/2025\/12\/GP180-4C-3.webp\" alt=\"GP180 GPS Pole Thread Lock\" width=\"500\" height=\"500\" srcset=\"https:\/\/mountlaser.com\/wp-content\/uploads\/2025\/12\/GP180-4C-3.webp 1000w, https:\/\/mountlaser.com\/wp-content\/uploads\/2025\/12\/GP180-4C-3-300x300.webp 300w, https:\/\/mountlaser.com\/wp-content\/uploads\/2025\/12\/GP180-4C-3-150x150.webp 150w, https:\/\/mountlaser.com\/wp-content\/uploads\/2025\/12\/GP180-4C-3-768x768.webp 768w, https:\/\/mountlaser.com\/wp-content\/uploads\/2025\/12\/GP180-4C-3-12x12.webp 12w, https:\/\/mountlaser.com\/wp-content\/uploads\/2025\/12\/GP180-4C-3-600x600.webp 600w, https:\/\/mountlaser.com\/wp-content\/uploads\/2025\/12\/GP180-4C-3-800x800.webp 800w, https:\/\/mountlaser.com\/wp-content\/uploads\/2025\/12\/GP180-4C-3-400x400.webp 400w\" sizes=\"(max-width: 500px) 100vw, 500px\" \/><\/td>\n<\/tr>\n<tr style=\"height: 14.25pt;\">\n<td class=\"et4\" style=\"height: 14.25pt;\" height=\"19\">GP200-4C<\/td>\n<td class=\"et4\">200 cm<\/td>\n<td class=\"et5\">4<\/td>\n<td class=\"et4\">W\u0142\u00f3kno w\u0119glowe premium<\/td>\n<td class=\"et4\">Czarny<\/td>\n<td class=\"et4\">32 mm<\/td>\n<td><img decoding=\"async\" class=\"alignnone wp-image-5081\" src=\"https:\/\/mountlaser.com\/wp-content\/uploads\/2025\/12\/GP180-4C-5.webp\" alt=\"GP180 GPS Pole Thread Lock\" width=\"500\" height=\"500\" srcset=\"https:\/\/mountlaser.com\/wp-content\/uploads\/2025\/12\/GP180-4C-5.webp 1000w, https:\/\/mountlaser.com\/wp-content\/uploads\/2025\/12\/GP180-4C-5-300x300.webp 300w, https:\/\/mountlaser.com\/wp-content\/uploads\/2025\/12\/GP180-4C-5-150x150.webp 150w, https:\/\/mountlaser.com\/wp-content\/uploads\/2025\/12\/GP180-4C-5-768x768.webp 768w, https:\/\/mountlaser.com\/wp-content\/uploads\/2025\/12\/GP180-4C-5-12x12.webp 12w, https:\/\/mountlaser.com\/wp-content\/uploads\/2025\/12\/GP180-4C-5-600x600.webp 600w, https:\/\/mountlaser.com\/wp-content\/uploads\/2025\/12\/GP180-4C-5-800x800.webp 800w, https:\/\/mountlaser.com\/wp-content\/uploads\/2025\/12\/GP180-4C-5-400x400.webp 400w\" sizes=\"(max-width: 500px) 100vw, 500px\" \/><\/td>\n<\/tr>\n<tr style=\"height: 14.25pt;\">\n<td class=\"et4\" style=\"height: 14.25pt;\" height=\"19\">GP200-2C<\/td>\n<td class=\"et4\">200 cm<\/td>\n<td class=\"et5\">2<\/td>\n<td class=\"et4\">W\u0142\u00f3kno w\u0119glowe premium<\/td>\n<td class=\"et4\">Czarny<\/td>\n<td class=\"et4\">32 mm<\/td>\n<td><img decoding=\"async\" class=\"alignnone wp-image-5091\" src=\"https:\/\/mountlaser.com\/wp-content\/uploads\/2025\/12\/GP200-2C-4.webp\" alt=\"GP180 GPS Pole Thread Lock\" width=\"500\" height=\"500\" srcset=\"https:\/\/mountlaser.com\/wp-content\/uploads\/2025\/12\/GP200-2C-4.webp 1000w, https:\/\/mountlaser.com\/wp-content\/uploads\/2025\/12\/GP200-2C-4-300x300.webp 300w, https:\/\/mountlaser.com\/wp-content\/uploads\/2025\/12\/GP200-2C-4-150x150.webp 150w, https:\/\/mountlaser.com\/wp-content\/uploads\/2025\/12\/GP200-2C-4-768x768.webp 768w, https:\/\/mountlaser.com\/wp-content\/uploads\/2025\/12\/GP200-2C-4-12x12.webp 12w, https:\/\/mountlaser.com\/wp-content\/uploads\/2025\/12\/GP200-2C-4-600x600.webp 600w, https:\/\/mountlaser.com\/wp-content\/uploads\/2025\/12\/GP200-2C-4-800x800.webp 800w, https:\/\/mountlaser.com\/wp-content\/uploads\/2025\/12\/GP200-2C-4-400x400.webp 400w\" sizes=\"(max-width: 500px) 100vw, 500px\" \/><\/td>\n<\/tr>\n<\/tbody>\n<\/table>\n<\/div>","protected":false},"excerpt":{"rendered":"<ul>\n<li>Bezpieczny system blokowania gwint\u00f3w: gwarantuje \u015bcis\u0142e i niezawodne po\u0142\u0105czenie mi\u0119dzy sekcjami s\u0142upa, co zwi\u0119ksza dok\u0142adno\u015b\u0107 pomiaru GNSS.<\/li>\n<li>Wysoka trwa\u0142o\u015b\u0107: konstrukcja z najwy\u017cszej jako\u015bci w\u0142\u00f3kna w\u0119glowego zapewnia wyj\u0105tkow\u0105 sztywno\u015b\u0107 i d\u0142ug\u0105 \u017cywotno\u015b\u0107.<\/li>\n<li>Precyzyjne poziomowanie: Aluminiowa podstawa z libell\u0105 okr\u0105g\u0142\u0105 o \u015brednicy 30 st\u00f3p umo\u017cliwia szybk\u0105 konfiguracj\u0119 i dok\u0142adne pozycjonowanie.<\/li>\n<li>Kompaktowy i przeno\u015bny: Od\u0142\u0105czana konstrukcja i mi\u0119kkie etui umo\u017cliwiaj\u0105 \u0142atwy transport i przechowywanie.<\/li>\n<li>Uniwersalna kompatybilno\u015b\u0107: Wyposa\u017cony w gwint 5\/8\u2033-11, nadaje si\u0119 do szerokiej gamy odbiornik\u00f3w GNSS, pryzmat\u00f3w i akcesori\u00f3w.<\/li>\n<li>Lepsza przyczepno\u015b\u0107 i stabilno\u015b\u0107: Pow\u0142oka antypo\u015blizgowa gwarantuje bezpieczne prowadzenie na mokrym, zakurzonym lub nier\u00f3wnym terenie.<\/li>\n<\/ul>","protected":false},"featured_media":5079,"comment_status":"open","ping_status":"closed","template":"","meta":[],"product_brand":[],"product_cat":[89,143],"product_tag":[],"class_list":{"0":"post-5087","1":"product","2":"type-product","3":"status-publish","4":"has-post-thumbnail","6":"product_cat-surveying-pole-rod","7":"product_cat-gps-pole-thread-lock","9":"first","10":"instock","11":"shipping-taxable","12":"product-type-simple"},"_links":{"self":[{"href":"https:\/\/mountlaser.com\/pl\/wp-json\/wp\/v2\/product\/5087","targetHints":{"allow":["GET"]}}],"collection":[{"href":"https:\/\/mountlaser.com\/pl\/wp-json\/wp\/v2\/product"}],"about":[{"href":"https:\/\/mountlaser.com\/pl\/wp-json\/wp\/v2\/types\/product"}],"replies":[{"embeddable":true,"href":"https:\/\/mountlaser.com\/pl\/wp-json\/wp\/v2\/comments?post=5087"}],"wp:featuredmedia":[{"embeddable":true,"href":"https:\/\/mountlaser.com\/pl\/wp-json\/wp\/v2\/media\/5079"}],"wp:attachment":[{"href":"https:\/\/mountlaser.com\/pl\/wp-json\/wp\/v2\/media?parent=5087"}],"wp:term":[{"taxonomy":"product_brand","embeddable":true,"href":"https:\/\/mountlaser.com\/pl\/wp-json\/wp\/v2\/product_brand?post=5087"},{"taxonomy":"product_cat","embeddable":true,"href":"https:\/\/mountlaser.com\/pl\/wp-json\/wp\/v2\/product_cat?post=5087"},{"taxonomy":"product_tag","embeddable":true,"href":"https:\/\/mountlaser.com\/pl\/wp-json\/wp\/v2\/product_tag?post=5087"}],"curies":[{"name":"wp","href":"https:\/\/api.w.org\/{rel}","templated":true}]}}