{"id":5063,"date":"2025-12-02T05:10:42","date_gmt":"2025-12-02T05:10:42","guid":{"rendered":"https:\/\/mountlaser.com\/?post_type=product&#038;p=5063"},"modified":"2025-12-02T05:10:42","modified_gmt":"2025-12-02T05:10:42","slug":"ad-d64-pole-adapter","status":"publish","type":"product","link":"https:\/\/mountlaser.com\/pl\/produkt\/ad-d64-pole-adapter\/","title":{"rendered":"Adapter do s\u0142upa AD-D64"},"content":{"rendered":"<p>Ten <a href=\"https:\/\/mountlaser.com\/pl\/\"><strong>Adapter do s\u0142upa AD-D64<\/strong><\/a> To precyzyjnie zaprojektowany dodatek, kt\u00f3ry zwi\u0119ksza kompatybilno\u015b\u0107 i elastyczno\u015b\u0107 w zastosowaniach robotyki GNSS i pomiar\u00f3w tachimetrycznych. Zaprojektowany do profesjonalnego u\u017cytku w terenie, adapter tyczek AD-D64 zapewnia p\u0142ynn\u0105 integracj\u0119 z wymiennymi tyczkami geodezyjnymi i zapewnia stabilne, dok\u0142adne pozycjonowanie celu. Jako niezb\u0119dny element <a href=\"https:\/\/mountlaser.com\/pl\/products\/\"><strong>adapter do dr\u0105\u017cka przed\u0142u\u017caj\u0105cego<\/strong><\/a>, umo\u017cliwia geodetom szybk\u0105 konwersj\u0119 mi\u0119dzy r\u00f3\u017cnymi systemami docelowymi przy jednoczesnym zachowaniu sta\u0142ej dok\u0142adno\u015bci pomiar\u00f3w.<\/p>\n<p>Zaprojektowany specjalnie dla szwajcarskiego celu GPH1, <a href=\"https:\/\/mountlaser.com\/pl\/contact-us\/\">Adapter do s\u0142upa AD-D64<\/a> Zapewnia wysoko\u015b\u0107 docelow\u0105 86 mm z adapterem o d\u0142ugo\u015bci 50 mm, gwarantuj\u0105c prawid\u0142owe ustawienie i niezawodn\u0105 prac\u0119 w terenie. Konstrukcja adaptera do tyczek przed\u0142u\u017caj\u0105cych jest wyposa\u017cona w standardowy gwint monta\u017cowy 5\/8\u2033-11, co zapewnia wysok\u0105 kompatybilno\u015b\u0107 z szerok\u0105 gam\u0105 sprz\u0119tu geodezyjnego. Niezale\u017cnie od tego, czy modernizujesz istniej\u0105c\u0105 instalacj\u0119 na tyczce, czy dostosowujesz j\u0105 do nowego sprz\u0119tu, adapter AD-D64 gwarantuje szybk\u0105, bezpieczn\u0105 i precyzyjn\u0105 instalacj\u0119.<\/p>\n<div>\n<table style=\"border-collapse: collapse; width: 947.27pt;\" border=\"0\" width=\"1263\" cellspacing=\"0\" cellpadding=\"0\">\n<tbody>\n<tr style=\"height: 17.25pt;\">\n<td class=\"et2\" style=\"height: 17.25pt; width: 235.50pt;\" width=\"314\" height=\"23\">NUMER CZ\u0118\u015aCI<\/td>\n<td class=\"et3\" style=\"width: 309.00pt;\" width=\"412\">CEL ZAPROJEKTOWANY DLA<\/td>\n<td class=\"et3\" style=\"width: 88.50pt;\" width=\"118\">WYSOKO\u015a\u0106 DOCELOWA<\/td>\n<td class=\"et3\" style=\"width: 138.00pt;\" width=\"184\">D\u0141UGO\u015a\u0106 ADAPTERA<\/td>\n<td class=\"et4\" style=\"width: 176.25pt;\" width=\"235\">ZDJ\u0118CIE<\/td>\n<\/tr>\n<tr style=\"height: 14.25pt;\">\n<td class=\"et5\" style=\"height: 14.25pt;\" height=\"19\">AD-D64<\/td>\n<td class=\"et5\">Szwajcarski GPH1<\/td>\n<td class=\"et5\">86 mm<\/td>\n<td class=\"et5\">50 mm<\/td>\n<td><img fetchpriority=\"high\" decoding=\"async\" class=\"alignnone wp-image-5067\" src=\"https:\/\/mountlaser.com\/wp-content\/uploads\/2025\/12\/AD-D64-4.webp\" alt=\"AD-D64 Pole Adapter\" width=\"500\" height=\"500\" srcset=\"https:\/\/mountlaser.com\/wp-content\/uploads\/2025\/12\/AD-D64-4.webp 1000w, https:\/\/mountlaser.com\/wp-content\/uploads\/2025\/12\/AD-D64-4-300x300.webp 300w, https:\/\/mountlaser.com\/wp-content\/uploads\/2025\/12\/AD-D64-4-150x150.webp 150w, https:\/\/mountlaser.com\/wp-content\/uploads\/2025\/12\/AD-D64-4-768x768.webp 768w, https:\/\/mountlaser.com\/wp-content\/uploads\/2025\/12\/AD-D64-4-12x12.webp 12w, https:\/\/mountlaser.com\/wp-content\/uploads\/2025\/12\/AD-D64-4-600x600.webp 600w, https:\/\/mountlaser.com\/wp-content\/uploads\/2025\/12\/AD-D64-4-800x800.webp 800w, https:\/\/mountlaser.com\/wp-content\/uploads\/2025\/12\/AD-D64-4-400x400.webp 400w\" sizes=\"(max-width: 500px) 100vw, 500px\" \/><\/td>\n<\/tr>\n<\/tbody>\n<\/table>\n<\/div>","protected":false},"excerpt":{"rendered":"<ul>\n<li>Zgodno\u015b\u0107 z wymienn\u0105 konstrukcj\u0105: Wsp\u00f3\u0142pracuje z tyczkami geodezyjnymi przeznaczonymi do obs\u0142ugi robot\u00f3w GNSS i stacji tachimetrycznych.<\/li>\n<li>Funkcja przed\u0142u\u017cenia: Dzia\u0142a jako niezawodny adapter przed\u0142u\u017cacza, umo\u017cliwiaj\u0105cy regulacj\u0119 i zmian\u0119 wysoko\u015bci docelowych.<\/li>\n<li>Precyzyjne ustawienie celu: Zaprojektowane specjalnie dla szwajcarskiej tarczy GPH1 o wysoko\u015bci celu 86 mm.<\/li>\n<li>Standardowy gwint monta\u017cowy: Posiada uniwersalny gwint 5\/8\u2033-11 zapewniaj\u0105cy kompatybilno\u015b\u0107 z szerok\u0105 gam\u0105 urz\u0105dze\u0144.<\/li>\n<li>Zoptymalizowana d\u0142ugo\u015b\u0107 adaptera: D\u0142ugo\u015b\u0107 adaptera 50 mm zosta\u0142a zaprojektowana tak, aby zapewni\u0107 sp\u00f3jn\u0105 geometri\u0119 pomiar\u00f3w.<\/li>\n<li>Szybka mo\u017cliwo\u015b\u0107 konwersji: Umo\u017cliwia szybkie prze\u0142\u0105czanie si\u0119 mi\u0119dzy aplikacjami poprzez prost\u0105 wymian\u0119 adapter\u00f3w.<\/li>\n<li>Trwa\u0142a konstrukcja: Zaprojektowane z my\u015bl\u0105 o d\u0142ugotrwa\u0142ej pracy w terenie, w wymagaj\u0105cych warunkach geodezyjnych.<\/li>\n<\/ul>","protected":false},"featured_media":5064,"comment_status":"open","ping_status":"closed","template":"","meta":[],"product_brand":[],"product_cat":[142,89],"product_tag":[],"class_list":{"0":"post-5063","1":"product","2":"type-product","3":"status-publish","4":"has-post-thumbnail","6":"product_cat-pole-adapter","7":"product_cat-surveying-pole-rod","9":"first","10":"instock","11":"shipping-taxable","12":"product-type-simple"},"_links":{"self":[{"href":"https:\/\/mountlaser.com\/pl\/wp-json\/wp\/v2\/product\/5063","targetHints":{"allow":["GET"]}}],"collection":[{"href":"https:\/\/mountlaser.com\/pl\/wp-json\/wp\/v2\/product"}],"about":[{"href":"https:\/\/mountlaser.com\/pl\/wp-json\/wp\/v2\/types\/product"}],"replies":[{"embeddable":true,"href":"https:\/\/mountlaser.com\/pl\/wp-json\/wp\/v2\/comments?post=5063"}],"wp:featuredmedia":[{"embeddable":true,"href":"https:\/\/mountlaser.com\/pl\/wp-json\/wp\/v2\/media\/5064"}],"wp:attachment":[{"href":"https:\/\/mountlaser.com\/pl\/wp-json\/wp\/v2\/media?parent=5063"}],"wp:term":[{"taxonomy":"product_brand","embeddable":true,"href":"https:\/\/mountlaser.com\/pl\/wp-json\/wp\/v2\/product_brand?post=5063"},{"taxonomy":"product_cat","embeddable":true,"href":"https:\/\/mountlaser.com\/pl\/wp-json\/wp\/v2\/product_cat?post=5063"},{"taxonomy":"product_tag","embeddable":true,"href":"https:\/\/mountlaser.com\/pl\/wp-json\/wp\/v2\/product_tag?post=5063"}],"curies":[{"name":"wp","href":"https:\/\/api.w.org\/{rel}","templated":true}]}}