{"id":5030,"date":"2025-12-02T03:25:10","date_gmt":"2025-12-02T03:25:10","guid":{"rendered":"https:\/\/mountlaser.com\/?post_type=product&#038;p=5030"},"modified":"2025-12-02T03:25:10","modified_gmt":"2025-12-02T03:25:10","slug":"ad-b15-pole-adapter","status":"publish","type":"product","link":"https:\/\/mountlaser.com\/pl\/produkt\/ad-b15-pole-adapter\/","title":{"rendered":"Adapter do s\u0142upa AD-B15"},"content":{"rendered":"<p>Ten <a href=\"https:\/\/mountlaser.com\/pl\/\"><strong>Adapter do s\u0142upa<\/strong><\/a> to precyzyjnie zaprojektowany dodatek, kt\u00f3ry zwi\u0119ksza kompatybilno\u015b\u0107 i elastyczno\u015b\u0107 tyczki geodezyjnej GNSS, robotycznej i tachimetrycznej. Zaprojektowany dla profesjonalist\u00f3w terenowych, kt\u00f3rzy cz\u0119sto zmieniaj\u0105 cele, adapter tyczki umo\u017cliwia natychmiastow\u0105 zmian\u0119 konfiguracji poprzez prost\u0105 wymian\u0119 adapter\u00f3w, co czyni go niezb\u0119dnym narz\u0119dziem do efektywnego przebiegu pracy.<\/p>\n<p>Wykonany z wytrzyma\u0142ych materia\u0142\u00f3w i wyposa\u017cony w uniwersalny gwint monta\u017cowy 5\/8\u2033-11, ten <a href=\"https:\/\/mountlaser.com\/pl\/about-us\/\"><strong>Adapter gwintowany do s\u0142upa<\/strong> <\/a>zapewnia bezpieczne i stabilne po\u0142\u0105czenie dla szerokiej gamy cel\u00f3w pomiarowych. Ka\u017cdy adapter z gwintem na s\u0142upku zosta\u0142 zaprojektowany z okre\u015blon\u0105 d\u0142ugo\u015bci\u0105, aby osi\u0105gn\u0105\u0107 dok\u0142adn\u0105 wysoko\u015b\u0107 celu 150 mm, gwarantuj\u0105c dok\u0142adno\u015b\u0107 w wielu zastosowaniach.<\/p>\n<p><a href=\"https:\/\/mountlaser.com\/pl\/contact-us\/\">Wiele modeli adapter\u00f3w<\/a>\u2014 w tym AD-B15, AD-B35, AD-B50, AD-B73, AD-B80 i AD-B100 \u2014 zapewniaj\u0105 dopasowan\u0105 kompatybilno\u015b\u0107 z pryzmatami Trimble, Zeiss, Topcon i MountLaser, oferuj\u0105c geodetom niezr\u00f3wnan\u0105 wszechstronno\u015b\u0107 w terenie. Niezale\u017cnie od tego, czy u\u017cywasz pryzmat\u00f3w 360\u00b0, minipryzmat\u00f3w, czy regulowanych cel\u00f3w monitoruj\u0105cych, adapter na tyczk\u0119 zapewnia precyzyjne ustawienie, szybk\u0105 konwersj\u0119 i d\u0142ugotrwa\u0142\u0105 trwa\u0142o\u015b\u0107.<\/p>\n<div>\n<table style=\"border-collapse: collapse; width: 947.27pt;\" border=\"0\" width=\"1263\" cellspacing=\"0\" cellpadding=\"0\">\n<tbody>\n<tr style=\"height: 17.25pt;\">\n<td class=\"et2\" style=\"height: 17.25pt; width: 235.50pt;\" width=\"314\" height=\"23\">NUMER CZ\u0118\u015aCI<\/td>\n<td class=\"et3\" style=\"width: 309.00pt;\" width=\"412\">CEL ZAPROJEKTOWANY DLA<\/td>\n<td class=\"et3\" style=\"width: 88.50pt;\" width=\"118\">WYSOKO\u015a\u0106 DOCELOWA<\/td>\n<td class=\"et3\" style=\"width: 138.00pt;\" width=\"184\">D\u0141UGO\u015a\u0106 ADAPTERA<\/td>\n<td class=\"et4\" style=\"width: 176.25pt;\" width=\"235\">ZDJ\u0118CIE<\/td>\n<\/tr>\n<tr style=\"height: 14.25pt;\">\n<td class=\"et5\" style=\"height: 14.25pt;\" height=\"19\">AD-B15<\/td>\n<td class=\"et5\">TRI RMT, regulowany<\/td>\n<td class=\"et5\">135 mm<\/td>\n<td class=\"et5\">15 mm<\/td>\n<td><img fetchpriority=\"high\" decoding=\"async\" class=\"alignnone wp-image-5022\" src=\"https:\/\/mountlaser.com\/wp-content\/uploads\/2025\/12\/AD-B15-2.webp\" alt=\"Pole Adapter\" width=\"500\" height=\"500\" srcset=\"https:\/\/mountlaser.com\/wp-content\/uploads\/2025\/12\/AD-B15-2.webp 1000w, https:\/\/mountlaser.com\/wp-content\/uploads\/2025\/12\/AD-B15-2-300x300.webp 300w, https:\/\/mountlaser.com\/wp-content\/uploads\/2025\/12\/AD-B15-2-150x150.webp 150w, https:\/\/mountlaser.com\/wp-content\/uploads\/2025\/12\/AD-B15-2-768x768.webp 768w, https:\/\/mountlaser.com\/wp-content\/uploads\/2025\/12\/AD-B15-2-12x12.webp 12w, https:\/\/mountlaser.com\/wp-content\/uploads\/2025\/12\/AD-B15-2-600x600.webp 600w, https:\/\/mountlaser.com\/wp-content\/uploads\/2025\/12\/AD-B15-2-800x800.webp 800w, https:\/\/mountlaser.com\/wp-content\/uploads\/2025\/12\/AD-B15-2-400x400.webp 400w\" sizes=\"(max-width: 500px) 100vw, 500px\" \/><\/td>\n<\/tr>\n<tr style=\"height: 14.25pt;\">\n<td class=\"et5\" style=\"height: 14.25pt;\" height=\"19\">AD-B35<\/td>\n<td class=\"et5\">Wysoko\u015b\u0107 pryzmatu MountLaser 115 mm<\/td>\n<td class=\"et5\">115 mm<\/td>\n<td class=\"et5\">35 mm<\/td>\n<td><img decoding=\"async\" class=\"alignnone wp-image-5031\" src=\"https:\/\/mountlaser.com\/wp-content\/uploads\/2025\/12\/AD-B35-1.webp\" alt=\"Pole Adapter\" width=\"500\" height=\"500\" srcset=\"https:\/\/mountlaser.com\/wp-content\/uploads\/2025\/12\/AD-B35-1.webp 1000w, https:\/\/mountlaser.com\/wp-content\/uploads\/2025\/12\/AD-B35-1-300x300.webp 300w, https:\/\/mountlaser.com\/wp-content\/uploads\/2025\/12\/AD-B35-1-150x150.webp 150w, https:\/\/mountlaser.com\/wp-content\/uploads\/2025\/12\/AD-B35-1-768x768.webp 768w, https:\/\/mountlaser.com\/wp-content\/uploads\/2025\/12\/AD-B35-1-12x12.webp 12w, https:\/\/mountlaser.com\/wp-content\/uploads\/2025\/12\/AD-B35-1-600x600.webp 600w, https:\/\/mountlaser.com\/wp-content\/uploads\/2025\/12\/AD-B35-1-800x800.webp 800w, https:\/\/mountlaser.com\/wp-content\/uploads\/2025\/12\/AD-B35-1-400x400.webp 400w\" sizes=\"(max-width: 500px) 100vw, 500px\" \/><\/td>\n<\/tr>\n<tr style=\"height: 14.25pt;\">\n<td class=\"et5\" style=\"height: 14.25pt;\" height=\"19\">AD-B50<\/td>\n<td class=\"et5\">Pryzmat Zeiss 360\u00b0<\/td>\n<td class=\"et5\">100 mm<\/td>\n<td class=\"et5\">50 mm<\/td>\n<td><img decoding=\"async\" class=\"alignnone wp-image-5039\" src=\"https:\/\/mountlaser.com\/wp-content\/uploads\/2025\/12\/AD-B50-1.webp\" alt=\"Pole Adapter\" width=\"500\" height=\"500\" srcset=\"https:\/\/mountlaser.com\/wp-content\/uploads\/2025\/12\/AD-B50-1.webp 1000w, https:\/\/mountlaser.com\/wp-content\/uploads\/2025\/12\/AD-B50-1-300x300.webp 300w, https:\/\/mountlaser.com\/wp-content\/uploads\/2025\/12\/AD-B50-1-150x150.webp 150w, https:\/\/mountlaser.com\/wp-content\/uploads\/2025\/12\/AD-B50-1-768x768.webp 768w, https:\/\/mountlaser.com\/wp-content\/uploads\/2025\/12\/AD-B50-1-12x12.webp 12w, https:\/\/mountlaser.com\/wp-content\/uploads\/2025\/12\/AD-B50-1-600x600.webp 600w, https:\/\/mountlaser.com\/wp-content\/uploads\/2025\/12\/AD-B50-1-800x800.webp 800w, https:\/\/mountlaser.com\/wp-content\/uploads\/2025\/12\/AD-B50-1-400x400.webp 400w\" sizes=\"(max-width: 500px) 100vw, 500px\" \/><\/td>\n<\/tr>\n<tr style=\"height: 14.25pt;\">\n<td class=\"et5\" style=\"height: 14.25pt;\" height=\"19\">AD-B73<\/td>\n<td class=\"et5\">Pryzmat TOP 360\u00b0<\/td>\n<td class=\"et5\">77 mm<\/td>\n<td class=\"et5\">73 mm<\/td>\n<td><img loading=\"lazy\" decoding=\"async\" class=\"alignnone wp-image-5052\" src=\"https:\/\/mountlaser.com\/wp-content\/uploads\/2025\/12\/AD-B80-5.webp\" alt=\"Pole Adapter\" width=\"500\" height=\"500\" srcset=\"https:\/\/mountlaser.com\/wp-content\/uploads\/2025\/12\/AD-B80-5.webp 1000w, https:\/\/mountlaser.com\/wp-content\/uploads\/2025\/12\/AD-B80-5-300x300.webp 300w, https:\/\/mountlaser.com\/wp-content\/uploads\/2025\/12\/AD-B80-5-150x150.webp 150w, https:\/\/mountlaser.com\/wp-content\/uploads\/2025\/12\/AD-B80-5-768x768.webp 768w, https:\/\/mountlaser.com\/wp-content\/uploads\/2025\/12\/AD-B80-5-12x12.webp 12w, https:\/\/mountlaser.com\/wp-content\/uploads\/2025\/12\/AD-B80-5-600x600.webp 600w, https:\/\/mountlaser.com\/wp-content\/uploads\/2025\/12\/AD-B80-5-800x800.webp 800w, https:\/\/mountlaser.com\/wp-content\/uploads\/2025\/12\/AD-B80-5-400x400.webp 400w\" sizes=\"(max-width: 500px) 100vw, 500px\" \/><\/td>\n<\/tr>\n<tr style=\"height: 14.25pt;\">\n<td class=\"et5\" style=\"height: 14.25pt;\" height=\"19\">AD-B80<\/td>\n<td class=\"et5\">Pryzmat MountLaser Mini<\/td>\n<td class=\"et5\">70 mm<\/td>\n<td class=\"et5\">80 mm<\/td>\n<td><img loading=\"lazy\" decoding=\"async\" class=\"alignnone wp-image-5048\" src=\"https:\/\/mountlaser.com\/wp-content\/uploads\/2025\/12\/AD-B80-1.webp\" alt=\"\" width=\"500\" height=\"500\" srcset=\"https:\/\/mountlaser.com\/wp-content\/uploads\/2025\/12\/AD-B80-1.webp 1000w, https:\/\/mountlaser.com\/wp-content\/uploads\/2025\/12\/AD-B80-1-300x300.webp 300w, https:\/\/mountlaser.com\/wp-content\/uploads\/2025\/12\/AD-B80-1-150x150.webp 150w, https:\/\/mountlaser.com\/wp-content\/uploads\/2025\/12\/AD-B80-1-768x768.webp 768w, https:\/\/mountlaser.com\/wp-content\/uploads\/2025\/12\/AD-B80-1-12x12.webp 12w, https:\/\/mountlaser.com\/wp-content\/uploads\/2025\/12\/AD-B80-1-600x600.webp 600w, https:\/\/mountlaser.com\/wp-content\/uploads\/2025\/12\/AD-B80-1-800x800.webp 800w, https:\/\/mountlaser.com\/wp-content\/uploads\/2025\/12\/AD-B80-1-400x400.webp 400w\" sizes=\"(max-width: 500px) 100vw, 500px\" \/><\/td>\n<\/tr>\n<tr style=\"height: 14.25pt;\">\n<td class=\"et5\" style=\"height: 14.25pt;\" height=\"19\">AD-B100<\/td>\n<td class=\"et5\">TOP 360\u00b0 Prsim ATP1 ATP2<\/td>\n<td class=\"et5\">50 mm<\/td>\n<td class=\"et5\">100 mm<\/td>\n<td class=\"et6\"><img loading=\"lazy\" decoding=\"async\" class=\"alignnone wp-image-5059\" src=\"https:\/\/mountlaser.com\/wp-content\/uploads\/2025\/12\/AD-B100-4.webp\" alt=\"Pole Adapter\" width=\"500\" height=\"500\" srcset=\"https:\/\/mountlaser.com\/wp-content\/uploads\/2025\/12\/AD-B100-4.webp 1000w, https:\/\/mountlaser.com\/wp-content\/uploads\/2025\/12\/AD-B100-4-300x300.webp 300w, https:\/\/mountlaser.com\/wp-content\/uploads\/2025\/12\/AD-B100-4-150x150.webp 150w, https:\/\/mountlaser.com\/wp-content\/uploads\/2025\/12\/AD-B100-4-768x768.webp 768w, https:\/\/mountlaser.com\/wp-content\/uploads\/2025\/12\/AD-B100-4-12x12.webp 12w, https:\/\/mountlaser.com\/wp-content\/uploads\/2025\/12\/AD-B100-4-600x600.webp 600w, https:\/\/mountlaser.com\/wp-content\/uploads\/2025\/12\/AD-B100-4-800x800.webp 800w, https:\/\/mountlaser.com\/wp-content\/uploads\/2025\/12\/AD-B100-4-400x400.webp 400w\" sizes=\"(max-width: 500px) 100vw, 500px\" \/><\/td>\n<\/tr>\n<\/tbody>\n<\/table>\n<\/div>","protected":false},"excerpt":{"rendered":"<ul>\n<li>Zapewnia bezpieczne i dok\u0142adne mocowanie tyczki GNSS i tachimetr\u00f3w<\/li>\n<li>Umo\u017cliwia szybkie prze\u0142\u0105czanie mi\u0119dzy r\u00f3\u017cnymi celami pomiarowymi<\/li>\n<li>Zapewnia sp\u00f3jn\u0105 wysoko\u015b\u0107 docelow\u0105 (150 mm) dla wszystkich typ\u00f3w adapter\u00f3w<\/li>\n<li>Kompatybilny z wieloma markami i systemami pryzmatycznymi<\/li>\n<li>Idealny do pomiar\u00f3w terenowych, monitoringu i pomiar\u00f3w budowlanych<\/li>\n<\/ul>","protected":false},"featured_media":5021,"comment_status":"open","ping_status":"closed","template":"","meta":[],"product_brand":[],"product_cat":[89,142],"product_tag":[],"class_list":{"0":"post-5030","1":"product","2":"type-product","3":"status-publish","4":"has-post-thumbnail","6":"product_cat-surveying-pole-rod","7":"product_cat-pole-adapter","9":"first","10":"instock","11":"shipping-taxable","12":"product-type-simple"},"_links":{"self":[{"href":"https:\/\/mountlaser.com\/pl\/wp-json\/wp\/v2\/product\/5030","targetHints":{"allow":["GET"]}}],"collection":[{"href":"https:\/\/mountlaser.com\/pl\/wp-json\/wp\/v2\/product"}],"about":[{"href":"https:\/\/mountlaser.com\/pl\/wp-json\/wp\/v2\/types\/product"}],"replies":[{"embeddable":true,"href":"https:\/\/mountlaser.com\/pl\/wp-json\/wp\/v2\/comments?post=5030"}],"wp:featuredmedia":[{"embeddable":true,"href":"https:\/\/mountlaser.com\/pl\/wp-json\/wp\/v2\/media\/5021"}],"wp:attachment":[{"href":"https:\/\/mountlaser.com\/pl\/wp-json\/wp\/v2\/media?parent=5030"}],"wp:term":[{"taxonomy":"product_brand","embeddable":true,"href":"https:\/\/mountlaser.com\/pl\/wp-json\/wp\/v2\/product_brand?post=5030"},{"taxonomy":"product_cat","embeddable":true,"href":"https:\/\/mountlaser.com\/pl\/wp-json\/wp\/v2\/product_cat?post=5030"},{"taxonomy":"product_tag","embeddable":true,"href":"https:\/\/mountlaser.com\/pl\/wp-json\/wp\/v2\/product_tag?post=5030"}],"curies":[{"name":"wp","href":"https:\/\/api.w.org\/{rel}","templated":true}]}}