{"id":4942,"date":"2025-11-26T03:29:18","date_gmt":"2025-11-26T03:29:18","guid":{"rendered":"https:\/\/mountlaser.com\/?post_type=product&#038;p=4942"},"modified":"2025-11-26T03:29:18","modified_gmt":"2025-11-26T03:29:18","slug":"auto-levels-b-series","status":"publish","type":"product","link":"https:\/\/mountlaser.com\/pl\/produkt\/auto-levels-b-series\/","title":{"rendered":"Poziomice automatyczne serii B"},"content":{"rendered":"<p>Osi\u0105gnij niezr\u00f3wnan\u0105 precyzj\u0119 i niezawodno\u015b\u0107 w pracy w terenie dzi\u0119ki <a href=\"https:\/\/mountlaser.com\/pl\/about-us\/\">Poziomice automatyczne serii B<\/a> z G\u00f3ry Laser.<br \/>\nTa wszechstronna seria Auto Levels B obejmuje:<br \/>\nPoziomy automatyczne B20<br \/>\nPoziomy automatyczne B30<br \/>\nPoziomy automatyczne B30A<br \/>\nPoziomy automatyczne B40<br \/>\nModele Auto Levels B40A zosta\u0142y zaprojektowane tak, aby sprosta\u0107 rygorystycznym wymaganiom ka\u017cdego <a href=\"https:\/\/mountlaser.com\/pl\/about-us\/\">badanie poziomu samochodu<\/a>. Od precyzyjnego tyczenia w budownictwie po og\u00f3lne prace niwelacyjne, mamy seri\u0119 B, kt\u00f3ra idealnie spe\u0142ni wymagania dotycz\u0105ce dok\u0142adno\u015bci Twojego projektu.<br \/>\nPlanuj\u0105c kolejn\u0105 inspekcj\u0119 poziomowania pojazd\u00f3w, wyb\u00f3r sprz\u0119tu ma kluczowe znaczenie, a seria B oferuje sprawdzone rozwi\u0105zania, na kt\u00f3re licz\u0105 specjali\u015bci. Inwestycja w solidne narz\u0119dzie do inspekcji poziomowania pojazd\u00f3w nigdy nie by\u0142a bardziej dost\u0119pna dzi\u0119ki po\u0142\u0105czeniu zaawansowanych funkcji i wyj\u0105tkowej warto\u015bci serii B.<\/p>\n<p>Seria oferuje szeroki zakres dok\u0142adno\u015bci, od wysokiej precyzji 0,7 mm (B20) do solidnego odchylenia standardowego wynosz\u0105cego 2,0 mm na 1 km niwelacji podw\u00f3jnej, co gwarantuje integralno\u015b\u0107 danych dla ka\u017cdego zadania.<\/p>\n<p><strong>Specyfikacje automatycznych poziom\u00f3w serii B<\/strong><\/p>\n<table width=\"1552\">\n<tbody>\n<tr>\n<td width=\"266\">Numer modelu.<\/td>\n<td width=\"256\">B20<\/td>\n<td width=\"257\">B30<\/td>\n<td width=\"258\">B30A<\/td>\n<td width=\"254\">B40<\/td>\n<td width=\"261\">B40A<\/td>\n<\/tr>\n<tr>\n<td>Marka<\/td>\n<td>TP\/SK<\/td>\n<td>TP\/SK<\/td>\n<td>TP\/SK<\/td>\n<td>TP\/SK<\/td>\n<td>TP\/SK<\/td>\n<\/tr>\n<tr>\n<td>Odchylenie standardowe dla niwelacji dwutorowej na odcinku 1 km<\/td>\n<td>0,7 mm<\/td>\n<td>1,5 mm<\/td>\n<td>2,0 mm<\/td>\n<td>2,0 mm<\/td>\n<td>1,5 mm<\/td>\n<\/tr>\n<tr>\n<td>Powi\u0119kszenie teleskopu<\/td>\n<td>32X<\/td>\n<td>28X<\/td>\n<td>24X<\/td>\n<td>24X<\/td>\n<td>28X<\/td>\n<\/tr>\n<tr>\n<td>Obraz teleskopu<\/td>\n<td>Wyprostowany<\/td>\n<td>Wyprostowany<\/td>\n<td>Wyprostowany<\/td>\n<td>Wyprostowany<\/td>\n<td>Wyprostowany<\/td>\n<\/tr>\n<tr>\n<td>Najkr\u00f3tsza odleg\u0142o\u015b\u0107 widzenia<\/td>\n<td>0,3 m<\/td>\n<td>0,3 m<\/td>\n<td>0,3 m<\/td>\n<td>0,3 m<\/td>\n<td>0,3 m<\/td>\n<\/tr>\n<tr>\n<td>Wy\u015bwietl b\u0142\u0105d odleg\u0142o\u015bci<\/td>\n<td>\u2264\u00b10,4%<\/td>\n<td>\u2264\u00b10,4%<\/td>\n<td>\u2264\u00b10,4%<\/td>\n<td>\u2264\u00b10,4%<\/td>\n<td>\u2264\u00b10,4%<\/td>\n<\/tr>\n<tr>\n<td>Efektywny rozmiar apertury obiektywu<\/td>\n<td>42 mm<\/td>\n<td>36 mm<\/td>\n<td>36 mm<\/td>\n<td>32 mm<\/td>\n<td>32 mm<\/td>\n<\/tr>\n<tr>\n<td>Rezolucja<\/td>\n<td>\u22643,0\u2033<\/td>\n<td>\u22643,5\u2033<\/td>\n<td>\u22643,5\u2033<\/td>\n<td>\u22644,0\u2033<\/td>\n<td>\u22644,0\u2033<\/td>\n<\/tr>\n<tr>\n<td>K\u0105t widzenia<\/td>\n<td>1\u00b025\u2032<\/td>\n<td>1\u00b025\u2032<\/td>\n<td>1\u00b025\u2032<\/td>\n<td>1\u00b025\u2032<\/td>\n<td>1\u00b025\u2032<\/td>\n<\/tr>\n<tr>\n<td>B\u0142\u0105d ustawiania ostro\u015bci<\/td>\n<td>\u22640,5 mm<\/td>\n<td>\u22641,0 mm<\/td>\n<td>\u22641,0 mm<\/td>\n<td>\u22641,0 mm<\/td>\n<td>\u22641,0 mm<\/td>\n<\/tr>\n<tr>\n<td>Typ kompensatora<\/td>\n<td>T\u0142umienie magnetyczne<\/td>\n<td>T\u0142umienie magnetyczne<\/td>\n<td>T\u0142umienie magnetyczne<\/td>\n<td>T\u0142umienie magnetyczne<\/td>\n<td>T\u0142umienie magnetyczne<\/td>\n<\/tr>\n<tr>\n<td>Zakres roboczy kompensatora<\/td>\n<td>\u00b115\u2032<\/td>\n<td>\u00b115\u2032<\/td>\n<td>\u00b115\u2032<\/td>\n<td>\u00b115\u2032<\/td>\n<td>\u00b115\u2032<\/td>\n<\/tr>\n<tr>\n<td>Kompensacja b\u0142\u0119du<\/td>\n<td>\u22640,3\u2033<\/td>\n<td>\u22640,5\u2033<\/td>\n<td>\u22640,5\u2033<\/td>\n<td>\u22640,5\u2033<\/td>\n<td>\u22640,5\u2033<\/td>\n<\/tr>\n<tr>\n<td>Siatka przyrz\u0105du<\/td>\n<td>Kszta\u0142t klina<\/td>\n<td>Siatka krzy\u017cowa<\/td>\n<td>Siatka krzy\u017cowa<\/td>\n<td>Siatka krzy\u017cowa<\/td>\n<td>Siatka krzy\u017cowa<\/td>\n<\/tr>\n<tr>\n<td>Dok\u0142adno\u015b\u0107 ustawie\u0144<\/td>\n<td>\u00b10,3\u2033<\/td>\n<td>\u00b10,5\u2033<\/td>\n<td>\u00b10,5\u2033<\/td>\n<td>\u00b10,5\u2033<\/td>\n<td>\u00b10,5\u2033<\/td>\n<\/tr>\n<tr>\n<td>Ustawianie czasu<\/td>\n<td>\u2264 1,5 s<\/td>\n<td>\u2264 1,5 s<\/td>\n<td>\u2264 1,5 s<\/td>\n<td>\u2264 1,5 s<\/td>\n<td>\u2264 1,5 s<\/td>\n<\/tr>\n<tr>\n<td>Sta\u0142a mno\u017cenia stadii<\/td>\n<td>100<\/td>\n<td>100<\/td>\n<td>100<\/td>\n<td>100<\/td>\n<td>100<\/td>\n<\/tr>\n<tr>\n<td>Sta\u0142a addytywna stadi\u00f3w<\/td>\n<td>0<\/td>\n<td>0<\/td>\n<td>0<\/td>\n<td>0<\/td>\n<td>0<\/td>\n<\/tr>\n<tr>\n<td>Czu\u0142o\u015b\u0107 poziomicy ko\u0142owej<\/td>\n<td>8\u2032 \/ 2 mm<\/td>\n<td>10\u2032 \/ 2 mm<\/td>\n<td>10\u2032 \/ 2 mm<\/td>\n<td>10\u2032 \/ 2 mm<\/td>\n<td>10\u2032 \/ 2 mm<\/td>\n<\/tr>\n<tr>\n<td>Przedzia\u0142 czasowy okr\u0119gu<\/td>\n<td>360\u00b0 lub 400 gon opcjonalnie<\/td>\n<td>360\u00b0 lub 400 gon opcjonalnie<\/td>\n<td>360\u00b0 lub 400 gon opcjonalnie<\/td>\n<td>360\u00b0 lub 400 gon opcjonalnie<\/td>\n<td>360\u00b0 lub 400 gon opcjonalnie<\/td>\n<\/tr>\n<tr>\n<td>Wodoodporny i py\u0142oszczelny<\/td>\n<td>IPX6<\/td>\n<td>IPX6<\/td>\n<td>IPX6<\/td>\n<td>IPX6<\/td>\n<td>IPX6<\/td>\n<\/tr>\n<tr>\n<td>Standardowe akcesorium<\/td>\n<td>Instrukcja obs\u0142ugi, klucz imbusowy, sworze\u0144 regulacyjny, plastikowa obudowa<\/td>\n<td>Instrukcja obs\u0142ugi, klucz imbusowy, sworze\u0144 regulacyjny, plastikowa obudowa<\/td>\n<td>Instrukcja obs\u0142ugi, klucz imbusowy, sworze\u0144 regulacyjny, plastikowa obudowa<\/td>\n<td>Instrukcja obs\u0142ugi, klucz imbusowy, sworze\u0144 regulacyjny, plastikowa obudowa<\/td>\n<td>Instrukcja obs\u0142ugi, klucz imbusowy, sworze\u0144 regulacyjny, plastikowa obudowa<\/td>\n<\/tr>\n<tr>\n<td>Zdj\u0119cie<\/td>\n<td><img fetchpriority=\"high\" decoding=\"async\" class=\"alignnone wp-image-4943 size-medium\" src=\"https:\/\/mountlaser.com\/wp-content\/uploads\/2025\/11\/B20-300x300.webp\" alt=\"auto level survey\" width=\"300\" height=\"300\" srcset=\"https:\/\/mountlaser.com\/wp-content\/uploads\/2025\/11\/B20-300x300.webp 300w, https:\/\/mountlaser.com\/wp-content\/uploads\/2025\/11\/B20-400x400.webp 400w, https:\/\/mountlaser.com\/wp-content\/uploads\/2025\/11\/B20-800x800.webp 800w, https:\/\/mountlaser.com\/wp-content\/uploads\/2025\/11\/B20-600x600.webp 600w, https:\/\/mountlaser.com\/wp-content\/uploads\/2025\/11\/B20-150x150.webp 150w, https:\/\/mountlaser.com\/wp-content\/uploads\/2025\/11\/B20-768x768.webp 768w, https:\/\/mountlaser.com\/wp-content\/uploads\/2025\/11\/B20-12x12.webp 12w, https:\/\/mountlaser.com\/wp-content\/uploads\/2025\/11\/B20.webp 1000w\" sizes=\"(max-width: 300px) 100vw, 300px\" \/><\/td>\n<td><\/td>\n<td><img decoding=\"async\" class=\"alignnone wp-image-4944 size-medium\" src=\"https:\/\/mountlaser.com\/wp-content\/uploads\/2025\/11\/B30A-300x300.webp\" alt=\"auto level survey\" width=\"300\" height=\"300\" srcset=\"https:\/\/mountlaser.com\/wp-content\/uploads\/2025\/11\/B30A-300x300.webp 300w, https:\/\/mountlaser.com\/wp-content\/uploads\/2025\/11\/B30A-400x400.webp 400w, https:\/\/mountlaser.com\/wp-content\/uploads\/2025\/11\/B30A-800x800.webp 800w, https:\/\/mountlaser.com\/wp-content\/uploads\/2025\/11\/B30A-600x600.webp 600w, https:\/\/mountlaser.com\/wp-content\/uploads\/2025\/11\/B30A-150x150.webp 150w, https:\/\/mountlaser.com\/wp-content\/uploads\/2025\/11\/B30A-768x768.webp 768w, https:\/\/mountlaser.com\/wp-content\/uploads\/2025\/11\/B30A-12x12.webp 12w, https:\/\/mountlaser.com\/wp-content\/uploads\/2025\/11\/B30A.webp 1000w\" sizes=\"(max-width: 300px) 100vw, 300px\" \/><\/td>\n<td><img decoding=\"async\" class=\"alignnone wp-image-4945 size-medium\" src=\"https:\/\/mountlaser.com\/wp-content\/uploads\/2025\/11\/B40-300x300.webp\" alt=\"auto level survey\" width=\"300\" height=\"300\" srcset=\"https:\/\/mountlaser.com\/wp-content\/uploads\/2025\/11\/B40-300x300.webp 300w, https:\/\/mountlaser.com\/wp-content\/uploads\/2025\/11\/B40-400x400.webp 400w, https:\/\/mountlaser.com\/wp-content\/uploads\/2025\/11\/B40-800x800.webp 800w, https:\/\/mountlaser.com\/wp-content\/uploads\/2025\/11\/B40-600x600.webp 600w, https:\/\/mountlaser.com\/wp-content\/uploads\/2025\/11\/B40-150x150.webp 150w, https:\/\/mountlaser.com\/wp-content\/uploads\/2025\/11\/B40-768x768.webp 768w, https:\/\/mountlaser.com\/wp-content\/uploads\/2025\/11\/B40-12x12.webp 12w, https:\/\/mountlaser.com\/wp-content\/uploads\/2025\/11\/B40.webp 1000w\" sizes=\"(max-width: 300px) 100vw, 300px\" \/><\/td>\n<td><img loading=\"lazy\" decoding=\"async\" class=\"alignnone wp-image-4946 size-medium\" src=\"https:\/\/mountlaser.com\/wp-content\/uploads\/2025\/11\/B40A-300x300.webp\" alt=\"auto level survey\" width=\"300\" height=\"300\" srcset=\"https:\/\/mountlaser.com\/wp-content\/uploads\/2025\/11\/B40A-300x300.webp 300w, https:\/\/mountlaser.com\/wp-content\/uploads\/2025\/11\/B40A-150x150.webp 150w, https:\/\/mountlaser.com\/wp-content\/uploads\/2025\/11\/B40A-768x768.webp 768w, https:\/\/mountlaser.com\/wp-content\/uploads\/2025\/11\/B40A-12x12.webp 12w, https:\/\/mountlaser.com\/wp-content\/uploads\/2025\/11\/B40A-600x600.webp 600w, https:\/\/mountlaser.com\/wp-content\/uploads\/2025\/11\/B40A-800x800.webp 800w, https:\/\/mountlaser.com\/wp-content\/uploads\/2025\/11\/B40A-400x400.webp 400w, https:\/\/mountlaser.com\/wp-content\/uploads\/2025\/11\/B40A.webp 1000w\" sizes=\"(max-width: 300px) 100vw, 300px\" \/><\/td>\n<\/tr>\n<\/tbody>\n<\/table>","protected":false},"excerpt":{"rendered":"<ul>\n<li>Wyposa\u017cone w teleskopy z obrazem wyprostowanym o powi\u0119kszeniu od 24X do 32X, zapewniaj\u0105ce wyra\u017any widok po prawej stronie, co u\u0142atwia celowanie i zmniejsza ryzyko b\u0142\u0119du operatora.<\/li>\n<li>Seria B zosta\u0142a wyposa\u017cona w klas\u0119 odporno\u015bci na wod\u0119 i kurz IPX6, dzi\u0119ki czemu nadaje si\u0119 do pracy w trudnych warunkach.<\/li>\n<li>Wszystkie modele maj\u0105 bardzo kr\u00f3tk\u0105 minimaln\u0105 odleg\u0142o\u015b\u0107 obserwacji wynosz\u0105c\u0105 0,3 m.<\/li>\n<\/ul>","protected":false},"featured_media":4943,"comment_status":"open","ping_status":"closed","template":"","meta":[],"product_brand":[],"product_cat":[95,141],"product_tag":[],"class_list":{"0":"post-4942","1":"product","2":"type-product","3":"status-publish","4":"has-post-thumbnail","6":"product_cat-agent-sales","7":"product_cat-auto-level-agent-sales","9":"first","10":"instock","11":"shipping-taxable","12":"product-type-simple"},"_links":{"self":[{"href":"https:\/\/mountlaser.com\/pl\/wp-json\/wp\/v2\/product\/4942","targetHints":{"allow":["GET"]}}],"collection":[{"href":"https:\/\/mountlaser.com\/pl\/wp-json\/wp\/v2\/product"}],"about":[{"href":"https:\/\/mountlaser.com\/pl\/wp-json\/wp\/v2\/types\/product"}],"replies":[{"embeddable":true,"href":"https:\/\/mountlaser.com\/pl\/wp-json\/wp\/v2\/comments?post=4942"}],"wp:featuredmedia":[{"embeddable":true,"href":"https:\/\/mountlaser.com\/pl\/wp-json\/wp\/v2\/media\/4943"}],"wp:attachment":[{"href":"https:\/\/mountlaser.com\/pl\/wp-json\/wp\/v2\/media?parent=4942"}],"wp:term":[{"taxonomy":"product_brand","embeddable":true,"href":"https:\/\/mountlaser.com\/pl\/wp-json\/wp\/v2\/product_brand?post=4942"},{"taxonomy":"product_cat","embeddable":true,"href":"https:\/\/mountlaser.com\/pl\/wp-json\/wp\/v2\/product_cat?post=4942"},{"taxonomy":"product_tag","embeddable":true,"href":"https:\/\/mountlaser.com\/pl\/wp-json\/wp\/v2\/product_tag?post=4942"}],"curies":[{"name":"wp","href":"https:\/\/api.w.org\/{rel}","templated":true}]}}