{"id":4938,"date":"2025-11-26T03:07:09","date_gmt":"2025-11-26T03:07:09","guid":{"rendered":"https:\/\/mountlaser.com\/?post_type=product&#038;p=4938"},"modified":"2025-11-26T03:07:10","modified_gmt":"2025-11-26T03:07:10","slug":"auto-levels-at-b-series","status":"publish","type":"product","link":"https:\/\/mountlaser.com\/pl\/produkt\/auto-levels-at-b-series\/","title":{"rendered":"Poziomice automatyczne serii AT-B"},"content":{"rendered":"<p>Podnie\u015b poziom swoich projekt\u00f3w geodezyjnych dzi\u0119ki serii Auto Levels AT-B \u2013 niezawodnemu i precyzyjnemu urz\u0105dzeniu do automatycznego poziomowania firmy Mount Laser.<br \/>\n<a href=\"https:\/\/mountlaser.com\/pl\/contact-us\/\"><strong>Poziomice automatyczne serii AT-B<\/strong><\/a> oferuje pi\u0119\u0107 r\u00f3\u017cnych modeli:<br \/>\nAutomatyczne poziomowanie ATB2<br \/>\nAutomatyczne poziomowanie ATB3<br \/>\nAutomatyczne poziomowanie ATB3A<br \/>\nAutomatyczne poziomowanie ATB4<br \/>\nAutomatyczne poziomowanie ATB4A<br \/>\nAby sprosta\u0107 szerokiemu zakresowi wymaga\u0144 dotycz\u0105cych dok\u0142adno\u015bci i bud\u017cet\u00f3w projekt\u00f3w. Niezale\u017cnie od tego, czy zajmujesz si\u0119 rozplanowaniem budowy, niwelacj\u0105 terenu, czy innymi zadaniami niwelacyjnymi, seria AT-B zapewnia sta\u0142\u0105 wydajno\u015b\u0107.<\/p>\n<p>Rozwa\u017caj\u0105c <a href=\"https:\/\/mountlaser.com\/pl\/contact-us\/\"><strong>automatyczny wska\u017anik poziomu<\/strong><\/a>, Konkurencyjna cena poziomicy automatycznej serii AT-B sprawia, \u017ce jest ona wyj\u0105tkowo korzystna cenowo. Gwarantujemy, \u017ce otrzymasz wysokiej jako\u015bci niwelator automatyczny bez \u017cadnych kompromis\u00f3w, oferuj\u0105c wyj\u0105tkow\u0105 cen\u0119 dla profesjonalist\u00f3w, kt\u00f3rzy oczekuj\u0105 zar\u00f3wno dok\u0142adno\u015bci, jak i przyst\u0119pnej ceny.<\/p>\n<p>&nbsp;<\/p>\n<p><strong>Specyfikacje automatycznych poziomnic serii AT-B<\/strong><\/p>\n<table width=\"1552\">\n<tbody>\n<tr>\n<td width=\"266\">Numer modelu.<\/td>\n<td width=\"256\">ATB2<\/td>\n<td width=\"257\">ATB3<\/td>\n<td width=\"258\">ATB3A<\/td>\n<td width=\"254\">ATB4<\/td>\n<td width=\"261\">ATB4A<\/td>\n<\/tr>\n<tr>\n<td>Marka<\/td>\n<td>TP\/SK<\/td>\n<td>TP\/SK<\/td>\n<td>TP\/SK<\/td>\n<td>TP\/SK<\/td>\n<td>TP\/SK<\/td>\n<\/tr>\n<tr>\n<td>Odchylenie standardowe dla niwelacji dwutorowej na odcinku 1 km<\/td>\n<td>0,7 mm<\/td>\n<td>1,5 mm<\/td>\n<td>2,0 mm<\/td>\n<td>2,0 mm<\/td>\n<td>1,5 mm<\/td>\n<\/tr>\n<tr>\n<td>Powi\u0119kszenie teleskopu<\/td>\n<td>32X<\/td>\n<td>28X<\/td>\n<td>24X<\/td>\n<td>24X<\/td>\n<td>28X<\/td>\n<\/tr>\n<tr>\n<td>Obraz teleskopu<\/td>\n<td>Wyprostowany<\/td>\n<td>Wyprostowany<\/td>\n<td>Wyprostowany<\/td>\n<td>Wyprostowany<\/td>\n<td>Wyprostowany<\/td>\n<\/tr>\n<tr>\n<td>Najkr\u00f3tsza odleg\u0142o\u015b\u0107 widzenia<\/td>\n<td>0,3 m<\/td>\n<td>0,3 m<\/td>\n<td>0,3 m<\/td>\n<td>0,3 m<\/td>\n<td>0,3 m<\/td>\n<\/tr>\n<tr>\n<td>Wy\u015bwietl b\u0142\u0105d odleg\u0142o\u015bci<\/td>\n<td>\u2264\u00b10,4%<\/td>\n<td>\u2264\u00b10,4%<\/td>\n<td>\u2264\u00b10,4%<\/td>\n<td>\u2264\u00b10,4%<\/td>\n<td>\u2264\u00b10,4%<\/td>\n<\/tr>\n<tr>\n<td>Efektywny rozmiar apertury obiektywu<\/td>\n<td>42 mm<\/td>\n<td>36 mm<\/td>\n<td>36 mm<\/td>\n<td>32 mm<\/td>\n<td>32 mm<\/td>\n<\/tr>\n<tr>\n<td>Rezolucja<\/td>\n<td>\u22643,0\u2033<\/td>\n<td>\u22643,5\u2033<\/td>\n<td>\u22643,5\u2033<\/td>\n<td>\u22644,0\u2033<\/td>\n<td>\u22644,0\u2033<\/td>\n<\/tr>\n<tr>\n<td>K\u0105t widzenia<\/td>\n<td>1\u00b025\u2032<\/td>\n<td>1\u00b025\u2032<\/td>\n<td>1\u00b025\u2032<\/td>\n<td>1\u00b025\u2032<\/td>\n<td>1\u00b025\u2032<\/td>\n<\/tr>\n<tr>\n<td>B\u0142\u0105d ustawiania ostro\u015bci<\/td>\n<td>\u22640,5 mm<\/td>\n<td>\u22641,0 mm<\/td>\n<td>\u22641,0 mm<\/td>\n<td>\u22641,0 mm<\/td>\n<td>\u22641,0 mm<\/td>\n<\/tr>\n<tr>\n<td>Typ kompensatora<\/td>\n<td>T\u0142umienie magnetyczne<\/td>\n<td>T\u0142umienie magnetyczne<\/td>\n<td>T\u0142umienie magnetyczne<\/td>\n<td>T\u0142umienie magnetyczne<\/td>\n<td>T\u0142umienie magnetyczne<\/td>\n<\/tr>\n<tr>\n<td>Zakres roboczy kompensatora<\/td>\n<td>\u00b115\u2032<\/td>\n<td>\u00b115\u2032<\/td>\n<td>\u00b115\u2032<\/td>\n<td>\u00b115\u2032<\/td>\n<td>\u00b115\u2032<\/td>\n<\/tr>\n<tr>\n<td>Kompensacja b\u0142\u0119du<\/td>\n<td>\u22640,3\u2033<\/td>\n<td>\u22640,5\u2033<\/td>\n<td>\u22640,5\u2033<\/td>\n<td>\u22640,5\u2033<\/td>\n<td>\u22640,5\u2033<\/td>\n<\/tr>\n<tr>\n<td>Siatka przyrz\u0105du<\/td>\n<td>Kszta\u0142t klina<\/td>\n<td>Siatka krzy\u017cowa<\/td>\n<td>Siatka krzy\u017cowa<\/td>\n<td>Siatka krzy\u017cowa<\/td>\n<td>Siatka krzy\u017cowa<\/td>\n<\/tr>\n<tr>\n<td>Dok\u0142adno\u015b\u0107 ustawie\u0144<\/td>\n<td>\u00b10,3\u2033<\/td>\n<td>\u00b10,5\u2033<\/td>\n<td>\u00b10,5\u2033<\/td>\n<td>\u00b10,5\u2033<\/td>\n<td>\u00b10,5\u2033<\/td>\n<\/tr>\n<tr>\n<td>Ustawianie czasu<\/td>\n<td>\u2264 1,5 s<\/td>\n<td>\u2264 1,5 s<\/td>\n<td>\u2264 1,5 s<\/td>\n<td>\u2264 1,5 s<\/td>\n<td>\u2264 1,5 s<\/td>\n<\/tr>\n<tr>\n<td>Sta\u0142a mno\u017cenia stadii<\/td>\n<td>100<\/td>\n<td>100<\/td>\n<td>100<\/td>\n<td>100<\/td>\n<td>100<\/td>\n<\/tr>\n<tr>\n<td>Sta\u0142a addytywna stadi\u00f3w<\/td>\n<td>0<\/td>\n<td>0<\/td>\n<td>0<\/td>\n<td>0<\/td>\n<td>0<\/td>\n<\/tr>\n<tr>\n<td>Czu\u0142o\u015b\u0107 poziomicy ko\u0142owej<\/td>\n<td>8\u2032 \/ 2 mm<\/td>\n<td>10\u2032 \/ 2 mm<\/td>\n<td>10\u2032 \/ 2 mm<\/td>\n<td>10\u2032 \/ 2 mm<\/td>\n<td>10\u2032 \/ 2 mm<\/td>\n<\/tr>\n<tr>\n<td>Przedzia\u0142 czasowy okr\u0119gu<\/td>\n<td>360\u00b0 lub 400 gon opcjonalnie<\/td>\n<td>360\u00b0 lub 400 gon opcjonalnie<\/td>\n<td>360\u00b0 lub 400 gon opcjonalnie<\/td>\n<td>360\u00b0 lub 400 gon opcjonalnie<\/td>\n<td>360\u00b0 lub 400 gon opcjonalnie<\/td>\n<\/tr>\n<tr>\n<td>Wodoodporny i py\u0142oszczelny<\/td>\n<td>IPX6<\/td>\n<td>IPX6<\/td>\n<td>IPX6<\/td>\n<td>IPX6<\/td>\n<td>IPX6<\/td>\n<\/tr>\n<tr>\n<td>Standardowe akcesorium<\/td>\n<td>Instrukcja obs\u0142ugi, klucz imbusowy, sworze\u0144 regulacyjny, plastikowa obudowa<\/td>\n<td>Instrukcja obs\u0142ugi, klucz imbusowy, sworze\u0144 regulacyjny, plastikowa obudowa<\/td>\n<td>Instrukcja obs\u0142ugi, klucz imbusowy, sworze\u0144 regulacyjny, plastikowa obudowa<\/td>\n<td>Instrukcja obs\u0142ugi, klucz imbusowy, sworze\u0144 regulacyjny, plastikowa obudowa<\/td>\n<td>Instrukcja obs\u0142ugi, klucz imbusowy, sworze\u0144 regulacyjny, plastikowa obudowa<\/td>\n<\/tr>\n<tr>\n<td>Zdj\u0119cie<\/td>\n<td><img fetchpriority=\"high\" decoding=\"async\" class=\"alignnone wp-image-4932 size-medium\" src=\"https:\/\/mountlaser.com\/wp-content\/uploads\/2025\/11\/ATB2-300x300.webp\" alt=\"Auto level instrument\" width=\"300\" height=\"300\" srcset=\"https:\/\/mountlaser.com\/wp-content\/uploads\/2025\/11\/ATB2-300x300.webp 300w, https:\/\/mountlaser.com\/wp-content\/uploads\/2025\/11\/ATB2-400x400.webp 400w, https:\/\/mountlaser.com\/wp-content\/uploads\/2025\/11\/ATB2-800x800.webp 800w, https:\/\/mountlaser.com\/wp-content\/uploads\/2025\/11\/ATB2-600x600.webp 600w, https:\/\/mountlaser.com\/wp-content\/uploads\/2025\/11\/ATB2-150x150.webp 150w, https:\/\/mountlaser.com\/wp-content\/uploads\/2025\/11\/ATB2-768x768.webp 768w, https:\/\/mountlaser.com\/wp-content\/uploads\/2025\/11\/ATB2-12x12.webp 12w, https:\/\/mountlaser.com\/wp-content\/uploads\/2025\/11\/ATB2.webp 1000w\" sizes=\"(max-width: 300px) 100vw, 300px\" \/><\/td>\n<td><img decoding=\"async\" class=\"alignnone wp-image-4933 size-medium\" src=\"https:\/\/mountlaser.com\/wp-content\/uploads\/2025\/11\/ATB3-300x300.webp\" alt=\"Auto level instrument\" width=\"300\" height=\"300\" srcset=\"https:\/\/mountlaser.com\/wp-content\/uploads\/2025\/11\/ATB3-300x300.webp 300w, https:\/\/mountlaser.com\/wp-content\/uploads\/2025\/11\/ATB3-400x400.webp 400w, https:\/\/mountlaser.com\/wp-content\/uploads\/2025\/11\/ATB3-800x800.webp 800w, https:\/\/mountlaser.com\/wp-content\/uploads\/2025\/11\/ATB3-600x600.webp 600w, https:\/\/mountlaser.com\/wp-content\/uploads\/2025\/11\/ATB3-150x150.webp 150w, https:\/\/mountlaser.com\/wp-content\/uploads\/2025\/11\/ATB3-768x768.webp 768w, https:\/\/mountlaser.com\/wp-content\/uploads\/2025\/11\/ATB3-12x12.webp 12w, https:\/\/mountlaser.com\/wp-content\/uploads\/2025\/11\/ATB3.webp 1000w\" sizes=\"(max-width: 300px) 100vw, 300px\" \/><\/td>\n<td><img decoding=\"async\" class=\"alignnone wp-image-4934 size-medium\" src=\"https:\/\/mountlaser.com\/wp-content\/uploads\/2025\/11\/ATB3A-300x300.webp\" alt=\"Auto level instrument\" width=\"300\" height=\"300\" srcset=\"https:\/\/mountlaser.com\/wp-content\/uploads\/2025\/11\/ATB3A-300x300.webp 300w, https:\/\/mountlaser.com\/wp-content\/uploads\/2025\/11\/ATB3A-400x400.webp 400w, https:\/\/mountlaser.com\/wp-content\/uploads\/2025\/11\/ATB3A-800x800.webp 800w, https:\/\/mountlaser.com\/wp-content\/uploads\/2025\/11\/ATB3A-600x600.webp 600w, https:\/\/mountlaser.com\/wp-content\/uploads\/2025\/11\/ATB3A-150x150.webp 150w, https:\/\/mountlaser.com\/wp-content\/uploads\/2025\/11\/ATB3A-768x768.webp 768w, https:\/\/mountlaser.com\/wp-content\/uploads\/2025\/11\/ATB3A-12x12.webp 12w, https:\/\/mountlaser.com\/wp-content\/uploads\/2025\/11\/ATB3A.webp 1000w\" sizes=\"(max-width: 300px) 100vw, 300px\" \/><\/td>\n<td><img loading=\"lazy\" decoding=\"async\" class=\"alignnone wp-image-4935 size-medium\" src=\"https:\/\/mountlaser.com\/wp-content\/uploads\/2025\/11\/ATB4-300x300.webp\" alt=\"Auto level instrument\" width=\"300\" height=\"300\" srcset=\"https:\/\/mountlaser.com\/wp-content\/uploads\/2025\/11\/ATB4-300x300.webp 300w, https:\/\/mountlaser.com\/wp-content\/uploads\/2025\/11\/ATB4-400x400.webp 400w, https:\/\/mountlaser.com\/wp-content\/uploads\/2025\/11\/ATB4-800x800.webp 800w, https:\/\/mountlaser.com\/wp-content\/uploads\/2025\/11\/ATB4-600x600.webp 600w, https:\/\/mountlaser.com\/wp-content\/uploads\/2025\/11\/ATB4-150x150.webp 150w, https:\/\/mountlaser.com\/wp-content\/uploads\/2025\/11\/ATB4-768x768.webp 768w, https:\/\/mountlaser.com\/wp-content\/uploads\/2025\/11\/ATB4-12x12.webp 12w, https:\/\/mountlaser.com\/wp-content\/uploads\/2025\/11\/ATB4.webp 1000w\" sizes=\"(max-width: 300px) 100vw, 300px\" \/><\/td>\n<td><img loading=\"lazy\" decoding=\"async\" class=\"alignnone wp-image-4936 size-medium\" src=\"https:\/\/mountlaser.com\/wp-content\/uploads\/2025\/11\/ATB4A-300x300.webp\" alt=\"Auto level instrument\" width=\"300\" height=\"300\" srcset=\"https:\/\/mountlaser.com\/wp-content\/uploads\/2025\/11\/ATB4A-300x300.webp 300w, https:\/\/mountlaser.com\/wp-content\/uploads\/2025\/11\/ATB4A-400x400.webp 400w, https:\/\/mountlaser.com\/wp-content\/uploads\/2025\/11\/ATB4A-800x800.webp 800w, https:\/\/mountlaser.com\/wp-content\/uploads\/2025\/11\/ATB4A-600x600.webp 600w, https:\/\/mountlaser.com\/wp-content\/uploads\/2025\/11\/ATB4A-150x150.webp 150w, https:\/\/mountlaser.com\/wp-content\/uploads\/2025\/11\/ATB4A-768x768.webp 768w, https:\/\/mountlaser.com\/wp-content\/uploads\/2025\/11\/ATB4A-12x12.webp 12w, https:\/\/mountlaser.com\/wp-content\/uploads\/2025\/11\/ATB4A.webp 1000w\" sizes=\"(max-width: 300px) 100vw, 300px\" \/><\/td>\n<\/tr>\n<\/tbody>\n<\/table>","protected":false},"excerpt":{"rendered":"<ul>\n<li>Wszystkie modele posiadaj\u0105 kompensator t\u0142umienia magnetycznego o zakresie roboczym \u00b115\u2032<\/li>\n<li>zapewniaj\u0105c stabiln\u0105, poziom\u0105 lini\u0119 widzenia w czasie kr\u00f3tszym ni\u017c 1,5 sekundy, co pozwala na szybkie i niezawodne odczyty.<\/li>\n<li>Teleskopy zapewniaj\u0105 wyra\u017any, skierowany w prawo obraz o powi\u0119kszeniu od 24X do 32X, co u\u0142atwia celowanie i zmniejsza ryzyko b\u0142\u0119du operatora.<\/li>\n<\/ul>","protected":false},"featured_media":4933,"comment_status":"open","ping_status":"closed","template":"","meta":[],"product_brand":[],"product_cat":[95,141],"product_tag":[],"class_list":{"0":"post-4938","1":"product","2":"type-product","3":"status-publish","4":"has-post-thumbnail","6":"product_cat-agent-sales","7":"product_cat-auto-level-agent-sales","9":"first","10":"instock","11":"shipping-taxable","12":"product-type-simple"},"_links":{"self":[{"href":"https:\/\/mountlaser.com\/pl\/wp-json\/wp\/v2\/product\/4938","targetHints":{"allow":["GET"]}}],"collection":[{"href":"https:\/\/mountlaser.com\/pl\/wp-json\/wp\/v2\/product"}],"about":[{"href":"https:\/\/mountlaser.com\/pl\/wp-json\/wp\/v2\/types\/product"}],"replies":[{"embeddable":true,"href":"https:\/\/mountlaser.com\/pl\/wp-json\/wp\/v2\/comments?post=4938"}],"wp:featuredmedia":[{"embeddable":true,"href":"https:\/\/mountlaser.com\/pl\/wp-json\/wp\/v2\/media\/4933"}],"wp:attachment":[{"href":"https:\/\/mountlaser.com\/pl\/wp-json\/wp\/v2\/media?parent=4938"}],"wp:term":[{"taxonomy":"product_brand","embeddable":true,"href":"https:\/\/mountlaser.com\/pl\/wp-json\/wp\/v2\/product_brand?post=4938"},{"taxonomy":"product_cat","embeddable":true,"href":"https:\/\/mountlaser.com\/pl\/wp-json\/wp\/v2\/product_cat?post=4938"},{"taxonomy":"product_tag","embeddable":true,"href":"https:\/\/mountlaser.com\/pl\/wp-json\/wp\/v2\/product_tag?post=4938"}],"curies":[{"name":"wp","href":"https:\/\/api.w.org\/{rel}","templated":true}]}}