{"id":4868,"date":"2025-11-25T06:24:10","date_gmt":"2025-11-25T06:24:10","guid":{"rendered":"https:\/\/mountlaser.com\/?post_type=product&#038;p=4868"},"modified":"2025-11-25T06:31:53","modified_gmt":"2025-11-25T06:31:53","slug":"st360-360prism-with-pole","status":"publish","type":"product","link":"https:\/\/mountlaser.com\/pl\/produkt\/st360-360prism-with-pole\/","title":{"rendered":"Pryzmat 360\u00b0 ST360 z tyczk\u0105"},"content":{"rendered":"<p>Ten <a href=\"https:\/\/mountlaser.com\/pl\/kategoria-produktu\/reflective-target-prism\/\"><strong>ST360 PRYZMAT 360\u00b0 Z TYCZK\u0104<\/strong><\/a> to precyzyjny system pryzmat\u00f3w szerokok\u0105tnych, zaprojektowany do profesjonalnych zastosowa\u0144 geodezyjnych wymagaj\u0105cych niezawodnych, wielokierunkowych pomiar\u00f3w. Zaprojektowany w oparciu o solidn\u0105 konstrukcj\u0119 optyczn\u0105 360\u00b0, system ten zapewnia sta\u0142\u0105 dok\u0142adno\u015b\u0107, niezale\u017cnie od tego, czy jest u\u017cywany do monitorowania deformacji, pomiar\u00f3w topograficznych, czy planowania budowy. PRYZMAT ST360 360\u00b0 Z TYCZK\u0104 zapewnia pe\u0142ne odbicie, dzi\u0119ki czemu idealnie nadaje si\u0119 do tachimetr\u00f3w robotycznych i zautomatyzowanych proces\u00f3w \u015bledzenia.<\/p>\n<p>Zbudowany z sze\u015bciu precyzyjnie ustawionych mini pryzmat\u00f3w, <a href=\"https:\/\/mountlaser.com\/pl\/\"><strong>Mini pryzmat 360 stopni do tachimetru<\/strong><\/a> Zapewnia wyj\u0105tkowy sygna\u0142 zwrotny i stabilno\u015b\u0107 pomiaru z dowolnego kierunku. Sta\u0142a pryzmatu 0 mm gwarantuje kompatybilno\u015b\u0107 z szerok\u0105 gam\u0105 instrument\u00f3w geodezyjnych. Zintegrowana libella okr\u0105g\u0142a o \u015brednicy 40 st\u00f3p (12,7 m) umo\u017cliwia geodetom szybkie i dok\u0142adne niwelowanie na miejscu, gwarantuj\u0105c wiarygodne wyniki nawet w trudnych warunkach.<\/p>\n<p><img fetchpriority=\"high\" decoding=\"async\" class=\"aligncenter wp-image-4874\" src=\"https:\/\/mountlaser.com\/wp-content\/uploads\/2025\/11\/ST360\uff086\uff09.webp\" alt=\"ST360 360\u00b0PRISM WITH POLE\" width=\"500\" height=\"500\" srcset=\"https:\/\/mountlaser.com\/wp-content\/uploads\/2025\/11\/ST360\uff086\uff09.webp 1000w, https:\/\/mountlaser.com\/wp-content\/uploads\/2025\/11\/ST360\uff086\uff09-300x300.webp 300w, https:\/\/mountlaser.com\/wp-content\/uploads\/2025\/11\/ST360\uff086\uff09-400x400.webp 400w, https:\/\/mountlaser.com\/wp-content\/uploads\/2025\/11\/ST360\uff086\uff09-800x800.webp 800w, https:\/\/mountlaser.com\/wp-content\/uploads\/2025\/11\/ST360\uff086\uff09-600x600.webp 600w, https:\/\/mountlaser.com\/wp-content\/uploads\/2025\/11\/ST360\uff086\uff09-150x150.webp 150w, https:\/\/mountlaser.com\/wp-content\/uploads\/2025\/11\/ST360\uff086\uff09-768x768.webp 768w, https:\/\/mountlaser.com\/wp-content\/uploads\/2025\/11\/ST360\uff086\uff09-12x12.webp 12w\" sizes=\"(max-width: 500px) 100vw, 500px\" \/><\/p>\n<p><a href=\"https:\/\/mountlaser.com\/pl\/contact-us\/\">Miniaturowy pryzmat 360 stopni do tachimetru<\/a> jest zamontowany na wytrzyma\u0142ym aluminiowym mini-tyczce, umo\u017cliwiaj\u0105c p\u0142ynn\u0105 regulacj\u0119 wysoko\u015bci za pomoc\u0105 przesuwnego uchwytu na pryzmat, co zwi\u0119ksza efektywno\u015b\u0107 monta\u017cu. Wzmocniona konstrukcja zapewnia d\u0142ugotrwa\u0142\u0105 trwa\u0142o\u015b\u0107 i stabilno\u015b\u0107 optyczn\u0105, dzi\u0119ki czemu pryzmat ST360 360\u00b0 z tyczk\u0105 to niezawodne rozwi\u0105zanie do pomiar\u00f3w pod ka\u017cdym k\u0105tem w r\u00f3\u017cnych warunkach.<\/p>","protected":false},"excerpt":{"rendered":"<ul>\n<li>Zapewnia odbicie sygna\u0142u w zakresie 360\u00b0 dla tachimetr\u00f3w i robotycznych system\u00f3w pomiarowych<\/li>\n<li>Zapewnia stabilne pomiary dzi\u0119ki sze\u015bciu precyzyjnie ustawionym mini pryzmatom<\/li>\n<li>Obs\u0142uguje szybk\u0105 konfiguracj\u0119 w terenie dzi\u0119ki zintegrowanej 40-stopowej okr\u0105g\u0142ej fiolce<\/li>\n<li>Oferuje elastyczn\u0105 regulacj\u0119 wysoko\u015bci za pomoc\u0105 przesuwnego uchwytu pryzmatu<\/li>\n<li>Kompatybilny z szerok\u0105 gam\u0105 instrument\u00f3w geodezyjnych dzi\u0119ki sta\u0142ej pryzmatu 0 mm<\/li>\n<\/ul>","protected":false},"featured_media":4869,"comment_status":"open","ping_status":"closed","template":"","meta":[],"product_brand":[],"product_cat":[115,72],"product_tag":[],"class_list":{"0":"post-4868","1":"product","2":"type-product","3":"status-publish","4":"has-post-thumbnail","6":"product_cat-wide-angle-prism","7":"product_cat-reflective-target-prism","9":"first","10":"instock","11":"shipping-taxable","12":"product-type-simple"},"_links":{"self":[{"href":"https:\/\/mountlaser.com\/pl\/wp-json\/wp\/v2\/product\/4868","targetHints":{"allow":["GET"]}}],"collection":[{"href":"https:\/\/mountlaser.com\/pl\/wp-json\/wp\/v2\/product"}],"about":[{"href":"https:\/\/mountlaser.com\/pl\/wp-json\/wp\/v2\/types\/product"}],"replies":[{"embeddable":true,"href":"https:\/\/mountlaser.com\/pl\/wp-json\/wp\/v2\/comments?post=4868"}],"wp:featuredmedia":[{"embeddable":true,"href":"https:\/\/mountlaser.com\/pl\/wp-json\/wp\/v2\/media\/4869"}],"wp:attachment":[{"href":"https:\/\/mountlaser.com\/pl\/wp-json\/wp\/v2\/media?parent=4868"}],"wp:term":[{"taxonomy":"product_brand","embeddable":true,"href":"https:\/\/mountlaser.com\/pl\/wp-json\/wp\/v2\/product_brand?post=4868"},{"taxonomy":"product_cat","embeddable":true,"href":"https:\/\/mountlaser.com\/pl\/wp-json\/wp\/v2\/product_cat?post=4868"},{"taxonomy":"product_tag","embeddable":true,"href":"https:\/\/mountlaser.com\/pl\/wp-json\/wp\/v2\/product_tag?post=4868"}],"curies":[{"name":"wp","href":"https:\/\/api.w.org\/{rel}","templated":true}]}}