{"id":4867,"date":"2025-11-25T06:08:12","date_gmt":"2025-11-25T06:08:12","guid":{"rendered":"https:\/\/mountlaser.com\/?post_type=product&#038;p=4867"},"modified":"2025-11-25T06:44:26","modified_gmt":"2025-11-25T06:44:26","slug":"grz101s-medium-quality-metal-design","status":"publish","type":"product","link":"https:\/\/mountlaser.com\/pl\/produkt\/grz101s-medium-quality-metal-design\/","title":{"rendered":"GRZ101S \u015aredniej jako\u015bci metalowa konstrukcja"},"content":{"rendered":"<p>Ten <a href=\"https:\/\/mountlaser.com\/pl\/kategoria-produktu\/reflective-target-prism\/\"><strong>GRZ101S Pryzmat 360\u00b0<\/strong><\/a> zosta\u0142 zaprojektowany do precyzyjnych zada\u0144 geodezyjnych, wymagaj\u0105cych stabilnego pomiaru pe\u0142nego okr\u0119gu. Zbudowany z <a href=\"https:\/\/mountlaser.com\/pl\/about-us\/\"><strong>GRZ101S \u015aredniej jako\u015bci metalowa konstrukcja<\/strong><\/a>, Ten pryzmat zapewnia niezawodn\u0105 dok\u0142adno\u015b\u0107 i d\u0142ugotrwa\u0142\u0105 trwa\u0142o\u015b\u0107 w wymagaj\u0105cych warunkach terenowych. Zaawansowana konstrukcja sk\u0142ada si\u0119 z sze\u015bciu mini pryzmat\u00f3w po\u0142\u0105czonych ze sob\u0105, tworz\u0105c bezszwow\u0105, 360-stopniow\u0105 powierzchni\u0119 odblaskow\u0105, idealn\u0105 do tachimetr\u00f3w robotycznych i zastosowa\u0144 w ci\u0105g\u0142ym monitoringu.<\/p>\n<figure id=\"attachment_4846\" aria-describedby=\"caption-attachment-4846\" style=\"width: 500px\" class=\"wp-caption aligncenter\"><img fetchpriority=\"high\" decoding=\"async\" class=\"wp-image-4846\" src=\"https:\/\/mountlaser.com\/wp-content\/uploads\/2025\/11\/GRZ101S-B1.webp\" alt=\"GRZ101S 360\u00b0 Prism\" width=\"500\" height=\"500\" srcset=\"https:\/\/mountlaser.com\/wp-content\/uploads\/2025\/11\/GRZ101S-B1.webp 1000w, https:\/\/mountlaser.com\/wp-content\/uploads\/2025\/11\/GRZ101S-B1-300x300.webp 300w, https:\/\/mountlaser.com\/wp-content\/uploads\/2025\/11\/GRZ101S-B1-400x400.webp 400w, https:\/\/mountlaser.com\/wp-content\/uploads\/2025\/11\/GRZ101S-B1-800x800.webp 800w, https:\/\/mountlaser.com\/wp-content\/uploads\/2025\/11\/GRZ101S-B1-600x600.webp 600w, https:\/\/mountlaser.com\/wp-content\/uploads\/2025\/11\/GRZ101S-B1-150x150.webp 150w, https:\/\/mountlaser.com\/wp-content\/uploads\/2025\/11\/GRZ101S-B1-768x768.webp 768w, https:\/\/mountlaser.com\/wp-content\/uploads\/2025\/11\/GRZ101S-B1-12x12.webp 12w\" sizes=\"(max-width: 500px) 100vw, 500px\" \/><figcaption id=\"caption-attachment-4846\" class=\"wp-caption-text\">GRZ101S-B<\/figcaption><\/figure>\n<figure id=\"attachment_4857\" aria-describedby=\"caption-attachment-4857\" style=\"width: 500px\" class=\"wp-caption aligncenter\"><img decoding=\"async\" class=\"wp-image-4857\" src=\"https:\/\/mountlaser.com\/wp-content\/uploads\/2025\/11\/GRZ101S-H5.webp\" alt=\"GRZ101S 360\u00b0 Prism\" width=\"500\" height=\"500\" srcset=\"https:\/\/mountlaser.com\/wp-content\/uploads\/2025\/11\/GRZ101S-H5.webp 1000w, https:\/\/mountlaser.com\/wp-content\/uploads\/2025\/11\/GRZ101S-H5-300x300.webp 300w, https:\/\/mountlaser.com\/wp-content\/uploads\/2025\/11\/GRZ101S-H5-400x400.webp 400w, https:\/\/mountlaser.com\/wp-content\/uploads\/2025\/11\/GRZ101S-H5-800x800.webp 800w, https:\/\/mountlaser.com\/wp-content\/uploads\/2025\/11\/GRZ101S-H5-600x600.webp 600w, https:\/\/mountlaser.com\/wp-content\/uploads\/2025\/11\/GRZ101S-H5-150x150.webp 150w, https:\/\/mountlaser.com\/wp-content\/uploads\/2025\/11\/GRZ101S-H5-768x768.webp 768w, https:\/\/mountlaser.com\/wp-content\/uploads\/2025\/11\/GRZ101S-H5-12x12.webp 12w\" sizes=\"(max-width: 500px) 100vw, 500px\" \/><figcaption id=\"caption-attachment-4857\" class=\"wp-caption-text\">GRZ101S-H<\/figcaption><\/figure>\n<figure id=\"attachment_4860\" aria-describedby=\"caption-attachment-4860\" style=\"width: 500px\" class=\"wp-caption aligncenter\"><img decoding=\"async\" class=\"wp-image-4860\" src=\"https:\/\/mountlaser.com\/wp-content\/uploads\/2025\/11\/GRZ101S-L1.webp\" alt=\"GRZ101S 360\u00b0 Prism\" width=\"500\" height=\"500\" srcset=\"https:\/\/mountlaser.com\/wp-content\/uploads\/2025\/11\/GRZ101S-L1.webp 1000w, https:\/\/mountlaser.com\/wp-content\/uploads\/2025\/11\/GRZ101S-L1-300x300.webp 300w, https:\/\/mountlaser.com\/wp-content\/uploads\/2025\/11\/GRZ101S-L1-400x400.webp 400w, https:\/\/mountlaser.com\/wp-content\/uploads\/2025\/11\/GRZ101S-L1-800x800.webp 800w, https:\/\/mountlaser.com\/wp-content\/uploads\/2025\/11\/GRZ101S-L1-600x600.webp 600w, https:\/\/mountlaser.com\/wp-content\/uploads\/2025\/11\/GRZ101S-L1-150x150.webp 150w, https:\/\/mountlaser.com\/wp-content\/uploads\/2025\/11\/GRZ101S-L1-768x768.webp 768w, https:\/\/mountlaser.com\/wp-content\/uploads\/2025\/11\/GRZ101S-L1-12x12.webp 12w\" sizes=\"(max-width: 500px) 100vw, 500px\" \/><figcaption id=\"caption-attachment-4860\" class=\"wp-caption-text\">GRZ101S-L<\/figcaption><\/figure>\n<p>Pryzmat GRZ101S 360\u00b0, pozbawiony centralnej osi ze stali nierdzewnej, charakteryzuje si\u0119 lekk\u0105, a jednocze\u015bnie wywa\u017con\u0105 konstrukcj\u0105, zapewniaj\u0105c\u0105 p\u0142ynne i nieprzerwane \u015bledzenie. Zosta\u0142 wyprodukowany zgodnie ze szwajcarsk\u0105 sta\u0142\u0105 pryzmatu +30 mm, co zapewnia sp\u00f3jn\u0105 wydajno\u015b\u0107 w ca\u0142ym zakresie. <a href=\"https:\/\/mountlaser.com\/pl\/contact-us\/\">profesjonalne instrumenty<\/a>. Kompaktowa wysoko\u015b\u0107 pryzmatu wynosz\u0105ca 56 mm i doskona\u0142a dok\u0142adno\u015b\u0107 celowania \u00b12,0 mm sprawiaj\u0105, \u017ce pryzmat GRZ101S 360\u00b0 jest optymalnym wyborem dla geodet\u00f3w, kt\u00f3rzy wymagaj\u0105 wydajno\u015bci, mobilno\u015bci i precyzji.<\/p>","protected":false},"excerpt":{"rendered":"<ul>\n<li>Zapewnia pe\u0142ny pomiar 360\u00b0 przy u\u017cyciu zespo\u0142u sze\u015bciu pryzmat\u00f3w<\/li>\n<li>Zapewnia dok\u0142adne automatyczne \u015bledzenie tachimetr\u00f3w robotycznych<\/li>\n<li>Oferuje stabiln\u0105, lekk\u0105 prac\u0119 dzi\u0119ki konstrukcji bezosiowej<\/li>\n<li>Zapewnia niezawodne wyniki dzi\u0119ki sta\u0142ej pryzmatu szwajcarskiego o \u015brednicy +30 mm<\/li>\n<\/ul>","protected":false},"featured_media":4860,"comment_status":"open","ping_status":"closed","template":"","meta":[],"product_brand":[],"product_cat":[115,72],"product_tag":[],"class_list":{"0":"post-4867","1":"product","2":"type-product","3":"status-publish","4":"has-post-thumbnail","6":"product_cat-wide-angle-prism","7":"product_cat-reflective-target-prism","9":"first","10":"instock","11":"shipping-taxable","12":"product-type-simple"},"_links":{"self":[{"href":"https:\/\/mountlaser.com\/pl\/wp-json\/wp\/v2\/product\/4867","targetHints":{"allow":["GET"]}}],"collection":[{"href":"https:\/\/mountlaser.com\/pl\/wp-json\/wp\/v2\/product"}],"about":[{"href":"https:\/\/mountlaser.com\/pl\/wp-json\/wp\/v2\/types\/product"}],"replies":[{"embeddable":true,"href":"https:\/\/mountlaser.com\/pl\/wp-json\/wp\/v2\/comments?post=4867"}],"wp:featuredmedia":[{"embeddable":true,"href":"https:\/\/mountlaser.com\/pl\/wp-json\/wp\/v2\/media\/4860"}],"wp:attachment":[{"href":"https:\/\/mountlaser.com\/pl\/wp-json\/wp\/v2\/media?parent=4867"}],"wp:term":[{"taxonomy":"product_brand","embeddable":true,"href":"https:\/\/mountlaser.com\/pl\/wp-json\/wp\/v2\/product_brand?post=4867"},{"taxonomy":"product_cat","embeddable":true,"href":"https:\/\/mountlaser.com\/pl\/wp-json\/wp\/v2\/product_cat?post=4867"},{"taxonomy":"product_tag","embeddable":true,"href":"https:\/\/mountlaser.com\/pl\/wp-json\/wp\/v2\/product_tag?post=4867"}],"curies":[{"name":"wp","href":"https:\/\/api.w.org\/{rel}","templated":true}]}}