{"id":4838,"date":"2025-11-25T05:30:26","date_gmt":"2025-11-25T05:30:26","guid":{"rendered":"https:\/\/mountlaser.com\/?post_type=product&#038;p=4838"},"modified":"2025-11-25T06:55:12","modified_gmt":"2025-11-25T06:55:12","slug":"mp090-mini-prism","status":"publish","type":"product","link":"https:\/\/mountlaser.com\/pl\/produkt\/mp090-mini-prism\/","title":{"rendered":"Mini pryzmat MP090"},"content":{"rendered":"<p>Ten <a href=\"https:\/\/mountlaser.com\/pl\/kategoria-produktu\/reflective-target-prism\/\"><strong>Mini pryzmat MP090<\/strong><\/a> to precyzyjne rozwi\u0105zanie do monitorowania, zaprojektowane do pomiar\u00f3w odkszta\u0142ce\u0144 konstrukcyjnych, pomiar\u00f3w geotechnicznych i d\u0142ugotrwa\u0142ych instalacji w terenie. Zaprojektowany z my\u015bl\u0105 o maksymalnej wszechstronno\u015bci, ten minipryzmat MP090 jest powszechnie uznawany za niezawodny.<a href=\"https:\/\/mountlaser.com\/pl\/\"><strong> Mini pryzmat do tachimetru Trimble<\/strong><\/a>, oferuj\u0105c doskona\u0142\u0105 kompatybilno\u015b\u0107 i stabiln\u0105 prac\u0119 na du\u017cym zasi\u0119gu.<\/p>\n<p>Zbudowany w wytrzyma\u0142ej aluminiowej obudowie, minipryzmat MP090 charakteryzuje si\u0119 wyj\u0105tkow\u0105 trwa\u0142o\u015bci\u0105 i odporno\u015bci\u0105 na korozj\u0119, gwarantuj\u0105c sta\u0142\u0105 dok\u0142adno\u015b\u0107 pomiar\u00f3w w wymagaj\u0105cych warunkach zewn\u0119trznych. Jako minipryzmat do tachimetru Trimble, umo\u017cliwia precyzyjne automatyczne \u015bledzenie i precyzyjne ustawienie, nawet w ciasnych lub nieregularnych przestrzeniach monta\u017cowych.<\/p>\n<p><img fetchpriority=\"high\" decoding=\"async\" class=\"aligncenter wp-image-4840\" src=\"https:\/\/mountlaser.com\/wp-content\/uploads\/2025\/11\/MP090B1.webp\" alt=\"MP090 mini prism\" width=\"500\" height=\"500\" srcset=\"https:\/\/mountlaser.com\/wp-content\/uploads\/2025\/11\/MP090B1.webp 1000w, https:\/\/mountlaser.com\/wp-content\/uploads\/2025\/11\/MP090B1-300x300.webp 300w, https:\/\/mountlaser.com\/wp-content\/uploads\/2025\/11\/MP090B1-400x400.webp 400w, https:\/\/mountlaser.com\/wp-content\/uploads\/2025\/11\/MP090B1-800x800.webp 800w, https:\/\/mountlaser.com\/wp-content\/uploads\/2025\/11\/MP090B1-600x600.webp 600w, https:\/\/mountlaser.com\/wp-content\/uploads\/2025\/11\/MP090B1-150x150.webp 150w, https:\/\/mountlaser.com\/wp-content\/uploads\/2025\/11\/MP090B1-768x768.webp 768w, https:\/\/mountlaser.com\/wp-content\/uploads\/2025\/11\/MP090B1-12x12.webp 12w\" sizes=\"(max-width: 500px) 100vw, 500px\" \/><\/p>\n<p>Ten <a href=\"https:\/\/mountlaser.com\/pl\/about-us\/\">Projekt pr\u0119ta U<\/a> Umo\u017cliwia obr\u00f3t i pochylenie pryzmatu, umo\u017cliwiaj\u0105c elastyczn\u0105 regulacj\u0119 celowania w z\u0142o\u017conych scenariuszach monitoringu. Dost\u0119pne s\u0105 opcje dok\u0142adno\u015bci 2\u2033 lub 3-4\u2033, aby spe\u0142ni\u0107 r\u00f3\u017cne wymagania geodezyjne. Dwie konfiguracje pryzmatu \u2013 MP090A (12,7 mm) i MP090B (25,4 mm) \u2013 zapewniaj\u0105 dodatkow\u0105 elastyczno\u015b\u0107 w zr\u00f3\u017cnicowanych projektach. Dzi\u0119ki bezpiecznemu systemowi blokady bocznej i kompaktowej p\u0142ycie podstawy o wymiarach 35 \u00d7 38 mm, ten mini pryzmat do tachimetru Trimble zapewnia stabilne, d\u0142ugoterminowe pozycjonowanie, odpowiednie do precyzyjnych zastosowa\u0144 monitoringowych.<\/p>","protected":false},"excerpt":{"rendered":"<ul>\n<li>Zapewnia precyzyjne odzwierciedlenie w monitorowaniu deformacji i badaniach ruch\u00f3w konstrukcyjnych<\/li>\n<li>Obrotowy i pochylany pryzmat zapewniaj\u0105cy optymalne k\u0105ty celowania<\/li>\n<li>Kompatybilny z funkcjami ATR tachimetr\u00f3w Trimble<\/li>\n<li>Dost\u0119pne w r\u00f3\u017cnych rozmiarach pryzmat\u00f3w i poziomach dok\u0142adno\u015bci<\/li>\n<li>Wykonane tak, aby wytrzyma\u0107 d\u0142ugotrwa\u0142e dzia\u0142anie warunk\u00f3w zewn\u0119trznych<\/li>\n<\/ul>","protected":false},"featured_media":4841,"comment_status":"open","ping_status":"closed","template":"","meta":[],"product_brand":[],"product_cat":[112,72],"product_tag":[],"class_list":{"0":"post-4838","1":"product","2":"type-product","3":"status-publish","4":"has-post-thumbnail","6":"product_cat-monitoring-prism","7":"product_cat-reflective-target-prism","9":"first","10":"instock","11":"shipping-taxable","12":"product-type-simple"},"_links":{"self":[{"href":"https:\/\/mountlaser.com\/pl\/wp-json\/wp\/v2\/product\/4838","targetHints":{"allow":["GET"]}}],"collection":[{"href":"https:\/\/mountlaser.com\/pl\/wp-json\/wp\/v2\/product"}],"about":[{"href":"https:\/\/mountlaser.com\/pl\/wp-json\/wp\/v2\/types\/product"}],"replies":[{"embeddable":true,"href":"https:\/\/mountlaser.com\/pl\/wp-json\/wp\/v2\/comments?post=4838"}],"wp:featuredmedia":[{"embeddable":true,"href":"https:\/\/mountlaser.com\/pl\/wp-json\/wp\/v2\/media\/4841"}],"wp:attachment":[{"href":"https:\/\/mountlaser.com\/pl\/wp-json\/wp\/v2\/media?parent=4838"}],"wp:term":[{"taxonomy":"product_brand","embeddable":true,"href":"https:\/\/mountlaser.com\/pl\/wp-json\/wp\/v2\/product_brand?post=4838"},{"taxonomy":"product_cat","embeddable":true,"href":"https:\/\/mountlaser.com\/pl\/wp-json\/wp\/v2\/product_cat?post=4838"},{"taxonomy":"product_tag","embeddable":true,"href":"https:\/\/mountlaser.com\/pl\/wp-json\/wp\/v2\/product_tag?post=4838"}],"curies":[{"name":"wp","href":"https:\/\/api.w.org\/{rel}","templated":true}]}}