{"id":4829,"date":"2025-11-25T03:15:48","date_gmt":"2025-11-25T03:15:48","guid":{"rendered":"https:\/\/mountlaser.com\/?post_type=product&#038;p=4829"},"modified":"2025-11-25T07:09:28","modified_gmt":"2025-11-25T07:09:28","slug":"mp096-mini-prism","status":"publish","type":"product","link":"https:\/\/mountlaser.com\/pl\/produkt\/mp096-mini-prism\/","title":{"rendered":"Mini pryzmat MP096"},"content":{"rendered":"<p>Ten <a href=\"https:\/\/mountlaser.com\/pl\/kategoria-produktu\/reflective-target-prism\/\"><strong>Mini pryzmat MP096<\/strong><\/a> to kompaktowe, precyzyjne rozwi\u0105zanie do monitorowania, zaprojektowane do zastosowa\u0144, w kt\u00f3rych przestrze\u0144 instalacyjna jest niezwykle ograniczona. Zaprojektowany z my\u015bl\u0105 o wymagaj\u0105cych \u015brodowiskach, takich jak tunele, mosty i obiekty kolejowe, minipryzmat MP096 zapewnia stabilne i dok\u0142adne pomiary w wytrzyma\u0142ej, niskoprofilowej obudowie. Wyposa\u017cony w precyzyjnie wycentrowany <a href=\"https:\/\/mountlaser.com\/pl\/\"><strong>MP096 25,4 mm mini pryzmat<\/strong><\/a>, instrument ten zapewnia doskona\u0142y sygna\u0142 zwrotny i sp\u00f3jne ustawienie w przypadku zada\u0144 monitorowania kr\u00f3tkiego zasi\u0119gu.<\/p>\n<p><img fetchpriority=\"high\" decoding=\"async\" class=\"aligncenter wp-image-4831\" src=\"https:\/\/mountlaser.com\/wp-content\/uploads\/2025\/11\/MP0962.webp\" alt=\"MP096 mini prism\" width=\"500\" height=\"500\" srcset=\"https:\/\/mountlaser.com\/wp-content\/uploads\/2025\/11\/MP0962.webp 1000w, https:\/\/mountlaser.com\/wp-content\/uploads\/2025\/11\/MP0962-300x300.webp 300w, https:\/\/mountlaser.com\/wp-content\/uploads\/2025\/11\/MP0962-400x400.webp 400w, https:\/\/mountlaser.com\/wp-content\/uploads\/2025\/11\/MP0962-800x800.webp 800w, https:\/\/mountlaser.com\/wp-content\/uploads\/2025\/11\/MP0962-600x600.webp 600w, https:\/\/mountlaser.com\/wp-content\/uploads\/2025\/11\/MP0962-150x150.webp 150w, https:\/\/mountlaser.com\/wp-content\/uploads\/2025\/11\/MP0962-768x768.webp 768w, https:\/\/mountlaser.com\/wp-content\/uploads\/2025\/11\/MP0962-12x12.webp 12w\" sizes=\"(max-width: 500px) 100vw, 500px\" \/><\/p>\n<p>Wykonany w solidnej obudowie aluminiowej, <a href=\"https:\/\/mountlaser.com\/pl\/about-us\/\">MP096 25,4 mm mini pryzmat<\/a> Zapewnia d\u0142ugotrwa\u0142\u0105 wytrzyma\u0142o\u015b\u0107 w trudnych warunkach \u015brodowiskowych. Jego p\u0142aska konstrukcja \u2013 z podstaw\u0105 o grubo\u015bci 100 mm i zaledwie 35 mm wysoko\u015bci ca\u0142kowitej \u2013 pozwala geodetom na bezproblemow\u0105 instalacj\u0119 minipryzmatu MP096 w ciasnych lub ograniczonych przestrzeniach. Elastyczne opcje monta\u017cu, w tym monta\u017c na klej lub ko\u0142ki, umo\u017cliwiaj\u0105 monta\u017c zar\u00f3wno tymczasowy, jak i sta\u0142y. Aby dostosowa\u0107 si\u0119 do r\u00f3\u017cnych k\u0105t\u00f3w pomiaru, produkt jest dost\u0119pny w modelach 30\u00b0 i 45\u00b0, zapewniaj\u0105c optymaln\u0105 widoczno\u015b\u0107 z r\u00f3\u017cnych pozycji. W pe\u0142ni kompatybilny z systemami ATR, minipryzmat MP096 zapewnia niezawodne \u015bledzenie w profesjonalnych zastosowaniach monitoringowych.<\/p>","protected":false},"excerpt":{"rendered":"<ul>\n<li>Zapewnia dok\u0142adny monitoring kr\u00f3tkiego zasi\u0119gu w w\u0105skich lub ograniczonych przestrzeniach<\/li>\n<li>Zapewnia d\u0142ugoterminow\u0105 stabilno\u015b\u0107 dzi\u0119ki solidnej obudowie aluminiowej<\/li>\n<li>Zapewnia silny sygna\u0142 zwrotny dzi\u0119ki wysokiej jako\u015bci mini pryzmatowi o \u015brednicy 25,4 mm<\/li>\n<li>Obs\u0142uguje wiele metod instalacji dla zr\u00f3\u017cnicowanych wymaga\u0144 projektu<\/li>\n<li>Umo\u017cliwia optymalny wyb\u00f3r k\u0105ta dzi\u0119ki wariantom pryzmat\u00f3w 30\u00b0 i 45\u00b0<\/li>\n<li>Bezproblemowa integracja ze sprz\u0119tem pomiarowym ATR w celu wydajnego zbierania danych<\/li>\n<\/ul>","protected":false},"featured_media":4830,"comment_status":"open","ping_status":"closed","template":"","meta":[],"product_brand":[],"product_cat":[112,72],"product_tag":[],"class_list":{"0":"post-4829","1":"product","2":"type-product","3":"status-publish","4":"has-post-thumbnail","6":"product_cat-monitoring-prism","7":"product_cat-reflective-target-prism","9":"first","10":"instock","11":"shipping-taxable","12":"product-type-simple"},"_links":{"self":[{"href":"https:\/\/mountlaser.com\/pl\/wp-json\/wp\/v2\/product\/4829","targetHints":{"allow":["GET"]}}],"collection":[{"href":"https:\/\/mountlaser.com\/pl\/wp-json\/wp\/v2\/product"}],"about":[{"href":"https:\/\/mountlaser.com\/pl\/wp-json\/wp\/v2\/types\/product"}],"replies":[{"embeddable":true,"href":"https:\/\/mountlaser.com\/pl\/wp-json\/wp\/v2\/comments?post=4829"}],"wp:featuredmedia":[{"embeddable":true,"href":"https:\/\/mountlaser.com\/pl\/wp-json\/wp\/v2\/media\/4830"}],"wp:attachment":[{"href":"https:\/\/mountlaser.com\/pl\/wp-json\/wp\/v2\/media?parent=4829"}],"wp:term":[{"taxonomy":"product_brand","embeddable":true,"href":"https:\/\/mountlaser.com\/pl\/wp-json\/wp\/v2\/product_brand?post=4829"},{"taxonomy":"product_cat","embeddable":true,"href":"https:\/\/mountlaser.com\/pl\/wp-json\/wp\/v2\/product_cat?post=4829"},{"taxonomy":"product_tag","embeddable":true,"href":"https:\/\/mountlaser.com\/pl\/wp-json\/wp\/v2\/product_tag?post=4829"}],"curies":[{"name":"wp","href":"https:\/\/api.w.org\/{rel}","templated":true}]}}