{"id":4817,"date":"2025-11-25T02:54:25","date_gmt":"2025-11-25T02:54:25","guid":{"rendered":"https:\/\/mountlaser.com\/?post_type=product&#038;p=4817"},"modified":"2025-11-27T05:33:59","modified_gmt":"2025-11-27T05:33:59","slug":"mp095-mini-prism","status":"publish","type":"product","link":"https:\/\/mountlaser.com\/pl\/produkt\/mp095-mini-prism\/","title":{"rendered":"Mini pryzmat MP095"},"content":{"rendered":"<p>Ten <a href=\"https:\/\/mountlaser.com\/pl\/kategoria-produktu\/reflective-target-prism\/\"><strong>Mini pryzmat MP095<\/strong><\/a> Seria zosta\u0142a zaprojektowana do monitorowania kr\u00f3tkiego zasi\u0119gu w wymagaj\u0105cych warunkach, takich jak mosty, tunele i place budowy kolei. Zaprojektowany z my\u015bl\u0105 o wysokiej stabilno\u015bci i wiarygodnych wynikach pomiar\u00f3w, ka\u017cdy minipryzmat MP095 integruje precyzyjn\u0105 optyk\u0119 w kompaktowej, wytrzyma\u0142ej obudowie, aby zapewni\u0107 sp\u00f3jn\u0105 prac\u0119 w trudnych warunkach terenowych.<\/p>\n<p>Z udzia\u0142em <a href=\"https:\/\/mountlaser.com\/pl\/about-us\/\"><strong>12,7 mm minipryzmat do monitoringu budynk\u00f3w montowany na ulicy<\/strong><\/a>, System zapewnia precyzyjny sygna\u0142 zwrotny nawet w trudno dost\u0119pnych miejscach. Korpus pryzmatu wykonany jest z wytrzyma\u0142ego nylonu, co zapewnia lekk\u0105, a jednocze\u015bnie niezwykle wytrzyma\u0142\u0105 konstrukcj\u0119, idealn\u0105 do zada\u0144 ci\u0105g\u0142ego monitoringu.<\/p>\n<p>U\u017cytkownicy mog\u0105 wybiera\u0107 mi\u0119dzy dok\u0142adno\u015bci\u0105 pryzmatu 2\u2033 lub 3\u20134\u2033, a tak\u017ce opcjami pow\u0142ok, w tym standardow\u0105 pow\u0142ok\u0105 miedzian\u0105 lub opcjonaln\u0105 pow\u0142ok\u0105 srebrn\u0105 dla zwi\u0119kszenia wsp\u00f3\u0142czynnika odbicia. Solidna podstawa o \u015brednicy 80 mm zapewnia bezpieczny monta\u017c na r\u00f3\u017cnych powierzchniach, umo\u017cliwiaj\u0105c wiarygodne, d\u0142ugotrwa\u0142e pomiary.<\/p>\n<figure id=\"attachment_4820\" aria-describedby=\"caption-attachment-4820\" style=\"width: 500px\" class=\"wp-caption aligncenter\"><img fetchpriority=\"high\" decoding=\"async\" class=\"wp-image-4820\" src=\"https:\/\/mountlaser.com\/wp-content\/uploads\/2025\/11\/MP095SM3.webp\" alt=\"MP095SM mini prism\" width=\"500\" height=\"500\" srcset=\"https:\/\/mountlaser.com\/wp-content\/uploads\/2025\/11\/MP095SM3.webp 1000w, https:\/\/mountlaser.com\/wp-content\/uploads\/2025\/11\/MP095SM3-300x300.webp 300w, https:\/\/mountlaser.com\/wp-content\/uploads\/2025\/11\/MP095SM3-400x400.webp 400w, https:\/\/mountlaser.com\/wp-content\/uploads\/2025\/11\/MP095SM3-800x800.webp 800w, https:\/\/mountlaser.com\/wp-content\/uploads\/2025\/11\/MP095SM3-600x600.webp 600w, https:\/\/mountlaser.com\/wp-content\/uploads\/2025\/11\/MP095SM3-150x150.webp 150w, https:\/\/mountlaser.com\/wp-content\/uploads\/2025\/11\/MP095SM3-768x768.webp 768w, https:\/\/mountlaser.com\/wp-content\/uploads\/2025\/11\/MP095SM3-12x12.webp 12w\" sizes=\"(max-width: 500px) 100vw, 500px\" \/><figcaption id=\"caption-attachment-4820\" class=\"wp-caption-text\">Mini pryzmat MP095SM<\/figcaption><\/figure>\n<figure id=\"attachment_4826\" aria-describedby=\"caption-attachment-4826\" style=\"width: 500px\" class=\"wp-caption aligncenter\"><img decoding=\"async\" class=\"wp-image-4826\" src=\"https:\/\/mountlaser.com\/wp-content\/uploads\/2025\/11\/MP095SS4.webp\" alt=\"MP095SS mini prism\" width=\"500\" height=\"500\" srcset=\"https:\/\/mountlaser.com\/wp-content\/uploads\/2025\/11\/MP095SS4.webp 1000w, https:\/\/mountlaser.com\/wp-content\/uploads\/2025\/11\/MP095SS4-300x300.webp 300w, https:\/\/mountlaser.com\/wp-content\/uploads\/2025\/11\/MP095SS4-400x400.webp 400w, https:\/\/mountlaser.com\/wp-content\/uploads\/2025\/11\/MP095SS4-800x800.webp 800w, https:\/\/mountlaser.com\/wp-content\/uploads\/2025\/11\/MP095SS4-600x600.webp 600w, https:\/\/mountlaser.com\/wp-content\/uploads\/2025\/11\/MP095SS4-150x150.webp 150w, https:\/\/mountlaser.com\/wp-content\/uploads\/2025\/11\/MP095SS4-768x768.webp 768w, https:\/\/mountlaser.com\/wp-content\/uploads\/2025\/11\/MP095SS4-12x12.webp 12w\" sizes=\"(max-width: 500px) 100vw, 500px\" \/><figcaption id=\"caption-attachment-4826\" class=\"wp-caption-text\">Mini pryzmat MP095SS<\/figcaption><\/figure>\n<p><a href=\"https:\/\/mountlaser.com\/pl\/contact-us\/\">Wiele konfiguracji<\/a>\u2014w tym MP095SM (pryzmat wy\u015brodkowany), MP095SS (pryzmat umieszczony z boku) i MP095D (pryzmat podw\u00f3jny) \u2014 zapewniaj\u0105, \u017ce minipryzmat MP095 i minipryzmat do monitoringu budynk\u00f3w montowany na ulicy o \u015brednicy 12,7 mm spe\u0142niaj\u0105 zr\u00f3\u017cnicowane potrzeby profesjonalist\u00f3w zajmuj\u0105cych si\u0119 geodezj\u0105 i monitorowaniem konstrukcji.<\/p>","protected":false},"excerpt":{"rendered":"<ul>\n<li>Zapewnia precyzyjne pomiary kr\u00f3tkiego zasi\u0119gu do monitorowania konstrukcji i geotechniki<\/li>\n<li>Zapewnia stabilne i niezawodne sygna\u0142y zwrotne optyczne w trudnych warunkach<\/li>\n<li>Obs\u0142uguje wiele orientacji instalacji, umo\u017cliwiaj\u0105c elastyczne konfiguracje monitorowania<\/li>\n<li>Zapewnia sta\u0142\u0105 wydajno\u015b\u0107 dzi\u0119ki wysokiej jako\u015bci optyce szklanej i trwa\u0142ej obudowie<\/li>\n<\/ul>","protected":false},"featured_media":4823,"comment_status":"open","ping_status":"closed","template":"","meta":[],"product_brand":[],"product_cat":[112,72],"product_tag":[],"class_list":{"0":"post-4817","1":"product","2":"type-product","3":"status-publish","4":"has-post-thumbnail","6":"product_cat-monitoring-prism","7":"product_cat-reflective-target-prism","9":"first","10":"instock","11":"shipping-taxable","12":"product-type-simple"},"_links":{"self":[{"href":"https:\/\/mountlaser.com\/pl\/wp-json\/wp\/v2\/product\/4817","targetHints":{"allow":["GET"]}}],"collection":[{"href":"https:\/\/mountlaser.com\/pl\/wp-json\/wp\/v2\/product"}],"about":[{"href":"https:\/\/mountlaser.com\/pl\/wp-json\/wp\/v2\/types\/product"}],"replies":[{"embeddable":true,"href":"https:\/\/mountlaser.com\/pl\/wp-json\/wp\/v2\/comments?post=4817"}],"wp:featuredmedia":[{"embeddable":true,"href":"https:\/\/mountlaser.com\/pl\/wp-json\/wp\/v2\/media\/4823"}],"wp:attachment":[{"href":"https:\/\/mountlaser.com\/pl\/wp-json\/wp\/v2\/media?parent=4817"}],"wp:term":[{"taxonomy":"product_brand","embeddable":true,"href":"https:\/\/mountlaser.com\/pl\/wp-json\/wp\/v2\/product_brand?post=4817"},{"taxonomy":"product_cat","embeddable":true,"href":"https:\/\/mountlaser.com\/pl\/wp-json\/wp\/v2\/product_cat?post=4817"},{"taxonomy":"product_tag","embeddable":true,"href":"https:\/\/mountlaser.com\/pl\/wp-json\/wp\/v2\/product_tag?post=4817"}],"curies":[{"name":"wp","href":"https:\/\/api.w.org\/{rel}","templated":true}]}}