{"id":4810,"date":"2025-11-25T01:54:35","date_gmt":"2025-11-25T01:54:35","guid":{"rendered":"https:\/\/mountlaser.com\/?post_type=product&#038;p=4810"},"modified":"2025-11-25T07:12:46","modified_gmt":"2025-11-25T07:12:46","slug":"rt111-reflective-target","status":"publish","type":"product","link":"https:\/\/mountlaser.com\/pl\/produkt\/rt111-reflective-target\/","title":{"rendered":"Tarcza odblaskowa RT111"},"content":{"rendered":"<p>Ten <a href=\"https:\/\/mountlaser.com\/pl\/kategoria-produktu\/reflective-target-prism\/\"><strong>Tarcza odblaskowa RT111<\/strong><\/a> Seria zosta\u0142a zaprojektowana do zastosowa\u0144 wymagaj\u0105cych wysokiej precyzji w monitoringu, specjalnie zaprojektowana do system\u00f3w monitorowania tachimetr\u00f3w typu szwajcarskiego. Zbudowana z precyzyjnie obrobionej aluminiowej obudowy, ka\u017cda tarcza odblaskowa RT111 zapewnia d\u0142ugotrwa\u0142\u0105 trwa\u0142o\u015b\u0107, wyj\u0105tkow\u0105 stabilno\u015b\u0107 i niezawodn\u0105 dok\u0142adno\u015b\u0107 pozycjonowania w wymagaj\u0105cych warunkach terenowych.<\/p>\n<p>Wyposa\u017cony w ta\u015bm\u0119 odblaskow\u0105 o wysokiej widoczno\u015bci i zintegrowan\u0105 magnetyczn\u0105 podstaw\u0119, <a href=\"https:\/\/mountlaser.com\/pl\/about-us\/\"><strong>RT111 Tarcza magnetyczna odblaskowa<\/strong><\/a> Modele umo\u017cliwiaj\u0105 szybkie i bezpieczne mocowanie do powierzchni metalowych, zapewniaj\u0105c sp\u00f3jne ustawienie podczas ci\u0105g\u0142ego monitorowania. Dzi\u0119ki kompaktowej \u015brednicy zewn\u0119trznej 20 mm, magnetyczna tarcza odblaskowa RT111 z \u0142atwo\u015bci\u0105 mie\u015bci si\u0119 w ciasnych lub dyskretnych miejscach instalacji, bez pogorszenia jako\u015bci pomiar\u00f3w.<\/p>\n<p><img fetchpriority=\"high\" decoding=\"async\" class=\"aligncenter wp-image-4813\" src=\"https:\/\/mountlaser.com\/wp-content\/uploads\/2025\/11\/RT1113.webp\" alt=\"RT111 Reflective Target\" width=\"500\" height=\"500\" srcset=\"https:\/\/mountlaser.com\/wp-content\/uploads\/2025\/11\/RT1113.webp 1000w, https:\/\/mountlaser.com\/wp-content\/uploads\/2025\/11\/RT1113-300x300.webp 300w, https:\/\/mountlaser.com\/wp-content\/uploads\/2025\/11\/RT1113-400x400.webp 400w, https:\/\/mountlaser.com\/wp-content\/uploads\/2025\/11\/RT1113-800x800.webp 800w, https:\/\/mountlaser.com\/wp-content\/uploads\/2025\/11\/RT1113-600x600.webp 600w, https:\/\/mountlaser.com\/wp-content\/uploads\/2025\/11\/RT1113-150x150.webp 150w, https:\/\/mountlaser.com\/wp-content\/uploads\/2025\/11\/RT1113-768x768.webp 768w, https:\/\/mountlaser.com\/wp-content\/uploads\/2025\/11\/RT1113-12x12.webp 12w\" sizes=\"(max-width: 500px) 100vw, 500px\" \/><\/p>\n<p>Dost\u0119pne w <a href=\"https:\/\/mountlaser.com\/pl\/contact-us\/\">wiele orientacji<\/a>\u2014w tym poziome, 45-stopniowe i pionowe \u2014 seria tarcz odblaskowych RT111 obs\u0142uguje elastyczne scenariusze instalacji, zapewniaj\u0105c niezawodn\u0105 wydajno\u015b\u0107 monitorowania konstrukcji, \u015bledzenia odkszta\u0142ce\u0144 i precyzyjnych przep\u0142yw\u00f3w pracy pomiarowych.<\/p>","protected":false},"excerpt":{"rendered":"<ul>\n<li>Zapewnia precyzyjne odbiciowe wyr\u00f3wnanie dla system\u00f3w monitorowania tachimetr\u00f3w typu szwajcarskiego<\/li>\n<li>Ta\u015bma odblaskowa o wysokiej widoczno\u015bci zapewnia precyzyjne i sp\u00f3jne celowanie<\/li>\n<li>Podstawa magnetyczna umo\u017cliwia szybki i stabilny monta\u017c na powierzchniach metalowych<\/li>\n<li>Kompaktowa \u015brednica 20 mm umo\u017cliwia monta\u017c w ograniczonych przestrzeniach<\/li>\n<li>Dost\u0119pne pod r\u00f3\u017cnymi k\u0105tami (0\u00b0, 45\u00b0, 90\u00b0) dla wszechstronnego pozycjonowania<\/li>\n<li>Zapewnia stabiln\u0105, d\u0142ugoterminow\u0105 wydajno\u015b\u0107 w zastosowaniach monitoringu konstrukcji i geodezji<\/li>\n<\/ul>","protected":false},"featured_media":4811,"comment_status":"open","ping_status":"closed","template":"","meta":[],"product_brand":[],"product_cat":[72,104],"product_tag":[],"class_list":{"0":"post-4810","1":"product","2":"type-product","3":"status-publish","4":"has-post-thumbnail","6":"product_cat-reflective-target-prism","7":"product_cat-reflective-target","9":"first","10":"instock","11":"shipping-taxable","12":"product-type-simple"},"_links":{"self":[{"href":"https:\/\/mountlaser.com\/pl\/wp-json\/wp\/v2\/product\/4810","targetHints":{"allow":["GET"]}}],"collection":[{"href":"https:\/\/mountlaser.com\/pl\/wp-json\/wp\/v2\/product"}],"about":[{"href":"https:\/\/mountlaser.com\/pl\/wp-json\/wp\/v2\/types\/product"}],"replies":[{"embeddable":true,"href":"https:\/\/mountlaser.com\/pl\/wp-json\/wp\/v2\/comments?post=4810"}],"wp:featuredmedia":[{"embeddable":true,"href":"https:\/\/mountlaser.com\/pl\/wp-json\/wp\/v2\/media\/4811"}],"wp:attachment":[{"href":"https:\/\/mountlaser.com\/pl\/wp-json\/wp\/v2\/media?parent=4810"}],"wp:term":[{"taxonomy":"product_brand","embeddable":true,"href":"https:\/\/mountlaser.com\/pl\/wp-json\/wp\/v2\/product_brand?post=4810"},{"taxonomy":"product_cat","embeddable":true,"href":"https:\/\/mountlaser.com\/pl\/wp-json\/wp\/v2\/product_cat?post=4810"},{"taxonomy":"product_tag","embeddable":true,"href":"https:\/\/mountlaser.com\/pl\/wp-json\/wp\/v2\/product_tag?post=4810"}],"curies":[{"name":"wp","href":"https:\/\/api.w.org\/{rel}","templated":true}]}}