{"id":4801,"date":"2025-11-25T01:20:38","date_gmt":"2025-11-25T01:20:38","guid":{"rendered":"https:\/\/mountlaser.com\/?post_type=product&#038;p=4801"},"modified":"2025-11-25T07:23:25","modified_gmt":"2025-11-25T07:23:25","slug":"pb254-corner-cube-prism","status":"publish","type":"product","link":"https:\/\/mountlaser.com\/pl\/produkt\/pb254-corner-cube-prism\/","title":{"rendered":"PB254 Pryzmat sze\u015bcienny naro\u017cny"},"content":{"rendered":"<p>Przedstawiamy <a href=\"https:\/\/mountlaser.com\/pl\/kategoria-produktu\/reflective-target-prism\/\"><strong>PB254 Pryzmat sze\u015bcienny naro\u017cny<\/strong><\/a>, wysoce precyzyjny element optyczny zaprojektowany do pomiar\u00f3w, ustawiania i zastosowa\u0144 laserowych wymagaj\u0105cych wyj\u0105tkowej dok\u0142adno\u015bci powrotu wi\u0105zki. Zaprojektowany z<a href=\"https:\/\/mountlaser.com\/pl\/contact-us\/\"> <strong>25,4 mm naro\u017cnikowy sze\u015bcian pryzmatyczny<\/strong> <\/a>Dzi\u0119ki swojej konstrukcji pryzmat naro\u017cnikowy PB254 Corner Cube Prism zapewnia stabilne i sp\u00f3jne odbicie \u015bwiat\u0142a nawet w wymagaj\u0105cych warunkach.<br \/>\nNiezale\u017cnie od tego, czy jest u\u017cywany w instrumentach geodezyjnych, systemach do ustawiania osi, czy w zastosowaniach naukowych, pryzmat sze\u015bcienny PB254 Corner Cube Prism zapewnia niezawodny i pozbawiony zniekszta\u0142ce\u0144 powr\u00f3t wi\u0105zki na du\u017ce odleg\u0142o\u015bci. Dzi\u0119ki aperturze 25,4 mm, ten pryzmat sze\u015bcienny Corner Cube Prism o \u015brednicy 25,4 mm oferuje doskona\u0142\u0105 stabilno\u015b\u0107 optyczn\u0105 i wysoki wsp\u00f3\u0142czynnik odbicia.<\/p>\n<p><img fetchpriority=\"high\" decoding=\"async\" class=\"aligncenter wp-image-4803\" src=\"https:\/\/mountlaser.com\/wp-content\/uploads\/2025\/11\/PB254-2.webp\" alt=\"PB254 Corner Cube Prism\" width=\"500\" height=\"500\" srcset=\"https:\/\/mountlaser.com\/wp-content\/uploads\/2025\/11\/PB254-2.webp 1000w, https:\/\/mountlaser.com\/wp-content\/uploads\/2025\/11\/PB254-2-300x300.webp 300w, https:\/\/mountlaser.com\/wp-content\/uploads\/2025\/11\/PB254-2-400x400.webp 400w, https:\/\/mountlaser.com\/wp-content\/uploads\/2025\/11\/PB254-2-800x800.webp 800w, https:\/\/mountlaser.com\/wp-content\/uploads\/2025\/11\/PB254-2-600x600.webp 600w, https:\/\/mountlaser.com\/wp-content\/uploads\/2025\/11\/PB254-2-150x150.webp 150w, https:\/\/mountlaser.com\/wp-content\/uploads\/2025\/11\/PB254-2-768x768.webp 768w, https:\/\/mountlaser.com\/wp-content\/uploads\/2025\/11\/PB254-2-12x12.webp 12w\" sizes=\"(max-width: 500px) 100vw, 500px\" \/><\/p>\n<p>Zaprojektowane dla profesjonalist\u00f3w, kt\u00f3rzy wymagaj\u0105 dok\u0142adno\u015bci, trwa\u0142o\u015bci i niezawodnej pracy, <a href=\"https:\/\/mountlaser.com\/pl\/about-us\/\">PB254 Pryzmat sze\u015bcienny naro\u017cny<\/a> doskonale integruje si\u0119 z szerok\u0105 gam\u0105 konfiguracji optycznych.<\/p>","protected":false},"excerpt":{"rendered":"<ul>\n<li>Precyzyjne odbicie wi\u0105zki laserowej: przekierowuje padaj\u0105ce wi\u0105zki laserowe z powrotem do \u017ar\u00f3d\u0142a, charakteryzuj\u0105c si\u0119 wyj\u0105tkowo ma\u0142ym odchyleniem.<\/li>\n<li>Konstrukcja przys\u0142ony 25,4 mm: zapewnia wysoki wsp\u00f3\u0142czynnik odbicia i stabiln\u0105 prac\u0119 przy du\u017cym zasi\u0119gu.<\/li>\n<li>Wszechstronna integracja: Nadaje si\u0119 do stosowania w sprz\u0119cie geodezyjnym, systemach do wyr\u00f3wnywania pozycji, testach optycznych i precyzyjnych narz\u0119dziach pomiarowych.<\/li>\n<li>Wysoka jako\u015b\u0107 powierzchni: konstrukcja PB254 zapewnia doskona\u0142\u0105 p\u0142asko\u015b\u0107 optyczn\u0105 i minimalny b\u0142\u0105d k\u0105towy.<\/li>\n<li>Trwa\u0142a konstrukcja: Stworzone z my\u015bl\u0105 o profesjonalnych zastosowaniach terenowych i przemys\u0142owych, wymagaj\u0105cych d\u0142ugotrwa\u0142ej stabilno\u015bci.<\/li>\n<\/ul>","protected":false},"featured_media":4809,"comment_status":"open","ping_status":"closed","template":"","meta":[],"product_brand":[],"product_cat":[105,72],"product_tag":[],"class_list":{"0":"post-4801","1":"product","2":"type-product","3":"status-publish","4":"has-post-thumbnail","6":"product_cat-corner-cube-prisms","7":"product_cat-reflective-target-prism","9":"first","10":"instock","11":"shipping-taxable","12":"product-type-simple"},"_links":{"self":[{"href":"https:\/\/mountlaser.com\/pl\/wp-json\/wp\/v2\/product\/4801","targetHints":{"allow":["GET"]}}],"collection":[{"href":"https:\/\/mountlaser.com\/pl\/wp-json\/wp\/v2\/product"}],"about":[{"href":"https:\/\/mountlaser.com\/pl\/wp-json\/wp\/v2\/types\/product"}],"replies":[{"embeddable":true,"href":"https:\/\/mountlaser.com\/pl\/wp-json\/wp\/v2\/comments?post=4801"}],"wp:featuredmedia":[{"embeddable":true,"href":"https:\/\/mountlaser.com\/pl\/wp-json\/wp\/v2\/media\/4809"}],"wp:attachment":[{"href":"https:\/\/mountlaser.com\/pl\/wp-json\/wp\/v2\/media?parent=4801"}],"wp:term":[{"taxonomy":"product_brand","embeddable":true,"href":"https:\/\/mountlaser.com\/pl\/wp-json\/wp\/v2\/product_brand?post=4801"},{"taxonomy":"product_cat","embeddable":true,"href":"https:\/\/mountlaser.com\/pl\/wp-json\/wp\/v2\/product_cat?post=4801"},{"taxonomy":"product_tag","embeddable":true,"href":"https:\/\/mountlaser.com\/pl\/wp-json\/wp\/v2\/product_tag?post=4801"}],"curies":[{"name":"wp","href":"https:\/\/api.w.org\/{rel}","templated":true}]}}