{"id":4791,"date":"2025-11-21T09:07:18","date_gmt":"2025-11-21T09:07:18","guid":{"rendered":"https:\/\/mountlaser.com\/?post_type=product&#038;p=4791"},"modified":"2025-11-25T07:45:48","modified_gmt":"2025-11-25T07:45:48","slug":"rotary-laser-krl-640","status":"publish","type":"product","link":"https:\/\/mountlaser.com\/pl\/produkt\/rotary-laser-krl-640\/","title":{"rendered":"Laser obrotowy KRL-640"},"content":{"rendered":"<p>Ten <a href=\"https:\/\/mountlaser.com\/pl\/\">Mocowanie laserowe<\/a> KRL-640 to szczyt innowacji i precyzji w technologii uk\u0142adania plac\u00f3w budowy. Zaprojektowany z my\u015bl\u0105 o najbardziej wymagaj\u0105cych projektach niwelacyjnych i budowlanych, ten wszechstronny zestaw lasera obrotowego Dual Slope zapewnia niezr\u00f3wnan\u0105 kontrol\u0119 i dok\u0142adno\u015b\u0107. <a href=\"https:\/\/mountlaser.com\/pl\/kategoria-produktu\/rotary-laser\/\"><strong>Laser obrotowy KRL-640<\/strong><\/a> dzia\u0142a jako zaawansowany elektroniczny laser obrotowy poziomy i pionowy, wykorzystuj\u0105c najnowocze\u015bniejszy system poziomowania z dwoma \u017cyroskopami i trzema indywidualnymi czujnikami elektronicznymi, aby osi\u0105gn\u0105\u0107 najlepsz\u0105 w swojej klasie dok\u0142adno\u015b\u0107 poziomowania wynosz\u0105c\u0105 \u00b10,25 mm\/10 m.<\/p>\n<p>To urz\u0105dzenie typu \u201ewszystko w jednym\u201d <a href=\"https:\/\/mountlaser.com\/pl\/about-us\/\"><strong>Zestaw lasera obrotowego Dual Slope<\/strong><\/a> Zosta\u0142 zaprojektowany z my\u015bl\u0105 o maksymalnej wygodzie i wydajno\u015bci w terenie. Projektuje idealn\u0105 p\u0142aszczyzn\u0119 360 stopni zar\u00f3wno w orientacji poziomej, jak i pionowej, zapewniaj\u0105c kompletny system odniesienia przestrzennego. Do\u0142\u0105czony pilot zdalnego sterowania RC200 umo\u017cliwia zarz\u0105dzanie wszystkimi funkcjami, w tym precyzyjn\u0105 dwukierunkow\u0105 regulacj\u0105 nachylenia, z imponuj\u0105cej odleg\u0142o\u015bci do 300 metr\u00f3w. KRL-640 to wytrzyma\u0142y elektroniczny laser rotacyjny do pomiaru poziomu i pionu o stopniu ochrony IP66, kt\u00f3ry zosta\u0142 zaprojektowany tak, aby wytrzyma\u0107 najtrudniejsze warunki zewn\u0119trzne, gwarantuj\u0105c niezawodn\u0105 prac\u0119 w pyle, deszczu i ekstremalnych temperaturach od -20\u00b0C do +60\u00b0C.<\/p>\n<p>&nbsp;<\/p>\n<p><img fetchpriority=\"high\" decoding=\"async\" class=\"aligncenter wp-image-4793\" src=\"https:\/\/mountlaser.com\/wp-content\/uploads\/2025\/11\/KRL-6402.webp\" alt=\"Dual Slope Rotary Laser Kit\" width=\"500\" height=\"500\" srcset=\"https:\/\/mountlaser.com\/wp-content\/uploads\/2025\/11\/KRL-6402.webp 800w, https:\/\/mountlaser.com\/wp-content\/uploads\/2025\/11\/KRL-6402-300x300.webp 300w, https:\/\/mountlaser.com\/wp-content\/uploads\/2025\/11\/KRL-6402-400x400.webp 400w, https:\/\/mountlaser.com\/wp-content\/uploads\/2025\/11\/KRL-6402-600x600.webp 600w, https:\/\/mountlaser.com\/wp-content\/uploads\/2025\/11\/KRL-6402-150x150.webp 150w, https:\/\/mountlaser.com\/wp-content\/uploads\/2025\/11\/KRL-6402-768x768.webp 768w, https:\/\/mountlaser.com\/wp-content\/uploads\/2025\/11\/KRL-6402-12x12.webp 12w\" sizes=\"(max-width: 500px) 100vw, 500px\" \/><\/p>\n<p><strong>Specyfikacja lasera obrotowego KRL-640<\/strong><\/p>\n<table style=\"height: 686px;\" width=\"1051\">\n<tbody>\n<tr>\n<td>Typ lasera<\/td>\n<td>KRL-640R<\/td>\n<td>KRL-640G<\/td>\n<\/tr>\n<tr>\n<td>Typ lasera\/d\u0142ugo\u015b\u0107 fali<\/td>\n<td>Czerwony laser (635 nm-30 mw)G\u00f3rny\/dolny punkt<\/td>\n<td>Zielony laser (515 nm-30 mw)G\u00f3rny\/dolny punkt<\/td>\n<\/tr>\n<tr>\n<td>Spos\u00f3b poziomowania<\/td>\n<td colspan=\"2\">Poziomowanie elektroniczne (2 \u017cyroskopy + 3 indywidualne czujniki elektroniczne)<\/td>\n<\/tr>\n<tr>\n<td>Zakres poziomowania<\/td>\n<td colspan=\"2\">\u00b15\u00b0<\/td>\n<\/tr>\n<tr>\n<td>Dok\u0142adno\u015b\u0107 poziomowania<\/td>\n<td colspan=\"2\">\u00b10,25 mm\/10 m<\/td>\n<\/tr>\n<tr>\n<td>Dia robocza (przy u\u017cyciu LP500)<\/td>\n<td colspan=\"2\">\u22651000m<\/td>\n<\/tr>\n<tr>\n<td>Dia robocza (przy u\u017cyciu LP700)<\/td>\n<td colspan=\"2\">\u2265800m<\/td>\n<\/tr>\n<tr>\n<td>Temperatura pracy<\/td>\n<td colspan=\"2\">-20\u2103\uff5e+60\u2103<\/td>\n<\/tr>\n<tr>\n<td>Pr\u0119dko\u015b\u0107 obrotowa lasera<\/td>\n<td colspan=\"2\">0\/300\/600\/1000\/1500 obr.\/min (bezszczotkowy silnik z magnesami trwa\u0142ymi)<\/td>\n<\/tr>\n<tr>\n<td>Skanowanie obszaru<\/td>\n<td colspan=\"2\">15\u00b0\/45\u00b0\/90\u00b0\/180\u00b0<\/td>\n<\/tr>\n<tr>\n<td>Ustawienie pochylenia<\/td>\n<td colspan=\"2\">Dwukierunkowy<\/td>\n<\/tr>\n<tr>\n<td>Operacja na zboczu<\/td>\n<td colspan=\"2\">U\u017cyj pilota RC200<\/td>\n<\/tr>\n<tr>\n<td>Dzia\u0142anie jednostki g\u0142\u00f3wnej<\/td>\n<td colspan=\"2\">12 klawiszy \/ 5 \u015bwiate\u0142 (synchronizacja z sygna\u0142em pilota)<\/td>\n<\/tr>\n<tr>\n<td>Obs\u0142uga za pomoc\u0105 pilota<\/td>\n<td colspan=\"2\">12 klawiszy \/ 5 \u015bwiate\u0142 (synchronizacja z sygna\u0142ami hosta, odleg\u0142o\u015b\u0107 zdalnego sterowania \u2265300 m)<\/td>\n<\/tr>\n<tr>\n<td>Metoda zasilania<\/td>\n<td colspan=\"2\">Litowe (pojedyncza sekcja wymienna) Zasilanie bezpo\u015brednie pr\u0105dem przemiennym<\/td>\n<\/tr>\n<tr>\n<td>Czas pracy litu<\/td>\n<td colspan=\"2\">15-20 godzin (d\u0142u\u017cszy czas pracy baterii dost\u0119pny opcjonalnie)<\/td>\n<\/tr>\n<tr>\n<td>Metoda kalibracji<\/td>\n<td colspan=\"2\">Zdalne sterowanie\/APLIKACJA<\/td>\n<\/tr>\n<tr>\n<td>Opakowanie<\/td>\n<td colspan=\"2\">Pude\u0142ko plastikowe<\/td>\n<\/tr>\n<tr>\n<td>Rozmiar<\/td>\n<td colspan=\"2\">D\u0142ugo\u015b\u0107 217 Szeroko\u015b\u0107 217 Wysoko\u015b\u0107 244 (mm)<\/td>\n<\/tr>\n<tr>\n<td>Stopie\u0144 ochrony<\/td>\n<td colspan=\"2\">IP66<\/td>\n<\/tr>\n<tr>\n<td>Wysoko\u015b\u0107 upadku<\/td>\n<td colspan=\"2\">Tylko maszyna g\u0142\u00f3wna 1M<\/td>\n<\/tr>\n<tr>\n<td>Ustawianie zakresu nachylenia<\/td>\n<td colspan=\"2\">\u00b110%<\/td>\n<\/tr>\n<\/tbody>\n<\/table>","protected":false},"excerpt":{"rendered":"<ul>\n<li>Najwy\u017csza dok\u0142adno\u015b\u0107 w bran\u017cy: osi\u0105ga precyzj\u0119 \u00b10,25 mm\/10 m dzi\u0119ki zaawansowanemu elektronicznemu systemowi poziomowania z 2 \u017cyroskopami i 3 czujnikami.<\/li>\n<li>Kompletny zestaw Dual Slope: oferowany jako gotowy do u\u017cycia zestaw lasera obrotowego Dual Slope ze zdalnym sterowaniem, umo\u017cliwiaj\u0105cy kompleksowe zarz\u0105dzanie nachyleniem.<\/li>\n<li>Pilot zdalnego sterowania o bardzo du\u017cym zasi\u0119gu: pe\u0142na obs\u0142uga i regulacja nachylenia do 300 metr\u00f3w za pomoc\u0105 pilota RC200.<\/li>\n<\/ul>","protected":false},"featured_media":4792,"comment_status":"open","ping_status":"closed","template":"","meta":[],"product_brand":[],"product_cat":[93,139],"product_tag":[],"class_list":{"0":"post-4791","1":"product","2":"type-product","3":"status-publish","4":"has-post-thumbnail","6":"product_cat-rotary-laser","7":"product_cat-rotary-laser-6-series","9":"first","10":"instock","11":"shipping-taxable","12":"product-type-simple"},"_links":{"self":[{"href":"https:\/\/mountlaser.com\/pl\/wp-json\/wp\/v2\/product\/4791","targetHints":{"allow":["GET"]}}],"collection":[{"href":"https:\/\/mountlaser.com\/pl\/wp-json\/wp\/v2\/product"}],"about":[{"href":"https:\/\/mountlaser.com\/pl\/wp-json\/wp\/v2\/types\/product"}],"replies":[{"embeddable":true,"href":"https:\/\/mountlaser.com\/pl\/wp-json\/wp\/v2\/comments?post=4791"}],"wp:featuredmedia":[{"embeddable":true,"href":"https:\/\/mountlaser.com\/pl\/wp-json\/wp\/v2\/media\/4792"}],"wp:attachment":[{"href":"https:\/\/mountlaser.com\/pl\/wp-json\/wp\/v2\/media?parent=4791"}],"wp:term":[{"taxonomy":"product_brand","embeddable":true,"href":"https:\/\/mountlaser.com\/pl\/wp-json\/wp\/v2\/product_brand?post=4791"},{"taxonomy":"product_cat","embeddable":true,"href":"https:\/\/mountlaser.com\/pl\/wp-json\/wp\/v2\/product_cat?post=4791"},{"taxonomy":"product_tag","embeddable":true,"href":"https:\/\/mountlaser.com\/pl\/wp-json\/wp\/v2\/product_tag?post=4791"}],"curies":[{"name":"wp","href":"https:\/\/api.w.org\/{rel}","templated":true}]}}