{"id":4786,"date":"2025-11-21T09:02:35","date_gmt":"2025-11-21T09:02:35","guid":{"rendered":"https:\/\/mountlaser.com\/?post_type=product&#038;p=4786"},"modified":"2025-11-25T07:47:28","modified_gmt":"2025-11-25T07:47:28","slug":"rotary-laser-krl-540","status":"publish","type":"product","link":"https:\/\/mountlaser.com\/pl\/produkt\/rotary-laser-krl-540\/","title":{"rendered":"Laser obrotowy KRL-540"},"content":{"rendered":"<p><a href=\"https:\/\/mountlaser.com\/pl\/kategoria-produktu\/rotary-laser\/\"><strong>Laser obrotowy KRL-540<\/strong> <\/a>To idealne rozwi\u0105zanie dla profesjonalist\u00f3w, kt\u00f3rzy wymagaj\u0105 bezkompromisowej dok\u0142adno\u015bci i wytrzyma\u0142o\u015bci w warunkach zewn\u0119trznych. Produkt ten jest oferowany jako kompletny zestaw zewn\u0119trznej poziomicy laserowej, zaprojektowany z my\u015bl\u0105 o wyzwaniach zwi\u0105zanych z jasnym \u015bwiat\u0142em s\u0142onecznym, du\u017cymi odleg\u0142o\u015bciami i trudnymi warunkami na placu budowy. Stanowi on znacz\u0105cy krok naprz\u00f3d w wydajno\u015bci, oferuj\u0105c prze\u0142omowy system niwelacji z dwoma \u017cyroskopami i trzema niezale\u017cnymi czujnikami elektronicznymi, zapewniaj\u0105cy doskona\u0142\u0105 dok\u0142adno\u015b\u0107 niwelacji \u00b10,35 mm\/10 m.<\/p>\n<p>Jako kompleksowe <a href=\"https:\/\/mountlaser.com\/pl\/about-us\/\"><strong>Zestaw zewn\u0119trznego obrotowego poziomicy laserowej<\/strong><\/a>, Model KRL-540 zawiera wszystko, co potrzebne do realizacji projekt\u00f3w na du\u017c\u0105 skal\u0119. Projektuje on pe\u0142ne 360 stopni w p\u0142aszczy\u017anie poziomej i pionowej i jest dost\u0119pny zar\u00f3wno z mocnym czerwonym, jak i ultrajasnym zielonym laserem, zapewniaj\u0105cym maksymaln\u0105 widoczno\u015b\u0107 do 1000 m. Zestaw zawiera zaawansowanego pilota zdalnego sterowania RC200, kt\u00f3ry podwaja zasi\u0119g dzia\u0142ania do imponuj\u0105cych 300 metr\u00f3w, umo\u017cliwiaj\u0105c p\u0142ynne ustawianie nachylenia i sterowanie z praktycznie dowolnego miejsca na budowie.<\/p>\n<p><a href=\"https:\/\/mountlaser.com\/pl\/contact-us\/\">Laser obrotowy KRL-540<\/a> Dzi\u0119ki podwy\u017cszonej klasie ochrony IP66 zapewniaj\u0105cej ca\u0142kowit\u0105 ochron\u0119 przed kurzem i silnymi strumieniami wody, a tak\u017ce rozszerzonemu zakresowi temperatur roboczych, ten zewn\u0119trzny zestaw poziomicy laserowej obrotowej zosta\u0142 stworzony, aby zapewnia\u0107 niezawodn\u0105, precyzyjn\u0105 prac\u0119 przez ca\u0142y rok, w ka\u017cdych warunkach pogodowych.<\/p>\n<p>&nbsp;<\/p>\n<p><img fetchpriority=\"high\" decoding=\"async\" class=\"aligncenter wp-image-4788\" src=\"https:\/\/mountlaser.com\/wp-content\/uploads\/2025\/11\/KRL-5402.webp\" alt=\"Exterior Rotary Laser Level Kit\" width=\"500\" height=\"500\" srcset=\"https:\/\/mountlaser.com\/wp-content\/uploads\/2025\/11\/KRL-5402.webp 800w, https:\/\/mountlaser.com\/wp-content\/uploads\/2025\/11\/KRL-5402-300x300.webp 300w, https:\/\/mountlaser.com\/wp-content\/uploads\/2025\/11\/KRL-5402-400x400.webp 400w, https:\/\/mountlaser.com\/wp-content\/uploads\/2025\/11\/KRL-5402-600x600.webp 600w, https:\/\/mountlaser.com\/wp-content\/uploads\/2025\/11\/KRL-5402-150x150.webp 150w, https:\/\/mountlaser.com\/wp-content\/uploads\/2025\/11\/KRL-5402-768x768.webp 768w, https:\/\/mountlaser.com\/wp-content\/uploads\/2025\/11\/KRL-5402-12x12.webp 12w\" sizes=\"(max-width: 500px) 100vw, 500px\" \/><\/p>\n<p><strong>Specyfikacja lasera obrotowego KRL-540<\/strong><\/p>\n<table style=\"height: 698px;\" width=\"1057\">\n<tbody>\n<tr>\n<td>Typ lasera<\/td>\n<td>KRL-540R<\/td>\n<td>KRL-540G<\/td>\n<\/tr>\n<tr>\n<td>Typ lasera\/d\u0142ugo\u015b\u0107 fali<\/td>\n<td>Czerwony laser (635 nm-30 mw)G\u00f3rny\/dolny punkt<\/td>\n<td>Zielony laser (515 nm-30 mw)G\u00f3rny\/dolny punkt<\/td>\n<\/tr>\n<tr>\n<td>Spos\u00f3b poziomowania<\/td>\n<td colspan=\"2\">Poziomowanie elektroniczne (2 \u017cyroskopy + 3 indywidualne czujniki elektroniczne)<\/td>\n<\/tr>\n<tr>\n<td>Zakres poziomowania<\/td>\n<td colspan=\"2\">\u00b15\u00b0<\/td>\n<\/tr>\n<tr>\n<td>Dok\u0142adno\u015b\u0107 poziomowania<\/td>\n<td colspan=\"2\">\u00b10,35 mm\/10 m<\/td>\n<\/tr>\n<tr>\n<td>Dia robocza (przy u\u017cyciu LP500)<\/td>\n<td colspan=\"2\">\u22651000m<\/td>\n<\/tr>\n<tr>\n<td>Dia robocza (przy u\u017cyciu LP700)<\/td>\n<td colspan=\"2\">\u2265800m<\/td>\n<\/tr>\n<tr>\n<td>Temperatura pracy<\/td>\n<td colspan=\"2\">-20\u2103\uff5e+60\u2103<\/td>\n<\/tr>\n<tr>\n<td>Pr\u0119dko\u015b\u0107 obrotowa lasera<\/td>\n<td colspan=\"2\">0\/300\/600\/1000\/1500 obr.\/min (bezszczotkowy silnik z magnesami trwa\u0142ymi)<\/td>\n<\/tr>\n<tr>\n<td>Skanowanie obszaru<\/td>\n<td colspan=\"2\">15\u00b0\/45\u00b0\/90\u00b0\/180\u00b0<\/td>\n<\/tr>\n<tr>\n<td>Ustawienie pochylenia<\/td>\n<td colspan=\"2\">Dwukierunkowy<\/td>\n<\/tr>\n<tr>\n<td>Operacja na zboczu<\/td>\n<td colspan=\"2\">U\u017cyj pilota RC200<\/td>\n<\/tr>\n<tr>\n<td>Dzia\u0142anie jednostki g\u0142\u00f3wnej<\/td>\n<td colspan=\"2\">12 klawiszy \/ 5 \u015bwiate\u0142 (synchronizacja z sygna\u0142em pilota)<\/td>\n<\/tr>\n<tr>\n<td>Obs\u0142uga za pomoc\u0105 pilota<\/td>\n<td colspan=\"2\">12 klawiszy \/ 5 \u015bwiate\u0142 (synchronizacja z sygna\u0142ami hosta, odleg\u0142o\u015b\u0107 zdalnego sterowania \u2265300 m)<\/td>\n<\/tr>\n<tr>\n<td>Metoda zasilania<\/td>\n<td colspan=\"2\">Litowe (pojedyncza sekcja wymienna) Zasilanie bezpo\u015brednie pr\u0105dem przemiennym<\/td>\n<\/tr>\n<tr>\n<td>Czas pracy litu<\/td>\n<td colspan=\"2\">15-20 godzin (d\u0142u\u017cszy czas pracy baterii dost\u0119pny opcjonalnie)<\/td>\n<\/tr>\n<tr>\n<td>Metoda kalibracji<\/td>\n<td colspan=\"2\">Zdalne sterowanie\/APLIKACJA<\/td>\n<\/tr>\n<tr>\n<td>Opakowanie<\/td>\n<td colspan=\"2\">Pude\u0142ko plastikowe<\/td>\n<\/tr>\n<tr>\n<td>Rozmiar<\/td>\n<td colspan=\"2\">D\u0142ugo\u015b\u0107 215 Szeroko\u015b\u0107 215 Wysoko\u015b\u0107 232 (mm)<\/td>\n<\/tr>\n<tr>\n<td>Stopie\u0144 ochrony<\/td>\n<td colspan=\"2\">IP66<\/td>\n<\/tr>\n<tr>\n<td>Wysoko\u015b\u0107 upadku<\/td>\n<td colspan=\"2\">Tylko maszyna g\u0142\u00f3wna 1M<\/td>\n<\/tr>\n<tr>\n<td>Ustawianie zakresu nachylenia<\/td>\n<td colspan=\"2\">\u00b110%<\/td>\n<\/tr>\n<\/tbody>\n<\/table>","protected":false},"excerpt":{"rendered":"<ul>\n<li>Zaawansowany system poziomowania: obejmuje 2 \u017cyroskopy i 3 czujniki elektroniczne zapewniaj\u0105ce wyj\u0105tkow\u0105 dok\u0142adno\u015b\u0107 i stabilno\u015b\u0107 \u00b10,35 mm\/10 m.<\/li>\n<li>Rozszerzony zasi\u0119g zdalnego sterowania: pilot zdalnego sterowania RC200 zapewnia pe\u0142n\u0105 funkcjonalno\u015b\u0107 z odleg\u0142o\u015bci do 300 metr\u00f3w.<\/li>\n<li>Podw\u00f3jne lasery o wysokiej widoczno\u015bci: Wybierz standardow\u0105 wi\u0105zk\u0119 czerwon\u0105 lub lepsz\u0105 wi\u0105zk\u0119 zielon\u0105, aby uzyska\u0107 optymalny zasi\u0119g do zastosowa\u0144 na zewn\u0105trz.<\/li>\n<\/ul>","protected":false},"featured_media":4787,"comment_status":"open","ping_status":"closed","template":"","meta":[],"product_brand":[],"product_cat":[93,138],"product_tag":[],"class_list":{"0":"post-4786","1":"product","2":"type-product","3":"status-publish","4":"has-post-thumbnail","6":"product_cat-rotary-laser","7":"product_cat-rotary-laser-5-series","9":"first","10":"instock","11":"shipping-taxable","12":"product-type-simple"},"_links":{"self":[{"href":"https:\/\/mountlaser.com\/pl\/wp-json\/wp\/v2\/product\/4786","targetHints":{"allow":["GET"]}}],"collection":[{"href":"https:\/\/mountlaser.com\/pl\/wp-json\/wp\/v2\/product"}],"about":[{"href":"https:\/\/mountlaser.com\/pl\/wp-json\/wp\/v2\/types\/product"}],"replies":[{"embeddable":true,"href":"https:\/\/mountlaser.com\/pl\/wp-json\/wp\/v2\/comments?post=4786"}],"wp:featuredmedia":[{"embeddable":true,"href":"https:\/\/mountlaser.com\/pl\/wp-json\/wp\/v2\/media\/4787"}],"wp:attachment":[{"href":"https:\/\/mountlaser.com\/pl\/wp-json\/wp\/v2\/media?parent=4786"}],"wp:term":[{"taxonomy":"product_brand","embeddable":true,"href":"https:\/\/mountlaser.com\/pl\/wp-json\/wp\/v2\/product_brand?post=4786"},{"taxonomy":"product_cat","embeddable":true,"href":"https:\/\/mountlaser.com\/pl\/wp-json\/wp\/v2\/product_cat?post=4786"},{"taxonomy":"product_tag","embeddable":true,"href":"https:\/\/mountlaser.com\/pl\/wp-json\/wp\/v2\/product_tag?post=4786"}],"curies":[{"name":"wp","href":"https:\/\/api.w.org\/{rel}","templated":true}]}}