{"id":4782,"date":"2025-11-21T08:56:28","date_gmt":"2025-11-21T08:56:28","guid":{"rendered":"https:\/\/mountlaser.com\/?post_type=product&#038;p=4782"},"modified":"2025-11-25T08:11:58","modified_gmt":"2025-11-25T08:11:58","slug":"rotary-laser-krl-440","status":"publish","type":"product","link":"https:\/\/mountlaser.com\/pl\/produkt\/rotary-laser-krl-440\/","title":{"rendered":"Laser obrotowy KRL-440"},"content":{"rendered":"<p><a href=\"https:\/\/mountlaser.com\/pl\/kategoria-produktu\/rotary-laser\/\"><strong>Laser obrotowy KRL-440<\/strong> <\/a>wyznacza nowy standard dla profesjonalnych narz\u0119dzi do uk\u0142adania, zaprojektowanych z my\u015bl\u0105 o bezkompromisowej wydajno\u015bci w najbardziej wymagaj\u0105cych miejscach pracy. To urz\u0105dzenie to prawdziwa, wysoce precyzyjna poziomica laserowa, osi\u0105gaj\u0105ca wyj\u0105tkow\u0105 dok\u0142adno\u015b\u0107 poziomowania \u00b10,5 mm\/10 m dzi\u0119ki zaawansowanemu elektronicznemu systemowi niwelacji, kt\u00f3ry \u0142\u0105czy \u017cyroskop i czujnik dwuosiowy. Projektuje idealn\u0105 p\u0142aszczyzn\u0119 360 stopni zar\u00f3wno w orientacji poziomej, jak i pionowej, co czyni j\u0105 niezast\u0105pionym narz\u0119dziem. <a href=\"https:\/\/mountlaser.com\/pl\/\"><strong>Wysokoprecyzyjny poziom laserowy<\/strong><\/a> od budowy od podstaw po skomplikowane aran\u017cacje wn\u0119trz.<\/p>\n<p><a href=\"https:\/\/mountlaser.com\/pl\/contact-us\/\">Laser obrotowy KRL-440<\/a> Dost\u0119pne w wersji z wytrzyma\u0142ym czerwonym (KRL-440R) i ultrawidocznym zielonym laserem (KRL-440G), narz\u0119dzie to zapewnia wyra\u017ane linie laserowe na ogromnej \u015brednicy roboczej do 1000 metr\u00f3w z detektorem. Operatorzy mog\u0105 z \u0142atwo\u015bci\u0105 sterowa\u0107 ka\u017cd\u0105 funkcj\u0105 z odleg\u0142o\u015bci do 150 metr\u00f3w za pomoc\u0105 wszechstronnego pilota RC100, w tym dwukierunkowym ustawieniem nachylenia. Osadzony w wytrzyma\u0142ej obudowie o stopniu ochrony IP65, laser obrotowy KRL-440 jest odporny na kurz i wod\u0119, co gwarantuje, \u017ce ten wysoce precyzyjny laser pozostaje niezawodny i dok\u0142adny w ka\u017cdych warunkach, sezon po sezonie.<\/p>\n<p>&nbsp;<\/p>\n<p>&nbsp;<\/p>\n<p><img fetchpriority=\"high\" decoding=\"async\" class=\"aligncenter wp-image-4785\" src=\"https:\/\/mountlaser.com\/wp-content\/uploads\/2025\/11\/KRL-4403.webp\" alt=\"High-precision Laser Level\" width=\"500\" height=\"500\" srcset=\"https:\/\/mountlaser.com\/wp-content\/uploads\/2025\/11\/KRL-4403.webp 800w, https:\/\/mountlaser.com\/wp-content\/uploads\/2025\/11\/KRL-4403-300x300.webp 300w, https:\/\/mountlaser.com\/wp-content\/uploads\/2025\/11\/KRL-4403-400x400.webp 400w, https:\/\/mountlaser.com\/wp-content\/uploads\/2025\/11\/KRL-4403-600x600.webp 600w, https:\/\/mountlaser.com\/wp-content\/uploads\/2025\/11\/KRL-4403-150x150.webp 150w, https:\/\/mountlaser.com\/wp-content\/uploads\/2025\/11\/KRL-4403-768x768.webp 768w, https:\/\/mountlaser.com\/wp-content\/uploads\/2025\/11\/KRL-4403-12x12.webp 12w\" sizes=\"(max-width: 500px) 100vw, 500px\" \/><\/p>\n<p><strong>Specyfikacja lasera obrotowego KRL-440<\/strong><\/p>\n<table style=\"height: 686px;\" width=\"1068\">\n<tbody>\n<tr>\n<td>Typ lasera<\/td>\n<td>KRL-440R<\/td>\n<td>KRL-440G<\/td>\n<\/tr>\n<tr>\n<td>Typ lasera\/d\u0142ugo\u015b\u0107 fali<\/td>\n<td>Czerwony laser (635 nm-30 mw)G\u00f3rny\/dolny punkt<\/td>\n<td>Zielony laser (515 nm-30 mw)G\u00f3rny\/dolny punkt<\/td>\n<\/tr>\n<tr>\n<td>Spos\u00f3b poziomowania<\/td>\n<td colspan=\"2\">Poziomowanie elektroniczne (1 \u017cyroskop + 1 dwuosiowy czujnik elektroniczny)<\/td>\n<\/tr>\n<tr>\n<td>Zakres poziomowania<\/td>\n<td colspan=\"2\">\u00b15\u00b0<\/td>\n<\/tr>\n<tr>\n<td>Dok\u0142adno\u015b\u0107 poziomowania<\/td>\n<td colspan=\"2\">\u00b10,5 mm\/10 m<\/td>\n<\/tr>\n<tr>\n<td>Dia robocza (przy u\u017cyciu LP500)<\/td>\n<td colspan=\"2\">\u22651000m<\/td>\n<\/tr>\n<tr>\n<td>Dia robocza (przy u\u017cyciu LP700)<\/td>\n<td colspan=\"2\">\u2265800m<\/td>\n<\/tr>\n<tr>\n<td>Temperatura pracy<\/td>\n<td colspan=\"2\">-20\u2103\uff5e+50\u2103<\/td>\n<\/tr>\n<tr>\n<td>Pr\u0119dko\u015b\u0107 obrotowa lasera<\/td>\n<td colspan=\"2\">0\/300\/600\/1000\/1500 obr.\/min (bezszczotkowy silnik z magnesami trwa\u0142ymi)<\/td>\n<\/tr>\n<tr>\n<td>Skanowanie obszaru<\/td>\n<td colspan=\"2\">15\u00b0\/45\u00b0\/90\u00b0\/180\u00b0<\/td>\n<\/tr>\n<tr>\n<td>Ustawienie pochylenia<\/td>\n<td colspan=\"2\">Dwukierunkowy<\/td>\n<\/tr>\n<tr>\n<td>Operacja na zboczu<\/td>\n<td colspan=\"2\">U\u017cyj pilota RC100<\/td>\n<\/tr>\n<tr>\n<td>Dzia\u0142anie jednostki g\u0142\u00f3wnej<\/td>\n<td colspan=\"2\">12 klawiszy \/ 5 \u015bwiate\u0142 (synchronizacja z sygna\u0142em pilota)<\/td>\n<\/tr>\n<tr>\n<td>Obs\u0142uga za pomoc\u0105 pilota<\/td>\n<td colspan=\"2\">12 klawiszy \/ 5 \u015bwiate\u0142 (synchronizacja z sygna\u0142ami hosta, odleg\u0142o\u015b\u0107 zdalnego sterowania \u2265150 m)<\/td>\n<\/tr>\n<tr>\n<td>Metoda zasilania<\/td>\n<td colspan=\"2\">Litowe (pojedyncza sekcja wymienna) Zasilanie bezpo\u015brednie pr\u0105dem przemiennym<\/td>\n<\/tr>\n<tr>\n<td>Czas pracy litu<\/td>\n<td colspan=\"2\">15-20 godzin (d\u0142u\u017cszy czas pracy baterii dost\u0119pny opcjonalnie)<\/td>\n<\/tr>\n<tr>\n<td>Metoda kalibracji<\/td>\n<td colspan=\"2\">Zdalne sterowanie\/APLIKACJA<\/td>\n<\/tr>\n<tr>\n<td>Opakowanie<\/td>\n<td colspan=\"2\">Pude\u0142ko plastikowe<\/td>\n<\/tr>\n<tr>\n<td>Rozmiar<\/td>\n<td colspan=\"2\">D\u0142ugo\u015b\u0107 215 Szeroko\u015b\u0107 215 Wysoko\u015b\u0107 232 (mm)<\/td>\n<\/tr>\n<tr>\n<td>Stopie\u0144 ochrony<\/td>\n<td colspan=\"2\">IP65<\/td>\n<\/tr>\n<tr>\n<td>Wysoko\u015b\u0107 upadku<\/td>\n<td colspan=\"2\">Tylko maszyna g\u0142\u00f3wna 1M<\/td>\n<\/tr>\n<tr>\n<td>Ustawianie zakresu nachylenia<\/td>\n<td colspan=\"2\">\u00b110%<\/td>\n<\/tr>\n<\/tbody>\n<\/table>","protected":false},"excerpt":{"rendered":"<ul>\n<li>Projekcja dwup\u0142aszczyznowa: Generuje pe\u0142n\u0105 360-stopniow\u0105 p\u0142aszczyzn\u0119 odniesienia poziom\u0105 i pionow\u0105 w celu uzyskania kompletnego uk\u0142adu obiektu.<\/li>\n<li>Wyj\u0105tkowa dok\u0142adno\u015b\u0107: Wysokiej precyzji poziomica laserowa z elektronicznym samopoziomowaniem zapewnia dok\u0142adno\u015b\u0107 \u00b10,5 mm\/10 m w zakresie \u00b15\u00b0.<\/li>\n<li>Doskona\u0142a widoczno\u015b\u0107 lasera: Mo\u017cliwo\u015b\u0107 wyboru czerwonego lub 6 razy ja\u015bniejszego zielonego lasera zapewnia optymaln\u0105 wydajno\u015b\u0107 w r\u00f3\u017cnych warunkach o\u015bwietleniowych i na du\u017ce odleg\u0142o\u015bci.<\/li>\n<\/ul>","protected":false},"featured_media":4783,"comment_status":"open","ping_status":"closed","template":"","meta":[],"product_brand":[],"product_cat":[93,137],"product_tag":[],"class_list":{"0":"post-4782","1":"product","2":"type-product","3":"status-publish","4":"has-post-thumbnail","6":"product_cat-rotary-laser","7":"product_cat-rotary-laser-4-series","9":"first","10":"instock","11":"shipping-taxable","12":"product-type-simple"},"_links":{"self":[{"href":"https:\/\/mountlaser.com\/pl\/wp-json\/wp\/v2\/product\/4782","targetHints":{"allow":["GET"]}}],"collection":[{"href":"https:\/\/mountlaser.com\/pl\/wp-json\/wp\/v2\/product"}],"about":[{"href":"https:\/\/mountlaser.com\/pl\/wp-json\/wp\/v2\/types\/product"}],"replies":[{"embeddable":true,"href":"https:\/\/mountlaser.com\/pl\/wp-json\/wp\/v2\/comments?post=4782"}],"wp:featuredmedia":[{"embeddable":true,"href":"https:\/\/mountlaser.com\/pl\/wp-json\/wp\/v2\/media\/4783"}],"wp:attachment":[{"href":"https:\/\/mountlaser.com\/pl\/wp-json\/wp\/v2\/media?parent=4782"}],"wp:term":[{"taxonomy":"product_brand","embeddable":true,"href":"https:\/\/mountlaser.com\/pl\/wp-json\/wp\/v2\/product_brand?post=4782"},{"taxonomy":"product_cat","embeddable":true,"href":"https:\/\/mountlaser.com\/pl\/wp-json\/wp\/v2\/product_cat?post=4782"},{"taxonomy":"product_tag","embeddable":true,"href":"https:\/\/mountlaser.com\/pl\/wp-json\/wp\/v2\/product_tag?post=4782"}],"curies":[{"name":"wp","href":"https:\/\/api.w.org\/{rel}","templated":true}]}}