{"id":4777,"date":"2025-11-21T08:45:59","date_gmt":"2025-11-21T08:45:59","guid":{"rendered":"https:\/\/mountlaser.com\/?post_type=product&#038;p=4777"},"modified":"2025-11-25T08:14:47","modified_gmt":"2025-11-25T08:14:47","slug":"rotary-laser-krl-420","status":"publish","type":"product","link":"https:\/\/mountlaser.com\/pl\/produkt\/rotary-laser-krl-420\/","title":{"rendered":"Laser obrotowy KRL-420"},"content":{"rendered":"<p>Ten <a href=\"https:\/\/mountlaser.com\/pl\/kategoria-produktu\/rotary-laser\/]\/\"><strong>Monta\u017c lasera KRL-420<\/strong><\/a> to najnowocze\u015bniejszy samopoziomuj\u0105cy laser obrotowy, zaprojektowany z my\u015bl\u0105 o niezr\u00f3wnanej precyzji i wszechstronno\u015bci w przypadku skomplikowanych projekt\u00f3w budowlanych i projektowych. To profesjonalne narz\u0119dzie dzia\u0142a jak prawdziwy laser obrotowy poziomo-pionowy, wy\u015bwietlaj\u0105c pe\u0142n\u0105 p\u0142aszczyzn\u0119 360 stopni w obu orientacjach, tworz\u0105c kompletny uk\u0142ad odniesienia przestrzennego na placu budowy. Jego g\u0142\u00f3wn\u0105 zalet\u0105 jest zaawansowany elektroniczny system poziomowania, kt\u00f3ry integruje \u017cyroskop i czujnik dwuosiowy, zapewniaj\u0105c automatyczn\u0105 dok\u0142adno\u015b\u0107 poziomowania \u00b10,5 mm\/10 m.<\/p>\n<p>Laser obrotowy KRL-420 Dost\u0119pny w dw\u00f3ch wersjach: z laserem o du\u017cej mocy w kolorze czerwonym (KRL-420R) i ultra jasnym zielonym (KRL-420G).<a href=\"https:\/\/mountlaser.com\/pl\/about-us\/\"><strong> Laser obrotowy poziomy\/pionowy<\/strong> <\/a>Zapewnia doskona\u0142\u0105 widoczno\u015b\u0107 na du\u017ce odleg\u0142o\u015bci, z \u015brednic\u0105 robocz\u0105 do 1000 metr\u00f3w z detektorem. Pe\u0142na funkcjonalno\u015b\u0107, w tym dwukierunkowe ustawienie nachylenia do \u00b110%, jest dost\u0119pna za pomoc\u0105 pilota RC100 z odleg\u0142o\u015bci 150 metr\u00f3w. <a href=\"https:\/\/mountlaser.com\/pl\/\">Laser obrotowy poziomy\/pionowy<\/a> Umieszczony w wytrzyma\u0142ej obudowie o stopniu ochrony IP65, ten samopoziomuj\u0105cy laser obrotowy zosta\u0142 stworzony tak, aby wytrzyma\u0107 najtrudniejsze warunki na placu budowy.<\/p>\n<p><img fetchpriority=\"high\" decoding=\"async\" class=\"aligncenter wp-image-4780\" src=\"https:\/\/mountlaser.com\/wp-content\/uploads\/2025\/11\/KRL-4203.webp\" alt=\"Horizontal\/Vertical Rotary Laser\" width=\"500\" height=\"500\" srcset=\"https:\/\/mountlaser.com\/wp-content\/uploads\/2025\/11\/KRL-4203.webp 800w, https:\/\/mountlaser.com\/wp-content\/uploads\/2025\/11\/KRL-4203-300x300.webp 300w, https:\/\/mountlaser.com\/wp-content\/uploads\/2025\/11\/KRL-4203-400x400.webp 400w, https:\/\/mountlaser.com\/wp-content\/uploads\/2025\/11\/KRL-4203-600x600.webp 600w, https:\/\/mountlaser.com\/wp-content\/uploads\/2025\/11\/KRL-4203-150x150.webp 150w, https:\/\/mountlaser.com\/wp-content\/uploads\/2025\/11\/KRL-4203-768x768.webp 768w, https:\/\/mountlaser.com\/wp-content\/uploads\/2025\/11\/KRL-4203-12x12.webp 12w\" sizes=\"(max-width: 500px) 100vw, 500px\" \/><\/p>\n<p><strong>Specyfikacja lasera obrotowego KRL-420<\/strong><\/p>\n<table style=\"height: 683px;\" width=\"1045\">\n<tbody>\n<tr>\n<td>Typ lasera<\/td>\n<td>KRL-420R<\/td>\n<td>KRL-420G<\/td>\n<\/tr>\n<tr>\n<td>Typ lasera\/d\u0142ugo\u015b\u0107 fali<\/td>\n<td>Czerwony laser (635 nm-30 mw) G\u00f3rny punkt<\/td>\n<td>Zielony laser (515 nm-30 mw) G\u00f3rny punkt<\/td>\n<\/tr>\n<tr>\n<td>Spos\u00f3b poziomowania<\/td>\n<td colspan=\"2\">Poziomowanie elektroniczne (1 \u017cyroskop + 1 dwuosiowy czujnik elektroniczny)<\/td>\n<\/tr>\n<tr>\n<td>Zakres poziomowania<\/td>\n<td colspan=\"2\">\u00b15\u00b0<\/td>\n<\/tr>\n<tr>\n<td>Dok\u0142adno\u015b\u0107 poziomowania<\/td>\n<td colspan=\"2\">\u00b10,5 mm\/10 m<\/td>\n<\/tr>\n<tr>\n<td>Dia robocza (przy u\u017cyciu LP500)<\/td>\n<td colspan=\"2\">\u22651000m<\/td>\n<\/tr>\n<tr>\n<td>Dia robocza (przy u\u017cyciu LP700)<\/td>\n<td colspan=\"2\">\u2265800m<\/td>\n<\/tr>\n<tr>\n<td>Temperatura pracy<\/td>\n<td colspan=\"2\">-20\u2103\uff5e+50\u2103<\/td>\n<\/tr>\n<tr>\n<td>Pr\u0119dko\u015b\u0107 obrotowa lasera<\/td>\n<td colspan=\"2\">0\/300\/600\/1000\/1500 obr.\/min (bezszczotkowy silnik z magnesami trwa\u0142ymi)<\/td>\n<\/tr>\n<tr>\n<td>Skanowanie obszaru<\/td>\n<td colspan=\"2\">15\u00b0\/45\u00b0\/90\u00b0\/180\u00b0<\/td>\n<\/tr>\n<tr>\n<td>Ustawienie pochylenia<\/td>\n<td colspan=\"2\">Dwukierunkowy<\/td>\n<\/tr>\n<tr>\n<td>Operacja na zboczu<\/td>\n<td colspan=\"2\">U\u017cyj pilota RC100<\/td>\n<\/tr>\n<tr>\n<td>Dzia\u0142anie jednostki g\u0142\u00f3wnej<\/td>\n<td colspan=\"2\">12 klawiszy \/ 5 \u015bwiate\u0142 (synchronizacja z sygna\u0142em pilota)<\/td>\n<\/tr>\n<tr>\n<td>Obs\u0142uga za pomoc\u0105 pilota<\/td>\n<td colspan=\"2\">12 klawiszy \/ 5 \u015bwiate\u0142 (synchronizacja z sygna\u0142ami hosta, odleg\u0142o\u015b\u0107 zdalnego sterowania \u2265150 m)<\/td>\n<\/tr>\n<tr>\n<td>Metoda zasilania<\/td>\n<td colspan=\"2\">Litowe (pojedyncza sekcja wymienna) Zasilanie bezpo\u015brednie pr\u0105dem przemiennym<\/td>\n<\/tr>\n<tr>\n<td>Czas pracy litu<\/td>\n<td colspan=\"2\">15-20 godzin (d\u0142u\u017cszy czas pracy baterii dost\u0119pny opcjonalnie)<\/td>\n<\/tr>\n<tr>\n<td>Metoda kalibracji<\/td>\n<td colspan=\"2\">Zdalne sterowanie\/APLIKACJA<\/td>\n<\/tr>\n<tr>\n<td>Opakowanie<\/td>\n<td colspan=\"2\">Pude\u0142ko plastikowe<\/td>\n<\/tr>\n<tr>\n<td>Rozmiar<\/td>\n<td colspan=\"2\">D\u0142ugo\u015b\u0107 201 Szeroko\u015b\u0107 215 Wysoko\u015b\u0107 232 (mm)<\/td>\n<\/tr>\n<tr>\n<td>Stopie\u0144 ochrony<\/td>\n<td colspan=\"2\">IP65<\/td>\n<\/tr>\n<tr>\n<td>Wysoko\u015b\u0107 upadku<\/td>\n<td colspan=\"2\">Tylko maszyna g\u0142\u00f3wna 1M<\/td>\n<\/tr>\n<tr>\n<td>Ustawianie zakresu nachylenia<\/td>\n<td colspan=\"2\">\u00b110%<\/td>\n<\/tr>\n<\/tbody>\n<\/table>","protected":false},"excerpt":{"rendered":"<ul>\n<li>Praca w dw\u00f3ch p\u0142aszczyznach: Dzia\u0142a jako kompletny laser obrotowy poziomy\/pionowy, umo\u017cliwiaj\u0105cy ca\u0142opowierzchniowe rozplanowanie w obu p\u0142aszczyznach.<\/li>\n<li>Zaawansowane samopoziomowanie: Elektroniczne poziomowanie z \u017cyroskopem i dwuosiowym czujnikiem gwarantuje dok\u0142adno\u015b\u0107 \u00b10,5 mm\/10 m w zakresie \u00b15\u00b0.<\/li>\n<li>Zdalne sterowanie o du\u017cym zasi\u0119gu: Pilot RC100 umo\u017cliwia pe\u0142n\u0105 kontrol\u0119, \u0142\u0105cznie z ustawieniem nachylenia, z odleg\u0142o\u015bci nawet 150 metr\u00f3w.<\/li>\n<\/ul>","protected":false},"featured_media":4779,"comment_status":"open","ping_status":"closed","template":"","meta":[],"product_brand":[],"product_cat":[93,137],"product_tag":[],"class_list":{"0":"post-4777","1":"product","2":"type-product","3":"status-publish","4":"has-post-thumbnail","6":"product_cat-rotary-laser","7":"product_cat-rotary-laser-4-series","9":"first","10":"instock","11":"shipping-taxable","12":"product-type-simple"},"_links":{"self":[{"href":"https:\/\/mountlaser.com\/pl\/wp-json\/wp\/v2\/product\/4777","targetHints":{"allow":["GET"]}}],"collection":[{"href":"https:\/\/mountlaser.com\/pl\/wp-json\/wp\/v2\/product"}],"about":[{"href":"https:\/\/mountlaser.com\/pl\/wp-json\/wp\/v2\/types\/product"}],"replies":[{"embeddable":true,"href":"https:\/\/mountlaser.com\/pl\/wp-json\/wp\/v2\/comments?post=4777"}],"wp:featuredmedia":[{"embeddable":true,"href":"https:\/\/mountlaser.com\/pl\/wp-json\/wp\/v2\/media\/4779"}],"wp:attachment":[{"href":"https:\/\/mountlaser.com\/pl\/wp-json\/wp\/v2\/media?parent=4777"}],"wp:term":[{"taxonomy":"product_brand","embeddable":true,"href":"https:\/\/mountlaser.com\/pl\/wp-json\/wp\/v2\/product_brand?post=4777"},{"taxonomy":"product_cat","embeddable":true,"href":"https:\/\/mountlaser.com\/pl\/wp-json\/wp\/v2\/product_cat?post=4777"},{"taxonomy":"product_tag","embeddable":true,"href":"https:\/\/mountlaser.com\/pl\/wp-json\/wp\/v2\/product_tag?post=4777"}],"curies":[{"name":"wp","href":"https:\/\/api.w.org\/{rel}","templated":true}]}}