{"id":4772,"date":"2025-11-21T08:30:21","date_gmt":"2025-11-21T08:30:21","guid":{"rendered":"https:\/\/mountlaser.com\/?post_type=product&#038;p=4772"},"modified":"2025-11-25T08:16:39","modified_gmt":"2025-11-25T08:16:39","slug":"rotary-laser-krl-410","status":"publish","type":"product","link":"https:\/\/mountlaser.com\/pl\/produkt\/rotary-laser-krl-410\/","title":{"rendered":"Laser obrotowy KRL-410"},"content":{"rendered":"<p><a href=\"https:\/\/mountlaser.com\/pl\/kategoria-produktu\/rotary-laser\/\"><strong>Laser obrotowy KRL-410<\/strong><\/a> to profesjonalny, dwup\u0142aszczyznowy, obrotowy poziom laserowy, zaprojektowany z my\u015bl\u0105 o najbardziej wymagaj\u0105cych pracach zwi\u0105zanych z przygotowaniem terenu i robotami ziemnymi. To solidne narz\u0119dzie wy\u015bwietla precyzyjn\u0105, 360-stopniow\u0105 p\u0142aszczyzn\u0119 laserow\u0105 zar\u00f3wno w orientacji poziomej, jak i pionowej, co czyni je najlepszym, obrotowym poziomic\u0105 laserow\u0105 do niwelacji terenu, prac fundamentowych i og\u00f3lnego planowania budowy. Zaawansowany elektroniczny system poziomowania, kt\u00f3ry integruje \u017cyroskop i czujnik dwuosiowy, zapewnia wyj\u0105tkow\u0105 dok\u0142adno\u015b\u0107 \u00b10,5 mm\/10 m, automatycznie kompensuj\u0105c nier\u00f3wno\u015bci terenu w zakresie \u00b15\u00b0.<\/p>\n<p>Dost\u0119pny w dw\u00f3ch wersjach: z laserem czerwonym o du\u017cej mocy (KRL-410R) i ultrajasnym zielonym (KRL-410G). <a href=\"https:\/\/mountlaser.com\/pl\/\">obrotowy poziom laserowy<\/a> Zapewnia doskona\u0142\u0105 widoczno\u015b\u0107 na du\u017ce odleg\u0142o\u015bci, z zasi\u0119giem roboczym do 1000 metr\u00f3w w po\u0142\u0105czeniu z detektorem. Zintegrowany pilot zdalnego sterowania RC100 pozwala operatorom zarz\u0105dza\u0107 wszystkimi funkcjami \u2013 w tym krytycznym ustawieniem dwukierunkowego nachylenia do \u00b110% \u2013 z odleg\u0142o\u015bci ponad 150 metr\u00f3w, usprawniaj\u0105c prac\u0119 ka\u017cdej ekipy niwelacyjnej. Laser obrotowy KRL-410 Dzi\u0119ki klasie ochrony IP65 zapewniaj\u0105cej doskona\u0142\u0105 odporno\u015b\u0107 na py\u0142 i wod\u0119, laser KRL-410 zosta\u0142 zaprojektowany z my\u015bl\u0105 o maksymalnej niezawodno\u015bci.<a href=\"https:\/\/mountlaser.com\/pl\/about-us\/\"><strong> obrotowy poziom laserowy do niwelacji<\/strong><\/a> na ka\u017cdym placu budowy, w ka\u017cdych warunkach.<\/p>\n<p>&nbsp;<\/p>\n<p><img fetchpriority=\"high\" decoding=\"async\" class=\"aligncenter wp-image-4776\" src=\"https:\/\/mountlaser.com\/wp-content\/uploads\/2025\/11\/KRL-4104.webp\" alt=\"Rotary laser level for grading\" width=\"500\" height=\"500\" srcset=\"https:\/\/mountlaser.com\/wp-content\/uploads\/2025\/11\/KRL-4104.webp 800w, https:\/\/mountlaser.com\/wp-content\/uploads\/2025\/11\/KRL-4104-300x300.webp 300w, https:\/\/mountlaser.com\/wp-content\/uploads\/2025\/11\/KRL-4104-400x400.webp 400w, https:\/\/mountlaser.com\/wp-content\/uploads\/2025\/11\/KRL-4104-600x600.webp 600w, https:\/\/mountlaser.com\/wp-content\/uploads\/2025\/11\/KRL-4104-150x150.webp 150w, https:\/\/mountlaser.com\/wp-content\/uploads\/2025\/11\/KRL-4104-768x768.webp 768w, https:\/\/mountlaser.com\/wp-content\/uploads\/2025\/11\/KRL-4104-12x12.webp 12w\" sizes=\"(max-width: 500px) 100vw, 500px\" \/><\/p>\n<p><strong>Specyfikacja lasera obrotowego KRL-410<\/strong><\/p>\n<table style=\"height: 703px;\" width=\"942\">\n<tbody>\n<tr>\n<td>Typ lasera<\/td>\n<td>KRL-410R<\/td>\n<td>KRL-410G<\/td>\n<\/tr>\n<tr>\n<td>Typ lasera\/d\u0142ugo\u015b\u0107 fali<\/td>\n<td>Czerwony laser (635 nm-30 mw) G\u00f3rny punkt<\/td>\n<td>Zielony laser (515 nm-30 mw) G\u00f3rny punkt<\/td>\n<\/tr>\n<tr>\n<td>Spos\u00f3b poziomowania<\/td>\n<td colspan=\"2\">Poziomowanie elektroniczne (1 \u017cyroskop + 1 dwuosiowy czujnik elektroniczny)<\/td>\n<\/tr>\n<tr>\n<td>Zakres poziomowania<\/td>\n<td colspan=\"2\">\u00b15\u00b0<\/td>\n<\/tr>\n<tr>\n<td>Dok\u0142adno\u015b\u0107 poziomowania<\/td>\n<td colspan=\"2\">\u00b10,5 mm\/10 m<\/td>\n<\/tr>\n<tr>\n<td>Dia robocza (przy u\u017cyciu LP500)<\/td>\n<td colspan=\"2\">\u22651000m<\/td>\n<\/tr>\n<tr>\n<td>Dia robocza (przy u\u017cyciu LP700)<\/td>\n<td colspan=\"2\">\u2265800m<\/td>\n<\/tr>\n<tr>\n<td>Temperatura pracy<\/td>\n<td colspan=\"2\">-20\u2103\uff5e+50\u2103<\/td>\n<\/tr>\n<tr>\n<td>Pr\u0119dko\u015b\u0107 obrotowa lasera<\/td>\n<td colspan=\"2\">0\/300\/600\/1000\/1500 obr.\/min (bezszczotkowy silnik z magnesami trwa\u0142ymi)<\/td>\n<\/tr>\n<tr>\n<td>Skanowanie obszaru<\/td>\n<td colspan=\"2\">15\u00b0\/45\u00b0\/90\u00b0\/180\u00b0<\/td>\n<\/tr>\n<tr>\n<td>Ustawienie pochylenia<\/td>\n<td colspan=\"2\">Dwukierunkowy<\/td>\n<\/tr>\n<tr>\n<td>Operacja na zboczu<\/td>\n<td colspan=\"2\">U\u017cyj pilota RC100<\/td>\n<\/tr>\n<tr>\n<td>Dzia\u0142anie jednostki g\u0142\u00f3wnej<\/td>\n<td colspan=\"2\">12 klawiszy \/ 5 \u015bwiate\u0142 (synchronizacja z sygna\u0142em pilota)<\/td>\n<\/tr>\n<tr>\n<td>Obs\u0142uga za pomoc\u0105 pilota<\/td>\n<td colspan=\"2\">12 klawiszy \/ 5 \u015bwiate\u0142 (synchronizacja z sygna\u0142ami hosta, odleg\u0142o\u015b\u0107 zdalnego sterowania \u2265150 m)<\/td>\n<\/tr>\n<tr>\n<td>Metoda zasilania<\/td>\n<td colspan=\"2\">Litowe (pojedyncza sekcja wymienna) Zasilanie bezpo\u015brednie pr\u0105dem przemiennym<\/td>\n<\/tr>\n<tr>\n<td>Czas pracy litu<\/td>\n<td colspan=\"2\">15-20 godzin (d\u0142u\u017cszy czas pracy baterii dost\u0119pny opcjonalnie)<\/td>\n<\/tr>\n<tr>\n<td>Metoda kalibracji<\/td>\n<td colspan=\"2\">Zdalne sterowanie\/APLIKACJA<\/td>\n<\/tr>\n<tr>\n<td>Opakowanie<\/td>\n<td colspan=\"2\">Pude\u0142ko plastikowe<\/td>\n<\/tr>\n<tr>\n<td>Rozmiar<\/td>\n<td colspan=\"2\">D\u0142ugo\u015b\u0107 232 Szeroko\u015b\u0107 189 Wysoko\u015b\u0107 227 (mm)<\/td>\n<\/tr>\n<tr>\n<td>Stopie\u0144 ochrony<\/td>\n<td colspan=\"2\">IP65<\/td>\n<\/tr>\n<tr>\n<td>Wysoko\u015b\u0107 upadku<\/td>\n<td colspan=\"2\">Tylko maszyna g\u0142\u00f3wna 1M<\/td>\n<\/tr>\n<tr>\n<td>Ustawianie zakresu nachylenia<\/td>\n<td colspan=\"2\">\u00b110%<\/td>\n<\/tr>\n<\/tbody>\n<\/table>","protected":false},"excerpt":{"rendered":"<ul>\n<li>Mount Laser KRL-410 to wszechstronny i wytrzyma\u0142y obrotowy poziom laserowy, kt\u00f3ry doskonale sprawdza si\u0119 jako specjalistyczny obrotowy poziom laserowy do niwelacji terenu.<\/li>\n<li>Opcje podw\u00f3jnego lasera: Wybierz standardow\u0105 czerwon\u0105 wi\u0105zk\u0119 lub bardzo widoczn\u0105 zielon\u0105 wi\u0105zk\u0119, aby uzyska\u0107 wi\u0119kszy zasi\u0119g i lepsz\u0105 przejrzysto\u015b\u0107.<\/li>\n<li>D\u0142uga \u017cywotno\u015b\u0107 baterii: Urz\u0105dzenie zasilane jest akumulatorem litowo-jonowym, kt\u00f3ry umo\u017cliwia 15\u201320 godzin ci\u0105g\u0142ej pracy.<\/li>\n<\/ul>","protected":false},"featured_media":4774,"comment_status":"open","ping_status":"closed","template":"","meta":[],"product_brand":[],"product_cat":[93,137],"product_tag":[],"class_list":{"0":"post-4772","1":"product","2":"type-product","3":"status-publish","4":"has-post-thumbnail","6":"product_cat-rotary-laser","7":"product_cat-rotary-laser-4-series","9":"first","10":"instock","11":"shipping-taxable","12":"product-type-simple"},"_links":{"self":[{"href":"https:\/\/mountlaser.com\/pl\/wp-json\/wp\/v2\/product\/4772","targetHints":{"allow":["GET"]}}],"collection":[{"href":"https:\/\/mountlaser.com\/pl\/wp-json\/wp\/v2\/product"}],"about":[{"href":"https:\/\/mountlaser.com\/pl\/wp-json\/wp\/v2\/types\/product"}],"replies":[{"embeddable":true,"href":"https:\/\/mountlaser.com\/pl\/wp-json\/wp\/v2\/comments?post=4772"}],"wp:featuredmedia":[{"embeddable":true,"href":"https:\/\/mountlaser.com\/pl\/wp-json\/wp\/v2\/media\/4774"}],"wp:attachment":[{"href":"https:\/\/mountlaser.com\/pl\/wp-json\/wp\/v2\/media?parent=4772"}],"wp:term":[{"taxonomy":"product_brand","embeddable":true,"href":"https:\/\/mountlaser.com\/pl\/wp-json\/wp\/v2\/product_brand?post=4772"},{"taxonomy":"product_cat","embeddable":true,"href":"https:\/\/mountlaser.com\/pl\/wp-json\/wp\/v2\/product_cat?post=4772"},{"taxonomy":"product_tag","embeddable":true,"href":"https:\/\/mountlaser.com\/pl\/wp-json\/wp\/v2\/product_tag?post=4772"}],"curies":[{"name":"wp","href":"https:\/\/api.w.org\/{rel}","templated":true}]}}