{"id":4762,"date":"2025-11-21T08:22:21","date_gmt":"2025-11-21T08:22:21","guid":{"rendered":"https:\/\/mountlaser.com\/?post_type=product&#038;p=4762"},"modified":"2025-11-25T08:17:45","modified_gmt":"2025-11-25T08:17:45","slug":"rotary-laser-krl-405","status":"publish","type":"product","link":"https:\/\/mountlaser.com\/pl\/produkt\/rotary-laser-krl-405\/","title":{"rendered":"Laser obrotowy KRL-405"},"content":{"rendered":"<p><a href=\"https:\/\/mountlaser.com\/pl\/kategoria-produktu\/rotary-laser\/\"><strong>Laser obrotowy KRL-405<\/strong><\/a> to wydajne, profesjonalne narz\u0119dzie zaprojektowane z my\u015bl\u0105 o projektach rozmieszczania i poziomowania na du\u017c\u0105 skal\u0119. Jako wszechstronny poziomy laser obrotowy, wy\u015bwietla on ci\u0105g\u0142\u0105 p\u0142aszczyzn\u0119 laserow\u0105 w zakresie 360 stopni, tworz\u0105c precyzyjne odniesienie poziome na ca\u0142ym obszarze roboczym. Ten model wyr\u00f3\u017cnia si\u0119 w kategorii samopoziomuj\u0105cych laser\u00f3w obrotowych, oferuj\u0105c zaawansowany system poziomowania elektronicznego, kt\u00f3ry \u0142\u0105czy \u017cyroskop i czujnik dwuosiowy, zapewniaj\u0105c wyj\u0105tkow\u0105 dok\u0142adno\u015b\u0107 \u00b10,5 mm\/10 m w zakresie poziomowania \u00b15\u00b0.<\/p>\n<p>Dost\u0119pny w wersji z laserem o du\u017cej mocy w kolorze czerwonym (KRL-405R) i ultra jasnym zielonym (KRL-405G). <a href=\"https:\/\/mountlaser.com\/pl\/\"><strong>Poziomy laser obrotowy<\/strong><\/a> Zapewnia doskona\u0142\u0105 widoczno\u015b\u0107 nawet przy zwi\u0119kszonej \u015brednicy roboczej do 1000 metr\u00f3w z detektorem. Solidna klasa ochrony IP65 gwarantuje niezawodn\u0105 prac\u0119 w trudnych warunkach pogodowych i zapylonym miejscu pracy. Uzupe\u0142nieniem tego pot\u0119\u017cnego zestawu jest pilot zdalnego sterowania RC100, kt\u00f3ry umo\u017cliwia pe\u0142n\u0105 obs\u0142ug\u0119 \u2013 w tym ustawienie nachylenia \u2013 z odleg\u0142o\u015bci do 150 metr\u00f3w, co czyni go\u2026 <a href=\"https:\/\/mountlaser.com\/pl\/contact-us\/\">KRL-405<\/a> jeden z najbardziej wydajnych i przyjaznych dla u\u017cytkownika samopoziomuj\u0105cych laser\u00f3w obrotowych dost\u0119pnych na rynku.<\/p>\n<p><img fetchpriority=\"high\" decoding=\"async\" class=\"aligncenter wp-image-4764\" src=\"https:\/\/mountlaser.com\/wp-content\/uploads\/2025\/11\/KRL-4052.webp\" alt=\"Horizontal Rotary Laser\" width=\"500\" height=\"500\" srcset=\"https:\/\/mountlaser.com\/wp-content\/uploads\/2025\/11\/KRL-4052.webp 800w, https:\/\/mountlaser.com\/wp-content\/uploads\/2025\/11\/KRL-4052-300x300.webp 300w, https:\/\/mountlaser.com\/wp-content\/uploads\/2025\/11\/KRL-4052-400x400.webp 400w, https:\/\/mountlaser.com\/wp-content\/uploads\/2025\/11\/KRL-4052-600x600.webp 600w, https:\/\/mountlaser.com\/wp-content\/uploads\/2025\/11\/KRL-4052-150x150.webp 150w, https:\/\/mountlaser.com\/wp-content\/uploads\/2025\/11\/KRL-4052-768x768.webp 768w, https:\/\/mountlaser.com\/wp-content\/uploads\/2025\/11\/KRL-4052-12x12.webp 12w\" sizes=\"(max-width: 500px) 100vw, 500px\" \/><\/p>\n<p><strong>Specyfikacja lasera obrotowego KRL-405<\/strong><\/p>\n<table style=\"height: 695px;\" width=\"941\">\n<tbody>\n<tr>\n<td>Typ lasera<\/td>\n<td>KRL-405R<\/td>\n<td>KRL-405G<\/td>\n<\/tr>\n<tr>\n<td>Typ lasera\/d\u0142ugo\u015b\u0107 fali<\/td>\n<td>Czerwony laser (635nm-30mW)<\/td>\n<td>Zielony laser (515nm-30mW)<\/td>\n<\/tr>\n<tr>\n<td>Spos\u00f3b poziomowania<\/td>\n<td colspan=\"2\">Poziomowanie elektroniczne (1 \u017cyroskop + 1 dwuosiowy czujnik elektroniczny)<\/td>\n<\/tr>\n<tr>\n<td>Zakres poziomowania<\/td>\n<td colspan=\"2\">\u00b15\u00b0<\/td>\n<\/tr>\n<tr>\n<td>Dok\u0142adno\u015b\u0107 poziomowania<\/td>\n<td colspan=\"2\">\u00b10,5 mm\/10 m<\/td>\n<\/tr>\n<tr>\n<td>Dia robocza (przy u\u017cyciu LP500)<\/td>\n<td colspan=\"2\">\u22651000m<\/td>\n<\/tr>\n<tr>\n<td>Dia robocza (przy u\u017cyciu LP700)<\/td>\n<td colspan=\"2\">\u2265800m<\/td>\n<\/tr>\n<tr>\n<td>Temperatura pracy<\/td>\n<td colspan=\"2\">-20\u2103\uff5e+50\u2103<\/td>\n<\/tr>\n<tr>\n<td>Pr\u0119dko\u015b\u0107 obrotowa lasera<\/td>\n<td colspan=\"2\">0\/300\/600\/1000\/1500 obr.\/min (bezszczotkowy silnik z magnesami trwa\u0142ymi)<\/td>\n<\/tr>\n<tr>\n<td>Skanowanie obszaru<\/td>\n<td colspan=\"2\">15\u00b0\/45\u00b0\/90\u00b0\/180\u00b0<\/td>\n<\/tr>\n<tr>\n<td>Ustawienie pochylenia<\/td>\n<td colspan=\"2\">Dwukierunkowy<\/td>\n<\/tr>\n<tr>\n<td>Operacja na zboczu<\/td>\n<td colspan=\"2\">U\u017cyj pilota RC100<\/td>\n<\/tr>\n<tr>\n<td>Dzia\u0142anie jednostki g\u0142\u00f3wnej<\/td>\n<td colspan=\"2\">4 klawisze \/ 5 \u015bwiate\u0142 (synchronizacja z sygna\u0142em pilota)<\/td>\n<\/tr>\n<tr>\n<td>Obs\u0142uga za pomoc\u0105 pilota<\/td>\n<td colspan=\"2\">12 klawiszy \/ 5 \u015bwiate\u0142 (synchronizacja z sygna\u0142ami hosta, odleg\u0142o\u015b\u0107 zdalnego sterowania \u2265150 m)<\/td>\n<\/tr>\n<tr>\n<td>Metoda zasilania<\/td>\n<td colspan=\"2\">Litowe (pojedyncza sekcja wymienna) Zasilanie bezpo\u015brednie pr\u0105dem przemiennym<\/td>\n<\/tr>\n<tr>\n<td>Czas pracy litu<\/td>\n<td colspan=\"2\">15-20 godzin (d\u0142u\u017cszy czas pracy baterii dost\u0119pny opcjonalnie)<\/td>\n<\/tr>\n<tr>\n<td>Metoda kalibracji<\/td>\n<td colspan=\"2\">Zdalne sterowanie\/APLIKACJA<\/td>\n<\/tr>\n<tr>\n<td>Opakowanie<\/td>\n<td colspan=\"2\">Pude\u0142ko plastikowe<\/td>\n<\/tr>\n<tr>\n<td>Rozmiar<\/td>\n<td colspan=\"2\">D\u0142ugo\u015b\u0107 232 Szeroko\u015b\u0107 189 Wysoko\u015b\u0107 227 (mm)<\/td>\n<\/tr>\n<tr>\n<td>Stopie\u0144 ochrony<\/td>\n<td colspan=\"2\">IP65<\/td>\n<\/tr>\n<tr>\n<td>Wysoko\u015b\u0107 upadku<\/td>\n<td colspan=\"2\">Tylko maszyna g\u0142\u00f3wna 1M<\/td>\n<\/tr>\n<tr>\n<td>Ustawianie zakresu nachylenia<\/td>\n<td colspan=\"2\">\u00b110%<\/td>\n<\/tr>\n<\/tbody>\n<\/table>","protected":false},"excerpt":{"rendered":"<ul>\n<li>Laser obrotowy KRL-405 to najwy\u017cszej klasy poziomy laser obrotowy, kt\u00f3ry stanowi przyk\u0142ad zaawansowanych mo\u017cliwo\u015bci nowoczesnych samopoziomuj\u0105cych laser\u00f3w obrotowych.<\/li>\n<li>Regulowana pr\u0119dko\u015b\u0107 obrotowa: Oferuje pi\u0119\u0107 pr\u0119dko\u015bci obrotowych (0, 300, 600, 1000, 1500 obr.\/min) zapewniaj\u0105cych optymaln\u0105 widoczno\u015b\u0107 i \u017cywotno\u015b\u0107 baterii.<\/li>\n<li>D\u0142uga \u017cywotno\u015b\u0107 baterii i ochrona IP65: Zapewnia 15\u201320 godzin pracy i jest w pe\u0142ni zabezpieczona przed kurzem i strumieniami wody.<\/li>\n<li>Wiele tryb\u00f3w skanowania: Mo\u017cliwo\u015b\u0107 pracy w trybach skanowania obszarowego (15\u00b0, 45\u00b0, 90\u00b0, 180\u00b0) w celu wykonywania okre\u015blonych prac sekcyjnych.<\/li>\n<\/ul>","protected":false},"featured_media":4763,"comment_status":"open","ping_status":"closed","template":"","meta":[],"product_brand":[],"product_cat":[93,137],"product_tag":[],"class_list":{"0":"post-4762","1":"product","2":"type-product","3":"status-publish","4":"has-post-thumbnail","6":"product_cat-rotary-laser","7":"product_cat-rotary-laser-4-series","9":"first","10":"instock","11":"shipping-taxable","12":"product-type-simple"},"_links":{"self":[{"href":"https:\/\/mountlaser.com\/pl\/wp-json\/wp\/v2\/product\/4762","targetHints":{"allow":["GET"]}}],"collection":[{"href":"https:\/\/mountlaser.com\/pl\/wp-json\/wp\/v2\/product"}],"about":[{"href":"https:\/\/mountlaser.com\/pl\/wp-json\/wp\/v2\/types\/product"}],"replies":[{"embeddable":true,"href":"https:\/\/mountlaser.com\/pl\/wp-json\/wp\/v2\/comments?post=4762"}],"wp:featuredmedia":[{"embeddable":true,"href":"https:\/\/mountlaser.com\/pl\/wp-json\/wp\/v2\/media\/4763"}],"wp:attachment":[{"href":"https:\/\/mountlaser.com\/pl\/wp-json\/wp\/v2\/media?parent=4762"}],"wp:term":[{"taxonomy":"product_brand","embeddable":true,"href":"https:\/\/mountlaser.com\/pl\/wp-json\/wp\/v2\/product_brand?post=4762"},{"taxonomy":"product_cat","embeddable":true,"href":"https:\/\/mountlaser.com\/pl\/wp-json\/wp\/v2\/product_cat?post=4762"},{"taxonomy":"product_tag","embeddable":true,"href":"https:\/\/mountlaser.com\/pl\/wp-json\/wp\/v2\/product_tag?post=4762"}],"curies":[{"name":"wp","href":"https:\/\/api.w.org\/{rel}","templated":true}]}}