{"id":4761,"date":"2025-11-21T08:43:14","date_gmt":"2025-11-21T08:43:14","guid":{"rendered":"https:\/\/mountlaser.com\/?post_type=product&#038;p=4761"},"modified":"2025-11-25T08:23:54","modified_gmt":"2025-11-25T08:23:54","slug":"kmr02-machine-control-laser-receivers","status":"publish","type":"product","link":"https:\/\/mountlaser.com\/pl\/produkt\/kmr02-machine-control-laser-receivers\/","title":{"rendered":"Odbiorniki laserowe do sterowania maszyn\u0105 KMR02"},"content":{"rendered":"<p>Ten <a href=\"https:\/\/mountlaser.com\/pl\/products\/\"><strong>Odbiorniki laserowe do sterowania maszyn\u0105 KMR02<\/strong> <\/a>s\u0105 zaawansowane <a href=\"https:\/\/mountlaser.com\/pl\/\"><strong>Odbiornik maszynowy<\/strong>s<\/a> Zaprojektowane z my\u015bl\u0105 o ci\u0119\u017ckich maszynach budowlanych wymagaj\u0105cych precyzyjnej i niezawodnej kontroli nachylenia. Zaprojektowane z my\u015bl\u0105 o wysokiej wydajno\u015bci w koparkach, r\u00f3wniarkach, spycharkach i spycharkach rolniczych, odbiorniki laserowe KMR02 Machine Control zapewniaj\u0105 stabilne wykrywanie sygna\u0142\u00f3w lasera obrotowego w pe\u0142nym zakresie 360\u00b0. Jako odbiorniki klasy premium, zapewniaj\u0105 doskona\u0142\u0105 kompatybilno\u015b\u0107 i mog\u0105 odbiera\u0107 wi\u0105zki laser\u00f3w obrotowych r\u00f3\u017cnych marek.<\/p>\n<p>Oba <a href=\"https:\/\/mountlaser.com\/pl\/about-us\/\">KMR02 i KMC02<\/a> Modele posiadaj\u0105 du\u017ce okno odbioru, wy\u015bwietlacz LED o wysokiej jasno\u015bci oraz pami\u0119\u0107 umo\u017cliwiaj\u0105c\u0105 odczyt wcze\u015bniej odebranych danych. Te odbiorniki maszynowe charakteryzuj\u0105 si\u0119 wodoodporn\u0105 i odporn\u0105 na wibracje konstrukcj\u0105, idealn\u0105 do pracy w trudnych warunkach zewn\u0119trznych. Dzia\u0142aj\u0105 bezpo\u015brednio z akumulatora ci\u0105gnika i posiadaj\u0105 bezpieczn\u0105 metod\u0119 mocowania zaciskowego, co zapewnia szybk\u0105 instalacj\u0119. Dzi\u0119ki dw\u00f3m trybom precyzyjnego pomiaru \u2013 pomiarowi dok\u0142adnemu i pomiarowi zgrubnemu \u2013 odbiorniki laserowe KMR02 zapewniaj\u0105 doskona\u0142\u0105 dok\u0142adno\u015b\u0107 w r\u00f3\u017cnorodnych zastosowaniach zwi\u0105zanych z robotami ziemnymi.<\/p>\n<figure id=\"attachment_4768\" aria-describedby=\"caption-attachment-4768\" style=\"width: 500px\" class=\"wp-caption aligncenter\"><img fetchpriority=\"high\" decoding=\"async\" class=\"wp-image-4768\" src=\"https:\/\/mountlaser.com\/wp-content\/uploads\/2025\/11\/KMRC022.webp\" alt=\"KMR02 Machine Control Laser Receivers\" width=\"500\" height=\"500\" srcset=\"https:\/\/mountlaser.com\/wp-content\/uploads\/2025\/11\/KMRC022.webp 800w, https:\/\/mountlaser.com\/wp-content\/uploads\/2025\/11\/KMRC022-300x300.webp 300w, https:\/\/mountlaser.com\/wp-content\/uploads\/2025\/11\/KMRC022-400x400.webp 400w, https:\/\/mountlaser.com\/wp-content\/uploads\/2025\/11\/KMRC022-600x600.webp 600w, https:\/\/mountlaser.com\/wp-content\/uploads\/2025\/11\/KMRC022-150x150.webp 150w, https:\/\/mountlaser.com\/wp-content\/uploads\/2025\/11\/KMRC022-768x768.webp 768w, https:\/\/mountlaser.com\/wp-content\/uploads\/2025\/11\/KMRC022-12x12.webp 12w\" sizes=\"(max-width: 500px) 100vw, 500px\" \/><figcaption id=\"caption-attachment-4768\" class=\"wp-caption-text\">Odbiorniki laserowe do sterowania maszyn\u0105 KMR02<\/figcaption><\/figure>\n<figure id=\"attachment_4771\" aria-describedby=\"caption-attachment-4771\" style=\"width: 500px\" class=\"wp-caption aligncenter\"><img decoding=\"async\" class=\"wp-image-4771\" src=\"https:\/\/mountlaser.com\/wp-content\/uploads\/2025\/11\/KMRC025.webp\" alt=\"KMC02 Machine Control Laser Receivers\" width=\"500\" height=\"500\" srcset=\"https:\/\/mountlaser.com\/wp-content\/uploads\/2025\/11\/KMRC025.webp 800w, https:\/\/mountlaser.com\/wp-content\/uploads\/2025\/11\/KMRC025-300x300.webp 300w, https:\/\/mountlaser.com\/wp-content\/uploads\/2025\/11\/KMRC025-400x400.webp 400w, https:\/\/mountlaser.com\/wp-content\/uploads\/2025\/11\/KMRC025-600x600.webp 600w, https:\/\/mountlaser.com\/wp-content\/uploads\/2025\/11\/KMRC025-150x150.webp 150w, https:\/\/mountlaser.com\/wp-content\/uploads\/2025\/11\/KMRC025-768x768.webp 768w, https:\/\/mountlaser.com\/wp-content\/uploads\/2025\/11\/KMRC025-12x12.webp 12w\" sizes=\"(max-width: 500px) 100vw, 500px\" \/><figcaption id=\"caption-attachment-4771\" class=\"wp-caption-text\">Odbiorniki laserowe do sterowania maszyn\u0105 KMC02<\/figcaption><\/figure>\n<div>\n<table style=\"border-collapse: collapse; width: 631.52pt;\" border=\"0\" width=\"842\" cellspacing=\"0\" cellpadding=\"0\">\n<tbody>\n<tr style=\"height: 17.25pt;\">\n<td class=\"et2\" style=\"height: 17.25pt; width: 322.50pt;\" width=\"430\" height=\"23\">Numer modelu.<\/td>\n<td class=\"et3\" style=\"width: 309.00pt;\" width=\"412\">KMRC02<\/td>\n<\/tr>\n<tr style=\"height: 17.25pt;\">\n<td class=\"et4\" style=\"height: 17.25pt;\" height=\"23\">Zasi\u0119g dzia\u0142ania<\/td>\n<td class=\"et4\">300 mln<\/td>\n<\/tr>\n<tr style=\"height: 17.25pt;\">\n<td class=\"et4\" style=\"height: 17.25pt;\" height=\"23\">Dok\u0142adno\u015b\u0107: Dok\u0142adna<\/td>\n<td class=\"et4\">\u00b12,5 mm\u201415 mm<\/td>\n<\/tr>\n<tr style=\"height: 17.25pt;\">\n<td class=\"et4\" style=\"height: 17.25pt;\" height=\"23\">Dok\u0142adno\u015b\u0107 Gruba<\/td>\n<td class=\"et4\">\u00b110 mm\u201420 mm<\/td>\n<\/tr>\n<tr style=\"height: 17.25pt;\">\n<td class=\"et4\" style=\"height: 17.25pt;\" height=\"23\">Wej\u015bcie<\/td>\n<td class=\"et4\">Pr\u0105d sta\u0142y 10-30 V pr\u0105du sta\u0142ego<\/td>\n<\/tr>\n<tr style=\"height: 17.25pt;\">\n<td class=\"et4\" style=\"height: 17.25pt;\" height=\"23\">Rozmiar KMR02<\/td>\n<td class=\"et4\">376\u00d7120\u00d7205 mm<\/td>\n<\/tr>\n<tr style=\"height: 17.25pt;\">\n<td class=\"et4\" style=\"height: 17.25pt;\" height=\"23\">Rozmiar KMC02<\/td>\n<td class=\"et4\">210\u00d7165\u00d798 mm<\/td>\n<\/tr>\n<tr style=\"height: 14.25pt;\">\n<td class=\"et4\" style=\"height: 14.25pt;\" height=\"19\">Waga KMRO2<\/td>\n<td class=\"et4\">2,6 kg<\/td>\n<\/tr>\n<tr style=\"height: 14.25pt;\">\n<td class=\"et4\" style=\"height: 14.25pt;\" height=\"19\">Waga KMC02<\/td>\n<td class=\"et4\">2,0 kg<\/td>\n<\/tr>\n<\/tbody>\n<\/table>\n<\/div>","protected":false},"excerpt":{"rendered":"<ul>\n<li>Odbi\u00f3r wi\u0105zki laserowej 360\u00b0 zapewniaj\u0105cy maksymaln\u0105 stabilno\u015b\u0107 wykrywania<\/li>\n<li>Kompatybilny ze wszystkimi g\u0142\u00f3wnymi obrotowymi poziomicami laserowymi<\/li>\n<li>Wy\u015bwietlacz LED o wysokiej jasno\u015bci zapewniaj\u0105cy wyra\u017an\u0105 widoczno\u015b\u0107 w jasnym otoczeniu<\/li>\n<li>Funkcja pami\u0119ci danych umo\u017cliwiaj\u0105ca przechowywanie wcze\u015bniej wykrytych odczyt\u00f3w<\/li>\n<li>R\u0119czne i automatyczne sterowanie hydrauliczne za pomoc\u0105 do\u0142\u0105czonego sterownika<\/li>\n<li>Wyb\u00f3r pr\u0119dko\u015bci (szybko\/\u015brednio\/wolno) dla precyzyjnej reakcji na stopniowanie<\/li>\n<li>Wej\u015bcie DC10\u201330V obs\u0142uguje zasilanie akumulatorowe ci\u0105gnika<\/li>\n<li>Trwa\u0142a, wodoodporna i odporna na wibracje obudowa<\/li>\n<li>System mocowania zaciskowego do bezpiecznego monta\u017cu maszyn<\/li>\n<\/ul>","protected":false},"featured_media":4767,"comment_status":"open","ping_status":"closed","template":"","meta":[],"product_brand":[],"product_cat":[136,94],"product_tag":[],"class_list":{"0":"post-4761","1":"product","2":"type-product","3":"status-publish","4":"has-post-thumbnail","6":"product_cat-machine-control-laser-receivers","7":"product_cat-laser-level-accessory","9":"first","10":"instock","11":"shipping-taxable","12":"product-type-simple"},"_links":{"self":[{"href":"https:\/\/mountlaser.com\/pl\/wp-json\/wp\/v2\/product\/4761","targetHints":{"allow":["GET"]}}],"collection":[{"href":"https:\/\/mountlaser.com\/pl\/wp-json\/wp\/v2\/product"}],"about":[{"href":"https:\/\/mountlaser.com\/pl\/wp-json\/wp\/v2\/types\/product"}],"replies":[{"embeddable":true,"href":"https:\/\/mountlaser.com\/pl\/wp-json\/wp\/v2\/comments?post=4761"}],"wp:featuredmedia":[{"embeddable":true,"href":"https:\/\/mountlaser.com\/pl\/wp-json\/wp\/v2\/media\/4767"}],"wp:attachment":[{"href":"https:\/\/mountlaser.com\/pl\/wp-json\/wp\/v2\/media?parent=4761"}],"wp:term":[{"taxonomy":"product_brand","embeddable":true,"href":"https:\/\/mountlaser.com\/pl\/wp-json\/wp\/v2\/product_brand?post=4761"},{"taxonomy":"product_cat","embeddable":true,"href":"https:\/\/mountlaser.com\/pl\/wp-json\/wp\/v2\/product_cat?post=4761"},{"taxonomy":"product_tag","embeddable":true,"href":"https:\/\/mountlaser.com\/pl\/wp-json\/wp\/v2\/product_tag?post=4761"}],"curies":[{"name":"wp","href":"https:\/\/api.w.org\/{rel}","templated":true}]}}