{"id":4760,"date":"2025-11-21T07:32:16","date_gmt":"2025-11-21T07:32:16","guid":{"rendered":"https:\/\/mountlaser.com\/?post_type=product&#038;p=4760"},"modified":"2025-11-25T08:25:46","modified_gmt":"2025-11-25T08:25:46","slug":"kmr01-machine-control-laser-receivers","status":"publish","type":"product","link":"https:\/\/mountlaser.com\/pl\/produkt\/kmr01-machine-control-laser-receivers\/","title":{"rendered":"Odbiorniki laserowe do sterowania maszyn\u0105 KMR01"},"content":{"rendered":"<p>Ten <a href=\"https:\/\/mountlaser.com\/pl\/about-us\/\"><strong>Odbiornik sterowania maszyn\u0105 Laser obrotowy<\/strong><\/a> Seria zosta\u0142a zaprojektowana z my\u015bl\u0105 o precyzyjnej kontroli jako\u015bci w wymagaj\u0105cych warunkach budowlanych. <a href=\"https:\/\/mountlaser.com\/pl\/\">Odbiorniki laserowe do sterowania maszyn\u0105 KMR01<\/a> Zapewniaj\u0105 wyj\u0105tkow\u0105 precyzj\u0119, trwa\u0142o\u015b\u0107 i kompatybilno\u015b\u0107, dzi\u0119ki czemu idealnie nadaj\u0105 si\u0119 do koparek, spycharek i innych ci\u0119\u017ckich maszyn. Dzi\u0119ki 25-centymetrowemu okienku odbioru, zapewniaj\u0105cemu pe\u0142ny odbi\u00f3r 360\u00b0, obrotowy laser odbiornika Machine Control gwarantuje ci\u0105g\u0142e i stabilne wykrywanie obracaj\u0105cych si\u0119 wi\u0105zek laserowych z laser\u00f3w obrotowych dowolnej marki.<\/p>\n<p>Ten <a href=\"https:\/\/mountlaser.com\/pl\/contact-us\/\">Odbiorniki laserowe do sterowania maszyn\u0105 KMR01<\/a> Dost\u0119pne s\u0105 dwa modele: KMR01C z zaciskiem \u015brubowym i KMR01M z mocnym mocowaniem magnetycznym, umo\u017cliwiaj\u0105cym \u0142atw\u0105 instalacj\u0119 na r\u00f3\u017cnych typach maszyn. Odbiorniki te, wyposa\u017cone w wytrzyma\u0142\u0105 metalow\u0105 obudow\u0119 o stopniu ochrony IP66, s\u0105 odporne na kurz, wod\u0119, wibracje i trudne temperatury pracy od \u201320\u00b0C do +60\u00b0C. Ka\u017cdy odbiornik lasera obrotowego Machine Control Receiver jest wyposa\u017cony w zdalny wy\u015bwietlacz do monitorowania w czasie rzeczywistym wewn\u0105trz kabiny, co zwi\u0119ksza wygod\u0119 i bezpiecze\u0144stwo obs\u0142ugi.<\/p>\n<p>Dzi\u0119ki precyzyjnym ustawieniom dok\u0142adno\u015bci od \u00b12 mm do \u00b110 mm i zgrubnej dok\u0142adno\u015bci od \u00b15 mm do \u00b123 mm, odbiorniki laserowe KMR01 do sterowania maszynami zapewniaj\u0105 niezawodn\u0105 kontrol\u0119 nachylenia. Zasilany akumulatorem NiMH 7,2 V o pojemno\u015bci 2500 mAh, system oferuje do 40 godzin ci\u0105g\u0142ej pracy z 15-godzinnym czasem \u0142adowania. Kompaktowy, a jednocze\u015bnie wytrzyma\u0142y, o wymiarach 376 \u00d7 180 \u00d7 60 mm i wadze zaledwie 3 kg, odbiornik KMR01 zosta\u0142 zaprojektowany z my\u015bl\u0105 o d\u0142ugotrwa\u0142ym, profesjonalnym u\u017cytkowaniu budowlanym.<\/p>\n<figure id=\"attachment_4755\" aria-describedby=\"caption-attachment-4755\" style=\"width: 500px\" class=\"wp-caption aligncenter\"><img fetchpriority=\"high\" decoding=\"async\" class=\"wp-image-4755\" src=\"https:\/\/mountlaser.com\/wp-content\/uploads\/2025\/11\/KMR011.webp\" alt=\"KMR01C Machine Control Receiver Rotary Laser\" width=\"500\" height=\"500\" srcset=\"https:\/\/mountlaser.com\/wp-content\/uploads\/2025\/11\/KMR011.webp 800w, https:\/\/mountlaser.com\/wp-content\/uploads\/2025\/11\/KMR011-300x300.webp 300w, https:\/\/mountlaser.com\/wp-content\/uploads\/2025\/11\/KMR011-400x400.webp 400w, https:\/\/mountlaser.com\/wp-content\/uploads\/2025\/11\/KMR011-600x600.webp 600w, https:\/\/mountlaser.com\/wp-content\/uploads\/2025\/11\/KMR011-150x150.webp 150w, https:\/\/mountlaser.com\/wp-content\/uploads\/2025\/11\/KMR011-768x768.webp 768w, https:\/\/mountlaser.com\/wp-content\/uploads\/2025\/11\/KMR011-12x12.webp 12w\" sizes=\"(max-width: 500px) 100vw, 500px\" \/><figcaption id=\"caption-attachment-4755\" class=\"wp-caption-text\">Odbiorniki laserowe do sterowania maszyn\u0105 KMR01C<\/figcaption><\/figure>\n<figure id=\"attachment_4756\" aria-describedby=\"caption-attachment-4756\" style=\"width: 500px\" class=\"wp-caption aligncenter\"><img decoding=\"async\" class=\"wp-image-4756\" src=\"https:\/\/mountlaser.com\/wp-content\/uploads\/2025\/11\/KMR012.webp\" alt=\"KMR01 Machine Control Receiver Rotary Laser\" width=\"500\" height=\"500\" srcset=\"https:\/\/mountlaser.com\/wp-content\/uploads\/2025\/11\/KMR012.webp 800w, https:\/\/mountlaser.com\/wp-content\/uploads\/2025\/11\/KMR012-300x300.webp 300w, https:\/\/mountlaser.com\/wp-content\/uploads\/2025\/11\/KMR012-400x400.webp 400w, https:\/\/mountlaser.com\/wp-content\/uploads\/2025\/11\/KMR012-600x600.webp 600w, https:\/\/mountlaser.com\/wp-content\/uploads\/2025\/11\/KMR012-150x150.webp 150w, https:\/\/mountlaser.com\/wp-content\/uploads\/2025\/11\/KMR012-768x768.webp 768w, https:\/\/mountlaser.com\/wp-content\/uploads\/2025\/11\/KMR012-12x12.webp 12w\" sizes=\"(max-width: 500px) 100vw, 500px\" \/><figcaption id=\"caption-attachment-4756\" class=\"wp-caption-text\">Odbiorniki laserowe do sterowania maszyn\u0105 KMR01M<\/figcaption><\/figure>\n<div>\n<table style=\"border-collapse: collapse; width: 631.52pt;\" border=\"0\" width=\"842\" cellspacing=\"0\" cellpadding=\"0\">\n<tbody>\n<tr style=\"height: 17.25pt;\">\n<td class=\"et2\" style=\"height: 17.25pt; width: 322.50pt;\" width=\"430\" height=\"23\">Numer modelu.<\/td>\n<td class=\"et3\" style=\"width: 309.00pt;\" width=\"412\">KMR01<\/td>\n<\/tr>\n<tr style=\"height: 17.25pt;\">\n<td class=\"et4\" style=\"height: 17.25pt;\" height=\"23\">Dok\u0142adno\u015b\u0107: Dok\u0142adna<\/td>\n<td class=\"et4\">\u00b12 mm do \u00b110 mm<\/td>\n<\/tr>\n<tr style=\"height: 17.25pt;\">\n<td class=\"et4\" style=\"height: 17.25pt;\" height=\"23\">Dok\u0142adno\u015b\u0107 Gruba<\/td>\n<td class=\"et4\">\u00b15 mm do \u00b123 mm<\/td>\n<\/tr>\n<tr style=\"height: 17.25pt;\">\n<td class=\"et4\" style=\"height: 17.25pt;\" height=\"23\">Akumulator<\/td>\n<td class=\"et4\">7,2 V NiMH 2500 mAh<\/td>\n<\/tr>\n<tr style=\"height: 17.25pt;\">\n<td class=\"et4\" style=\"height: 17.25pt;\" height=\"23\">Czas dzia\u0142ania<\/td>\n<td class=\"et4\">40 godzin<\/td>\n<\/tr>\n<tr style=\"height: 17.25pt;\">\n<td class=\"et4\" style=\"height: 17.25pt;\" height=\"23\">Czas \u0142adowania<\/td>\n<td class=\"et4\">15 godzin<\/td>\n<\/tr>\n<tr style=\"height: 17.25pt;\">\n<td class=\"et4\" style=\"height: 17.25pt;\" height=\"23\">Temperatura pracy<\/td>\n<td class=\"et4\">-20<span class=\"font4\">\u2103\uff5e<\/span><span class=\"font3\">+60<\/span><span class=\"font4\">\u2103<\/span><\/td>\n<\/tr>\n<tr style=\"height: 14.25pt;\">\n<td class=\"et4\" style=\"height: 14.25pt;\" height=\"19\">Rozmiar<\/td>\n<td class=\"et4\">376x180x60mm<\/td>\n<\/tr>\n<tr style=\"height: 14.25pt;\">\n<td class=\"et4\" style=\"height: 14.25pt;\" height=\"19\">Waga<\/td>\n<td class=\"et4\">3 kg<\/td>\n<\/tr>\n<\/tbody>\n<\/table>\n<\/div>","protected":false},"excerpt":{"rendered":"<ul>\n<li>Zapewnia precyzyjn\u0105 kontrol\u0119 nachylenia dla maszyn budowlanych<\/li>\n<li>Wykrywa obracaj\u0105ce si\u0119 wi\u0105zki laserowe wszystkich g\u0142\u00f3wnych marek poziomic laserowych<\/li>\n<li>Zapewnia odbi\u00f3r 360\u00b0, co umo\u017cliwia ci\u0105g\u0142\u0105 prac\u0119 i zwi\u0119kszon\u0105 wydajno\u015b\u0107<\/li>\n<li>Umo\u017cliwia przejrzyste i wygodne monitorowanie z boku kabiny za pomoc\u0105 zdalnego wy\u015bwietlacza<\/li>\n<li>Oferuje dwie opcje monta\u017cu dla r\u00f3\u017cnych typ\u00f3w maszyn (zacisk lub magnes)<\/li>\n<li>Zaprojektowany do ekstremalnych warunk\u00f3w, z metalow\u0105 obudow\u0105 o stopniu ochrony IP66<\/li>\n<\/ul>","protected":false},"featured_media":4759,"comment_status":"open","ping_status":"closed","template":"","meta":[],"product_brand":[],"product_cat":[136,94],"product_tag":[],"class_list":{"0":"post-4760","1":"product","2":"type-product","3":"status-publish","4":"has-post-thumbnail","6":"product_cat-machine-control-laser-receivers","7":"product_cat-laser-level-accessory","9":"first","10":"instock","11":"shipping-taxable","12":"product-type-simple"},"_links":{"self":[{"href":"https:\/\/mountlaser.com\/pl\/wp-json\/wp\/v2\/product\/4760","targetHints":{"allow":["GET"]}}],"collection":[{"href":"https:\/\/mountlaser.com\/pl\/wp-json\/wp\/v2\/product"}],"about":[{"href":"https:\/\/mountlaser.com\/pl\/wp-json\/wp\/v2\/types\/product"}],"replies":[{"embeddable":true,"href":"https:\/\/mountlaser.com\/pl\/wp-json\/wp\/v2\/comments?post=4760"}],"wp:featuredmedia":[{"embeddable":true,"href":"https:\/\/mountlaser.com\/pl\/wp-json\/wp\/v2\/media\/4759"}],"wp:attachment":[{"href":"https:\/\/mountlaser.com\/pl\/wp-json\/wp\/v2\/media?parent=4760"}],"wp:term":[{"taxonomy":"product_brand","embeddable":true,"href":"https:\/\/mountlaser.com\/pl\/wp-json\/wp\/v2\/product_brand?post=4760"},{"taxonomy":"product_cat","embeddable":true,"href":"https:\/\/mountlaser.com\/pl\/wp-json\/wp\/v2\/product_cat?post=4760"},{"taxonomy":"product_tag","embeddable":true,"href":"https:\/\/mountlaser.com\/pl\/wp-json\/wp\/v2\/product_tag?post=4760"}],"curies":[{"name":"wp","href":"https:\/\/api.w.org\/{rel}","templated":true}]}}