{"id":4750,"date":"2025-11-21T06:19:50","date_gmt":"2025-11-21T06:19:50","guid":{"rendered":"https:\/\/mountlaser.com\/?post_type=product&#038;p=4750"},"modified":"2025-11-25T08:44:48","modified_gmt":"2025-11-25T08:44:48","slug":"rc100-rotary-laser-remote-control","status":"publish","type":"product","link":"https:\/\/mountlaser.com\/pl\/produkt\/rc100-rotary-laser-remote-control\/","title":{"rendered":"Pilot zdalnego sterowania RC100 do lasera obrotowego"},"content":{"rendered":"<p>Ten <a href=\"https:\/\/mountlaser.com\/pl\/products\/\"><strong>Pilot zdalnego sterowania RC100 do lasera obrotowego<\/strong><\/a> jest kompaktowy i niezawodny <a href=\"https:\/\/mountlaser.com\/pl\/about-us\/\"><strong>Laser zdalnie sterowany<\/strong><\/a> Zaprojektowany z my\u015bl\u0105 o precyzyjnej i wygodnej obs\u0142udze obrotowych system\u00f3w laserowych. Dzi\u0119ki dwukierunkowej komunikacji, pilot zdalnego sterowania RC100 do lasera obrotowego umo\u017cliwia u\u017cytkownikom regulacj\u0119 funkcji lasera z odleg\u0142o\u015bci, co poprawia wydajno\u015b\u0107 pracy na placach budowy i niwelacji. Ten pilot zdalnego sterowania laserem posiada niezale\u017cne przyciski funkcyjne, zapewniaj\u0105ce intuicyjn\u0105 obs\u0142ug\u0119, oraz czytelny wska\u017anik w czasie rzeczywistym, kt\u00f3ry pokazuje stan pracy urz\u0105dzenia g\u0142\u00f3wnego.<\/p>\n<p>Wyposa\u017cony w dedykowany wy\u0142\u0105cznik zasilania i zasilany bateriami alkalicznymi AA, <a href=\"https:\/\/mountlaser.com\/pl\/contact-us\/\">Pilot zdalnego sterowania RC100 do lasera obrotowego<\/a> Zapewnia niezawodn\u0105 prac\u0119 w r\u00f3\u017cnych warunkach na placu budowy. Gumowana pow\u0142oka zewn\u0119trzna zwi\u0119ksza trwa\u0142o\u015b\u0107 i zapewnia lepsz\u0105 odporno\u015b\u0107 na uderzenia, a zasi\u0119g sterowania \u2265150 m sprawia, \u017ce jest to idealne rozwi\u0105zanie z laserem zdalnie sterowanym do og\u00f3lnych zada\u0144 niwelacji obrotowej. Obs\u0142uguje pr\u0119dko\u015bci obrotowe 300, 600 i 1000 obr.\/min, oferuj\u0105c elastyczno\u015b\u0107 w r\u00f3\u017cnych \u015brodowiskach pomiarowych.<\/p>\n<p><img fetchpriority=\"high\" decoding=\"async\" class=\"aligncenter wp-image-4751\" src=\"https:\/\/mountlaser.com\/wp-content\/uploads\/2025\/11\/RC1001.webp\" alt=\"RC100 Rotary Laser Remote Control\" width=\"500\" height=\"500\" srcset=\"https:\/\/mountlaser.com\/wp-content\/uploads\/2025\/11\/RC1001.webp 800w, https:\/\/mountlaser.com\/wp-content\/uploads\/2025\/11\/RC1001-300x300.webp 300w, https:\/\/mountlaser.com\/wp-content\/uploads\/2025\/11\/RC1001-400x400.webp 400w, https:\/\/mountlaser.com\/wp-content\/uploads\/2025\/11\/RC1001-600x600.webp 600w, https:\/\/mountlaser.com\/wp-content\/uploads\/2025\/11\/RC1001-150x150.webp 150w, https:\/\/mountlaser.com\/wp-content\/uploads\/2025\/11\/RC1001-768x768.webp 768w, https:\/\/mountlaser.com\/wp-content\/uploads\/2025\/11\/RC1001-12x12.webp 12w\" sizes=\"(max-width: 500px) 100vw, 500px\" \/><\/p>\n<p>Pilot zdalnego sterowania RC100 do lasera obrotowego to wytrzyma\u0142y i \u0142atwy w obs\u0142udze pilot zdalnego sterowania zaprojektowany w celu zwi\u0119kszenia wydajno\u015bci pracy lasera obrotowego. Dzi\u0119ki zdalnemu sterowaniu, monitorowaniu w czasie rzeczywistym i solidnej ochronie, jest to niezb\u0119dne akcesorium do profesjonalnych prac niwelacyjnych i budowlanych.<\/p>","protected":false},"excerpt":{"rendered":"<ul>\n<li>Dwukierunkowa komunikacja umo\u017cliwiaj\u0105ca responsywne sterowanie laserem obrotowym na du\u017ce odleg\u0142o\u015bci<\/li>\n<li>Niezale\u017cne przyciski funkcyjne zapewniaj\u0105ce prost\u0105 i wydajn\u0105 obs\u0142ug\u0119<\/li>\n<li>Wska\u017anik \u015bwietlny w czasie rzeczywistym umo\u017cliwiaj\u0105cy szybkie monitorowanie stanu<\/li>\n<li>Wy\u0142\u0105cznik zasilania umo\u017cliwiaj\u0105cy \u0142atwe w\u0142\u0105czanie\/wy\u0142\u0105czanie maszyny<\/li>\n<li>Wytrzyma\u0142a, pokryta gum\u0105 konstrukcja odporna na uderzenia<\/li>\n<li>Zasi\u0119g dzia\u0142ania \u2265150 m<\/li>\n<li>Kompatybilny z pr\u0119dko\u015bciami obrotowymi 300\/600\/1000 obr.\/min<\/li>\n<li>Zasilany standardowymi bateriami alkalicznymi AA<\/li>\n<\/ul>","protected":false},"featured_media":4751,"comment_status":"open","ping_status":"closed","template":"","meta":[],"product_brand":[],"product_cat":[135,93],"product_tag":[],"class_list":{"0":"post-4750","1":"product","2":"type-product","3":"status-publish","4":"has-post-thumbnail","6":"product_cat-rotary-laser-remote-control","7":"product_cat-rotary-laser","9":"first","10":"instock","11":"shipping-taxable","12":"product-type-simple"},"_links":{"self":[{"href":"https:\/\/mountlaser.com\/pl\/wp-json\/wp\/v2\/product\/4750","targetHints":{"allow":["GET"]}}],"collection":[{"href":"https:\/\/mountlaser.com\/pl\/wp-json\/wp\/v2\/product"}],"about":[{"href":"https:\/\/mountlaser.com\/pl\/wp-json\/wp\/v2\/types\/product"}],"replies":[{"embeddable":true,"href":"https:\/\/mountlaser.com\/pl\/wp-json\/wp\/v2\/comments?post=4750"}],"wp:featuredmedia":[{"embeddable":true,"href":"https:\/\/mountlaser.com\/pl\/wp-json\/wp\/v2\/media\/4751"}],"wp:attachment":[{"href":"https:\/\/mountlaser.com\/pl\/wp-json\/wp\/v2\/media?parent=4750"}],"wp:term":[{"taxonomy":"product_brand","embeddable":true,"href":"https:\/\/mountlaser.com\/pl\/wp-json\/wp\/v2\/product_brand?post=4750"},{"taxonomy":"product_cat","embeddable":true,"href":"https:\/\/mountlaser.com\/pl\/wp-json\/wp\/v2\/product_cat?post=4750"},{"taxonomy":"product_tag","embeddable":true,"href":"https:\/\/mountlaser.com\/pl\/wp-json\/wp\/v2\/product_tag?post=4750"}],"curies":[{"name":"wp","href":"https:\/\/api.w.org\/{rel}","templated":true}]}}