{"id":4746,"date":"2025-11-21T05:59:04","date_gmt":"2025-11-21T05:59:04","guid":{"rendered":"https:\/\/mountlaser.com\/?post_type=product&#038;p=4746"},"modified":"2025-11-25T08:44:18","modified_gmt":"2025-11-25T08:44:18","slug":"rc200p-rotary-laser-remote-control","status":"publish","type":"product","link":"https:\/\/mountlaser.com\/pl\/produkt\/rc200p-rotary-laser-remote-control\/","title":{"rendered":"Pilot zdalnego sterowania do lasera obrotowego RC200P"},"content":{"rendered":"<p>Ten <a href=\"https:\/\/mountlaser.com\/pl\/kategoria-produktu\/rotary-laser\/\"><strong>Pilot zdalnego sterowania do lasera obrotowego RC200P<\/strong><\/a> to profesjonalny kontroler zaprojektowany z my\u015bl\u0105 o precyzyjnej obs\u0142udze obrotowych system\u00f3w laserowych na du\u017ce odleg\u0142o\u015bci. Zaprojektowany z my\u015bl\u0105 o wymagaj\u0105cych warunkach pracy, pilot zdalnego sterowania RC200P do laser\u00f3w obrotowych oferuje p\u0142ynn\u0105 komunikacj\u0119 dwukierunkow\u0105, umo\u017cliwiaj\u0105c u\u017cytkownikom regulacj\u0119 funkcji i monitorowanie stanu lasera z odleg\u0142o\u015bci 300 metr\u00f3w lub wi\u0119kszej.<\/p>\n<p>Dzi\u0119ki intuicyjnemu uk\u0142adowi niezale\u017cnych przycisk\u00f3w funkcyjnych, <a href=\"https:\/\/mountlaser.com\/pl\/\"><strong>Precyzyjny pilot zdalnego sterowania<\/strong><\/a> zapewnia szybk\u0105 i precyzyjn\u0105 regulacj\u0119 bez skomplikowanych menu. Wbudowany akumulator litowy zapewnia wyj\u0105tkowo d\u0142ugi czas pracy, a gumowana obudowa zwi\u0119ksza trwa\u0142o\u015b\u0107 i odporno\u015b\u0107 na uderzenia, dzi\u0119ki czemu <a href=\"https:\/\/mountlaser.com\/pl\/contact-us\/\">Pilot zdalnego sterowania do lasera obrotowego RC200P<\/a> Niezawodne w trudnych zastosowaniach budowlanych i geodezyjnych.<\/p>\n<p><img fetchpriority=\"high\" decoding=\"async\" class=\"wp-image-4747 aligncenter\" src=\"https:\/\/mountlaser.com\/wp-content\/uploads\/2025\/11\/RC2001.webp\" alt=\"RC200P Rotary Laser Remote Control\" width=\"500\" height=\"500\" srcset=\"https:\/\/mountlaser.com\/wp-content\/uploads\/2025\/11\/RC2001.webp 800w, https:\/\/mountlaser.com\/wp-content\/uploads\/2025\/11\/RC2001-300x300.webp 300w, https:\/\/mountlaser.com\/wp-content\/uploads\/2025\/11\/RC2001-400x400.webp 400w, https:\/\/mountlaser.com\/wp-content\/uploads\/2025\/11\/RC2001-600x600.webp 600w, https:\/\/mountlaser.com\/wp-content\/uploads\/2025\/11\/RC2001-150x150.webp 150w, https:\/\/mountlaser.com\/wp-content\/uploads\/2025\/11\/RC2001-768x768.webp 768w, https:\/\/mountlaser.com\/wp-content\/uploads\/2025\/11\/RC2001-12x12.webp 12w\" sizes=\"(max-width: 500px) 100vw, 500px\" \/><\/p>\n<p>Kontrolki funkcji w czasie rzeczywistym i dedykowany przycisk zasilania pozwalaj\u0105 natychmiast sprawdzi\u0107 stan pracy jednostki g\u0142\u00f3wnej. Dzi\u0119ki pr\u0119dko\u015bci obrotowej lasera 300\/600\/1000\/1500 obr.\/min, ten precyzyjny pilot zdalnego sterowania zapewnia wydajn\u0105 i precyzyjn\u0105 kontrol\u0119 zar\u00f3wno wewn\u0105trz, jak i na zewn\u0105trz.<\/p>","protected":false},"excerpt":{"rendered":"<ul>\n<li>Dwukierunkowa komunikacja do sterowania laserem obrotowym na du\u017ce odleg\u0142o\u015bci<\/li>\n<li>Niezale\u017cne przyciski funkcyjne zapewniaj\u0105ce szybk\u0105 i precyzyjn\u0105 obs\u0142ug\u0119<\/li>\n<li>Zasi\u0119g dzia\u0142ania \u2265300m<\/li>\n<li>Wska\u017aniki \u015bwietlne w czasie rzeczywistym zapewniaj\u0105ce czyteln\u0105 informacj\u0119 o stanie<\/li>\n<li>Dedykowany przycisk zasilania umo\u017cliwiaj\u0105cy \u0142atwe monitorowanie stanu jednostki g\u0142\u00f3wnej<\/li>\n<li>Wbudowana bateria litowa zapewniaj\u0105ca d\u0142u\u017cszy czas pracy<\/li>\n<li>Konstrukcja pokryta gum\u0105, odporna na uderzenia<\/li>\n<li>Regulowana pr\u0119dko\u015b\u0107 obrotowa: 300\/600\/1000\/1500 obr.\/min<\/li>\n<\/ul>","protected":false},"featured_media":4747,"comment_status":"open","ping_status":"closed","template":"","meta":[],"product_brand":[],"product_cat":[135,93],"product_tag":[],"class_list":{"0":"post-4746","1":"product","2":"type-product","3":"status-publish","4":"has-post-thumbnail","6":"product_cat-rotary-laser-remote-control","7":"product_cat-rotary-laser","9":"first","10":"instock","11":"shipping-taxable","12":"product-type-simple"},"_links":{"self":[{"href":"https:\/\/mountlaser.com\/pl\/wp-json\/wp\/v2\/product\/4746","targetHints":{"allow":["GET"]}}],"collection":[{"href":"https:\/\/mountlaser.com\/pl\/wp-json\/wp\/v2\/product"}],"about":[{"href":"https:\/\/mountlaser.com\/pl\/wp-json\/wp\/v2\/types\/product"}],"replies":[{"embeddable":true,"href":"https:\/\/mountlaser.com\/pl\/wp-json\/wp\/v2\/comments?post=4746"}],"wp:featuredmedia":[{"embeddable":true,"href":"https:\/\/mountlaser.com\/pl\/wp-json\/wp\/v2\/media\/4747"}],"wp:attachment":[{"href":"https:\/\/mountlaser.com\/pl\/wp-json\/wp\/v2\/media?parent=4746"}],"wp:term":[{"taxonomy":"product_brand","embeddable":true,"href":"https:\/\/mountlaser.com\/pl\/wp-json\/wp\/v2\/product_brand?post=4746"},{"taxonomy":"product_cat","embeddable":true,"href":"https:\/\/mountlaser.com\/pl\/wp-json\/wp\/v2\/product_cat?post=4746"},{"taxonomy":"product_tag","embeddable":true,"href":"https:\/\/mountlaser.com\/pl\/wp-json\/wp\/v2\/product_tag?post=4746"}],"curies":[{"name":"wp","href":"https:\/\/api.w.org\/{rel}","templated":true}]}}