{"id":4738,"date":"2025-11-21T03:29:07","date_gmt":"2025-11-21T03:29:07","guid":{"rendered":"https:\/\/mountlaser.com\/?post_type=product&#038;p=4738"},"modified":"2025-11-25T08:54:51","modified_gmt":"2025-11-25T08:54:51","slug":"rc300p-rotary-laser-remote-control","status":"publish","type":"product","link":"https:\/\/mountlaser.com\/pl\/produkt\/rc300p-rotary-laser-remote-control\/","title":{"rendered":"Pilot zdalnego sterowania do lasera obrotowego RC300P"},"content":{"rendered":"<p>Ten <a href=\"https:\/\/mountlaser.com\/pl\/\"><strong>Pilot zdalnego sterowania do lasera obrotowego RC300P<\/strong><\/a> to zaawansowane urz\u0105dzenie steruj\u0105ce zaprojektowane do precyzyjnej, dalekosi\u0119\u017cnej obs\u0142ugi obrotowych system\u00f3w laserowych. Zaprojektowany do profesjonalnych zastosowa\u0144 w niwelacji terenu, niwelacji i budownictwie, pilot zdalnego sterowania RC300P do laser\u00f3w obrotowych wyposa\u017cony jest w czytelny ekran LCD, kt\u00f3ry umo\u017cliwia szybk\u0105 i intuicyjn\u0105 regulacj\u0119 nachylenia i funkcji. Dzi\u0119ki dwukierunkowej technologii komunikacji pilot ten zapewnia stabilne i responsywne sterowanie nawet z du\u017cej odleg\u0142o\u015bci.<\/p>\n<p>Zaprojektowany z my\u015bl\u0105 o wymagaj\u0105cych pracach, pilot zdalnego sterowania RC300P z laserem obrotowym posiada wytrzyma\u0142\u0105, gumowan\u0105 obudow\u0119, zapewniaj\u0105c\u0105 zwi\u0119kszon\u0105 odporno\u015b\u0107 na upadki i trwa\u0142o\u015b\u0107. Jako cz\u0119\u015b\u0107 wydajnego <a href=\"https:\/\/mountlaser.com\/pl\/contact-us\/\"><strong>Cyfrowy pilot zdalnego sterowania RC300 do zestawu lasera obrotowego<\/strong><\/a>, zapewnia wska\u017aniki w czasie rzeczywistym, dzi\u0119ki kt\u00f3rym u\u017cytkownicy mog\u0105 natychmiast sprawdzi\u0107 stan g\u0142\u00f3wnej maszyny, co poprawia bezpiecze\u0144stwo i wydajno\u015b\u0107 operacyjn\u0105.<\/p>\n<p><img fetchpriority=\"high\" decoding=\"async\" class=\"aligncenter wp-image-4736\" src=\"https:\/\/mountlaser.com\/wp-content\/uploads\/2025\/11\/RC3002.webp\" alt=\"RC300P Rotary Laser Remote Control\" width=\"500\" height=\"500\" srcset=\"https:\/\/mountlaser.com\/wp-content\/uploads\/2025\/11\/RC3002.webp 800w, https:\/\/mountlaser.com\/wp-content\/uploads\/2025\/11\/RC3002-300x300.webp 300w, https:\/\/mountlaser.com\/wp-content\/uploads\/2025\/11\/RC3002-400x400.webp 400w, https:\/\/mountlaser.com\/wp-content\/uploads\/2025\/11\/RC3002-600x600.webp 600w, https:\/\/mountlaser.com\/wp-content\/uploads\/2025\/11\/RC3002-150x150.webp 150w, https:\/\/mountlaser.com\/wp-content\/uploads\/2025\/11\/RC3002-768x768.webp 768w, https:\/\/mountlaser.com\/wp-content\/uploads\/2025\/11\/RC3002-12x12.webp 12w\" sizes=\"(max-width: 500px) 100vw, 500px\" \/><\/p>\n<p>Niezale\u017cnie od tego, czy sterujesz pr\u0119dko\u015bci\u0105 obrotow\u0105, nachyleniem czy wyr\u00f3wnaniem, <a href=\"https:\/\/mountlaser.com\/pl\/kategoria-produktu\/rotary-laser\/\">Cyfrowy pilot zdalnego sterowania RC300<\/a> Zestaw lasera obrotowego oferuje p\u0142ynn\u0105 synchronizacj\u0119, komunikacj\u0119 na du\u017ce odleg\u0142o\u015bci i precyzyjn\u0105 regulacj\u0119. Profesjonali\u015bci polegaj\u0105 na tym cyfrowym pilocie zdalnego sterowania RC300 do zestawu lasera obrotowego, aby zwi\u0119kszy\u0107 produktywno\u015b\u0107 i zagwarantowa\u0107 bezb\u0142\u0119dn\u0105 prac\u0119 w projektach naprowadzanych laserowo.<\/p>","protected":false},"excerpt":{"rendered":"<ul>\n<li>Przejrzysty wy\u015bwietlacz LCD umo\u017cliwiaj\u0105cy \u0142atwe ustawianie nachylenia i szybk\u0105 regulacj\u0119<\/li>\n<li>Dwukierunkowa komunikacja zapewniaj\u0105ca stabilne sterowanie na du\u017ce odleg\u0142o\u015bci (\u2265300 m)<\/li>\n<li>Niezale\u017cne przyciski funkcyjne zapewniaj\u0105ce prost\u0105 i intuicyjn\u0105 obs\u0142ug\u0119<\/li>\n<li>Wska\u017aniki funkcji w czasie rzeczywistym zapewniaj\u0105ce natychmiastow\u0105 informacj\u0119 zwrotn\u0105 o stanie maszyny<\/li>\n<li>Dedykowany przycisk zasilania umo\u017cliwiaj\u0105cy monitorowanie stanu pracy lasera w dowolnym momencie<\/li>\n<li>Wbudowany akumulator litowy zapewniaj\u0105cy wyj\u0105tkowo d\u0142ugi czas pracy<\/li>\n<li>Obudowa pokryta gum\u0105 zapewniaj\u0105ca lepsz\u0105 odporno\u015b\u0107 na uderzenia i upadki<\/li>\n<li>Regulowana pr\u0119dko\u015b\u0107 obrotowa: 300 \/ 600 \/ 1000 \/ 1500 \/ 3000 obr.\/min<\/li>\n<\/ul>","protected":false},"featured_media":4735,"comment_status":"open","ping_status":"closed","template":"","meta":[],"product_brand":[],"product_cat":[135,93],"product_tag":[],"class_list":{"0":"post-4738","1":"product","2":"type-product","3":"status-publish","4":"has-post-thumbnail","6":"product_cat-rotary-laser-remote-control","7":"product_cat-rotary-laser","9":"first","10":"instock","11":"shipping-taxable","12":"product-type-simple"},"_links":{"self":[{"href":"https:\/\/mountlaser.com\/pl\/wp-json\/wp\/v2\/product\/4738","targetHints":{"allow":["GET"]}}],"collection":[{"href":"https:\/\/mountlaser.com\/pl\/wp-json\/wp\/v2\/product"}],"about":[{"href":"https:\/\/mountlaser.com\/pl\/wp-json\/wp\/v2\/types\/product"}],"replies":[{"embeddable":true,"href":"https:\/\/mountlaser.com\/pl\/wp-json\/wp\/v2\/comments?post=4738"}],"wp:featuredmedia":[{"embeddable":true,"href":"https:\/\/mountlaser.com\/pl\/wp-json\/wp\/v2\/media\/4735"}],"wp:attachment":[{"href":"https:\/\/mountlaser.com\/pl\/wp-json\/wp\/v2\/media?parent=4738"}],"wp:term":[{"taxonomy":"product_brand","embeddable":true,"href":"https:\/\/mountlaser.com\/pl\/wp-json\/wp\/v2\/product_brand?post=4738"},{"taxonomy":"product_cat","embeddable":true,"href":"https:\/\/mountlaser.com\/pl\/wp-json\/wp\/v2\/product_cat?post=4738"},{"taxonomy":"product_tag","embeddable":true,"href":"https:\/\/mountlaser.com\/pl\/wp-json\/wp\/v2\/product_tag?post=4738"}],"curies":[{"name":"wp","href":"https:\/\/api.w.org\/{rel}","templated":true}]}}