{"id":4731,"date":"2025-11-21T03:00:54","date_gmt":"2025-11-21T03:00:54","guid":{"rendered":"https:\/\/mountlaser.com\/?post_type=product&#038;p=4731"},"modified":"2025-11-25T08:56:34","modified_gmt":"2025-11-25T08:56:34","slug":"line-laser-kll-800-series","status":"publish","type":"product","link":"https:\/\/mountlaser.com\/pl\/produkt\/line-laser-kll-800-series\/","title":{"rendered":"Laser liniowy serii KLL-800"},"content":{"rendered":"<p><a href=\"https:\/\/mountlaser.com\/pl\/about-us\/\"><strong>Laser liniowy serii KLL-800<\/strong><\/a> Zosta\u0142 zaprojektowany z my\u015bl\u0105 o profesjonalistach, kt\u00f3rzy wymagaj\u0105 niezr\u00f3wnanej wydajno\u015bci i d\u0142u\u017cszego czasu pracy na placu budowy. Ta seria premium oferuje wszechstronne rozwi\u0105zania, w tym modele KLL-D801 i D802 do kompleksowych uk\u0142ad\u00f3w 2D, 8-liniowych, 360\u00b0, oraz flagowy model KLL-D803, prze\u0142omowy, 12-liniowy poziom laserowy 3D, kt\u00f3ry wy\u015bwietla obraz na dwunastu powierzchniach, umo\u017cliwiaj\u0105c kompleksowe planowanie przestrzenne. Dost\u0119pne zar\u00f3wno w wersji z mocn\u0105 czerwon\u0105 wi\u0105zk\u0105, jak i ultrajasn\u0105 zielon\u0105 wi\u0105zk\u0105, ka\u017cde urz\u0105dzenie z tej serii to precyzyjny, samopoziomuj\u0105cy poziom laserowy, zapewniaj\u0105cy dok\u0142adno\u015b\u0107 do \u00b13 mm na 10 metr\u00f3w w mniej ni\u017c 5 sekund.<\/p>\n<p>Co naprawd\u0119 wyr\u00f3\u017cnia <a href=\"https:\/\/mountlaser.com\/pl\/contact-us\/\">Seria KLL-800<\/a> Wyr\u00f3\u017cnia si\u0119 wyj\u0105tkow\u0105 \u017cywotno\u015bci\u0105 baterii, zasilanej akumulatorem litowo-jonowym o du\u017cej pojemno\u015bci 8000 mAh, kt\u00f3ry zapewnia do 8 godzin ci\u0105g\u0142ej pracy. Oznacza to mniej przestoj\u00f3w i wi\u0119ksz\u0105 wydajno\u015b\u0107. Niezale\u017cnie od tego, czy u\u017cywasz wytrzyma\u0142ego<strong><a href=\"https:\/\/mountlaser.com\/pl\/kategoria-produktu\/line-laser\/\"> samopoziomuj\u0105ca poziomica laserowa<\/a>l<\/strong> Z serii 2D lub zaawansowanej 12-liniowej poziomicy laserowej 3D do skomplikowanych instalacji, otrzymujesz narz\u0119dzie stworzone z my\u015bl\u0105 o wytrzyma\u0142o\u015bci i precyzji. Dzi\u0119ki klasie wytrzyma\u0142o\u015bci IP54, seria KLL-800 to idealny wyb\u00f3r dla wykonawc\u00f3w, kt\u00f3rzy nie id\u0105 na kompromis w kwestii niezawodno\u015bci ani wydajno\u015bci.<\/p>\n<p>&nbsp;<\/p>\n<p>&nbsp;<\/p>\n<p><img fetchpriority=\"high\" decoding=\"async\" class=\"aligncenter wp-image-4732\" src=\"https:\/\/mountlaser.com\/wp-content\/uploads\/2025\/11\/KLL-8001.webp\" alt=\"self-leveling laser level\" width=\"500\" height=\"500\" srcset=\"https:\/\/mountlaser.com\/wp-content\/uploads\/2025\/11\/KLL-8001.webp 800w, https:\/\/mountlaser.com\/wp-content\/uploads\/2025\/11\/KLL-8001-300x300.webp 300w, https:\/\/mountlaser.com\/wp-content\/uploads\/2025\/11\/KLL-8001-400x400.webp 400w, https:\/\/mountlaser.com\/wp-content\/uploads\/2025\/11\/KLL-8001-600x600.webp 600w, https:\/\/mountlaser.com\/wp-content\/uploads\/2025\/11\/KLL-8001-150x150.webp 150w, https:\/\/mountlaser.com\/wp-content\/uploads\/2025\/11\/KLL-8001-768x768.webp 768w, https:\/\/mountlaser.com\/wp-content\/uploads\/2025\/11\/KLL-8001-12x12.webp 12w\" sizes=\"(max-width: 500px) 100vw, 500px\" \/><\/p>\n<p><strong>Specyfikacje lasera liniowego serii KLL-800<\/strong><\/p>\n<table style=\"height: 408px;\" width=\"800\">\n<tbody>\n<tr>\n<td>Numer modelu.<\/td>\n<td>KLL-D801R\/802R\/803R<\/td>\n<td>KLL-D801G\/802G\/803G<\/td>\n<\/tr>\n<tr>\n<td>\u0179r\u00f3d\u0142o \u015bwiat\u0142a<\/td>\n<td>Czerwony promie\u0144<\/td>\n<td>Zielony promie\u0144<\/td>\n<\/tr>\n<tr>\n<td>D\u0142ugo\u015b\u0107 fali laserowej<\/td>\n<td>635 nm<\/td>\n<td>520 nm<\/td>\n<\/tr>\n<tr>\n<td>Dioda laserowa<\/td>\n<td>100mW<\/td>\n<td>30mW<\/td>\n<\/tr>\n<tr>\n<td>Klasa bezpiecze\u0144stwa laserowego<\/td>\n<td colspan=\"2\">Klasa 2<\/td>\n<\/tr>\n<tr>\n<td>Zakres poziomowania:<\/td>\n<td colspan=\"2\">\u00b13\u00b0<\/td>\n<\/tr>\n<tr>\n<td>Czas poziomowania<\/td>\n<td colspan=\"2\">&lt;5 sekund<\/td>\n<\/tr>\n<tr>\n<td>Dok\u0142adno\u015b\u0107 poziomowania<\/td>\n<td colspan=\"2\">\u00b13 mm\/10 m<\/td>\n<\/tr>\n<tr>\n<td>Moc<\/td>\n<td colspan=\"2\">Akumulator litowo-jonowy 21700 3,7 V 8000 mAh<\/td>\n<\/tr>\n<tr>\n<td>Czas dzia\u0142ania<\/td>\n<td colspan=\"2\">Oko\u0142o 8 godzin<\/td>\n<\/tr>\n<tr>\n<td>Temperatura pracy<\/td>\n<td colspan=\"2\">-10\u2103\uff5e+50\u2103<\/td>\n<\/tr>\n<tr>\n<td>Gwint monta\u017cowy<\/td>\n<td colspan=\"2\">1\/4\u2033-20<\/td>\n<\/tr>\n<tr>\n<td>Wodoodporny<\/td>\n<td colspan=\"2\">IP54<\/td>\n<\/tr>\n<\/tbody>\n<\/table>","protected":false},"excerpt":{"rendered":"<ul>\n<li>Zaawansowane tryby projekcji: obejmuje modele 2D z 8 liniami (D801\/802) zapewniaj\u0105ce zasi\u0119g 360\u00b0 oraz model 3D z 12 liniami (D803) zapewniaj\u0105cy uk\u0142ad przestrzenny ca\u0142ego obiektu.<\/li>\n<li>Samopoziomuj\u0105cy poziom laserowy: automatycznie poziomuje w zakresie \u00b13\u00b0 w czasie kr\u00f3tszym ni\u017c 5 sekund, zapewniaj\u0105c natychmiastow\u0105 i dok\u0142adn\u0105 konfiguracj\u0119.<\/li>\n<li>Najd\u0142u\u017cszy w bran\u017cy czas pracy baterii: zasilana bateri\u0105 litowo-jonow\u0105 21700 o pojemno\u015bci 8000 mAh, umo\u017cliwiaj\u0105c\u0105 do 8 godzin ci\u0105g\u0142ej pracy.<\/li>\n<\/ul>","protected":false},"featured_media":4734,"comment_status":"open","ping_status":"closed","template":"","meta":[],"product_brand":[],"product_cat":[92],"product_tag":[],"class_list":{"0":"post-4731","1":"product","2":"type-product","3":"status-publish","4":"has-post-thumbnail","6":"product_cat-line-laser","8":"first","9":"instock","10":"shipping-taxable","11":"product-type-simple"},"_links":{"self":[{"href":"https:\/\/mountlaser.com\/pl\/wp-json\/wp\/v2\/product\/4731","targetHints":{"allow":["GET"]}}],"collection":[{"href":"https:\/\/mountlaser.com\/pl\/wp-json\/wp\/v2\/product"}],"about":[{"href":"https:\/\/mountlaser.com\/pl\/wp-json\/wp\/v2\/types\/product"}],"replies":[{"embeddable":true,"href":"https:\/\/mountlaser.com\/pl\/wp-json\/wp\/v2\/comments?post=4731"}],"wp:featuredmedia":[{"embeddable":true,"href":"https:\/\/mountlaser.com\/pl\/wp-json\/wp\/v2\/media\/4734"}],"wp:attachment":[{"href":"https:\/\/mountlaser.com\/pl\/wp-json\/wp\/v2\/media?parent=4731"}],"wp:term":[{"taxonomy":"product_brand","embeddable":true,"href":"https:\/\/mountlaser.com\/pl\/wp-json\/wp\/v2\/product_brand?post=4731"},{"taxonomy":"product_cat","embeddable":true,"href":"https:\/\/mountlaser.com\/pl\/wp-json\/wp\/v2\/product_cat?post=4731"},{"taxonomy":"product_tag","embeddable":true,"href":"https:\/\/mountlaser.com\/pl\/wp-json\/wp\/v2\/product_tag?post=4731"}],"curies":[{"name":"wp","href":"https:\/\/api.w.org\/{rel}","templated":true}]}}