{"id":4726,"date":"2025-11-21T02:33:06","date_gmt":"2025-11-21T02:33:06","guid":{"rendered":"https:\/\/mountlaser.com\/?post_type=product&#038;p=4726"},"modified":"2025-11-25T09:27:24","modified_gmt":"2025-11-25T09:27:24","slug":"line-laser-kll-600-series","status":"publish","type":"product","link":"https:\/\/mountlaser.com\/pl\/produkt\/line-laser-kll-600-series\/","title":{"rendered":"Laser liniowy serii KLL-600"},"content":{"rendered":"<p>Ten <a href=\"https:\/\/mountlaser.com\/pl\/kategoria-produktu\/line-laser\/\"><strong>Laser liniowy serii KLL-600<\/strong><\/a> Reprezentuje najnowocze\u015bniejsz\u0105 technologi\u0119 niwelacji laserowej, zaprojektowan\u0105 z my\u015bl\u0105 o zr\u00f3\u017cnicowanych potrzebach nowoczesnych projekt\u00f3w budowlanych i remontowych. Ta wydajna seria obejmuje modele KLL-D601 i D602, zaawansowane 2-liniowe niwelatory laserowe z projekcj\u0105 na osiem powierzchni, zapewniaj\u0105ce pe\u0142ne pokrycie 360 stopni, oraz topowy model KLL-D603, rewolucyjny <a href=\"https:\/\/mountlaser.com\/pl\/about-us\/\">Poziomica laserowa 3D Green Cross Line<\/a> kt\u00f3ry rzutuje na dwana\u015bcie powierzchni, umo\u017cliwiaj\u0105c niespotykane dot\u0105d rozplanowanie przestrzenne ca\u0142ego obiektu.<\/p>\n<p>Seria dost\u0119pna jest zar\u00f3wno z mocn\u0105 czerwon\u0105 wi\u0105zk\u0105 \u015bwiat\u0142a, jak i ultrajasn\u0105 zielon\u0105 wi\u0105zk\u0105, zapewniaj\u0105c doskona\u0142\u0105 widoczno\u015b\u0107 w ka\u017cdych warunkach o\u015bwietleniowych. Sercem modeli D601 i D602 jest ich precyzja, poniewa\u017c s\u0105 to 2-liniowe poziomice laserowe z szybkim systemem samopoziomowania, kt\u00f3ry zapewnia dok\u0142adno\u015b\u0107 pomiaru do \u00b13 mm na 10 metrach w mniej ni\u017c 5 sekund.<\/p>\n<p>&nbsp;<\/p>\n<p><img fetchpriority=\"high\" decoding=\"async\" class=\"aligncenter wp-image-4729\" src=\"https:\/\/mountlaser.com\/wp-content\/uploads\/2025\/11\/KLL-6003.webp\" alt=\"3D Green Cross Line Laser Level\" width=\"500\" height=\"500\" srcset=\"https:\/\/mountlaser.com\/wp-content\/uploads\/2025\/11\/KLL-6003.webp 800w, https:\/\/mountlaser.com\/wp-content\/uploads\/2025\/11\/KLL-6003-300x300.webp 300w, https:\/\/mountlaser.com\/wp-content\/uploads\/2025\/11\/KLL-6003-400x400.webp 400w, https:\/\/mountlaser.com\/wp-content\/uploads\/2025\/11\/KLL-6003-600x600.webp 600w, https:\/\/mountlaser.com\/wp-content\/uploads\/2025\/11\/KLL-6003-150x150.webp 150w, https:\/\/mountlaser.com\/wp-content\/uploads\/2025\/11\/KLL-6003-768x768.webp 768w, https:\/\/mountlaser.com\/wp-content\/uploads\/2025\/11\/KLL-6003-12x12.webp 12w\" sizes=\"(max-width: 500px) 100vw, 500px\" \/><\/p>\n<p>Dla profesjonalist\u00f3w realizuj\u0105cych z\u0142o\u017cone projekty KLL-D603 <a href=\"https:\/\/mountlaser.com\/pl\/\"><strong>Poziomica laserowa 3D Green Cross Line<\/strong><\/a> Zapewnia doskona\u0142e narz\u0119dzie do wielop\u0142aszczyznowego wyr\u00f3wnywania, zachowuj\u0105c jednocze\u015bnie solidn\u0105 konstrukcj\u0119 o stopniu ochrony IP54, kt\u00f3ra gwarantuje niezawodno\u015b\u0107 na ka\u017cdym placu budowy. Ta seria to idealny wyb\u00f3r dla ka\u017cdego, kto poszukuje wszechstronnego i wydajnego poziomicy laserowej z 2 liniami lub kompleksowego rozwi\u0105zania z zielon\u0105 poziomic\u0105 laserow\u0105 3D z krzy\u017cowymi liniami.<\/p>\n<p><strong>Specyfikacje lasera liniowego serii KLL-600<\/strong><\/p>\n<table>\n<tbody>\n<tr>\n<td>Numer modelu.<\/td>\n<td>KLL-D601R\/602R\/603R<\/td>\n<td>KLL-D601G\/602G\/603G<\/td>\n<\/tr>\n<tr>\n<td>\u0179r\u00f3d\u0142o \u015bwiat\u0142a<\/td>\n<td>Czerwony promie\u0144<\/td>\n<td>Zielony promie\u0144<\/td>\n<\/tr>\n<tr>\n<td>D\u0142ugo\u015b\u0107 fali laserowej<\/td>\n<td>635 nm<\/td>\n<td>520 nm<\/td>\n<\/tr>\n<tr>\n<td>Dioda laserowa<\/td>\n<td>100mW<\/td>\n<td>30mW<\/td>\n<\/tr>\n<tr>\n<td>Klasa bezpiecze\u0144stwa laserowego<\/td>\n<td colspan=\"2\">Klasa 2<\/td>\n<\/tr>\n<tr>\n<td>Zakres poziomowania:<\/td>\n<td colspan=\"2\">\u00b13\u00b0<\/td>\n<\/tr>\n<tr>\n<td>Czas poziomowania<\/td>\n<td colspan=\"2\">&lt;5 sekund<\/td>\n<\/tr>\n<tr>\n<td>Dok\u0142adno\u015b\u0107 poziomowania<\/td>\n<td colspan=\"2\">\u00b13 mm\/10 m<\/td>\n<\/tr>\n<tr>\n<td>Moc<\/td>\n<td colspan=\"2\">Akumulator litowo-jonowy 18650 3,7 V 4000 mAh<\/td>\n<\/tr>\n<tr>\n<td>Czas dzia\u0142ania<\/td>\n<td colspan=\"2\">Oko\u0142o 4h<\/td>\n<\/tr>\n<tr>\n<td>Temperatura pracy<\/td>\n<td colspan=\"2\">-10\u2103\uff5e+50\u2103<\/td>\n<\/tr>\n<tr>\n<td>Gwint monta\u017cowy<\/td>\n<td>1\/4\u2033-20\/1\/4\u2033-20\/1\/4\u2033-20 i 5\/8\u2033-11<\/td>\n<td>1\/4\u2033-20 i 5\/8\u2033-11<\/td>\n<\/tr>\n<tr>\n<td>Wodoodporny<\/td>\n<td colspan=\"2\">IP54<\/td>\n<\/tr>\n<\/tbody>\n<\/table>","protected":false},"excerpt":{"rendered":"<ul>\n<li>Dwie opcje kolor\u00f3w lasera: Wybierz mocn\u0105 wi\u0105zk\u0119 czerwon\u0105 lub znacznie ja\u015bniejsz\u0105 wi\u0105zk\u0119 zielon\u0105, aby uzyska\u0107 doskona\u0142\u0105 widoczno\u015b\u0107.<\/li>\n<li>Szybkie samopoziomowanie: automatyczne poziomowanie z dok\u0142adno\u015bci\u0105 \u00b13\u00b0 w czasie kr\u00f3tszym ni\u017c 5 sekund, co umo\u017cliwia natychmiastow\u0105 i dok\u0142adn\u0105 konfiguracj\u0119.<\/li>\n<li>D\u0142ugotrwa\u0142y akumulator: zasilany akumulatorem litowo-jonowym o pojemno\u015bci 4000 mAh, umo\u017cliwiaj\u0105cym d\u0142u\u017csze dzia\u0142anie bezprzewodowe.<\/li>\n<\/ul>","protected":false},"featured_media":4727,"comment_status":"open","ping_status":"closed","template":"","meta":[],"product_brand":[],"product_cat":[92],"product_tag":[],"class_list":{"0":"post-4726","1":"product","2":"type-product","3":"status-publish","4":"has-post-thumbnail","6":"product_cat-line-laser","8":"first","9":"instock","10":"shipping-taxable","11":"product-type-simple"},"_links":{"self":[{"href":"https:\/\/mountlaser.com\/pl\/wp-json\/wp\/v2\/product\/4726","targetHints":{"allow":["GET"]}}],"collection":[{"href":"https:\/\/mountlaser.com\/pl\/wp-json\/wp\/v2\/product"}],"about":[{"href":"https:\/\/mountlaser.com\/pl\/wp-json\/wp\/v2\/types\/product"}],"replies":[{"embeddable":true,"href":"https:\/\/mountlaser.com\/pl\/wp-json\/wp\/v2\/comments?post=4726"}],"wp:featuredmedia":[{"embeddable":true,"href":"https:\/\/mountlaser.com\/pl\/wp-json\/wp\/v2\/media\/4727"}],"wp:attachment":[{"href":"https:\/\/mountlaser.com\/pl\/wp-json\/wp\/v2\/media?parent=4726"}],"wp:term":[{"taxonomy":"product_brand","embeddable":true,"href":"https:\/\/mountlaser.com\/pl\/wp-json\/wp\/v2\/product_brand?post=4726"},{"taxonomy":"product_cat","embeddable":true,"href":"https:\/\/mountlaser.com\/pl\/wp-json\/wp\/v2\/product_cat?post=4726"},{"taxonomy":"product_tag","embeddable":true,"href":"https:\/\/mountlaser.com\/pl\/wp-json\/wp\/v2\/product_tag?post=4726"}],"curies":[{"name":"wp","href":"https:\/\/api.w.org\/{rel}","templated":true}]}}