{"id":4722,"date":"2025-11-21T02:05:02","date_gmt":"2025-11-21T02:05:02","guid":{"rendered":"https:\/\/mountlaser.com\/?post_type=product&#038;p=4722"},"modified":"2025-11-26T06:31:42","modified_gmt":"2025-11-26T06:31:42","slug":"line-laser-kll-d300-series","status":"publish","type":"product","link":"https:\/\/mountlaser.com\/pl\/produkt\/line-laser-kll-d300-series\/","title":{"rendered":"Laser liniowy serii KLL-D300"},"content":{"rendered":"<p><strong>Przegl\u0105d laser\u00f3w liniowych serii KLL-D300<\/strong><\/p>\n<p>Ten <a href=\"https:\/\/mountlaser.com\/pl\/about-us\/\"><strong>Laser liniowy serii KLL-D300<\/strong><\/a> Na nowo definiuje precyzj\u0119 i wszechstronno\u015b\u0107 w profesjonalnych pracach projektowych. Ta kompleksowa seria obejmuje KLL-D301\/302, zaawansowane poziomice laserowe z lini\u0105, kt\u00f3re wy\u015bwietlaj\u0105 obraz na o\u015bmiu powierzchniach, zapewniaj\u0105c pe\u0142ne pokrycie 360\u00b0, oraz prze\u0142omowy<a href=\"https:\/\/mountlaser.com\/pl\/contact-us\/\"> KLL-D303<\/a>, model 3D, kt\u00f3ry wy\u015bwietla obraz na dwunastu powierzchniach, zapewniaj\u0105c najwy\u017csz\u0105 jako\u015b\u0107 planowania przestrzennego. Dost\u0119pne w wersji o wysokiej widoczno\u015bci z zielon\u0105 wi\u0105zk\u0105 i standardowej z czerwon\u0105 wi\u0105zk\u0105, narz\u0119dzia te zosta\u0142y zaprojektowane z my\u015bl\u0105 o najbardziej wymagaj\u0105cych miejscach pracy.<\/p>\n<p>Sercem modeli D301 i D302 jest ich funkcja wysoce wydajnego samopoziomuj\u0105cego lasera krzy\u017cowego. Automatycznie poziomuj\u0105 z dok\u0142adno\u015bci\u0105 \u00b13\u00b0 w mniej ni\u017c 5 sekund, zapewniaj\u0105c dok\u0142adno\u015b\u0107 \u00b13 mm\/10 m, co pozwala na idealne ustawienie w poziomie i pionie. Ten wytrzyma\u0142y laser <a href=\"https:\/\/mountlaser.com\/pl\/kategoria-produktu\/line-laser\/\"><strong>Samopoziomuj\u0105cy laser krzy\u017cowy<\/strong><\/a> System w po\u0142\u0105czeniu z klas\u0105 ochrony IP54 gwarantuje niezawodno\u015b\u0107 w trudnych warunkach. Dla profesjonalist\u00f3w poszukuj\u0105cych najnowocze\u015bniejszej technologii uk\u0142adania, seria KLL-D300 oferuje gam\u0119 poziomic laserowych liniowych, kt\u00f3re sprawdz\u0105 si\u0119 w ka\u017cdym projekcie, od prostych pomiar\u00f3w wsp\u00f3\u0142rz\u0119dnych po pe\u0142ne modelowanie 3D.<\/p>\n<p>&nbsp;<\/p>\n<p><img fetchpriority=\"high\" decoding=\"async\" class=\"aligncenter wp-image-4723\" src=\"https:\/\/mountlaser.com\/wp-content\/uploads\/2025\/11\/KLL-3001.webp\" alt=\"Self-Leveling Cross Line Laser\" width=\"500\" height=\"500\" srcset=\"https:\/\/mountlaser.com\/wp-content\/uploads\/2025\/11\/KLL-3001.webp 800w, https:\/\/mountlaser.com\/wp-content\/uploads\/2025\/11\/KLL-3001-300x300.webp 300w, https:\/\/mountlaser.com\/wp-content\/uploads\/2025\/11\/KLL-3001-400x400.webp 400w, https:\/\/mountlaser.com\/wp-content\/uploads\/2025\/11\/KLL-3001-600x600.webp 600w, https:\/\/mountlaser.com\/wp-content\/uploads\/2025\/11\/KLL-3001-150x150.webp 150w, https:\/\/mountlaser.com\/wp-content\/uploads\/2025\/11\/KLL-3001-768x768.webp 768w, https:\/\/mountlaser.com\/wp-content\/uploads\/2025\/11\/KLL-3001-12x12.webp 12w\" sizes=\"(max-width: 500px) 100vw, 500px\" \/><\/p>\n<p>&nbsp;<\/p>\n<p><strong>Specyfikacje lasera liniowego serii KLL-D300<\/strong><\/p>\n<table>\n<tbody>\n<tr>\n<td>Numer modelu.<\/td>\n<td>KLL-D301R\/D302R\/303R<\/td>\n<td>KLL-D301G\/D302G\/303G<\/td>\n<\/tr>\n<tr>\n<td>\u0179r\u00f3d\u0142o \u015bwiat\u0142a<\/td>\n<td>Czerwony promie\u0144<\/td>\n<td>Zielony promie\u0144<\/td>\n<\/tr>\n<tr>\n<td>D\u0142ugo\u015b\u0107 fali laserowej<\/td>\n<td>635 nm<\/td>\n<td>520 nm<\/td>\n<\/tr>\n<tr>\n<td>Dioda laserowa<\/td>\n<td>100mW<\/td>\n<td>30mW<\/td>\n<\/tr>\n<tr>\n<td>Klasa bezpiecze\u0144stwa laserowego<\/td>\n<td colspan=\"2\">Klasa 2<\/td>\n<\/tr>\n<tr>\n<td>Zakres poziomowania:<\/td>\n<td colspan=\"2\">\u00b13\u00b0<\/td>\n<\/tr>\n<tr>\n<td>Czas poziomowania<\/td>\n<td colspan=\"2\">&lt;5 sekund<\/td>\n<\/tr>\n<tr>\n<td>Dok\u0142adno\u015b\u0107 poziomowania<\/td>\n<td colspan=\"2\">\u00b13 mm\/10 m<\/td>\n<\/tr>\n<tr>\n<td>Moc<\/td>\n<td colspan=\"2\">Akumulator litowo-jonowy 18650 3,7 V 4000 mAh<\/td>\n<\/tr>\n<tr>\n<td>Czas dzia\u0142ania<\/td>\n<td colspan=\"2\">Oko\u0142o 4h<\/td>\n<\/tr>\n<tr>\n<td>Temperatura pracy<\/td>\n<td colspan=\"2\">-10\u2103\uff5e+50\u2103<\/td>\n<\/tr>\n<tr>\n<td>Gwint monta\u017cowy<\/td>\n<td colspan=\"2\">1\/4\u2033-20<\/td>\n<\/tr>\n<tr>\n<td>Wodoodporny<\/td>\n<td colspan=\"2\">IP54<\/td>\n<\/tr>\n<\/tbody>\n<\/table>","protected":false},"excerpt":{"rendered":"<ul>\n<li>Projekcja wielopowierzchniowa: Wybierz spo\u015br\u00f3d 8-liniowych modeli 2D (D301\/302) zapewniaj\u0105cych zasi\u0119g 360\u00b0 lub 12-liniowego modelu 3D (D303) zapewniaj\u0105cego kompletny uk\u0142ad przestrzenny.<\/li>\n<li>Opcje podw\u00f3jnego lasera: Wybierz wi\u0105zk\u0119 czerwon\u0105 do standardowego u\u017cytku lub 6 razy ja\u015bniejsz\u0105 wi\u0105zk\u0119 zielon\u0105 dla lepszej widoczno\u015bci.<\/li>\n<li>Automatyczne poziomowanie: automatyczne poziomowanie w zakresie \u00b13\u00b0, umo\u017cliwiaj\u0105ce natychmiastow\u0105 i dok\u0142adn\u0105 konfiguracj\u0119 (&lt;5 sek.).<\/li>\n<\/ul>","protected":false},"featured_media":4725,"comment_status":"open","ping_status":"closed","template":"","meta":[],"product_brand":[],"product_cat":[92],"product_tag":[],"class_list":{"0":"post-4722","1":"product","2":"type-product","3":"status-publish","4":"has-post-thumbnail","6":"product_cat-line-laser","8":"first","9":"instock","10":"shipping-taxable","11":"product-type-simple"},"_links":{"self":[{"href":"https:\/\/mountlaser.com\/pl\/wp-json\/wp\/v2\/product\/4722","targetHints":{"allow":["GET"]}}],"collection":[{"href":"https:\/\/mountlaser.com\/pl\/wp-json\/wp\/v2\/product"}],"about":[{"href":"https:\/\/mountlaser.com\/pl\/wp-json\/wp\/v2\/types\/product"}],"replies":[{"embeddable":true,"href":"https:\/\/mountlaser.com\/pl\/wp-json\/wp\/v2\/comments?post=4722"}],"wp:featuredmedia":[{"embeddable":true,"href":"https:\/\/mountlaser.com\/pl\/wp-json\/wp\/v2\/media\/4725"}],"wp:attachment":[{"href":"https:\/\/mountlaser.com\/pl\/wp-json\/wp\/v2\/media?parent=4722"}],"wp:term":[{"taxonomy":"product_brand","embeddable":true,"href":"https:\/\/mountlaser.com\/pl\/wp-json\/wp\/v2\/product_brand?post=4722"},{"taxonomy":"product_cat","embeddable":true,"href":"https:\/\/mountlaser.com\/pl\/wp-json\/wp\/v2\/product_cat?post=4722"},{"taxonomy":"product_tag","embeddable":true,"href":"https:\/\/mountlaser.com\/pl\/wp-json\/wp\/v2\/product_tag?post=4722"}],"curies":[{"name":"wp","href":"https:\/\/api.w.org\/{rel}","templated":true}]}}