{"id":4721,"date":"2025-11-21T02:17:17","date_gmt":"2025-11-21T02:17:17","guid":{"rendered":"https:\/\/mountlaser.com\/?post_type=product&#038;p=4721"},"modified":"2025-11-26T06:29:06","modified_gmt":"2025-11-26T06:29:06","slug":"lp700-rotary-laser-receiver","status":"publish","type":"product","link":"https:\/\/mountlaser.com\/pl\/produkt\/lp700-rotary-laser-receiver\/","title":{"rendered":"Odbiornik lasera obrotowego LP700"},"content":{"rendered":"<p>Ten<a href=\"https:\/\/mountlaser.com\/pl\/\"><strong> Odbiornik lasera obrotowego LP700<\/strong><\/a> jest wysoce precyzyjny<a href=\"https:\/\/mountlaser.com\/pl\/about-us\/\"> <strong>Detektor poziomu laserowego<\/strong> <\/a>Zaprojektowany z my\u015bl\u0105 o zapewnieniu stabilnych i dok\u0142adnych odczyt\u00f3w w szerokim zakresie zastosowa\u0144 w budownictwie, geodezji i niwelacji zewn\u0119trznej. Zaprojektowany z trwa\u0142\u0105, gumowan\u0105 konstrukcj\u0105, obrotowy odbiornik laserowy LP700 oferuje zwi\u0119kszon\u0105 odporno\u015b\u0107 na uderzenia, dzi\u0119ki czemu jest niezawodny w wymagaj\u0105cych warunkach na placu budowy.<\/p>\n<p>Wyposa\u017cony w mocn\u0105 konstrukcj\u0119 magnetyczn\u0105 na g\u00f3rze, ten laserowy detektor poziomu zapewnia doskona\u0142\u0105 u\u017cyteczno\u015b\u0107, umo\u017cliwiaj\u0105c \u0142atwe mocowanie do metalowych powierzchni i obs\u0142ug\u0119 bez u\u017cycia r\u0105k. Odbiornik lasera obrotowego LP700 obs\u0142uguje \u015brednic\u0119 robocz\u0105 600\u2013800 m w po\u0142\u0105czeniu z laserami obrotowymi MountLaser oraz \u2265600 m w po\u0142\u0105czeniu z innymi laserami obrotowymi, zapewniaj\u0105c du\u017c\u0105 odleg\u0142o\u015b\u0107 wykrywania i stabiln\u0105 wydajno\u015b\u0107.<\/p>\n<p><img fetchpriority=\"high\" decoding=\"async\" class=\"aligncenter wp-image-4710\" src=\"https:\/\/mountlaser.com\/wp-content\/uploads\/2025\/11\/LP7004.webp\" alt=\"LP700 Rotary Laser Receiver\" width=\"500\" height=\"500\" srcset=\"https:\/\/mountlaser.com\/wp-content\/uploads\/2025\/11\/LP7004.webp 800w, https:\/\/mountlaser.com\/wp-content\/uploads\/2025\/11\/LP7004-300x300.webp 300w, https:\/\/mountlaser.com\/wp-content\/uploads\/2025\/11\/LP7004-400x400.webp 400w, https:\/\/mountlaser.com\/wp-content\/uploads\/2025\/11\/LP7004-600x600.webp 600w, https:\/\/mountlaser.com\/wp-content\/uploads\/2025\/11\/LP7004-150x150.webp 150w, https:\/\/mountlaser.com\/wp-content\/uploads\/2025\/11\/LP7004-768x768.webp 768w, https:\/\/mountlaser.com\/wp-content\/uploads\/2025\/11\/LP7004-12x12.webp 12w\" sizes=\"(max-width: 500px) 100vw, 500px\" \/><\/p>\n<p>Dzi\u0119ki czytelnemu wy\u015bwietlaczowi pokazuj\u0105cemu informacje o odleg\u0142o\u015bci, do\u0142\u0105czonemu zaciskowi u\u0142atwiaj\u0105cemu monta\u017c i zasilaniu bateryjnemu AA, ten model <a href=\"https:\/\/mountlaser.com\/pl\/products\/\">Detektor poziomu laserowego<\/a> zosta\u0142 stworzony z my\u015bl\u0105 o wygodzie, wydajno\u015bci i niezawodnej pracy w terenie.<\/p>","protected":false},"excerpt":{"rendered":"<ul>\n<li>Szybko i dok\u0142adnie wykrywa sygna\u0142y lasera obrotowego<\/li>\n<li>Obudowa pokryta gum\u0105 zwi\u0119ksza trwa\u0142o\u015b\u0107 i odporno\u015b\u0107 na uderzenia<\/li>\n<li>Mocna magnetyczna konstrukcja umo\u017cliwiaj\u0105ca monta\u017c bez u\u017cycia r\u0105k na powierzchniach metalowych<\/li>\n<li>Wy\u015bwietla informacje o odleg\u0142o\u015bci, umo\u017cliwiaj\u0105c precyzyjn\u0105 regulacj\u0119 poziomowania<\/li>\n<li>Du\u017ca \u015brednica robocza: 600\u2013800 m w przypadku laser\u00f3w obrotowych MountLaser; \u2265600 m w przypadku innych<\/li>\n<li>W zestawie znajduje si\u0119 zacisk monta\u017cowy umo\u017cliwiaj\u0105cy \u0142atw\u0105 instalacj\u0119<\/li>\n<li>Zasilany standardowymi bateriami alkalicznymi AA<\/li>\n<\/ul>","protected":false},"featured_media":4707,"comment_status":"open","ping_status":"closed","template":"","meta":[],"product_brand":[],"product_cat":[134,93],"product_tag":[],"class_list":{"0":"post-4721","1":"product","2":"type-product","3":"status-publish","4":"has-post-thumbnail","6":"product_cat-rotary-laser-receiver","7":"product_cat-rotary-laser","9":"first","10":"instock","11":"shipping-taxable","12":"product-type-simple"},"_links":{"self":[{"href":"https:\/\/mountlaser.com\/pl\/wp-json\/wp\/v2\/product\/4721","targetHints":{"allow":["GET"]}}],"collection":[{"href":"https:\/\/mountlaser.com\/pl\/wp-json\/wp\/v2\/product"}],"about":[{"href":"https:\/\/mountlaser.com\/pl\/wp-json\/wp\/v2\/types\/product"}],"replies":[{"embeddable":true,"href":"https:\/\/mountlaser.com\/pl\/wp-json\/wp\/v2\/comments?post=4721"}],"wp:featuredmedia":[{"embeddable":true,"href":"https:\/\/mountlaser.com\/pl\/wp-json\/wp\/v2\/media\/4707"}],"wp:attachment":[{"href":"https:\/\/mountlaser.com\/pl\/wp-json\/wp\/v2\/media?parent=4721"}],"wp:term":[{"taxonomy":"product_brand","embeddable":true,"href":"https:\/\/mountlaser.com\/pl\/wp-json\/wp\/v2\/product_brand?post=4721"},{"taxonomy":"product_cat","embeddable":true,"href":"https:\/\/mountlaser.com\/pl\/wp-json\/wp\/v2\/product_cat?post=4721"},{"taxonomy":"product_tag","embeddable":true,"href":"https:\/\/mountlaser.com\/pl\/wp-json\/wp\/v2\/product_tag?post=4721"}],"curies":[{"name":"wp","href":"https:\/\/api.w.org\/{rel}","templated":true}]}}