{"id":4717,"date":"2025-11-21T01:51:49","date_gmt":"2025-11-21T01:51:49","guid":{"rendered":"https:\/\/mountlaser.com\/?post_type=product&#038;p=4717"},"modified":"2025-11-26T06:33:01","modified_gmt":"2025-11-26T06:33:01","slug":"line-laser-kll-012","status":"publish","type":"product","link":"https:\/\/mountlaser.com\/pl\/produkt\/line-laser-kll-012\/","title":{"rendered":"Laser liniowy KLL-012"},"content":{"rendered":"<p>G\u00f3ra Laser <a href=\"https:\/\/mountlaser.com\/pl\/products\/\"><strong>Laser liniowy KLL-012<\/strong><\/a> jest wszechstronny i przyjazny dla u\u017cytkownika <a href=\"https:\/\/mountlaser.com\/pl\/about-us\/\"><strong>Poziomice laserowe 2D<\/strong><\/a>, zaprojektowany z my\u015bl\u0105 o zapewnieniu precyzji i prostoty w wielu projektach poziomowania i wyr\u00f3wnywania. To narz\u0119dzie jest dost\u0119pne w dw\u00f3ch modelach: KLL-012R ze standardow\u0105 czerwon\u0105 wi\u0105zk\u0105 oraz KLL-012G z zielon\u0105 wi\u0105zk\u0105 o wysokiej widoczno\u015bci, kt\u00f3ra jest znacznie ja\u015bniejsza, co u\u0142atwia prac\u0119 w dobrze o\u015bwietlonych pomieszczeniach. W swojej istocie KLL-012 dzia\u0142a jako niezwykle precyzyjny laser krzy\u017cowy, generuj\u0105cy wyra\u017ane linie poziome i pionowe do zada\u0144 takich jak wieszanie obraz\u00f3w, monta\u017c p\u00f3\u0142ek czy uk\u0142adanie p\u0142ytek.<\/p>\n<p>Co wyr\u00f3\u017cnia ten instrument w kategorii <a href=\"https:\/\/mountlaser.com\/pl\/contact-us\/\">Poziomice laserowe 2D<\/a> To solidny mechanizm samopoziomuj\u0105cy. Poziomuje si\u0119 automatycznie w zakresie \u00b13\u00b0 w mniej ni\u017c 5 sekund, zapewniaj\u0105c dok\u0142adno\u015b\u0107 \u00b13 mm\/10 m i niezawodne rezultaty za ka\u017cdym razem. Wytrzyma\u0142a konstrukcja, w po\u0142\u0105czeniu z py\u0142oszczelno\u015bci\u0105 i wodoodporno\u015bci\u0105 IP54, sprawia, \u017ce ta poziomica laserowa krzy\u017cowa jest odporna na trudne warunki panuj\u0105ce na placu budowy. Dla ka\u017cdego profesjonalisty lub majsterkowicza poszukuj\u0105cego niezawodnej i dok\u0142adnej poziomicy laserowej 2D, model KLL-012 zapewnia niezb\u0119dne funkcje niezb\u0119dne do prawid\u0142owego wykonania pracy.<\/p>\n<p><img fetchpriority=\"high\" decoding=\"async\" class=\"aligncenter wp-image-4718\" src=\"https:\/\/mountlaser.com\/wp-content\/uploads\/2025\/11\/KLL-0121.webp\" alt=\"2D Laser Levels\" width=\"500\" height=\"500\" srcset=\"https:\/\/mountlaser.com\/wp-content\/uploads\/2025\/11\/KLL-0121.webp 800w, https:\/\/mountlaser.com\/wp-content\/uploads\/2025\/11\/KLL-0121-300x300.webp 300w, https:\/\/mountlaser.com\/wp-content\/uploads\/2025\/11\/KLL-0121-400x400.webp 400w, https:\/\/mountlaser.com\/wp-content\/uploads\/2025\/11\/KLL-0121-600x600.webp 600w, https:\/\/mountlaser.com\/wp-content\/uploads\/2025\/11\/KLL-0121-150x150.webp 150w, https:\/\/mountlaser.com\/wp-content\/uploads\/2025\/11\/KLL-0121-768x768.webp 768w, https:\/\/mountlaser.com\/wp-content\/uploads\/2025\/11\/KLL-0121-12x12.webp 12w\" sizes=\"(max-width: 500px) 100vw, 500px\" \/><\/p>\n<p>&nbsp;<\/p>\n<p><strong>Specyfikacja lasera liniowego KLL-012<\/strong><\/p>\n<table style=\"height: 423px;\" border=\"0\" width=\"704\">\n<tbody>\n<tr>\n<td class=\"et2\">Numer modelu.<\/td>\n<td class=\"et2\">KLL-012R<\/td>\n<td class=\"et2\">KLL-012G<\/td>\n<\/tr>\n<tr>\n<td class=\"et2\">\u0179r\u00f3d\u0142o \u015bwiat\u0142a<\/td>\n<td class=\"et2\">Czerwony promie\u0144<\/td>\n<td class=\"et2\">Zielony promie\u0144<\/td>\n<\/tr>\n<tr>\n<td class=\"et2\">D\u0142ugo\u015b\u0107 fali laserowej<\/td>\n<td class=\"et2\">635 nm<\/td>\n<td class=\"et2\">520 nm<\/td>\n<\/tr>\n<tr>\n<td class=\"et2\">Dioda laserowa<\/td>\n<td class=\"et2\">10mW<\/td>\n<td class=\"et2\">30mW<\/td>\n<\/tr>\n<tr>\n<td class=\"et2\">Klasa bezpiecze\u0144stwa laserowego<\/td>\n<td class=\"et4\" colspan=\"2\">Klasa 2<\/td>\n<\/tr>\n<tr>\n<td class=\"et2\">Zakres poziomowania:<\/td>\n<td class=\"et4\" colspan=\"2\">\u00b13\u00b0<\/td>\n<\/tr>\n<tr>\n<td class=\"et2\">Czas poziomowania<\/td>\n<td class=\"et4\" colspan=\"2\">&lt;5 sekund<\/td>\n<\/tr>\n<tr>\n<td class=\"et2\">Dok\u0142adno\u015b\u0107 poziomowania<\/td>\n<td class=\"et4\" colspan=\"2\">\u00b13 mm\/10 m<\/td>\n<\/tr>\n<tr>\n<td class=\"et2\">Moc<\/td>\n<td class=\"et4\" colspan=\"2\">3 baterie alkaliczne AAA<\/td>\n<\/tr>\n<tr>\n<td class=\"et2\">Czas dzia\u0142ania<\/td>\n<td class=\"et2\">Oko\u0142o 8 godzin<\/td>\n<td class=\"et2\">Oko\u0142o 6 godzin<\/td>\n<\/tr>\n<tr>\n<td class=\"et2\">Temperatura pracy<\/td>\n<td class=\"et4\" colspan=\"2\">-10\u2103-+50\u2103<\/td>\n<\/tr>\n<tr>\n<td class=\"et2\">Gwint monta\u017cowy<\/td>\n<td class=\"et4\" colspan=\"2\">1\/4\u2033-20<\/td>\n<\/tr>\n<tr>\n<td class=\"et2\">Wodoodporny<\/td>\n<td class=\"et4\" colspan=\"2\">IP54<\/td>\n<\/tr>\n<\/tbody>\n<\/table>","protected":false},"excerpt":{"rendered":"<ul>\n<li>Projekcja linii poprzecznej: wy\u015bwietla jedn\u0105 wyra\u017an\u0105 lini\u0119 poziom\u0105 i jedn\u0105 lini\u0119 pionow\u0105, co u\u0142atwia wykonywanie podstawowych zada\u0144 zwi\u0105zanych z wyr\u00f3wnywaniem.<\/li>\n<li>Samopoziomowanie: automatyczne poziomowanie w zakresie \u00b13\u00b0, co umo\u017cliwia natychmiastow\u0105 i dok\u0142adn\u0105 konfiguracj\u0119.<\/li>\n<li>Tryb r\u0119czny: Blokada wahad\u0142owa umo\u017cliwia prowadzenie linii pod k\u0105tem lub bezpieczny transport.<\/li>\n<li>D\u0142uga \u017cywotno\u015b\u0107 baterii: Zasilany trzema bateriami AAA, zapewnia do 8 godzin (czerwony) lub 6 godzin (zielony) pracy.<\/li>\n<\/ul>","protected":false},"featured_media":4720,"comment_status":"open","ping_status":"closed","template":"","meta":[],"product_brand":[],"product_cat":[92],"product_tag":[],"class_list":{"0":"post-4717","1":"product","2":"type-product","3":"status-publish","4":"has-post-thumbnail","6":"product_cat-line-laser","8":"first","9":"instock","10":"shipping-taxable","11":"product-type-simple"},"_links":{"self":[{"href":"https:\/\/mountlaser.com\/pl\/wp-json\/wp\/v2\/product\/4717","targetHints":{"allow":["GET"]}}],"collection":[{"href":"https:\/\/mountlaser.com\/pl\/wp-json\/wp\/v2\/product"}],"about":[{"href":"https:\/\/mountlaser.com\/pl\/wp-json\/wp\/v2\/types\/product"}],"replies":[{"embeddable":true,"href":"https:\/\/mountlaser.com\/pl\/wp-json\/wp\/v2\/comments?post=4717"}],"wp:featuredmedia":[{"embeddable":true,"href":"https:\/\/mountlaser.com\/pl\/wp-json\/wp\/v2\/media\/4720"}],"wp:attachment":[{"href":"https:\/\/mountlaser.com\/pl\/wp-json\/wp\/v2\/media?parent=4717"}],"wp:term":[{"taxonomy":"product_brand","embeddable":true,"href":"https:\/\/mountlaser.com\/pl\/wp-json\/wp\/v2\/product_brand?post=4717"},{"taxonomy":"product_cat","embeddable":true,"href":"https:\/\/mountlaser.com\/pl\/wp-json\/wp\/v2\/product_cat?post=4717"},{"taxonomy":"product_tag","embeddable":true,"href":"https:\/\/mountlaser.com\/pl\/wp-json\/wp\/v2\/product_tag?post=4717"}],"curies":[{"name":"wp","href":"https:\/\/api.w.org\/{rel}","templated":true}]}}