{"id":4713,"date":"2025-11-21T01:37:15","date_gmt":"2025-11-21T01:37:15","guid":{"rendered":"https:\/\/mountlaser.com\/?post_type=product&#038;p=4713"},"modified":"2025-11-26T06:44:16","modified_gmt":"2025-11-26T06:44:16","slug":"line-laser-kll-015","status":"publish","type":"product","link":"https:\/\/mountlaser.com\/pl\/produkt\/line-laser-kll-015\/","title":{"rendered":"Laser liniowy KLL-015"},"content":{"rendered":"<p>Ten <a href=\"https:\/\/mountlaser.com\/pl\/products\/\"><strong>Laser liniowy KLL-015<\/strong><\/a> Mount Laser to wszechstronne i precyzyjne narz\u0119dzie przeznaczone dla profesjonalist\u00f3w wymagaj\u0105cych dok\u0142adno\u015bci i wydajno\u015bci. Ta zaawansowana poziomica laserowa z wahad\u0142em wy\u015bwietla pi\u0119\u0107 wyra\u017anych linii laserowych \u2013 trzy pionowe i dwie poziome \u2013 na dowolnej powierzchni roboczej, tworz\u0105c pe\u0142n\u0105, 360-stopniow\u0105 p\u0142aszczyzn\u0119 odniesienia do skomplikowanych zada\u0144 projektowych. Innowacyjny, 5-liniowy system laserowy znacznie przyspiesza monta\u017c p\u0142ytek, sufit\u00f3w, \u015bcianek dzia\u0142owych i innych element\u00f3w.<\/p>\n<p>Wyposa\u017cony w samopoziomuj\u0105ce wahad\u0142o, <a href=\"https:\/\/mountlaser.com\/pl\/\"><strong>Poziomica laserowa wahad\u0142owa<\/strong><\/a> Zapewnia wyj\u0105tkow\u0105 dok\u0142adno\u015b\u0107 do \u00b13 mm w odleg\u0142o\u015bci 10 metr\u00f3w, automatycznie poziomuj\u0105c si\u0119 w mniej ni\u017c 5 sekund. Dla dodatkowej elastyczno\u015bci, wahad\u0142o mo\u017cna zablokowa\u0107 w trybie r\u0119cznym, co pozwala na tworzenie linii pod k\u0105tem. Wyr\u00f3\u017cniaj\u0105c\u0105 cech\u0105 tego <a href=\"https:\/\/mountlaser.com\/pl\/about-us\/\"><strong>5-liniowy laser liniowy<\/strong><\/a> to jego jaskrawozielony promie\u0144, kt\u00f3ry jest sze\u015b\u0107 razy ja\u015bniejszy od standardowych czerwonych laser\u00f3w, zapewniaj\u0105c wyra\u017an\u0105 widoczno\u015b\u0107 nawet w jasnych pomieszczeniach i na wi\u0119ksze odleg\u0142o\u015bci.<\/p>\n<p><img fetchpriority=\"high\" decoding=\"async\" class=\"aligncenter wp-image-4714\" src=\"https:\/\/mountlaser.com\/wp-content\/uploads\/2025\/11\/KLL-0151.webp\" alt=\"5 line Line Laser\" width=\"500\" height=\"500\" srcset=\"https:\/\/mountlaser.com\/wp-content\/uploads\/2025\/11\/KLL-0151.webp 800w, https:\/\/mountlaser.com\/wp-content\/uploads\/2025\/11\/KLL-0151-300x300.webp 300w, https:\/\/mountlaser.com\/wp-content\/uploads\/2025\/11\/KLL-0151-400x400.webp 400w, https:\/\/mountlaser.com\/wp-content\/uploads\/2025\/11\/KLL-0151-600x600.webp 600w, https:\/\/mountlaser.com\/wp-content\/uploads\/2025\/11\/KLL-0151-150x150.webp 150w, https:\/\/mountlaser.com\/wp-content\/uploads\/2025\/11\/KLL-0151-768x768.webp 768w, https:\/\/mountlaser.com\/wp-content\/uploads\/2025\/11\/KLL-0151-12x12.webp 12w\" sizes=\"(max-width: 500px) 100vw, 500px\" \/><\/p>\n<p>&nbsp;<\/p>\n<p><strong>Specyfikacja lasera liniowego KLL-015<\/strong><\/p>\n<table style=\"border-collapse: collapse; width: 544px; height: 406px;\" border=\"0\" width=\"346\" cellspacing=\"0\" cellpadding=\"0\">\n<tbody>\n<tr style=\"height: 19.50pt;\">\n<td class=\"et2\" style=\"height: 19.50pt; width: 135.00pt;\" width=\"180\" height=\"26\">Numer modelu.<\/td>\n<td class=\"et3\" style=\"width: 124.50pt;\" width=\"166\">KLL-015G<\/td>\n<\/tr>\n<tr style=\"height: 19.50pt;\">\n<td class=\"et4\" style=\"height: 19.50pt; width: 135.00pt;\" width=\"180\" height=\"26\">\u0179r\u00f3d\u0142o \u015bwiat\u0142a<\/td>\n<td class=\"et5\" style=\"width: 124.50pt;\" width=\"166\">Zielony promie\u0144<\/td>\n<\/tr>\n<tr style=\"height: 19.50pt;\">\n<td class=\"et4\" style=\"height: 19.50pt; width: 135.00pt;\" width=\"180\" height=\"26\">D\u0142ugo\u015b\u0107 fali laserowej<\/td>\n<td class=\"et5\" style=\"width: 124.50pt;\" width=\"166\">520 nm<\/td>\n<\/tr>\n<tr style=\"height: 19.50pt;\">\n<td class=\"et4\" style=\"height: 19.50pt; width: 135.00pt;\" width=\"180\" height=\"26\">Moc lasera<\/td>\n<td class=\"et5\" style=\"width: 124.50pt;\" width=\"166\">30mW<\/td>\n<\/tr>\n<tr style=\"height: 19.50pt;\">\n<td class=\"et4\" style=\"height: 19.50pt; width: 135.00pt;\" width=\"180\" height=\"26\">Dioda laserowa punktowa<\/td>\n<td class=\"et5\" style=\"width: 124.50pt;\" width=\"166\">Czerwony 650nm 5mw<\/td>\n<\/tr>\n<tr style=\"height: 19.50pt;\">\n<td class=\"et4\" style=\"height: 19.50pt; width: 135.00pt;\" width=\"180\" height=\"26\">Klasa bezpiecze\u0144stwa laserowego<\/td>\n<td class=\"et5\" style=\"width: 124.50pt;\" width=\"166\">Klasa 2<\/td>\n<\/tr>\n<tr style=\"height: 19.50pt;\">\n<td class=\"et4\" style=\"height: 19.50pt; width: 135.00pt;\" width=\"180\" height=\"26\">Zakres poziomowania<\/td>\n<td class=\"et5\" style=\"width: 124.50pt;\" width=\"166\">\u00b13\u00b0<\/td>\n<\/tr>\n<tr style=\"height: 19.50pt;\">\n<td class=\"et4\" style=\"height: 19.50pt; width: 135.00pt;\" width=\"180\" height=\"26\">Czas poziomowania<\/td>\n<td class=\"et5\" style=\"width: 124.50pt;\" width=\"166\">&lt;5 sekund<\/td>\n<\/tr>\n<tr style=\"height: 19.50pt;\">\n<td class=\"et4\" style=\"height: 19.50pt; width: 135.00pt;\" width=\"180\" height=\"26\">Dok\u0142adno\u015b\u0107 poziomowania<\/td>\n<td class=\"et5\" style=\"width: 124.50pt;\" width=\"166\">\u00b13 mm\/10 m<\/td>\n<\/tr>\n<tr style=\"height: 38.25pt;\">\n<td class=\"et4\" style=\"height: 38.25pt; width: 135.00pt;\" width=\"180\" height=\"51\">Moc<\/td>\n<td class=\"et5\" style=\"width: 124.50pt;\" width=\"166\">Akumulator litowo-jonowy 18650 3,7 V 4000 mAh<\/td>\n<\/tr>\n<tr style=\"height: 19.50pt;\">\n<td class=\"et4\" style=\"height: 19.50pt; width: 135.00pt;\" width=\"180\" height=\"26\">Czas dzia\u0142ania<\/td>\n<td class=\"et5\" style=\"width: 124.50pt;\" width=\"166\">Oko\u0142o 6 godzin<\/td>\n<\/tr>\n<tr style=\"height: 19.50pt;\">\n<td class=\"et4\" style=\"height: 19.50pt; width: 135.00pt;\" width=\"180\" height=\"26\">Temperatura pracy<\/td>\n<td class=\"et5\" style=\"width: 124.50pt;\" width=\"166\">-10\u2103\uff5e+50\u2103<\/td>\n<\/tr>\n<tr style=\"height: 19.50pt;\">\n<td class=\"et4\" style=\"height: 19.50pt; width: 135.00pt;\" width=\"180\" height=\"26\">Gwint monta\u017cowy<\/td>\n<td class=\"et5\" style=\"width: 124.50pt;\" width=\"166\">5\/8\u2033-11<\/td>\n<\/tr>\n<tr style=\"height: 19.50pt;\">\n<td class=\"et4\" style=\"height: 19.50pt; width: 135.00pt;\" width=\"180\" height=\"26\">Wodoodporny<\/td>\n<td class=\"et5\" style=\"width: 124.50pt;\" width=\"166\">IP54<\/td>\n<\/tr>\n<\/tbody>\n<\/table>","protected":false},"excerpt":{"rendered":"<ul>\n<li>5-liniowy laser liniowy: wy\u015bwietla dwie linie poziome i trzy linie pionowe, co pozwala na pokrycie ca\u0142ego uk\u0142adu.<\/li>\n<li>Technologia zielonego lasera: wykorzystuje zielon\u0105 wi\u0105zk\u0119 o d\u0142ugo\u015bci fali 520 nm, kt\u00f3ra jest 6 razy ja\u015bniejsza od czerwonych laser\u00f3w i zapewnia doskona\u0142\u0105 widoczno\u015b\u0107.<\/li>\n<li>Samopoziomuj\u0105ce wahad\u0142o: automatycznie poziomuje w zakresie \u00b13\u00b0, umo\u017cliwiaj\u0105c natychmiastowe i dok\u0142adne ustawienie.<\/li>\n<\/ul>","protected":false},"featured_media":4716,"comment_status":"open","ping_status":"closed","template":"","meta":[],"product_brand":[],"product_cat":[92],"product_tag":[],"class_list":{"0":"post-4713","1":"product","2":"type-product","3":"status-publish","4":"has-post-thumbnail","6":"product_cat-line-laser","8":"first","9":"instock","10":"shipping-taxable","11":"product-type-simple"},"_links":{"self":[{"href":"https:\/\/mountlaser.com\/pl\/wp-json\/wp\/v2\/product\/4713","targetHints":{"allow":["GET"]}}],"collection":[{"href":"https:\/\/mountlaser.com\/pl\/wp-json\/wp\/v2\/product"}],"about":[{"href":"https:\/\/mountlaser.com\/pl\/wp-json\/wp\/v2\/types\/product"}],"replies":[{"embeddable":true,"href":"https:\/\/mountlaser.com\/pl\/wp-json\/wp\/v2\/comments?post=4713"}],"wp:featuredmedia":[{"embeddable":true,"href":"https:\/\/mountlaser.com\/pl\/wp-json\/wp\/v2\/media\/4716"}],"wp:attachment":[{"href":"https:\/\/mountlaser.com\/pl\/wp-json\/wp\/v2\/media?parent=4713"}],"wp:term":[{"taxonomy":"product_brand","embeddable":true,"href":"https:\/\/mountlaser.com\/pl\/wp-json\/wp\/v2\/product_brand?post=4713"},{"taxonomy":"product_cat","embeddable":true,"href":"https:\/\/mountlaser.com\/pl\/wp-json\/wp\/v2\/product_cat?post=4713"},{"taxonomy":"product_tag","embeddable":true,"href":"https:\/\/mountlaser.com\/pl\/wp-json\/wp\/v2\/product_tag?post=4713"}],"curies":[{"name":"wp","href":"https:\/\/api.w.org\/{rel}","templated":true}]}}