{"id":4712,"date":"2025-11-21T01:29:23","date_gmt":"2025-11-21T01:29:23","guid":{"rendered":"https:\/\/mountlaser.com\/?post_type=product&#038;p=4712"},"modified":"2025-11-26T06:45:39","modified_gmt":"2025-11-26T06:45:39","slug":"lp500-rotary-laser-receiver","status":"publish","type":"product","link":"https:\/\/mountlaser.com\/pl\/produkt\/lp500-rotary-laser-receiver\/","title":{"rendered":"Odbiornik lasera obrotowego LP500"},"content":{"rendered":"<p>Ten <a href=\"https:\/\/mountlaser.com\/pl\/\"><strong>Odbiornik lasera obrotowego LP500<\/strong> <\/a>jest wysokowydajny <a href=\"https:\/\/mountlaser.com\/pl\/products\/\"><strong>Uniwersalny odbiornik poziomu laserowego<\/strong><\/a> Zaprojektowany z my\u015bl\u0105 o detekcji dalekiego zasi\u0119gu i niezawodnej pracy na zewn\u0105trz. Zaprojektowany w wytrzyma\u0142ej, gumowanej obudowie, obrotowy odbiornik laserowy LP500 oferuje doskona\u0142\u0105 odporno\u015b\u0107 na uderzenia, gwarantuj\u0105c niezawodn\u0105 prac\u0119 w trudnych warunkach roboczych.<\/p>\n<p>Dzi\u0119ki mocnemu magnesowi na g\u00f3rze, ten uniwersalny odbiornik laserowy mo\u017cna bezpiecznie przymocowa\u0107 do metalowych powierzchni, zapewniaj\u0105c obs\u0142ug\u0119 bez u\u017cycia r\u0105k i zwi\u0119kszaj\u0105c wydajno\u015b\u0107 pracy. W po\u0142\u0105czeniu z laserem obrotowym MountLaser, <a href=\"https:\/\/mountlaser.com\/pl\/about-us\/\">Odbiornik lasera obrotowego LP500<\/a> zapewnia \u015brednic\u0119 u\u017cytkow\u0105 800\u20131000 m, a w przypadku innych laser\u00f3w obrotowych \u2265600 m \u2014 idealnie nadaje si\u0119 do zastosowa\u0144 w budownictwie, geodezji i niwelacji du\u017cych obszar\u00f3w.<\/p>\n<p><img fetchpriority=\"high\" decoding=\"async\" class=\"aligncenter wp-image-4703\" src=\"https:\/\/mountlaser.com\/wp-content\/uploads\/2025\/11\/LP5002.webp\" alt=\"LP500 Rotary Laser Receiver\" width=\"500\" height=\"500\" srcset=\"https:\/\/mountlaser.com\/wp-content\/uploads\/2025\/11\/LP5002.webp 800w, https:\/\/mountlaser.com\/wp-content\/uploads\/2025\/11\/LP5002-300x300.webp 300w, https:\/\/mountlaser.com\/wp-content\/uploads\/2025\/11\/LP5002-400x400.webp 400w, https:\/\/mountlaser.com\/wp-content\/uploads\/2025\/11\/LP5002-600x600.webp 600w, https:\/\/mountlaser.com\/wp-content\/uploads\/2025\/11\/LP5002-150x150.webp 150w, https:\/\/mountlaser.com\/wp-content\/uploads\/2025\/11\/LP5002-768x768.webp 768w, https:\/\/mountlaser.com\/wp-content\/uploads\/2025\/11\/LP5002-12x12.webp 12w\" sizes=\"(max-width: 500px) 100vw, 500px\" \/><\/p>\n<p>Uniwersalny odbiornik poziomicy laserowej wyposa\u017cony jest w zacisk umo\u017cliwiaj\u0105cy \u0142atwe mocowanie do \u0142at niwelacyjnych i dzia\u0142a przy u\u017cyciu standardowych baterii alkalicznych AA, co zapewnia wygod\u0119 i niezawodno\u015b\u0107 podczas ca\u0142odziennego u\u017cytkowania w terenie.<\/p>","protected":false},"excerpt":{"rendered":"<ul>\n<li>Wykrywanie dalekiego zasi\u0119gu: 800\u20131000 m z laserami obrotowymi MountLaser, zasi\u0119g wykrywania \u2265600 m z innymi laserami obrotowymi<\/li>\n<li>Gumowana obudowa zapewniaj\u0105ca zwi\u0119kszon\u0105 odporno\u015b\u0107 na uderzenia<\/li>\n<li>Mocna konstrukcja magnetyczna zapewniaj\u0105ca bezpieczne mocowanie<\/li>\n<li>Zawiera zacisk do pr\u0119t\u00f3w i zastosowa\u0144 poziomuj\u0105cych<\/li>\n<li>Zasilany powszechnie dost\u0119pnymi bateriami alkalicznymi AA<\/li>\n<li>Nadaje si\u0119 do prac budowlanych na zewn\u0105trz, niwelacji terenu i pomiar\u00f3w geodezyjnych<\/li>\n<\/ul>","protected":false},"featured_media":4702,"comment_status":"open","ping_status":"closed","template":"","meta":[],"product_brand":[],"product_cat":[134,93],"product_tag":[],"class_list":{"0":"post-4712","1":"product","2":"type-product","3":"status-publish","4":"has-post-thumbnail","6":"product_cat-rotary-laser-receiver","7":"product_cat-rotary-laser","9":"first","10":"instock","11":"shipping-taxable","12":"product-type-simple"},"_links":{"self":[{"href":"https:\/\/mountlaser.com\/pl\/wp-json\/wp\/v2\/product\/4712","targetHints":{"allow":["GET"]}}],"collection":[{"href":"https:\/\/mountlaser.com\/pl\/wp-json\/wp\/v2\/product"}],"about":[{"href":"https:\/\/mountlaser.com\/pl\/wp-json\/wp\/v2\/types\/product"}],"replies":[{"embeddable":true,"href":"https:\/\/mountlaser.com\/pl\/wp-json\/wp\/v2\/comments?post=4712"}],"wp:featuredmedia":[{"embeddable":true,"href":"https:\/\/mountlaser.com\/pl\/wp-json\/wp\/v2\/media\/4702"}],"wp:attachment":[{"href":"https:\/\/mountlaser.com\/pl\/wp-json\/wp\/v2\/media?parent=4712"}],"wp:term":[{"taxonomy":"product_brand","embeddable":true,"href":"https:\/\/mountlaser.com\/pl\/wp-json\/wp\/v2\/product_brand?post=4712"},{"taxonomy":"product_cat","embeddable":true,"href":"https:\/\/mountlaser.com\/pl\/wp-json\/wp\/v2\/product_cat?post=4712"},{"taxonomy":"product_tag","embeddable":true,"href":"https:\/\/mountlaser.com\/pl\/wp-json\/wp\/v2\/product_tag?post=4712"}],"curies":[{"name":"wp","href":"https:\/\/api.w.org\/{rel}","templated":true}]}}