{"id":4649,"date":"2025-11-20T07:14:18","date_gmt":"2025-11-20T07:14:18","guid":{"rendered":"https:\/\/mountlaser.com\/?post_type=product&#038;p=4649"},"modified":"2025-11-26T06:56:10","modified_gmt":"2025-11-26T06:56:10","slug":"rltb01-rotary-laser-tilting-base","status":"publish","type":"product","link":"https:\/\/mountlaser.com\/pl\/produkt\/rltb01-rotary-laser-tilting-base\/","title":{"rendered":"RLTB01 Obrotowa, pochylana podstawa laserowa"},"content":{"rendered":"<p>Ten <a href=\"https:\/\/mountlaser.com\/pl\/\"><strong>RLTB01 Obrotowa, pochylana podstawa laserowa<\/strong><\/a> to profesjonalne akcesorium przeznaczone do precyzyjnych pomiar\u00f3w nachylenia i k\u0105ta. Zaprojektowana z my\u015bl\u0105 o niezawodno\u015bci, obrotowa, uchylna podstawa lasera RLTB01 pozwala u\u017cytkownikom przekszta\u0142ci\u0107 niemal ka\u017cdy laser obrotowy w jednoosiowy laser nachylenia, co czyni go idealnym do niwelacji, wyr\u00f3wnywania i zaawansowanych prac projektowych.<\/p>\n<p>Jako jeden z najbardziej zaufanych <a href=\"https:\/\/mountlaser.com\/pl\/products\/\"><strong>Dostawcy podstawy pochylanej laserowo<\/strong><\/a>, Gwarantujemy, \u017ce obrotowa, uchylna podstawa laserowa RLTB01 zapewnia wyj\u0105tkow\u0105 stabilno\u015b\u0107 i regulowan\u0105 kontrol\u0119 nachylenia w wymagaj\u0105cych warunkach pracy. To trwa\u0142e rozwi\u0105zanie firmy Laser Tilting Base Suppliers umo\u017cliwia p\u0142ynn\u0105 i precyzyjn\u0105 regulacj\u0119 k\u0105ta nachylenia, pomagaj\u0105c u\u017cytkownikom uzyska\u0107 precyzyjne ustawienia nachylenia przy minimalnym wysi\u0142ku.<\/p>\n<p><img fetchpriority=\"high\" decoding=\"async\" class=\"aligncenter wp-image-4650\" src=\"https:\/\/mountlaser.com\/wp-content\/uploads\/2025\/11\/RLTB011.webp\" alt=\"RLTB01 Rotary Laser Tilting Base\" width=\"500\" height=\"500\" srcset=\"https:\/\/mountlaser.com\/wp-content\/uploads\/2025\/11\/RLTB011.webp 800w, https:\/\/mountlaser.com\/wp-content\/uploads\/2025\/11\/RLTB011-300x300.webp 300w, https:\/\/mountlaser.com\/wp-content\/uploads\/2025\/11\/RLTB011-400x400.webp 400w, https:\/\/mountlaser.com\/wp-content\/uploads\/2025\/11\/RLTB011-600x600.webp 600w, https:\/\/mountlaser.com\/wp-content\/uploads\/2025\/11\/RLTB011-150x150.webp 150w, https:\/\/mountlaser.com\/wp-content\/uploads\/2025\/11\/RLTB011-768x768.webp 768w, https:\/\/mountlaser.com\/wp-content\/uploads\/2025\/11\/RLTB011-12x12.webp 12w\" sizes=\"(max-width: 500px) 100vw, 500px\" \/><\/p>\n<p>Zbudowany z <a href=\"https:\/\/mountlaser.com\/pl\/about-us\/\">wysokiej jako\u015bci materia\u0142y<\/a> i zaprojektowany z my\u015bl\u0105 o \u0142atwej kompatybilno\u015bci z szerok\u0105 gam\u0105 laser\u00f3w obrotowych, ten produkt z pochylan\u0105 podstaw\u0105 laserow\u0105 zwi\u0119ksza wydajno\u015b\u0107 i znacznie rozszerza mo\u017cliwo\u015bci standardowych poziomic laserowych obrotowych.<\/p>","protected":false},"excerpt":{"rendered":"<ul>\n<li>Konwertuje standardowy laser obrotowy na laser nachylony o jednej osi<\/li>\n<li>Zapewnia precyzyjn\u0105 regulacj\u0119 nachylenia w celu wykonywania prac pod k\u0105tem i nachyleniu<\/li>\n<li>Trwa\u0142a konstrukcja zaprojektowana do profesjonalnego u\u017cytku na placu budowy<\/li>\n<li>Kompatybilny z wi\u0119kszo\u015bci\u0105 laser\u00f3w obrotowych, co zapewnia wi\u0119ksz\u0105 wszechstronno\u015b\u0107<\/li>\n<\/ul>","protected":false},"featured_media":4654,"comment_status":"open","ping_status":"closed","template":"","meta":[],"product_brand":[],"product_cat":[94,133],"product_tag":[],"class_list":{"0":"post-4649","1":"product","2":"type-product","3":"status-publish","4":"has-post-thumbnail","6":"product_cat-laser-level-accessory","7":"product_cat-rotary-laser-tilting-base","9":"first","10":"instock","11":"shipping-taxable","12":"product-type-simple"},"_links":{"self":[{"href":"https:\/\/mountlaser.com\/pl\/wp-json\/wp\/v2\/product\/4649","targetHints":{"allow":["GET"]}}],"collection":[{"href":"https:\/\/mountlaser.com\/pl\/wp-json\/wp\/v2\/product"}],"about":[{"href":"https:\/\/mountlaser.com\/pl\/wp-json\/wp\/v2\/types\/product"}],"replies":[{"embeddable":true,"href":"https:\/\/mountlaser.com\/pl\/wp-json\/wp\/v2\/comments?post=4649"}],"wp:featuredmedia":[{"embeddable":true,"href":"https:\/\/mountlaser.com\/pl\/wp-json\/wp\/v2\/media\/4654"}],"wp:attachment":[{"href":"https:\/\/mountlaser.com\/pl\/wp-json\/wp\/v2\/media?parent=4649"}],"wp:term":[{"taxonomy":"product_brand","embeddable":true,"href":"https:\/\/mountlaser.com\/pl\/wp-json\/wp\/v2\/product_brand?post=4649"},{"taxonomy":"product_cat","embeddable":true,"href":"https:\/\/mountlaser.com\/pl\/wp-json\/wp\/v2\/product_cat?post=4649"},{"taxonomy":"product_tag","embeddable":true,"href":"https:\/\/mountlaser.com\/pl\/wp-json\/wp\/v2\/product_tag?post=4649"}],"curies":[{"name":"wp","href":"https:\/\/api.w.org\/{rel}","templated":true}]}}