{"id":4641,"date":"2025-11-20T06:40:08","date_gmt":"2025-11-20T06:40:08","guid":{"rendered":"https:\/\/mountlaser.com\/?post_type=product&#038;p=4641"},"modified":"2025-11-26T06:57:39","modified_gmt":"2025-11-26T06:57:39","slug":"rlb02-rotary-laser-bracket","status":"publish","type":"product","link":"https:\/\/mountlaser.com\/pl\/produkt\/rlb02-rotary-laser-bracket\/","title":{"rendered":"Uchwyt lasera obrotowego RLB02"},"content":{"rendered":"<p>Ten <a href=\"https:\/\/mountlaser.com\/pl\/\"><strong>Uchwyt lasera obrotowego RLB02<\/strong><\/a> to wytrzyma\u0142y i precyzyjnie zaprojektowany uchwyt monta\u017cowy do obrotowych system\u00f3w laserowych, zaprojektowany z my\u015bl\u0105 o stabilnym i precyzyjnym pozycjonowaniu podczas profesjonalnych zada\u0144 poziomowania. Wykonany w ca\u0142o\u015bci z metalu, obrotowy uchwyt laserowy RLB02 oferuje doskona\u0142\u0105 wytrzyma\u0142o\u015b\u0107 i sztywno\u015b\u0107, gwarantuj\u0105c stabiln\u0105 wydajno\u015b\u0107 nawet w wymagaj\u0105cych warunkach budowlanych.<\/p>\n<p>Dost\u0119pny w dw\u00f3ch modelach \u2014 RLB02A i RLB02B, ten wszechstronny <a href=\"https:\/\/mountlaser.com\/pl\/about-us\/\"><strong>uchwyt monta\u017cowy do lasera obrotowego<\/strong><\/a> Obs\u0142uguje szerok\u0105 gam\u0119 obrotowych niwelator\u00f3w laserowych, zapewniaj\u0105c bezpieczny monta\u017c i zwi\u0119kszon\u0105 elastyczno\u015b\u0107 dzia\u0142ania. Jego solidna konstrukcja gwarantuje niezawodne wsparcie, a przemy\u015blany interfejs pozwala u\u017cytkownikom na szybk\u0105 regulacj\u0119 podczas uk\u0142adania, wyr\u00f3wnywania i poziomowania na du\u017ce odleg\u0142o\u015bci.<\/p>\n<figure id=\"attachment_4642\" aria-describedby=\"caption-attachment-4642\" style=\"width: 500px\" class=\"wp-caption aligncenter\"><img fetchpriority=\"high\" decoding=\"async\" class=\"wp-image-4642\" src=\"https:\/\/mountlaser.com\/wp-content\/uploads\/2025\/11\/RLB02A1.webp\" alt=\"RLB02A Rotary Laser Bracket\" width=\"500\" height=\"500\" srcset=\"https:\/\/mountlaser.com\/wp-content\/uploads\/2025\/11\/RLB02A1.webp 800w, https:\/\/mountlaser.com\/wp-content\/uploads\/2025\/11\/RLB02A1-300x300.webp 300w, https:\/\/mountlaser.com\/wp-content\/uploads\/2025\/11\/RLB02A1-400x400.webp 400w, https:\/\/mountlaser.com\/wp-content\/uploads\/2025\/11\/RLB02A1-600x600.webp 600w, https:\/\/mountlaser.com\/wp-content\/uploads\/2025\/11\/RLB02A1-150x150.webp 150w, https:\/\/mountlaser.com\/wp-content\/uploads\/2025\/11\/RLB02A1-768x768.webp 768w, https:\/\/mountlaser.com\/wp-content\/uploads\/2025\/11\/RLB02A1-12x12.webp 12w\" sizes=\"(max-width: 500px) 100vw, 500px\" \/><figcaption id=\"caption-attachment-4642\" class=\"wp-caption-text\">Uchwyt lasera obrotowego RLB02A<\/figcaption><\/figure>\n<figure id=\"attachment_4647\" aria-describedby=\"caption-attachment-4647\" style=\"width: 500px\" class=\"wp-caption aligncenter\"><img decoding=\"async\" class=\"wp-image-4647\" src=\"https:\/\/mountlaser.com\/wp-content\/uploads\/2025\/11\/RLB02B1.webp\" alt=\"RLB02B Rotary Laser Bracket\" width=\"500\" height=\"500\" srcset=\"https:\/\/mountlaser.com\/wp-content\/uploads\/2025\/11\/RLB02B1.webp 800w, https:\/\/mountlaser.com\/wp-content\/uploads\/2025\/11\/RLB02B1-300x300.webp 300w, https:\/\/mountlaser.com\/wp-content\/uploads\/2025\/11\/RLB02B1-400x400.webp 400w, https:\/\/mountlaser.com\/wp-content\/uploads\/2025\/11\/RLB02B1-600x600.webp 600w, https:\/\/mountlaser.com\/wp-content\/uploads\/2025\/11\/RLB02B1-150x150.webp 150w, https:\/\/mountlaser.com\/wp-content\/uploads\/2025\/11\/RLB02B1-768x768.webp 768w, https:\/\/mountlaser.com\/wp-content\/uploads\/2025\/11\/RLB02B1-12x12.webp 12w\" sizes=\"(max-width: 500px) 100vw, 500px\" \/><figcaption id=\"caption-attachment-4647\" class=\"wp-caption-text\">Uchwyt lasera obrotowego RLB02B<\/figcaption><\/figure>\n<p>Zaprojektowane dla profesjonalist\u00f3w, kt\u00f3rzy wymagaj\u0105 precyzji i trwa\u0142o\u015bci, <a href=\"https:\/\/mountlaser.com\/pl\/contact-us\/\">Uchwyt lasera obrotowego RLB02<\/a> Zapewnia doskona\u0142\u0105 stabilno\u015b\u0107, d\u0142u\u017csz\u0105 \u017cywotno\u015b\u0107 i \u0142atw\u0105 integracj\u0119 z r\u00f3\u017cnymi konfiguracjami na placu budowy. Niezale\u017cnie od tego, czy u\u017cywany wewn\u0105trz, czy na zewn\u0105trz, ten uchwyt monta\u017cowy do lasera obrotowego jest niezb\u0119dnym akcesorium do uzyskiwania sp\u00f3jnych i dok\u0142adnych rezultat\u00f3w.<\/p>","protected":false},"excerpt":{"rendered":"<ul>\n<li>Ca\u0142kowicie metalowa konstrukcja gwarantuje trwa\u0142o\u015b\u0107 i d\u0142ug\u0105 \u017cywotno\u015b\u0107<\/li>\n<li>Kompatybilny z dwoma modelami: RLB02A i RLB02B<\/li>\n<li>Idealny do projekt\u00f3w budowlanych, geodezyjnych i renowacji wn\u0119trz<\/li>\n<\/ul>","protected":false},"featured_media":4642,"comment_status":"open","ping_status":"closed","template":"","meta":[],"product_brand":[],"product_cat":[132,94],"product_tag":[],"class_list":{"0":"post-4641","1":"product","2":"type-product","3":"status-publish","4":"has-post-thumbnail","6":"product_cat-rotary-laser-bracket","7":"product_cat-laser-level-accessory","9":"first","10":"instock","11":"shipping-taxable","12":"product-type-simple"},"_links":{"self":[{"href":"https:\/\/mountlaser.com\/pl\/wp-json\/wp\/v2\/product\/4641","targetHints":{"allow":["GET"]}}],"collection":[{"href":"https:\/\/mountlaser.com\/pl\/wp-json\/wp\/v2\/product"}],"about":[{"href":"https:\/\/mountlaser.com\/pl\/wp-json\/wp\/v2\/types\/product"}],"replies":[{"embeddable":true,"href":"https:\/\/mountlaser.com\/pl\/wp-json\/wp\/v2\/comments?post=4641"}],"wp:featuredmedia":[{"embeddable":true,"href":"https:\/\/mountlaser.com\/pl\/wp-json\/wp\/v2\/media\/4642"}],"wp:attachment":[{"href":"https:\/\/mountlaser.com\/pl\/wp-json\/wp\/v2\/media?parent=4641"}],"wp:term":[{"taxonomy":"product_brand","embeddable":true,"href":"https:\/\/mountlaser.com\/pl\/wp-json\/wp\/v2\/product_brand?post=4641"},{"taxonomy":"product_cat","embeddable":true,"href":"https:\/\/mountlaser.com\/pl\/wp-json\/wp\/v2\/product_cat?post=4641"},{"taxonomy":"product_tag","embeddable":true,"href":"https:\/\/mountlaser.com\/pl\/wp-json\/wp\/v2\/product_tag?post=4641"}],"curies":[{"name":"wp","href":"https:\/\/api.w.org\/{rel}","templated":true}]}}