{"id":4640,"date":"2025-11-20T05:51:23","date_gmt":"2025-11-20T05:51:23","guid":{"rendered":"https:\/\/mountlaser.com\/?post_type=product&#038;p=4640"},"modified":"2025-11-26T07:01:30","modified_gmt":"2025-11-26T07:01:30","slug":"rlb01a-rotary-laser-bracket","status":"publish","type":"product","link":"https:\/\/mountlaser.com\/pl\/produkt\/rlb01a-rotary-laser-bracket\/","title":{"rendered":"Uchwyt lasera obrotowego RLB01A"},"content":{"rendered":"<p>Ten <a href=\"https:\/\/mountlaser.com\/pl\/products\/\"><strong>Uchwyt lasera obrotowego RLB01A<\/strong><\/a> to profesjonalny uchwyt do lasera obrotowego, zaprojektowany z my\u015bl\u0105 o stabilnym, precyzyjnym i precyzyjnie regulowanym pozycjonowaniu poziomic laserowych. Wykonany w ca\u0142o\u015bci z metalu, uchwyt RLB01A do lasera obrotowego gwarantuje trwa\u0142o\u015b\u0107 i d\u0142ugotrwa\u0142\u0105 stabilno\u015b\u0107 w wymagaj\u0105cych warunkach pracy. Ten wytrzyma\u0142y <a href=\"https:\/\/mountlaser.com\/pl\/about-us\/\"><strong>Uchwyt do lasera obrotowego<\/strong><\/a> umo\u017cliwia u\u017cytkownikom mikroregulacj\u0119 kierunku p\u0142aszczyzny pionowej, co pozwala na precyzyjne ustawienie w zastosowaniach budowlanych, uk\u0142adowych i geodezyjnych.<\/p>\n<p><img fetchpriority=\"high\" decoding=\"async\" class=\"aligncenter wp-image-4633\" src=\"https:\/\/mountlaser.com\/wp-content\/uploads\/2025\/11\/RLB01A5.webp\" alt=\"RLB01A Rotary Laser Bracket\" width=\"500\" height=\"500\" srcset=\"https:\/\/mountlaser.com\/wp-content\/uploads\/2025\/11\/RLB01A5.webp 800w, https:\/\/mountlaser.com\/wp-content\/uploads\/2025\/11\/RLB01A5-300x300.webp 300w, https:\/\/mountlaser.com\/wp-content\/uploads\/2025\/11\/RLB01A5-400x400.webp 400w, https:\/\/mountlaser.com\/wp-content\/uploads\/2025\/11\/RLB01A5-600x600.webp 600w, https:\/\/mountlaser.com\/wp-content\/uploads\/2025\/11\/RLB01A5-150x150.webp 150w, https:\/\/mountlaser.com\/wp-content\/uploads\/2025\/11\/RLB01A5-768x768.webp 768w, https:\/\/mountlaser.com\/wp-content\/uploads\/2025\/11\/RLB01A5-12x12.webp 12w\" sizes=\"(max-width: 500px) 100vw, 500px\" \/><\/p>\n<p>Dzi\u0119ki wzmocnionej konstrukcji i p\u0142ynnemu mechanizmowi regulacji, <a href=\"https:\/\/mountlaser.com\/pl\/contact-us\/\">Uchwyt lasera obrotowego RLB01A<\/a> Zapewnia wyj\u0105tkow\u0105 kontrol\u0119 i sp\u00f3jno\u015b\u0107. Niezale\u017cnie od tego, czy jest zamontowany na \u015bcianie, s\u0142upie czy statywie, ten wszechstronny uchwyt do lasera obrotowego jest idealny dla profesjonalnych u\u017cytkownik\u00f3w, kt\u00f3rzy wymagaj\u0105 niezawodnej, precyzyjnej regulacji obrot\u00f3w w ka\u017cdym projekcie.<\/p>","protected":false},"excerpt":{"rendered":"<ul>\n<li>Kompatybilny z szerok\u0105 gam\u0105 obrotowych poziomic laserowych<\/li>\n<li>Stabilny monta\u017c na \u015bcianach, s\u0142upach lub statywach<\/li>\n<li>Idealny do planowania budowy, wyr\u00f3wnywania pionowego i zada\u0144 pomiarowych dalekiego zasi\u0119gu<\/li>\n<\/ul>","protected":false},"featured_media":4633,"comment_status":"open","ping_status":"closed","template":"","meta":[],"product_brand":[],"product_cat":[94,132],"product_tag":[],"class_list":{"0":"post-4640","1":"product","2":"type-product","3":"status-publish","4":"has-post-thumbnail","6":"product_cat-laser-level-accessory","7":"product_cat-rotary-laser-bracket","9":"first","10":"instock","11":"shipping-taxable","12":"product-type-simple"},"_links":{"self":[{"href":"https:\/\/mountlaser.com\/pl\/wp-json\/wp\/v2\/product\/4640","targetHints":{"allow":["GET"]}}],"collection":[{"href":"https:\/\/mountlaser.com\/pl\/wp-json\/wp\/v2\/product"}],"about":[{"href":"https:\/\/mountlaser.com\/pl\/wp-json\/wp\/v2\/types\/product"}],"replies":[{"embeddable":true,"href":"https:\/\/mountlaser.com\/pl\/wp-json\/wp\/v2\/comments?post=4640"}],"wp:featuredmedia":[{"embeddable":true,"href":"https:\/\/mountlaser.com\/pl\/wp-json\/wp\/v2\/media\/4633"}],"wp:attachment":[{"href":"https:\/\/mountlaser.com\/pl\/wp-json\/wp\/v2\/media?parent=4640"}],"wp:term":[{"taxonomy":"product_brand","embeddable":true,"href":"https:\/\/mountlaser.com\/pl\/wp-json\/wp\/v2\/product_brand?post=4640"},{"taxonomy":"product_cat","embeddable":true,"href":"https:\/\/mountlaser.com\/pl\/wp-json\/wp\/v2\/product_cat?post=4640"},{"taxonomy":"product_tag","embeddable":true,"href":"https:\/\/mountlaser.com\/pl\/wp-json\/wp\/v2\/product_tag?post=4640"}],"curies":[{"name":"wp","href":"https:\/\/api.w.org\/{rel}","templated":true}]}}