{"id":4634,"date":"2025-11-20T05:21:31","date_gmt":"2025-11-20T05:21:31","guid":{"rendered":"https:\/\/mountlaser.com\/?post_type=product&#038;p=4634"},"modified":"2025-11-26T07:08:50","modified_gmt":"2025-11-26T07:08:50","slug":"llra02-line-laser-rotating-adapter","status":"publish","type":"product","link":"https:\/\/mountlaser.com\/pl\/produkt\/llra02-line-laser-rotating-adapter\/","title":{"rendered":"Obrotowy adapter do lasera liniowego LLRA02"},"content":{"rendered":"<p>Ten <a href=\"https:\/\/mountlaser.com\/pl\/products\/\"><strong>LLRA02 <!--StartFragment --><span class=\"cf0\">Obrotowy adapter do lasera liniowego<\/span><\/strong><\/a><!--EndFragment --> to precyzyjnie zaprojektowane rozwi\u0105zanie monta\u017cowe stworzone z my\u015bl\u0105 o profesjonalistach, kt\u00f3rzy wymagaj\u0105 dok\u0142adnego pozycjonowania laserowych narz\u0119dzi pomiarowych. <a href=\"https:\/\/mountlaser.com\/pl\/about-us\/\"><strong>Regulowany obrotowy poziom laserowy, metalowy uchwyt statywu<\/strong><\/a> Umo\u017cliwia p\u0142ynny obr\u00f3t o 360\u00b0, daj\u0105c u\u017cytkownikom pe\u0142n\u0105 swobod\u0119 kierunkow\u0105 podczas wyr\u00f3wnywania, uk\u0142adania i poziomowania. Dzi\u0119ki trwa\u0142ej metalowej konstrukcji, LLRA02 <!--StartFragment --><span class=\"cf0\">Obrotowy adapter do lasera liniowego<\/span><!--EndFragment --> zapewnia d\u0142ugoterminow\u0105 stabilno\u015b\u0107 i niezawodn\u0105 prac\u0119 na placach budowy.<\/p>\n<p>Wyposa\u017cony w uniwersalny obrotowy gwint 1\/4\u2033-20, ten regulowany, metalowy uchwyt do statywu poziomicy laserowej mo\u017cna \u0142atwo zamontowa\u0107 do wi\u0119kszo\u015bci statyw\u00f3w, poziomic laserowych i instrument\u00f3w pomiarowych. LLRA02 <!--StartFragment --><span class=\"cf0\">Obrotowy adapter do lasera liniowego<\/span><!--EndFragment --> umo\u017cliwia precyzyjne dostrojenie orientacji lasera, dzi\u0119ki czemu doskonale nadaje si\u0119 do zastosowa\u0144 w budownictwie wn\u0119trz, pracach szkieletowych, uk\u0142adaniu p\u0142ytek i pracach geodezyjnych.<\/p>\n<p><img fetchpriority=\"high\" decoding=\"async\" class=\"aligncenter wp-image-4636\" src=\"https:\/\/mountlaser.com\/wp-content\/uploads\/2025\/11\/LLRA022.webp\" alt=\"LLRA02 Line Laser Rotating Adapter\" width=\"500\" height=\"500\" srcset=\"https:\/\/mountlaser.com\/wp-content\/uploads\/2025\/11\/LLRA022.webp 800w, https:\/\/mountlaser.com\/wp-content\/uploads\/2025\/11\/LLRA022-300x300.webp 300w, https:\/\/mountlaser.com\/wp-content\/uploads\/2025\/11\/LLRA022-400x400.webp 400w, https:\/\/mountlaser.com\/wp-content\/uploads\/2025\/11\/LLRA022-600x600.webp 600w, https:\/\/mountlaser.com\/wp-content\/uploads\/2025\/11\/LLRA022-150x150.webp 150w, https:\/\/mountlaser.com\/wp-content\/uploads\/2025\/11\/LLRA022-768x768.webp 768w, https:\/\/mountlaser.com\/wp-content\/uploads\/2025\/11\/LLRA022-12x12.webp 12w\" sizes=\"(max-width: 500px) 100vw, 500px\" \/><\/p>\n<p>Zaprojektowany z my\u015bl\u0105 o praktyczno\u015bci i precyzji, <a href=\"https:\/\/mountlaser.com\/pl\/contact-us\/\">Regulowany obrotowy poziom laserowy, metalowy uchwyt statywu<\/a> zwi\u0119ksza wszechstronno\u015b\u0107 narz\u0119dzi, zachowuj\u0105c jednocze\u015bnie kompaktowy i przyjazny dla u\u017cytkownika kszta\u0142t.<\/p>\n<p>&nbsp;<\/p>","protected":false},"excerpt":{"rendered":"<ul>\n<li>Adapter obrotowy 360\u00b0 umo\u017cliwiaj\u0105cy elastyczn\u0105 orientacj\u0119 lasera<\/li>\n<li>Uniwersalny gwint 1\/4\u2033-20 kompatybilny z wi\u0119kszo\u015bci\u0105 poziomic laserowych i statyw\u00f3w<\/li>\n<li>Konstrukcja metalowa zapewniaj\u0105ca wi\u0119ksz\u0105 trwa\u0142o\u015b\u0107 i stabilno\u015b\u0107<\/li>\n<li>Nadaje si\u0119 do zada\u0144 zwi\u0105zanych z budownictwem, uk\u0142adem pomieszcze\u0144, projektowaniem wn\u0119trz i pracami geodezyjnymi<\/li>\n<\/ul>","protected":false},"featured_media":4635,"comment_status":"open","ping_status":"closed","template":"","meta":[],"product_brand":[],"product_cat":[94,130],"product_tag":[],"class_list":{"0":"post-4634","1":"product","2":"type-product","3":"status-publish","4":"has-post-thumbnail","6":"product_cat-laser-level-accessory","7":"product_cat-line-laser-rotating-adapter","9":"first","10":"instock","11":"shipping-taxable","12":"product-type-simple"},"_links":{"self":[{"href":"https:\/\/mountlaser.com\/pl\/wp-json\/wp\/v2\/product\/4634","targetHints":{"allow":["GET"]}}],"collection":[{"href":"https:\/\/mountlaser.com\/pl\/wp-json\/wp\/v2\/product"}],"about":[{"href":"https:\/\/mountlaser.com\/pl\/wp-json\/wp\/v2\/types\/product"}],"replies":[{"embeddable":true,"href":"https:\/\/mountlaser.com\/pl\/wp-json\/wp\/v2\/comments?post=4634"}],"wp:featuredmedia":[{"embeddable":true,"href":"https:\/\/mountlaser.com\/pl\/wp-json\/wp\/v2\/media\/4635"}],"wp:attachment":[{"href":"https:\/\/mountlaser.com\/pl\/wp-json\/wp\/v2\/media?parent=4634"}],"wp:term":[{"taxonomy":"product_brand","embeddable":true,"href":"https:\/\/mountlaser.com\/pl\/wp-json\/wp\/v2\/product_brand?post=4634"},{"taxonomy":"product_cat","embeddable":true,"href":"https:\/\/mountlaser.com\/pl\/wp-json\/wp\/v2\/product_cat?post=4634"},{"taxonomy":"product_tag","embeddable":true,"href":"https:\/\/mountlaser.com\/pl\/wp-json\/wp\/v2\/product_tag?post=4634"}],"curies":[{"name":"wp","href":"https:\/\/api.w.org\/{rel}","templated":true}]}}