{"id":4627,"date":"2025-11-20T02:18:38","date_gmt":"2025-11-20T02:18:38","guid":{"rendered":"https:\/\/mountlaser.com\/?post_type=product&#038;p=4627"},"modified":"2025-11-26T07:11:19","modified_gmt":"2025-11-26T07:11:19","slug":"llra09-line-laser-rotating-adapter","status":"publish","type":"product","link":"https:\/\/mountlaser.com\/pl\/produkt\/llra09-line-laser-rotating-adapter\/","title":{"rendered":"Obrotowy adapter do lasera liniowego LLRA09"},"content":{"rendered":"<p>Ten <strong><a href=\"https:\/\/mountlaser.com\/pl\/kategoria-produktu\/laser-level-accessory\/\">LLRA09 <!--StartFragment --><span class=\"cf0\">Obrotowy adapter do lasera liniowego<\/span><\/a><!--EndFragment --><\/strong>\u00a0jest trwa\u0142y i precyzyjnie zaprojektowany<a href=\"https:\/\/mountlaser.com\/pl\/about-us\/\"> <strong>Metalowy adapter do poziomicy laserowej z obrotow\u0105 podstaw\u0105 360\u00b0<\/strong><\/a> Zaprojektowany dla profesjonalist\u00f3w, kt\u00f3rzy wymagaj\u0105 stabilnego, p\u0142ynnego i bardzo dok\u0142adnego pozycjonowania lasera. Ten adapter poziomnicy laserowej z metalow\u0105 podstaw\u0105 obrotow\u0105 360\u00b0, wykonany z solidnej metalowej konstrukcji, oferuje p\u0142ynny obr\u00f3t, umo\u017cliwiaj\u0105c u\u017cytkownikom precyzyjne ustawienie z wyj\u0105tkow\u0105 dok\u0142adno\u015bci\u0105 podczas poziomowania, uk\u0142adania i prac budowlanych.<\/p>\n<p>LLRA09 <!--StartFragment --><span class=\"cf0\">Obrotowy adapter do lasera liniowego<\/span><!--EndFragment --> Adapter jest dost\u0119pny w dw\u00f3ch wersjach, pasuj\u0105cych do r\u00f3\u017cnych standard\u00f3w monta\u017cu: LLRA09A z gwintem 1\/4\u2033-20 i LLRA09B z gwintem 5\/8\u2033-11, dzi\u0119ki czemu jest kompatybilny z szerok\u0105 gam\u0105 poziomic laserowych i statyw\u00f3w. Dzi\u0119ki p\u0142ynnemu mechanizmowi obrotowemu, metalowa podstawa obrotowa 360\u00b0 do adaptera poziomicy laserowej zapewnia precyzyjn\u0105 regulacj\u0119 k\u0105ta i stabiln\u0105 prac\u0119 w ka\u017cdym miejscu pracy.<\/p>\n<p><img fetchpriority=\"high\" decoding=\"async\" class=\"aligncenter wp-image-4628\" src=\"https:\/\/mountlaser.com\/wp-content\/uploads\/2025\/11\/LLRA091.webp\" alt=\"LLRA09 Line Laser Adapter\" width=\"500\" height=\"500\" srcset=\"https:\/\/mountlaser.com\/wp-content\/uploads\/2025\/11\/LLRA091.webp 800w, https:\/\/mountlaser.com\/wp-content\/uploads\/2025\/11\/LLRA091-300x300.webp 300w, https:\/\/mountlaser.com\/wp-content\/uploads\/2025\/11\/LLRA091-400x400.webp 400w, https:\/\/mountlaser.com\/wp-content\/uploads\/2025\/11\/LLRA091-600x600.webp 600w, https:\/\/mountlaser.com\/wp-content\/uploads\/2025\/11\/LLRA091-150x150.webp 150w, https:\/\/mountlaser.com\/wp-content\/uploads\/2025\/11\/LLRA091-768x768.webp 768w, https:\/\/mountlaser.com\/wp-content\/uploads\/2025\/11\/LLRA091-12x12.webp 12w\" sizes=\"(max-width: 500px) 100vw, 500px\" \/><\/p>\n<p>Zaprojektowany dla u\u017cytkownik\u00f3w wymagaj\u0105cych niezawodno\u015bci i wszechstronno\u015bci, <a href=\"https:\/\/mountlaser.com\/pl\/contact-us\/\">LLRA09 <!--StartFragment --><span class=\"cf0\">Obrotowy adapter do lasera liniowego<\/span><\/a><!--EndFragment --> zwi\u0119ksza wydajno\u015b\u0107 przep\u0142ywu pracy dzi\u0119ki szybkiej instalacji, bezpiecznemu mocowaniu i dok\u0142adnej kontroli obrot\u00f3w.<\/p>","protected":false},"excerpt":{"rendered":"<ul>\n<li>Zapewnia stabilny i p\u0142ynny obr\u00f3t o 360\u00b0, co pozwala na precyzyjne ustawienie lasera<\/li>\n<li>Dost\u0119pne w wersjach z gwintem 1\/4\u2033-20 (LLRA09A) i 5\/8\u2033-11 (LLRA09B)<\/li>\n<li>Kompatybilny z wi\u0119kszo\u015bci\u0105 poziomic laserowych, statyw\u00f3w i zestaw\u00f3w monta\u017cowych<\/li>\n<li>Idealny do poziomowania, uk\u0142adania i szczeg\u00f3\u0142owych regulacji k\u0105t\u00f3w<\/li>\n<\/ul>","protected":false},"featured_media":4628,"comment_status":"open","ping_status":"closed","template":"","meta":[],"product_brand":[],"product_cat":[130,94],"product_tag":[],"class_list":{"0":"post-4627","1":"product","2":"type-product","3":"status-publish","4":"has-post-thumbnail","6":"product_cat-line-laser-rotating-adapter","7":"product_cat-laser-level-accessory","9":"first","10":"instock","11":"shipping-taxable","12":"product-type-simple"},"_links":{"self":[{"href":"https:\/\/mountlaser.com\/pl\/wp-json\/wp\/v2\/product\/4627","targetHints":{"allow":["GET"]}}],"collection":[{"href":"https:\/\/mountlaser.com\/pl\/wp-json\/wp\/v2\/product"}],"about":[{"href":"https:\/\/mountlaser.com\/pl\/wp-json\/wp\/v2\/types\/product"}],"replies":[{"embeddable":true,"href":"https:\/\/mountlaser.com\/pl\/wp-json\/wp\/v2\/comments?post=4627"}],"wp:featuredmedia":[{"embeddable":true,"href":"https:\/\/mountlaser.com\/pl\/wp-json\/wp\/v2\/media\/4628"}],"wp:attachment":[{"href":"https:\/\/mountlaser.com\/pl\/wp-json\/wp\/v2\/media?parent=4627"}],"wp:term":[{"taxonomy":"product_brand","embeddable":true,"href":"https:\/\/mountlaser.com\/pl\/wp-json\/wp\/v2\/product_brand?post=4627"},{"taxonomy":"product_cat","embeddable":true,"href":"https:\/\/mountlaser.com\/pl\/wp-json\/wp\/v2\/product_cat?post=4627"},{"taxonomy":"product_tag","embeddable":true,"href":"https:\/\/mountlaser.com\/pl\/wp-json\/wp\/v2\/product_tag?post=4627"}],"curies":[{"name":"wp","href":"https:\/\/api.w.org\/{rel}","templated":true}]}}