{"id":4623,"date":"2025-11-20T01:45:28","date_gmt":"2025-11-20T01:45:28","guid":{"rendered":"https:\/\/mountlaser.com\/?post_type=product&#038;p=4623"},"modified":"2025-11-26T07:13:10","modified_gmt":"2025-11-26T07:13:10","slug":"llra04-line-laser-rotating-adapter","status":"publish","type":"product","link":"https:\/\/mountlaser.com\/pl\/produkt\/llra04-line-laser-rotating-adapter\/","title":{"rendered":"Obrotowy adapter do lasera liniowego LLRA04"},"content":{"rendered":"<p>Ten <strong><a href=\"https:\/\/mountlaser.com\/pl\/\">LLRA04 <!--StartFragment --><span class=\"cf0\">Obrotowy adapter do lasera liniowego<\/span><\/a><!--EndFragment --><\/strong>\u00a0To profesjonalne akcesorium zaprojektowane z my\u015bl\u0105 o p\u0142ynnej regulacji obrot\u00f3w i precyzyjnym pozycjonowaniu laserowych narz\u0119dzi pomiarowych. Zaprojektowane jako wszechstronne.<a href=\"https:\/\/mountlaser.com\/pl\/contact-us\/\"> <strong>Obrotowa podstawa 360 stopni do statywu poziomicy laserowej<\/strong><\/a>, umo\u017cliwia u\u017cytkownikom precyzyjne i \u0142atwe ustawienie kierunku i k\u0105ta poziomicy laserowej.<\/p>\n<p>Dzi\u0119ki trwa\u0142ej konstrukcji i uniwersalnemu gwintowi 1\/4\u2033-20, LLRA04 <!--StartFragment --><span class=\"cf0\">Obrotowy adapter do lasera liniowego<\/span><!--EndFragment --> Obs\u0142uguje szerok\u0105 gam\u0119 niwelator\u00f3w laserowych i urz\u0105dze\u0144 pomiarowych. Ta solidna, obrotowa podstawa 360\u00b0 do statywu z niwelatorem laserowym zapewnia stabiln\u0105 prac\u0119 i p\u0142ynny obr\u00f3t, dzi\u0119ki czemu idealnie nadaje si\u0119 do prac zwi\u0105zanych z wyr\u00f3wnywaniem, uk\u0142adaniem i poziomowaniem, wymagaj\u0105cych precyzyjnej kontroli kierunku.<\/p>\n<p><img fetchpriority=\"high\" decoding=\"async\" class=\"aligncenter wp-image-4625\" src=\"https:\/\/mountlaser.com\/wp-content\/uploads\/2025\/11\/LLRA042.webp\" alt=\"LLRA04 Line Laser Rotating Adapter\" width=\"500\" height=\"500\" srcset=\"https:\/\/mountlaser.com\/wp-content\/uploads\/2025\/11\/LLRA042.webp 800w, https:\/\/mountlaser.com\/wp-content\/uploads\/2025\/11\/LLRA042-300x300.webp 300w, https:\/\/mountlaser.com\/wp-content\/uploads\/2025\/11\/LLRA042-400x400.webp 400w, https:\/\/mountlaser.com\/wp-content\/uploads\/2025\/11\/LLRA042-600x600.webp 600w, https:\/\/mountlaser.com\/wp-content\/uploads\/2025\/11\/LLRA042-150x150.webp 150w, https:\/\/mountlaser.com\/wp-content\/uploads\/2025\/11\/LLRA042-768x768.webp 768w, https:\/\/mountlaser.com\/wp-content\/uploads\/2025\/11\/LLRA042-12x12.webp 12w\" sizes=\"(max-width: 500px) 100vw, 500px\" \/><\/p>\n<p>Profesjonali\u015bci pracuj\u0105cy w budownictwie, geodezji i aran\u017cacji wn\u0119trz doceni\u0105 niezawodno\u015b\u0107 i elastyczno\u015b\u0107, jak\u0105 zapewnia ten <a href=\"https:\/\/mountlaser.com\/pl\/products\/\">LLRA04 <!--StartFragment --><span class=\"cf0\">Obrotowy adapter do lasera liniowego<\/span><\/a><!--EndFragment -->, gwarantuj\u0105c sta\u0142\u0105 wydajno\u015b\u0107 na ka\u017cdym placu budowy.<\/p>","protected":false},"excerpt":{"rendered":"<ul>\n<li>Zapewnia p\u0142ynny obr\u00f3t o 360\u00b0, co pozwala na precyzyjn\u0105 regulacj\u0119 kierunku<\/li>\n<li>Uniwersalny gwint 1\/4\u2033-20 kompatybilny z wi\u0119kszo\u015bci\u0105 poziomic laserowych<\/li>\n<li>Zwi\u0119ksza precyzj\u0119 podczas zada\u0144 zwi\u0105zanych z wyr\u00f3wnywaniem, poziomowaniem i uk\u0142adaniem<\/li>\n<li>Idealny do stosowania na statywach i systemach monta\u017cowych<\/li>\n<\/ul>","protected":false},"featured_media":4624,"comment_status":"open","ping_status":"closed","template":"","meta":[],"product_brand":[],"product_cat":[130,94],"product_tag":[],"class_list":{"0":"post-4623","1":"product","2":"type-product","3":"status-publish","4":"has-post-thumbnail","6":"product_cat-line-laser-rotating-adapter","7":"product_cat-laser-level-accessory","9":"first","10":"instock","11":"shipping-taxable","12":"product-type-simple"},"_links":{"self":[{"href":"https:\/\/mountlaser.com\/pl\/wp-json\/wp\/v2\/product\/4623","targetHints":{"allow":["GET"]}}],"collection":[{"href":"https:\/\/mountlaser.com\/pl\/wp-json\/wp\/v2\/product"}],"about":[{"href":"https:\/\/mountlaser.com\/pl\/wp-json\/wp\/v2\/types\/product"}],"replies":[{"embeddable":true,"href":"https:\/\/mountlaser.com\/pl\/wp-json\/wp\/v2\/comments?post=4623"}],"wp:featuredmedia":[{"embeddable":true,"href":"https:\/\/mountlaser.com\/pl\/wp-json\/wp\/v2\/media\/4624"}],"wp:attachment":[{"href":"https:\/\/mountlaser.com\/pl\/wp-json\/wp\/v2\/media?parent=4623"}],"wp:term":[{"taxonomy":"product_brand","embeddable":true,"href":"https:\/\/mountlaser.com\/pl\/wp-json\/wp\/v2\/product_brand?post=4623"},{"taxonomy":"product_cat","embeddable":true,"href":"https:\/\/mountlaser.com\/pl\/wp-json\/wp\/v2\/product_cat?post=4623"},{"taxonomy":"product_tag","embeddable":true,"href":"https:\/\/mountlaser.com\/pl\/wp-json\/wp\/v2\/product_tag?post=4623"}],"curies":[{"name":"wp","href":"https:\/\/api.w.org\/{rel}","templated":true}]}}