{"id":4621,"date":"2025-11-19T08:52:30","date_gmt":"2025-11-19T08:52:30","guid":{"rendered":"https:\/\/mountlaser.com\/?post_type=product&#038;p=4621"},"modified":"2025-11-26T07:36:46","modified_gmt":"2025-11-26T07:36:46","slug":"llra01-line-laser-rotating-adapter","status":"publish","type":"product","link":"https:\/\/mountlaser.com\/pl\/produkt\/llra01-line-laser-rotating-adapter\/","title":{"rendered":"Obrotowy adapter do lasera liniowego LLRA01"},"content":{"rendered":"<p>Ten <a href=\"https:\/\/mountlaser.com\/pl\/\"><strong>LLRA01 <!--StartFragment --><span class=\"cf0\">Obrotowy adapter do lasera liniowego<\/span><\/strong><\/a><!--EndFragment --> To wszechstronny i precyzyjnie zaprojektowany dodatek zapewniaj\u0105cy stabilny monta\u017c i precyzyjn\u0105 regulacj\u0119 narz\u0119dzi laserowych. Zbudowany z podw\u00f3jnym systemem gwint\u00f3w \u2013 1\/4\u2033-20 u g\u00f3ry i 5\/8\u2033-11 u do\u0142u (\u015brednica zewn\u0119trzna 65 mm) \u2013 LLRA01 <!--StartFragment --><span class=\"cf0\">Obrotowy adapter do lasera liniowego<\/span><!--EndFragment --> jest kompatybilny z szerok\u0105 gam\u0105 poziomic laserowych i statyw\u00f3w.<\/p>\n<p>Wyposa\u017cony w p\u0142ynnie dzia\u0142aj\u0105cy adapter poziomicy laserowej z pokr\u0119t\u0142em obrotowym 360\u00b0, ten adapter umo\u017cliwia u\u017cytkownikom precyzyjne regulacje obrotowe w celu dok\u0142adnego ustawienia i rozmieszczenia element\u00f3w. <strong>Poziom laserowy <a href=\"https:\/\/mountlaser.com\/pl\/about-us\/\">Adapter z pokr\u0119t\u0142em obrotowym 360\u00b0<\/a><\/strong> zapewnia \u0142atw\u0105 i kontrolowan\u0105 regulacj\u0119 k\u0105ta, dzi\u0119ki czemu idealnie nadaje si\u0119 do prac budowlanych, projektowania wn\u0119trz, prac szkieletowych i geodezyjnych.<\/p>\n<p><img fetchpriority=\"high\" decoding=\"async\" class=\"aligncenter wp-image-4622\" src=\"https:\/\/mountlaser.com\/wp-content\/uploads\/2025\/11\/LLRA011.webp\" alt=\"LLRA01 Line Laser Adapter\" width=\"500\" height=\"500\" srcset=\"https:\/\/mountlaser.com\/wp-content\/uploads\/2025\/11\/LLRA011.webp 800w, https:\/\/mountlaser.com\/wp-content\/uploads\/2025\/11\/LLRA011-300x300.webp 300w, https:\/\/mountlaser.com\/wp-content\/uploads\/2025\/11\/LLRA011-400x400.webp 400w, https:\/\/mountlaser.com\/wp-content\/uploads\/2025\/11\/LLRA011-600x600.webp 600w, https:\/\/mountlaser.com\/wp-content\/uploads\/2025\/11\/LLRA011-150x150.webp 150w, https:\/\/mountlaser.com\/wp-content\/uploads\/2025\/11\/LLRA011-768x768.webp 768w, https:\/\/mountlaser.com\/wp-content\/uploads\/2025\/11\/LLRA011-12x12.webp 12w\" sizes=\"(max-width: 500px) 100vw, 500px\" \/><\/p>\n<p>Niezale\u017cnie od tego, czy u\u017cywany jest na statywach na placu budowy, czy na stojakach pod\u0142ogowych, <a href=\"https:\/\/mountlaser.com\/pl\/products\/\">LLRA01 <!--StartFragment --><span class=\"cf0\">Obrotowy adapter do lasera liniowego<\/span><\/a><!--EndFragment --> Zapewnia stabilne podparcie, elastyczne pozycjonowanie i p\u0142ynny obr\u00f3t. Ten niezawodny adapter poziomicy laserowej z pokr\u0119t\u0142em obrotowym 360\u00b0 zwi\u0119ksza wydajno\u015b\u0107 pracy i gwarantuje idealnie wyr\u00f3wnane projekcje laserowe za ka\u017cdym razem.<\/p>","protected":false},"excerpt":{"rendered":"<ul>\n<li>P\u0142ynna regulacja obrotu o 360\u00b0 za pomoc\u0105 adaptera poziomicy laserowej z pokr\u0119t\u0142em obrotowym o 360\u00b0<\/li>\n<li>G\u00f3rny gwint 1\/4\u2033-20 zapewniaj\u0105cy kompatybilno\u015b\u0107 z uniwersalnymi poziomicami laserowymi<\/li>\n<li>Dolny gwint 5\/8\u2033-11 (OD65mm) do statyw\u00f3w i podstaw<\/li>\n<li>Umo\u017cliwia precyzyjne wyr\u00f3wnanie w zadaniach zwi\u0105zanych z uk\u0142adem, poziomowaniem i ramowaniem<\/li>\n<\/ul>","protected":false},"featured_media":4622,"comment_status":"open","ping_status":"closed","template":"","meta":[],"product_brand":[],"product_cat":[94,130],"product_tag":[],"class_list":{"0":"post-4621","1":"product","2":"type-product","3":"status-publish","4":"has-post-thumbnail","6":"product_cat-laser-level-accessory","7":"product_cat-line-laser-rotating-adapter","9":"first","10":"instock","11":"shipping-taxable","12":"product-type-simple"},"_links":{"self":[{"href":"https:\/\/mountlaser.com\/pl\/wp-json\/wp\/v2\/product\/4621","targetHints":{"allow":["GET"]}}],"collection":[{"href":"https:\/\/mountlaser.com\/pl\/wp-json\/wp\/v2\/product"}],"about":[{"href":"https:\/\/mountlaser.com\/pl\/wp-json\/wp\/v2\/types\/product"}],"replies":[{"embeddable":true,"href":"https:\/\/mountlaser.com\/pl\/wp-json\/wp\/v2\/comments?post=4621"}],"wp:featuredmedia":[{"embeddable":true,"href":"https:\/\/mountlaser.com\/pl\/wp-json\/wp\/v2\/media\/4622"}],"wp:attachment":[{"href":"https:\/\/mountlaser.com\/pl\/wp-json\/wp\/v2\/media?parent=4621"}],"wp:term":[{"taxonomy":"product_brand","embeddable":true,"href":"https:\/\/mountlaser.com\/pl\/wp-json\/wp\/v2\/product_brand?post=4621"},{"taxonomy":"product_cat","embeddable":true,"href":"https:\/\/mountlaser.com\/pl\/wp-json\/wp\/v2\/product_cat?post=4621"},{"taxonomy":"product_tag","embeddable":true,"href":"https:\/\/mountlaser.com\/pl\/wp-json\/wp\/v2\/product_tag?post=4621"}],"curies":[{"name":"wp","href":"https:\/\/api.w.org\/{rel}","templated":true}]}}