{"id":4613,"date":"2025-11-19T07:36:25","date_gmt":"2025-11-19T07:36:25","guid":{"rendered":"https:\/\/mountlaser.com\/?post_type=product&#038;p=4613"},"modified":"2025-11-26T08:12:13","modified_gmt":"2025-11-26T08:12:13","slug":"llra05-line-laser-rotating-adapter","status":"publish","type":"product","link":"https:\/\/mountlaser.com\/pl\/produkt\/llra05-line-laser-rotating-adapter\/","title":{"rendered":"Obrotowy adapter do lasera liniowego LLRA05"},"content":{"rendered":"<p>Ten <a href=\"https:\/\/mountlaser.com\/pl\/products\/\"><strong>Obrotowa podstawa laserowa<\/strong><\/a> LLRA05 to wysokoprecyzyjny <a href=\"https:\/\/mountlaser.com\/pl\/about-us\/\"><strong>Podstawa obrotowa 360 stopni<\/strong><\/a> Zaprojektowana z my\u015bl\u0105 o p\u0142ynnym i precyzyjnym pozycjonowaniu wszystkich typ\u00f3w niwelator\u00f3w laserowych. Zaprojektowana do profesjonalnych zada\u0144 pomiarowych, ta obrotowa podstawa laserowa zapewnia precyzyjn\u0105 kontrol\u0119 obrot\u00f3w, umo\u017cliwiaj\u0105c u\u017cytkownikom precyzyjne ustawienie i rozmieszczenie element\u00f3w z wyj\u0105tkow\u0105 dok\u0142adno\u015bci\u0105.<\/p>\n<p>Dzi\u0119ki trwa\u0142ej konstrukcji i uniwersalnemu obrotowemu adapterowi 1\/4\u2033-20, obrotowa podstawa 360 stopni jest kompatybilna z szerok\u0105 gam\u0105 laser\u00f3w liniowych i punktowych. Jej niezawodna i stabilna konstrukcja zapewnia sta\u0142\u0105 wydajno\u015b\u0107 na ka\u017cdym placu budowy. Niezale\u017cnie od tego, czy jest u\u017cywana do poziomowania, ustawiania wsp\u00f3\u0142osiowo\u015bci, czy uk\u0142adania, ta obrotowa podstawa laserowa zapewnia wyj\u0105tkow\u0105 p\u0142ynno\u015b\u0107 i powtarzalno\u015b\u0107 podczas regulacji k\u0105t\u00f3w lub obracania instrumentu.<\/p>\n<p><img fetchpriority=\"high\" decoding=\"async\" class=\"aligncenter wp-image-4616\" src=\"https:\/\/mountlaser.com\/wp-content\/uploads\/2025\/11\/LLRA053.webp\" alt=\"LLRA05 Rotating laser base\" width=\"500\" height=\"500\" srcset=\"https:\/\/mountlaser.com\/wp-content\/uploads\/2025\/11\/LLRA053.webp 1000w, https:\/\/mountlaser.com\/wp-content\/uploads\/2025\/11\/LLRA053-300x300.webp 300w, https:\/\/mountlaser.com\/wp-content\/uploads\/2025\/11\/LLRA053-400x400.webp 400w, https:\/\/mountlaser.com\/wp-content\/uploads\/2025\/11\/LLRA053-800x800.webp 800w, https:\/\/mountlaser.com\/wp-content\/uploads\/2025\/11\/LLRA053-600x600.webp 600w, https:\/\/mountlaser.com\/wp-content\/uploads\/2025\/11\/LLRA053-150x150.webp 150w, https:\/\/mountlaser.com\/wp-content\/uploads\/2025\/11\/LLRA053-768x768.webp 768w, https:\/\/mountlaser.com\/wp-content\/uploads\/2025\/11\/LLRA053-12x12.webp 12w\" sizes=\"(max-width: 500px) 100vw, 500px\" \/><\/p>\n<p>Zaprojektowany dla wymagaj\u0105cych u\u017cytkownik\u00f3w, <a href=\"https:\/\/mountlaser.com\/pl\/contact-us\/\">LLRA05 Podstawa obrotowa 360 stopni<\/a> zapewnia kontrol\u0119 potrzebn\u0105 do prac budowlanych, konstrukcyjnych, uk\u0142adu wn\u0119trz i pomiar\u00f3w geodezyjnych, w kt\u00f3rych precyzyjne obracanie i pozycjonowanie maj\u0105 kluczowe znaczenie.<\/p>","protected":false},"excerpt":{"rendered":"<ul>\n<li>Zapewnia p\u0142ynny obr\u00f3t o 360\u00b0, co pozwala na precyzyjne pozycjonowanie lasera<\/li>\n<li>Wysoka precyzja konstrukcji zapewnia dok\u0142adne wyr\u00f3wnanie i uk\u0142ad<\/li>\n<li>Uniwersalny obrotowy adapter 1\/4\u2033-20 kompatybilny z wi\u0119kszo\u015bci\u0105 poziomic laserowych<\/li>\n<\/ul>","protected":false},"featured_media":4614,"comment_status":"open","ping_status":"closed","template":"","meta":[],"product_brand":[],"product_cat":[94,130],"product_tag":[],"class_list":{"0":"post-4613","1":"product","2":"type-product","3":"status-publish","4":"has-post-thumbnail","6":"product_cat-laser-level-accessory","7":"product_cat-line-laser-rotating-adapter","9":"first","10":"instock","11":"shipping-taxable","12":"product-type-simple"},"_links":{"self":[{"href":"https:\/\/mountlaser.com\/pl\/wp-json\/wp\/v2\/product\/4613","targetHints":{"allow":["GET"]}}],"collection":[{"href":"https:\/\/mountlaser.com\/pl\/wp-json\/wp\/v2\/product"}],"about":[{"href":"https:\/\/mountlaser.com\/pl\/wp-json\/wp\/v2\/types\/product"}],"replies":[{"embeddable":true,"href":"https:\/\/mountlaser.com\/pl\/wp-json\/wp\/v2\/comments?post=4613"}],"wp:featuredmedia":[{"embeddable":true,"href":"https:\/\/mountlaser.com\/pl\/wp-json\/wp\/v2\/media\/4614"}],"wp:attachment":[{"href":"https:\/\/mountlaser.com\/pl\/wp-json\/wp\/v2\/media?parent=4613"}],"wp:term":[{"taxonomy":"product_brand","embeddable":true,"href":"https:\/\/mountlaser.com\/pl\/wp-json\/wp\/v2\/product_brand?post=4613"},{"taxonomy":"product_cat","embeddable":true,"href":"https:\/\/mountlaser.com\/pl\/wp-json\/wp\/v2\/product_cat?post=4613"},{"taxonomy":"product_tag","embeddable":true,"href":"https:\/\/mountlaser.com\/pl\/wp-json\/wp\/v2\/product_tag?post=4613"}],"curies":[{"name":"wp","href":"https:\/\/api.w.org\/{rel}","templated":true}]}}