{"id":4600,"date":"2025-11-19T05:44:02","date_gmt":"2025-11-19T05:44:02","guid":{"rendered":"https:\/\/mountlaser.com\/?post_type=product&#038;p=4600"},"modified":"2025-11-26T08:13:47","modified_gmt":"2025-11-26T08:13:47","slug":"llb25-line-laser-bracket","status":"publish","type":"product","link":"https:\/\/mountlaser.com\/pl\/produkt\/llb25-line-laser-bracket\/","title":{"rendered":"Uchwyt lasera liniowego LLB25"},"content":{"rendered":"<p>Ten <a href=\"https:\/\/mountlaser.com\/pl\/about-us\/\"><strong>Uchwyt lasera liniowego LLB25<\/strong><\/a> jest trwa\u0142y i wszechstronny <a href=\"https:\/\/mountlaser.com\/pl\/kategoria-produktu\/laser-level-accessory\/\"><strong>Magnetyczny uchwyt L<\/strong><\/a> Zaprojektowany, aby zapewni\u0107 niezawodne mocowanie dla szerokiej gamy laser\u00f3w liniowych. Zbudowany z mocn\u0105 podstaw\u0105 magnetyczn\u0105 i uniwersalnym gwintem 1\/4\u2033-20, uchwyt lasera liniowego LLB25 zapewnia bezpieczne mocowanie do powierzchni metalowych, oferuj\u0105c jednocze\u015bnie stabilne ustawienie podczas poziomowania i ustawiania.<\/p>\n<p>Dost\u0119pny w dw\u00f3ch modelach \u2013 LLB25A i LLB25AB \u2013 ten magnetyczny uchwyt L-kszta\u0142tny oferuje zwi\u0119kszon\u0105 kompatybilno\u015b\u0107 i elastyczne opcje monta\u017cu w r\u00f3\u017cnych warunkach na placu budowy. Niezale\u017cnie od tego, czy jest u\u017cywany w budownictwie, aran\u017cacji wn\u0119trz, czy profesjonalnych pracach wyr\u00f3wnuj\u0105cych, uchwyt lasera liniowego LLB25 zapewnia sta\u0142\u0105 wydajno\u015b\u0107, \u0142atw\u0105 instalacj\u0119 i niezawodne wsparcie dla precyzyjnych zastosowa\u0144 pomiarowych.<\/p>\n<figure id=\"attachment_4602\" aria-describedby=\"caption-attachment-4602\" style=\"width: 500px\" class=\"wp-caption aligncenter\"><img fetchpriority=\"high\" decoding=\"async\" class=\"wp-image-4602\" src=\"https:\/\/mountlaser.com\/wp-content\/uploads\/2025\/11\/WB25A2.webp\" alt=\"LLB25 Line Laser Bracket\" width=\"500\" height=\"500\" srcset=\"https:\/\/mountlaser.com\/wp-content\/uploads\/2025\/11\/WB25A2.webp 1000w, https:\/\/mountlaser.com\/wp-content\/uploads\/2025\/11\/WB25A2-300x300.webp 300w, https:\/\/mountlaser.com\/wp-content\/uploads\/2025\/11\/WB25A2-400x400.webp 400w, https:\/\/mountlaser.com\/wp-content\/uploads\/2025\/11\/WB25A2-800x800.webp 800w, https:\/\/mountlaser.com\/wp-content\/uploads\/2025\/11\/WB25A2-600x600.webp 600w, https:\/\/mountlaser.com\/wp-content\/uploads\/2025\/11\/WB25A2-150x150.webp 150w, https:\/\/mountlaser.com\/wp-content\/uploads\/2025\/11\/WB25A2-768x768.webp 768w, https:\/\/mountlaser.com\/wp-content\/uploads\/2025\/11\/WB25A2-12x12.webp 12w\" sizes=\"(max-width: 500px) 100vw, 500px\" \/><figcaption id=\"caption-attachment-4602\" class=\"wp-caption-text\">Uchwyt lasera liniowego LLB25A<\/figcaption><\/figure>\n<figure id=\"attachment_4609\" aria-describedby=\"caption-attachment-4609\" style=\"width: 500px\" class=\"wp-caption aligncenter\"><img decoding=\"async\" class=\"wp-image-4609\" src=\"https:\/\/mountlaser.com\/wp-content\/uploads\/2025\/11\/WB25B2.webp\" alt=\"LLB25 Line Laser Bracket\" width=\"500\" height=\"500\" srcset=\"https:\/\/mountlaser.com\/wp-content\/uploads\/2025\/11\/WB25B2.webp 1000w, https:\/\/mountlaser.com\/wp-content\/uploads\/2025\/11\/WB25B2-300x300.webp 300w, https:\/\/mountlaser.com\/wp-content\/uploads\/2025\/11\/WB25B2-400x400.webp 400w, https:\/\/mountlaser.com\/wp-content\/uploads\/2025\/11\/WB25B2-800x800.webp 800w, https:\/\/mountlaser.com\/wp-content\/uploads\/2025\/11\/WB25B2-600x600.webp 600w, https:\/\/mountlaser.com\/wp-content\/uploads\/2025\/11\/WB25B2-150x150.webp 150w, https:\/\/mountlaser.com\/wp-content\/uploads\/2025\/11\/WB25B2-768x768.webp 768w, https:\/\/mountlaser.com\/wp-content\/uploads\/2025\/11\/WB25B2-12x12.webp 12w\" sizes=\"(max-width: 500px) 100vw, 500px\" \/><figcaption id=\"caption-attachment-4609\" class=\"wp-caption-text\">Uchwyt lasera liniowego LLB25AB<\/figcaption><\/figure>\n<p>Zaprojektowany z my\u015bl\u0105 o d\u0142ugiej \u017cywotno\u015bci, magnetyczny kszta\u0142t uchwytu w kszta\u0142cie litery L zapewnia pewny chwyt i stabilne umiejscowienie, dzi\u0119ki czemu <a href=\"https:\/\/mountlaser.com\/pl\/contact-us\/\">Magnetyczny uchwyt L<\/a> niezb\u0119dne akcesorium dla u\u017cytkownik\u00f3w poziomic laserowych poszukuj\u0105cych wi\u0119kszej wydajno\u015bci i dok\u0142adno\u015bci.<\/p>","protected":false},"excerpt":{"rendered":"<ul>\n<li>Mocna podstawa magnetyczna do bezpiecznego mocowania do powierzchni metalowych<\/li>\n<li>Uniwersalny gwint 1\/4\u2033-20 kompatybilny z wi\u0119kszo\u015bci\u0105 narz\u0119dzi laserowych<\/li>\n<li>Dost\u0119pne w wersjach LLB25A i LLB25AB, dostosowane do r\u00f3\u017cnych potrzeb zastosowa\u0144<\/li>\n<li>Trwa\u0142a konstrukcja w kszta\u0142cie litery L zapewniaj\u0105ca niezawodn\u0105 wydajno\u015b\u0107<\/li>\n<\/ul>","protected":false},"featured_media":4602,"comment_status":"open","ping_status":"closed","template":"","meta":[],"product_brand":[],"product_cat":[94,129],"product_tag":[],"class_list":{"0":"post-4600","1":"product","2":"type-product","3":"status-publish","4":"has-post-thumbnail","6":"product_cat-laser-level-accessory","7":"product_cat-line-laser-bracket","9":"first","10":"instock","11":"shipping-taxable","12":"product-type-simple"},"_links":{"self":[{"href":"https:\/\/mountlaser.com\/pl\/wp-json\/wp\/v2\/product\/4600","targetHints":{"allow":["GET"]}}],"collection":[{"href":"https:\/\/mountlaser.com\/pl\/wp-json\/wp\/v2\/product"}],"about":[{"href":"https:\/\/mountlaser.com\/pl\/wp-json\/wp\/v2\/types\/product"}],"replies":[{"embeddable":true,"href":"https:\/\/mountlaser.com\/pl\/wp-json\/wp\/v2\/comments?post=4600"}],"wp:featuredmedia":[{"embeddable":true,"href":"https:\/\/mountlaser.com\/pl\/wp-json\/wp\/v2\/media\/4602"}],"wp:attachment":[{"href":"https:\/\/mountlaser.com\/pl\/wp-json\/wp\/v2\/media?parent=4600"}],"wp:term":[{"taxonomy":"product_brand","embeddable":true,"href":"https:\/\/mountlaser.com\/pl\/wp-json\/wp\/v2\/product_brand?post=4600"},{"taxonomy":"product_cat","embeddable":true,"href":"https:\/\/mountlaser.com\/pl\/wp-json\/wp\/v2\/product_cat?post=4600"},{"taxonomy":"product_tag","embeddable":true,"href":"https:\/\/mountlaser.com\/pl\/wp-json\/wp\/v2\/product_tag?post=4600"}],"curies":[{"name":"wp","href":"https:\/\/api.w.org\/{rel}","templated":true}]}}