{"id":4588,"date":"2025-11-19T02:49:40","date_gmt":"2025-11-19T02:49:40","guid":{"rendered":"https:\/\/mountlaser.com\/?post_type=product&#038;p=4588"},"modified":"2025-11-26T08:15:02","modified_gmt":"2025-11-26T08:15:02","slug":"llb24-line-laser-bracket","status":"publish","type":"product","link":"https:\/\/mountlaser.com\/pl\/produkt\/llb24-line-laser-bracket\/","title":{"rendered":"Uchwyt lasera liniowego LLB24"},"content":{"rendered":"<p>Ten <a href=\"https:\/\/mountlaser.com\/pl\/kategoria-produktu\/laser-level-accessory\/\"><strong>Uchwyt lasera liniowego LLB24<\/strong><\/a> To wszechstronne i trwa\u0142e rozwi\u0105zanie monta\u017cowe przeznaczone do profesjonalnych zastosowa\u0144 z niwelatorami laserowymi. Zaprojektowany z mocn\u0105 podstaw\u0105 magnetyczn\u0105, uchwyt lasera liniowego LLB24 zapewnia stabilne i elastyczne pozycjonowanie na powierzchniach metalowych, dzi\u0119ki czemu idealnie nadaje si\u0119 do prac budowlanych, wyr\u00f3wnywania i aran\u017cacji wn\u0119trz.<\/p>\n<p>Ten uchwyt jest kompatybilny z wieloma modelami poziomic laserowych i pe\u0142ni funkcj\u0119 wydajnego<a href=\"https:\/\/mountlaser.com\/pl\/about-us\/\"> <strong>Magnetyczny uchwyt w kszta\u0142cie litery L do poziomicy laserowej<\/strong><\/a>, oferuj\u0105c szybki monta\u017c za pomoc\u0105 uniwersalnego gwintu 1\/4\u2033-20. Uchwyt lasera liniowego LLB24 jest dost\u0119pny w dw\u00f3ch wersjach \u2013 LLB24A i LLB24AB \u2013 aby spe\u0142ni\u0107 r\u00f3\u017cne wymagania u\u017cytkownik\u00f3w i preferencje instalacyjne.<\/p>\n<figure id=\"attachment_4589\" aria-describedby=\"caption-attachment-4589\" style=\"width: 500px\" class=\"wp-caption aligncenter\"><img fetchpriority=\"high\" decoding=\"async\" class=\"wp-image-4589\" src=\"https:\/\/mountlaser.com\/wp-content\/uploads\/2025\/11\/WB24A1.webp\" alt=\"LLB24 Line Laser Bracket\" width=\"500\" height=\"500\" srcset=\"https:\/\/mountlaser.com\/wp-content\/uploads\/2025\/11\/WB24A1.webp 1000w, https:\/\/mountlaser.com\/wp-content\/uploads\/2025\/11\/WB24A1-300x300.webp 300w, https:\/\/mountlaser.com\/wp-content\/uploads\/2025\/11\/WB24A1-400x400.webp 400w, https:\/\/mountlaser.com\/wp-content\/uploads\/2025\/11\/WB24A1-800x800.webp 800w, https:\/\/mountlaser.com\/wp-content\/uploads\/2025\/11\/WB24A1-600x600.webp 600w, https:\/\/mountlaser.com\/wp-content\/uploads\/2025\/11\/WB24A1-150x150.webp 150w, https:\/\/mountlaser.com\/wp-content\/uploads\/2025\/11\/WB24A1-768x768.webp 768w, https:\/\/mountlaser.com\/wp-content\/uploads\/2025\/11\/WB24A1-12x12.webp 12w\" sizes=\"(max-width: 500px) 100vw, 500px\" \/><figcaption id=\"caption-attachment-4589\" class=\"wp-caption-text\">Uchwyt lasera liniowego LLB24A<\/figcaption><\/figure>\n<figure id=\"attachment_4597\" aria-describedby=\"caption-attachment-4597\" style=\"width: 500px\" class=\"wp-caption aligncenter\"><img decoding=\"async\" class=\"wp-image-4597\" src=\"https:\/\/mountlaser.com\/wp-content\/uploads\/2025\/11\/WB24B3.webp\" alt=\"LLB24 Line Laser Bracket\" width=\"500\" height=\"500\" srcset=\"https:\/\/mountlaser.com\/wp-content\/uploads\/2025\/11\/WB24B3.webp 1000w, https:\/\/mountlaser.com\/wp-content\/uploads\/2025\/11\/WB24B3-300x300.webp 300w, https:\/\/mountlaser.com\/wp-content\/uploads\/2025\/11\/WB24B3-400x400.webp 400w, https:\/\/mountlaser.com\/wp-content\/uploads\/2025\/11\/WB24B3-800x800.webp 800w, https:\/\/mountlaser.com\/wp-content\/uploads\/2025\/11\/WB24B3-600x600.webp 600w, https:\/\/mountlaser.com\/wp-content\/uploads\/2025\/11\/WB24B3-150x150.webp 150w, https:\/\/mountlaser.com\/wp-content\/uploads\/2025\/11\/WB24B3-768x768.webp 768w, https:\/\/mountlaser.com\/wp-content\/uploads\/2025\/11\/WB24B3-12x12.webp 12w\" sizes=\"(max-width: 500px) 100vw, 500px\" \/><figcaption id=\"caption-attachment-4597\" class=\"wp-caption-text\">Uchwyt lasera liniowego LLB24AB<\/figcaption><\/figure>\n<p>Jako wiarygodny <a href=\"https:\/\/mountlaser.com\/pl\/contact-us\/\">Magnetyczny uchwyt w kszta\u0142cie litery L do poziomicy laserowej<\/a>, zapewnia bezpieczny monta\u017c, \u0142atw\u0105 regulacj\u0119 i wi\u0119ksz\u0105 precyzj\u0119, dzi\u0119ki czemu jest cennym akcesorium dla profesjonalist\u00f3w, kt\u00f3rzy wymagaj\u0105 dok\u0142adno\u015bci i stabilno\u015bci podczas pomiar\u00f3w laserowych.<\/p>","protected":false},"excerpt":{"rendered":"<ul>\n<li>Uniwersalny gwint 1\/4\u2033-20 zapewniaj\u0105cy szerok\u0105 kompatybilno\u015b\u0107<\/li>\n<li>Dost\u0119pne w wersjach LLB24A i LLB24AB do r\u00f3\u017cnych konfiguracji<\/li>\n<li>Pe\u0142ni funkcj\u0119 magnetycznego uchwytu w kszta\u0142cie litery L, co umo\u017cliwia wszechstronn\u0105 instalacj\u0119 poziomicy laserowej<\/li>\n<\/ul>","protected":false},"featured_media":4589,"comment_status":"open","ping_status":"closed","template":"","meta":[],"product_brand":[],"product_cat":[129,94],"product_tag":[],"class_list":{"0":"post-4588","1":"product","2":"type-product","3":"status-publish","4":"has-post-thumbnail","6":"product_cat-line-laser-bracket","7":"product_cat-laser-level-accessory","9":"first","10":"instock","11":"shipping-taxable","12":"product-type-simple"},"_links":{"self":[{"href":"https:\/\/mountlaser.com\/pl\/wp-json\/wp\/v2\/product\/4588","targetHints":{"allow":["GET"]}}],"collection":[{"href":"https:\/\/mountlaser.com\/pl\/wp-json\/wp\/v2\/product"}],"about":[{"href":"https:\/\/mountlaser.com\/pl\/wp-json\/wp\/v2\/types\/product"}],"replies":[{"embeddable":true,"href":"https:\/\/mountlaser.com\/pl\/wp-json\/wp\/v2\/comments?post=4588"}],"wp:featuredmedia":[{"embeddable":true,"href":"https:\/\/mountlaser.com\/pl\/wp-json\/wp\/v2\/media\/4589"}],"wp:attachment":[{"href":"https:\/\/mountlaser.com\/pl\/wp-json\/wp\/v2\/media?parent=4588"}],"wp:term":[{"taxonomy":"product_brand","embeddable":true,"href":"https:\/\/mountlaser.com\/pl\/wp-json\/wp\/v2\/product_brand?post=4588"},{"taxonomy":"product_cat","embeddable":true,"href":"https:\/\/mountlaser.com\/pl\/wp-json\/wp\/v2\/product_cat?post=4588"},{"taxonomy":"product_tag","embeddable":true,"href":"https:\/\/mountlaser.com\/pl\/wp-json\/wp\/v2\/product_tag?post=4588"}],"curies":[{"name":"wp","href":"https:\/\/api.w.org\/{rel}","templated":true}]}}