{"id":4571,"date":"2025-11-18T09:05:23","date_gmt":"2025-11-18T09:05:23","guid":{"rendered":"https:\/\/mountlaser.com\/?post_type=product&#038;p=4571"},"modified":"2025-11-26T08:38:05","modified_gmt":"2025-11-26T08:38:05","slug":"llb22a-line-laser-bracket","status":"publish","type":"product","link":"https:\/\/mountlaser.com\/pl\/produkt\/llb22a-line-laser-bracket\/","title":{"rendered":"Uchwyt lasera liniowego LLB22A"},"content":{"rendered":"<p>Ten <a href=\"https:\/\/mountlaser.com\/pl\/\"><strong>Magnetyczny wspornik poziomuj\u0105cy<\/strong> <\/a>To wszechstronne rozwi\u0105zanie monta\u017cowe, zaprojektowane z my\u015bl\u0105 o zapewnieniu stabilnego i precyzyjnego pozycjonowania narz\u0119dzi laserowych. Zaprojektowane do profesjonalnych zada\u0144 zwi\u0105zanych z ustawianiem, <a href=\"https:\/\/mountlaser.com\/pl\/kategoria-produktu\/laser-level-accessory\/\"><strong>Uchwyt lasera liniowego LLB22A<\/strong><\/a> Zapewnia niezawodne wsparcie dzi\u0119ki mocnej magnetycznej konstrukcji w kszta\u0142cie litery L, gwarantuj\u0105c bezpieczne mocowanie do metalowych powierzchni na placach budowy. Ten wytrzyma\u0142y magnetyczny wspornik poziomuj\u0105cy posiada uniwersalny gwint 1\/4\u2033-20, co umo\u017cliwia kompatybilno\u015b\u0107 z szerok\u0105 gam\u0105 laser\u00f3w liniowych i przyrz\u0105d\u00f3w pomiarowych.<\/p>\n<p><img fetchpriority=\"high\" decoding=\"async\" class=\"aligncenter wp-image-4572\" src=\"https:\/\/mountlaser.com\/wp-content\/uploads\/2025\/11\/WB22A1.webp\" alt=\"LLB22A Magnetic leveling support bracket\" width=\"500\" height=\"500\" srcset=\"https:\/\/mountlaser.com\/wp-content\/uploads\/2025\/11\/WB22A1.webp 1000w, https:\/\/mountlaser.com\/wp-content\/uploads\/2025\/11\/WB22A1-300x300.webp 300w, https:\/\/mountlaser.com\/wp-content\/uploads\/2025\/11\/WB22A1-400x400.webp 400w, https:\/\/mountlaser.com\/wp-content\/uploads\/2025\/11\/WB22A1-800x800.webp 800w, https:\/\/mountlaser.com\/wp-content\/uploads\/2025\/11\/WB22A1-600x600.webp 600w, https:\/\/mountlaser.com\/wp-content\/uploads\/2025\/11\/WB22A1-150x150.webp 150w, https:\/\/mountlaser.com\/wp-content\/uploads\/2025\/11\/WB22A1-768x768.webp 768w, https:\/\/mountlaser.com\/wp-content\/uploads\/2025\/11\/WB22A1-12x12.webp 12w\" sizes=\"(max-width: 500px) 100vw, 500px\" \/><\/p>\n<p>Dzi\u0119ki kompaktowej i wytrzyma\u0142ej konstrukcji, <a href=\"https:\/\/mountlaser.com\/pl\/contact-us\/\">Uchwyt lasera liniowego LLB22A<\/a> Oferuje \u0142atw\u0105 regulacj\u0119 wysoko\u015bci i elastyczne opcje monta\u017cu, dzi\u0119ki czemu idealnie nadaje si\u0119 do zastosowa\u0144 w budownictwie, renowacji i aran\u017cacji wn\u0119trz. Niezale\u017cnie od tego, czy potrzebujesz sp\u00f3jnego ustawienia lasera, czy stabilnych poziomych i pionowych linii odniesienia, ten magnetyczny wspornik poziomuj\u0105cy gwarantuje dok\u0142adno\u015b\u0107, wygod\u0119 i niezawodne ustawienie lasera w ca\u0142ym projekcie.<\/p>","protected":false},"excerpt":{"rendered":"<ul>\n<li>Mocna podstawa magnetyczna do bezpiecznego monta\u017cu na powierzchniach metalowych<\/li>\n<li>Uniwersalny gwint 1\/4\u2033-20 kompatybilny z wi\u0119kszo\u015bci\u0105 poziomic laserowych<\/li>\n<li>Idealny do prac budowlanych, projektowania uk\u0142ad\u00f3w i instalacji wewn\u0119trznych<\/li>\n<li>Trwa\u0142a konstrukcja w kszta\u0142cie litery L do d\u0142ugotrwa\u0142ego u\u017cytkowania<\/li>\n<\/ul>","protected":false},"featured_media":4572,"comment_status":"open","ping_status":"closed","template":"","meta":[],"product_brand":[],"product_cat":[94,129],"product_tag":[],"class_list":{"0":"post-4571","1":"product","2":"type-product","3":"status-publish","4":"has-post-thumbnail","6":"product_cat-laser-level-accessory","7":"product_cat-line-laser-bracket","9":"first","10":"instock","11":"shipping-taxable","12":"product-type-simple"},"_links":{"self":[{"href":"https:\/\/mountlaser.com\/pl\/wp-json\/wp\/v2\/product\/4571","targetHints":{"allow":["GET"]}}],"collection":[{"href":"https:\/\/mountlaser.com\/pl\/wp-json\/wp\/v2\/product"}],"about":[{"href":"https:\/\/mountlaser.com\/pl\/wp-json\/wp\/v2\/types\/product"}],"replies":[{"embeddable":true,"href":"https:\/\/mountlaser.com\/pl\/wp-json\/wp\/v2\/comments?post=4571"}],"wp:featuredmedia":[{"embeddable":true,"href":"https:\/\/mountlaser.com\/pl\/wp-json\/wp\/v2\/media\/4572"}],"wp:attachment":[{"href":"https:\/\/mountlaser.com\/pl\/wp-json\/wp\/v2\/media?parent=4571"}],"wp:term":[{"taxonomy":"product_brand","embeddable":true,"href":"https:\/\/mountlaser.com\/pl\/wp-json\/wp\/v2\/product_brand?post=4571"},{"taxonomy":"product_cat","embeddable":true,"href":"https:\/\/mountlaser.com\/pl\/wp-json\/wp\/v2\/product_cat?post=4571"},{"taxonomy":"product_tag","embeddable":true,"href":"https:\/\/mountlaser.com\/pl\/wp-json\/wp\/v2\/product_tag?post=4571"}],"curies":[{"name":"wp","href":"https:\/\/api.w.org\/{rel}","templated":true}]}}