{"id":4563,"date":"2025-11-18T07:33:34","date_gmt":"2025-11-18T07:33:34","guid":{"rendered":"https:\/\/mountlaser.com\/?post_type=product&#038;p=4563"},"modified":"2025-11-26T08:38:58","modified_gmt":"2025-11-26T08:38:58","slug":"llb19-line-laser-bracket","status":"publish","type":"product","link":"https:\/\/mountlaser.com\/pl\/produkt\/llb19-line-laser-bracket\/","title":{"rendered":"Uchwyt lasera liniowego LLB19"},"content":{"rendered":"<p>Ten <a href=\"https:\/\/mountlaser.com\/pl\/\"><strong>Uchwyt magnetyczny 360 stopni do poziomicy laserowej<\/strong><\/a> To wszechstronny akcesorium monta\u017cowe zaprojektowane z my\u015bl\u0105 o precyzyjnej i elastycznej instalacji lasera. Zaprojektowane z mocn\u0105 magnetyczn\u0105 konstrukcj\u0105 w kszta\u0142cie litery L, zapewnia bezpieczne mocowanie do powierzchni metalowych, przyspieszaj\u0105c i usprawniaj\u0105c proces osiowania. <a href=\"https:\/\/mountlaser.com\/pl\/about-us\/\"><strong>Platforma podnosz\u0105ca laser liniowy LLB19<\/strong><\/a> wsp\u00f3\u0142pracuje bezproblemowo z tym 360-stopniowym uchwytem magnetycznym do poziomicy laserowej, oferuj\u0105c stabiln\u0105 regulacj\u0119 wysoko\u015bci i mo\u017cliwo\u015b\u0107 dostosowania po\u0142o\u017cenia do r\u00f3\u017cnych potrzeb miejsca pracy.<\/p>\n<p>Wyposa\u017cona w wytrzyma\u0142y uchwyt L-Bar z magnesem i gwint 1\/4\u2033-20, platforma podnosz\u0105ca laser liniowy LLB19 obs\u0142uguje szerok\u0105 gam\u0119 laser\u00f3w liniowych. W po\u0142\u0105czeniu z magnetycznym uchwytem 360 stopni do poziomicy laserowej, u\u017cytkownicy mog\u0105 uzyska\u0107 pe\u0142ny k\u0105t ustawienia, lepsz\u0105 dok\u0142adno\u015b\u0107 poziomowania i niezawodny monta\u017c nawet w trudnych warunkach. System ten, zaprojektowany do prac budowlanych, projektowych i instalacyjnych we wn\u0119trzach, zapewnia wyj\u0105tkow\u0105 stabilno\u015b\u0107 i \u0142atwo\u015b\u0107 pozycjonowania.<\/p>\n<p><img fetchpriority=\"high\" decoding=\"async\" class=\"aligncenter wp-image-4564\" src=\"https:\/\/mountlaser.com\/wp-content\/uploads\/2025\/11\/WB-19A1.webp\" alt=\"LLB19 360 degree magnetic bracket for laser level\" width=\"500\" height=\"500\" srcset=\"https:\/\/mountlaser.com\/wp-content\/uploads\/2025\/11\/WB-19A1.webp 1000w, https:\/\/mountlaser.com\/wp-content\/uploads\/2025\/11\/WB-19A1-300x300.webp 300w, https:\/\/mountlaser.com\/wp-content\/uploads\/2025\/11\/WB-19A1-400x400.webp 400w, https:\/\/mountlaser.com\/wp-content\/uploads\/2025\/11\/WB-19A1-800x800.webp 800w, https:\/\/mountlaser.com\/wp-content\/uploads\/2025\/11\/WB-19A1-600x600.webp 600w, https:\/\/mountlaser.com\/wp-content\/uploads\/2025\/11\/WB-19A1-150x150.webp 150w, https:\/\/mountlaser.com\/wp-content\/uploads\/2025\/11\/WB-19A1-768x768.webp 768w, https:\/\/mountlaser.com\/wp-content\/uploads\/2025\/11\/WB-19A1-12x12.webp 12w\" sizes=\"(max-width: 500px) 100vw, 500px\" \/><\/p>\n<p>Ten <a href=\"https:\/\/mountlaser.com\/pl\/products\/\">Platforma podnosz\u0105ca laser liniowy LLB19<\/a> a jego magnetyczny uchwyt oferuje profesjonalnym u\u017cytkownikom wygodne, regulowane i bezpieczne rozwi\u0105zanie do podnoszenia i pozycjonowania poziomic laserowych z pewno\u015bci\u0105 i precyzj\u0105.<\/p>","protected":false},"excerpt":{"rendered":"<ul>\n<li>Zapewnia 360-stopniowy monta\u017c magnetyczny na powierzchniach metalowych<\/li>\n<li>Obs\u0142uguje regulacj\u0119 wysoko\u015bci za pomoc\u0105 platformy podnosz\u0105cej laser liniowy LLB19<\/li>\n<li>Mocny magnetyczny uchwyt w kszta\u0142cie litery L zapewnia mocne i stabilne mocowanie<\/li>\n<li>Wyposa\u017cony w gwint 1\/4\u2033-20 zapewniaj\u0105cy uniwersaln\u0105 kompatybilno\u015b\u0107 z laserem<\/li>\n<li>Idealny do zastosowa\u0144 w budownictwie, aran\u017cacji wn\u0119trz i wyr\u00f3wnywania<\/li>\n<\/ul>","protected":false},"featured_media":4564,"comment_status":"open","ping_status":"closed","template":"","meta":[],"product_brand":[],"product_cat":[129,94],"product_tag":[],"class_list":{"0":"post-4563","1":"product","2":"type-product","3":"status-publish","4":"has-post-thumbnail","6":"product_cat-line-laser-bracket","7":"product_cat-laser-level-accessory","9":"first","10":"instock","11":"shipping-taxable","12":"product-type-simple"},"_links":{"self":[{"href":"https:\/\/mountlaser.com\/pl\/wp-json\/wp\/v2\/product\/4563","targetHints":{"allow":["GET"]}}],"collection":[{"href":"https:\/\/mountlaser.com\/pl\/wp-json\/wp\/v2\/product"}],"about":[{"href":"https:\/\/mountlaser.com\/pl\/wp-json\/wp\/v2\/types\/product"}],"replies":[{"embeddable":true,"href":"https:\/\/mountlaser.com\/pl\/wp-json\/wp\/v2\/comments?post=4563"}],"wp:featuredmedia":[{"embeddable":true,"href":"https:\/\/mountlaser.com\/pl\/wp-json\/wp\/v2\/media\/4564"}],"wp:attachment":[{"href":"https:\/\/mountlaser.com\/pl\/wp-json\/wp\/v2\/media?parent=4563"}],"wp:term":[{"taxonomy":"product_brand","embeddable":true,"href":"https:\/\/mountlaser.com\/pl\/wp-json\/wp\/v2\/product_brand?post=4563"},{"taxonomy":"product_cat","embeddable":true,"href":"https:\/\/mountlaser.com\/pl\/wp-json\/wp\/v2\/product_cat?post=4563"},{"taxonomy":"product_tag","embeddable":true,"href":"https:\/\/mountlaser.com\/pl\/wp-json\/wp\/v2\/product_tag?post=4563"}],"curies":[{"name":"wp","href":"https:\/\/api.w.org\/{rel}","templated":true}]}}