{"id":4556,"date":"2025-11-18T05:53:21","date_gmt":"2025-11-18T05:53:21","guid":{"rendered":"https:\/\/mountlaser.com\/?post_type=product&#038;p=4556"},"modified":"2025-11-26T08:40:00","modified_gmt":"2025-11-26T08:40:00","slug":"llb18a-line-laser-bracket","status":"publish","type":"product","link":"https:\/\/mountlaser.com\/pl\/produkt\/llb18a-line-laser-bracket\/","title":{"rendered":"Uchwyt lasera liniowego LLB18A"},"content":{"rendered":"<p>Ten<a href=\"https:\/\/mountlaser.com\/pl\/\"><strong> Wspornik LLB18A<\/strong><\/a> to kompaktowy i niezawodny element monta\u017cowy przeznaczony do precyzyjnego pozycjonowania lasera w profesjonalnych zadaniach pomiarowych. Zaprojektowany z my\u015bl\u0105 o kompatybilno\u015bci z szerok\u0105 gam\u0105 niwelator\u00f3w laserowych, <a href=\"https:\/\/mountlaser.com\/pl\/about-us\/\"><strong>Platforma podnosz\u0105ca laser liniowy LLB18A<\/strong> <\/a>charakteryzuje si\u0119 trwa\u0142\u0105 konstrukcj\u0105 i standardowym gwintem 1\/4\u2033-20, co gwarantuje bezpieczne mocowanie i stabiln\u0105 prac\u0119 podczas monta\u017cu.<\/p>\n<p>Niezale\u017cnie od tego, czy jest u\u017cywany na placach budowy, w projektach wn\u0119trzarskich, czy przy pracach poziomowania, uchwyt LLB18A zapewnia stabiln\u0105 podstaw\u0119 do precyzyjnych regulacji, pomagaj\u0105c u\u017cytkownikom uzyska\u0107 dok\u0142adne ustawienie i sp\u00f3jn\u0105 projekcj\u0119 linii. Lekka, a jednocze\u015bnie solidna konstrukcja sprawia, \u017ce platforma podnosz\u0105ca laser liniowy LLB18A jest \u0142atwa w przenoszeniu, monta\u017cu i niezawodna w codziennej pracy.<\/p>\n<p><img fetchpriority=\"high\" decoding=\"async\" class=\"aligncenter wp-image-4558\" src=\"https:\/\/mountlaser.com\/wp-content\/uploads\/2025\/11\/WB18A2.webp\" alt=\"LLB18A bracket\" width=\"500\" height=\"500\" srcset=\"https:\/\/mountlaser.com\/wp-content\/uploads\/2025\/11\/WB18A2.webp 1000w, https:\/\/mountlaser.com\/wp-content\/uploads\/2025\/11\/WB18A2-300x300.webp 300w, https:\/\/mountlaser.com\/wp-content\/uploads\/2025\/11\/WB18A2-400x400.webp 400w, https:\/\/mountlaser.com\/wp-content\/uploads\/2025\/11\/WB18A2-800x800.webp 800w, https:\/\/mountlaser.com\/wp-content\/uploads\/2025\/11\/WB18A2-600x600.webp 600w, https:\/\/mountlaser.com\/wp-content\/uploads\/2025\/11\/WB18A2-150x150.webp 150w, https:\/\/mountlaser.com\/wp-content\/uploads\/2025\/11\/WB18A2-768x768.webp 768w, https:\/\/mountlaser.com\/wp-content\/uploads\/2025\/11\/WB18A2-12x12.webp 12w\" sizes=\"(max-width: 500px) 100vw, 500px\" \/><\/p>\n<p>Dzi\u0119ki zwi\u0119kszonej stabilno\u015bci i wszechstronnym mo\u017cliwo\u015bciom monta\u017cu, <a href=\"https:\/\/mountlaser.com\/pl\/products\/\">Wspornik LLB18A<\/a> jest niezb\u0119dnym akcesorium dla profesjonalist\u00f3w, kt\u00f3rzy wymagaj\u0105 precyzji i wydajno\u015bci podczas pracy z narz\u0119dziami laserowymi.<\/p>","protected":false},"excerpt":{"rendered":"<ul>\n<li>Wyposa\u017cony w standardowy gwint 1\/4\u2033-20 zapewniaj\u0105cy szerok\u0105 kompatybilno\u015b\u0107<\/li>\n<li>Umo\u017cliwia precyzyjn\u0105 regulacj\u0119 wysoko\u015bci i po\u0142o\u017cenia w celu dok\u0142adnego wyr\u00f3wnania<\/li>\n<li>Lekki, wytrzyma\u0142y i odpowiedni do zada\u0144 wewn\u0105trz i na zewn\u0105trz<\/li>\n<\/ul>","protected":false},"featured_media":4557,"comment_status":"open","ping_status":"closed","template":"","meta":[],"product_brand":[],"product_cat":[129,94],"product_tag":[],"class_list":{"0":"post-4556","1":"product","2":"type-product","3":"status-publish","4":"has-post-thumbnail","6":"product_cat-line-laser-bracket","7":"product_cat-laser-level-accessory","9":"first","10":"instock","11":"shipping-taxable","12":"product-type-simple"},"_links":{"self":[{"href":"https:\/\/mountlaser.com\/pl\/wp-json\/wp\/v2\/product\/4556","targetHints":{"allow":["GET"]}}],"collection":[{"href":"https:\/\/mountlaser.com\/pl\/wp-json\/wp\/v2\/product"}],"about":[{"href":"https:\/\/mountlaser.com\/pl\/wp-json\/wp\/v2\/types\/product"}],"replies":[{"embeddable":true,"href":"https:\/\/mountlaser.com\/pl\/wp-json\/wp\/v2\/comments?post=4556"}],"wp:featuredmedia":[{"embeddable":true,"href":"https:\/\/mountlaser.com\/pl\/wp-json\/wp\/v2\/media\/4557"}],"wp:attachment":[{"href":"https:\/\/mountlaser.com\/pl\/wp-json\/wp\/v2\/media?parent=4556"}],"wp:term":[{"taxonomy":"product_brand","embeddable":true,"href":"https:\/\/mountlaser.com\/pl\/wp-json\/wp\/v2\/product_brand?post=4556"},{"taxonomy":"product_cat","embeddable":true,"href":"https:\/\/mountlaser.com\/pl\/wp-json\/wp\/v2\/product_cat?post=4556"},{"taxonomy":"product_tag","embeddable":true,"href":"https:\/\/mountlaser.com\/pl\/wp-json\/wp\/v2\/product_tag?post=4556"}],"curies":[{"name":"wp","href":"https:\/\/api.w.org\/{rel}","templated":true}]}}