{"id":4548,"date":"2025-11-18T03:08:35","date_gmt":"2025-11-18T03:08:35","guid":{"rendered":"https:\/\/mountlaser.com\/?post_type=product&#038;p=4548"},"modified":"2025-11-26T08:40:58","modified_gmt":"2025-11-26T08:40:58","slug":"llb06-line-laser-bracket-2","status":"publish","type":"product","link":"https:\/\/mountlaser.com\/pl\/produkt\/llb06-line-laser-bracket-2\/","title":{"rendered":"Uchwyt lasera liniowego LLB06"},"content":{"rendered":"<p>Ten <a href=\"https:\/\/mountlaser.com\/pl\/products\/\"><strong>Platforma podnosz\u0105ca laser liniowy LLB06<\/strong><\/a> jest wszechstronny <a href=\"https:\/\/mountlaser.com\/pl\/\"><strong>regulowany wspornik k\u0105towy<\/strong><\/a> Zaprojektowany, aby zapewni\u0107 maksymaln\u0105 elastyczno\u015b\u0107 pozycjonowania w szerokim zakresie zastosowa\u0144 niwelator\u00f3w laserowych. Zbudowany na mocnej podstawie magnetycznej, podno\u015bnik do lasera liniowego LLB06 zapewnia bezpieczne mocowanie do powierzchni metalowych, umo\u017cliwiaj\u0105c u\u017cytkownikom wykonywanie zada\u0144 poziomowania, wyr\u00f3wnywania i uk\u0142adania z wi\u0119ksz\u0105 stabilno\u015bci\u0105.<\/p>\n<p>Zaprojektowany z my\u015bl\u0105 o profesjonalnej dok\u0142adno\u015bci, ten regulowany wspornik k\u0105towy obs\u0142uguje k\u0105ty robocze od 0\u00b0 do 90\u00b0, umo\u017cliwiaj\u0105c precyzyjne pozycjonowanie nawet w z\u0142o\u017conych lub ciasnych przestrzeniach. Platforma podnosz\u0105ca laser liniowy LLB06 zawiera r\u00f3wnie\u017c adapter 1\/4\u2033-20 i adapter 5\/8\u2033-11, dzi\u0119ki czemu jest kompatybilna z wi\u0119kszo\u015bci\u0105 komercyjnych poziomic laserowych dost\u0119pnych na rynku.<\/p>\n<p><img fetchpriority=\"high\" decoding=\"async\" class=\"aligncenter wp-image-4549\" src=\"https:\/\/mountlaser.com\/wp-content\/uploads\/2025\/11\/WB-061.webp\" alt=\"LLB06 Line Laser Lifting Platform\" width=\"500\" height=\"500\" srcset=\"https:\/\/mountlaser.com\/wp-content\/uploads\/2025\/11\/WB-061.webp 1000w, https:\/\/mountlaser.com\/wp-content\/uploads\/2025\/11\/WB-061-300x300.webp 300w, https:\/\/mountlaser.com\/wp-content\/uploads\/2025\/11\/WB-061-400x400.webp 400w, https:\/\/mountlaser.com\/wp-content\/uploads\/2025\/11\/WB-061-800x800.webp 800w, https:\/\/mountlaser.com\/wp-content\/uploads\/2025\/11\/WB-061-600x600.webp 600w, https:\/\/mountlaser.com\/wp-content\/uploads\/2025\/11\/WB-061-150x150.webp 150w, https:\/\/mountlaser.com\/wp-content\/uploads\/2025\/11\/WB-061-768x768.webp 768w, https:\/\/mountlaser.com\/wp-content\/uploads\/2025\/11\/WB-061-12x12.webp 12w\" sizes=\"(max-width: 500px) 100vw, 500px\" \/><\/p>\n<p>Wytrzyma\u0142y, stabilny i \u0142atwy w obs\u0142udze, ten regulowany uchwyt k\u0105towy jest idealny dla profesjonalist\u00f3w z bran\u017cy budowlanej, remontowej i aran\u017cacji wn\u0119trz, kt\u00f3rzy potrzebuj\u0105 niezawodnych rozwi\u0105za\u0144 monta\u017cowych do swoich narz\u0119dzi laserowych. Niezale\u017cnie od tego, czy jest u\u017cywany na \u015bcianach, kolumnach czy metalowych ramach, <a href=\"https:\/\/mountlaser.com\/pl\/contact-us\/\">Platforma podnosz\u0105ca laser liniowy LLB06<\/a> zapewnia sp\u00f3jn\u0105 wydajno\u015b\u0107 i wysok\u0105 adaptowalno\u015b\u0107.<\/p>","protected":false},"excerpt":{"rendered":"<ul>\n<li>Zapewnia elastyczne pozycjonowanie narz\u0119dzia laserowego z regulowanym k\u0105tem w zakresie 0\u00b0\u201390\u00b0<\/li>\n<li>Mocna podstawa magnetyczna do bezpiecznego monta\u017cu na powierzchniach metalowych<\/li>\n<li>Kompatybilny z wi\u0119kszo\u015bci\u0105 poziomic laserowych za po\u015brednictwem adapter\u00f3w 1\/4\u2033-20 i 5\/8\u2033-11<\/li>\n<li>Obs\u0142uguje precyzyjne zadania zwi\u0105zane z wyr\u00f3wnywaniem, uk\u0142adem i poziomowaniem<\/li>\n<li>Trwa\u0142a konstrukcja zapewnia stabiln\u0105 i sp\u00f3jn\u0105 wydajno\u015b\u0107<\/li>\n<\/ul>","protected":false},"featured_media":4549,"comment_status":"open","ping_status":"closed","template":"","meta":[],"product_brand":[],"product_cat":[94,129],"product_tag":[],"class_list":{"0":"post-4548","1":"product","2":"type-product","3":"status-publish","4":"has-post-thumbnail","6":"product_cat-laser-level-accessory","7":"product_cat-line-laser-bracket","9":"first","10":"instock","11":"shipping-taxable","12":"product-type-simple"},"_links":{"self":[{"href":"https:\/\/mountlaser.com\/pl\/wp-json\/wp\/v2\/product\/4548","targetHints":{"allow":["GET"]}}],"collection":[{"href":"https:\/\/mountlaser.com\/pl\/wp-json\/wp\/v2\/product"}],"about":[{"href":"https:\/\/mountlaser.com\/pl\/wp-json\/wp\/v2\/types\/product"}],"replies":[{"embeddable":true,"href":"https:\/\/mountlaser.com\/pl\/wp-json\/wp\/v2\/comments?post=4548"}],"wp:featuredmedia":[{"embeddable":true,"href":"https:\/\/mountlaser.com\/pl\/wp-json\/wp\/v2\/media\/4549"}],"wp:attachment":[{"href":"https:\/\/mountlaser.com\/pl\/wp-json\/wp\/v2\/media?parent=4548"}],"wp:term":[{"taxonomy":"product_brand","embeddable":true,"href":"https:\/\/mountlaser.com\/pl\/wp-json\/wp\/v2\/product_brand?post=4548"},{"taxonomy":"product_cat","embeddable":true,"href":"https:\/\/mountlaser.com\/pl\/wp-json\/wp\/v2\/product_cat?post=4548"},{"taxonomy":"product_tag","embeddable":true,"href":"https:\/\/mountlaser.com\/pl\/wp-json\/wp\/v2\/product_tag?post=4548"}],"curies":[{"name":"wp","href":"https:\/\/api.w.org\/{rel}","templated":true}]}}