{"id":4524,"date":"2025-11-18T01:31:54","date_gmt":"2025-11-18T01:31:54","guid":{"rendered":"https:\/\/mountlaser.com\/?post_type=product&#038;p=4524"},"modified":"2025-11-26T08:46:28","modified_gmt":"2025-11-26T08:46:28","slug":"alp02-line-laser-lifting-platform","status":"publish","type":"product","link":"https:\/\/mountlaser.com\/pl\/produkt\/alp02-line-laser-lifting-platform\/","title":{"rendered":"Platforma podnosz\u0105ca laser liniowy ALP02"},"content":{"rendered":"<p>ALP02 to trwa\u0142a i precyzyjnie wykonana <a href=\"https:\/\/mountlaser.com\/pl\/\"><strong>Podstawka pod podno\u015bnik laboratoryjny<\/strong> <\/a>Zaprojektowany do podnoszenia i precyzyjnej regulacji wysoko\u015bci narz\u0119dzi laserowych w celu precyzyjnego ustawienia. Wykonany z wysokiej jako\u015bci aluminium i wyposa\u017cony w podk\u0142adk\u0119 ochronn\u0105, ten podno\u015bnik laboratoryjny zapewnia stabilne i odporne na zarysowania podparcie delikatnych instrument\u00f3w laserowych. Dzi\u0119ki p\u0142ynnemu mechanizmowi podnoszenia, <a href=\"https:\/\/mountlaser.com\/pl\/about-us\/\"><strong>Platforma podnosz\u0105ca z poziomic\u0105 laserow\u0105<\/strong><\/a> umo\u017cliwia u\u017cytkownikom \u0142atwe i precyzyjne zmienianie wysoko\u015bci, gwarantuj\u0105c optymalne pozycjonowanie podczas zada\u0144 zwi\u0105zanych z uk\u0142adem, poziomowaniem i pomiarami.<\/p>\n<p>Dzi\u0119ki wysoko\u015bci roboczej 90 mm, platforma podnosz\u0105ca poziom laserowy Adjustment zapewnia doskona\u0142\u0105 regulacj\u0119 zar\u00f3wno w projektach wewn\u0119trznych, jak i zewn\u0119trznych. Niezale\u017cnie od tego, czy jest u\u017cywana w budownictwie, renowacji, czy aran\u017cacji wn\u0119trz, ten podno\u015bnik laboratoryjny gwarantuje niezawodn\u0105 prac\u0119 i powtarzaln\u0105 dok\u0142adno\u015b\u0107. Jego solidna konstrukcja i antypo\u015blizgowa konstrukcja sprawiaj\u0105, \u017ce jest to idealne akcesorium dla profesjonalist\u00f3w, kt\u00f3rzy wymagaj\u0105 sp\u00f3jnej kontroli wysoko\u015bci lasera na ka\u017cdym placu budowy.<\/p>\n<p><img fetchpriority=\"high\" decoding=\"async\" class=\"aligncenter wp-image-4529\" src=\"https:\/\/mountlaser.com\/wp-content\/uploads\/2025\/11\/APL025.webp\" alt=\"ALP02 Lab Jack Stand\" width=\"500\" height=\"500\" srcset=\"https:\/\/mountlaser.com\/wp-content\/uploads\/2025\/11\/APL025.webp 1000w, https:\/\/mountlaser.com\/wp-content\/uploads\/2025\/11\/APL025-300x300.webp 300w, https:\/\/mountlaser.com\/wp-content\/uploads\/2025\/11\/APL025-400x400.webp 400w, https:\/\/mountlaser.com\/wp-content\/uploads\/2025\/11\/APL025-800x800.webp 800w, https:\/\/mountlaser.com\/wp-content\/uploads\/2025\/11\/APL025-600x600.webp 600w, https:\/\/mountlaser.com\/wp-content\/uploads\/2025\/11\/APL025-150x150.webp 150w, https:\/\/mountlaser.com\/wp-content\/uploads\/2025\/11\/APL025-768x768.webp 768w, https:\/\/mountlaser.com\/wp-content\/uploads\/2025\/11\/APL025-12x12.webp 12w\" sizes=\"(max-width: 500px) 100vw, 500px\" \/><\/p>\n<p>Zaprojektowana z my\u015bl\u0105 o prostocie, trwa\u0142o\u015bci i precyzji, platforma podnosz\u0105ca poziom laserowy Adjustment zwi\u0119ksza wydajno\u015b\u0107 pracy i zapewnia <a href=\"https:\/\/mountlaser.com\/pl\/products\/\">poziom laserowy<\/a> pozostaje stabilny i idealnie wyr\u00f3wnany podczas pracy.<\/p>","protected":false},"excerpt":{"rendered":"<ul>\n<li>Konstrukcja aluminiowa zapewnia wytrzyma\u0142o\u015b\u0107, stabilno\u015b\u0107 i d\u0142ug\u0105 \u017cywotno\u015b\u0107<\/li>\n<li>Podk\u0142adka ochronna zapobiega \u015blizganiu si\u0119 i chroni instrumenty laserowe<\/li>\n<li>Sta\u0142a wysoko\u015b\u0107 robocza 90 mm z p\u0142ynn\u0105 regulacj\u0105 podnoszenia<\/li>\n<li>Nadaje si\u0119 do zastosowa\u0144 w budownictwie, projektowaniu wn\u0119trz, geodezji i profesjonalnych zastosowaniach na placach budowy<\/li>\n<\/ul>","protected":false},"featured_media":4525,"comment_status":"open","ping_status":"closed","template":"","meta":[],"product_brand":[],"product_cat":[128,94],"product_tag":[],"class_list":{"0":"post-4524","1":"product","2":"type-product","3":"status-publish","4":"has-post-thumbnail","6":"product_cat-line-laser-lifting-platform","7":"product_cat-laser-level-accessory","9":"first","10":"instock","11":"shipping-taxable","12":"product-type-simple"},"_links":{"self":[{"href":"https:\/\/mountlaser.com\/pl\/wp-json\/wp\/v2\/product\/4524","targetHints":{"allow":["GET"]}}],"collection":[{"href":"https:\/\/mountlaser.com\/pl\/wp-json\/wp\/v2\/product"}],"about":[{"href":"https:\/\/mountlaser.com\/pl\/wp-json\/wp\/v2\/types\/product"}],"replies":[{"embeddable":true,"href":"https:\/\/mountlaser.com\/pl\/wp-json\/wp\/v2\/comments?post=4524"}],"wp:featuredmedia":[{"embeddable":true,"href":"https:\/\/mountlaser.com\/pl\/wp-json\/wp\/v2\/media\/4525"}],"wp:attachment":[{"href":"https:\/\/mountlaser.com\/pl\/wp-json\/wp\/v2\/media?parent=4524"}],"wp:term":[{"taxonomy":"product_brand","embeddable":true,"href":"https:\/\/mountlaser.com\/pl\/wp-json\/wp\/v2\/product_brand?post=4524"},{"taxonomy":"product_cat","embeddable":true,"href":"https:\/\/mountlaser.com\/pl\/wp-json\/wp\/v2\/product_cat?post=4524"},{"taxonomy":"product_tag","embeddable":true,"href":"https:\/\/mountlaser.com\/pl\/wp-json\/wp\/v2\/product_tag?post=4524"}],"curies":[{"name":"wp","href":"https:\/\/api.w.org\/{rel}","templated":true}]}}