{"id":4516,"date":"2025-11-17T09:10:31","date_gmt":"2025-11-17T09:10:31","guid":{"rendered":"https:\/\/mountlaser.com\/?post_type=product&#038;p=4516"},"modified":"2025-11-26T08:47:32","modified_gmt":"2025-11-26T08:47:32","slug":"gls112-aluminum-prism-pole","status":"publish","type":"product","link":"https:\/\/mountlaser.com\/pl\/produkt\/gls112-aluminum-prism-pole\/","title":{"rendered":"GLS112 Aluminiowy s\u0142upek pryzmatyczny"},"content":{"rendered":"<p>Przedstawiamy<a href=\"https:\/\/mountlaser.com\/pl\/\"> <strong>GLS112 Aluminiowy s\u0142upek pryzmatyczny<\/strong><\/a>, Zaprojektowany dla geodet\u00f3w, kt\u00f3rzy wymagaj\u0105 wyj\u0105tkowego zasi\u0119gu bez utraty stabilno\u015bci i precyzji. Ten solidny, wysoce wytrzyma\u0142y maszt jest wykonany z trwa\u0142ego aluminium, co czyni go idealnym wyborem do projekt\u00f3w, w kt\u00f3rych kluczowe znaczenie ma zar\u00f3wno wysoko\u015b\u0107, jak i niezawodno\u015b\u0107.<\/p>\n<p>Ten model jest przyk\u0142adem lepszej konstrukcji <a href=\"https:\/\/mountlaser.com\/pl\/products\/\"><strong>Aluminiowy s\u0142up pryzmatyczny w stylu szwajcarskim<\/strong><\/a>, Wyposa\u017cony w precyzyjny adapter szwajcarski, kt\u00f3ry zapewnia bezpieczne i uniwersalne po\u0142\u0105czenie z pryzmatem. Aluminiowa konstrukcja tyczki pryzmatycznej Swiss Style gwarantuje idealne dopasowanie, eliminuj\u0105c luz i zapewniaj\u0105c niezmiennie dok\u0142adne pomiary. Niezawodno\u015b\u0107 tej aluminiowej tyczki pryzmatycznej Swiss Style dodatkowo zwi\u0119ksza jej wytrzyma\u0142a aluminiowa konstrukcja, kt\u00f3ra zapewnia sztywno\u015b\u0107 niezb\u0119dn\u0105 do d\u0142ugotrwa\u0142ego u\u017cytkowania na pe\u0142nej wysoko\u015bci 3,6 metra (12 st\u00f3p).<\/p>\n<p>Aby zachowa\u0107 precyzj\u0119 na ka\u017cdej wysoko\u015bci, GLS112 jest wyposa\u017cony w 30-calow\u0105 libell\u0119 okr\u0105g\u0142\u0105 do precyzyjnego poziomowania. Posiada wyra\u017an\u0105, dwujednostkow\u0105 podzia\u0142k\u0119 w centymetrach i stopach, co zapewnia wszechstronny odczyt. Dost\u0119pny jest w \u015brednicach 19\/25\/32 mm, aby sprosta\u0107 r\u00f3\u017cnym potrzebom.<\/p>\n<p>&nbsp;<\/p>\n<p>&nbsp;<\/p>\n<p><img fetchpriority=\"high\" decoding=\"async\" class=\"aligncenter wp-image-4518\" src=\"https:\/\/mountlaser.com\/wp-content\/uploads\/2025\/11\/GLS112\uff082\uff09.webp\" alt=\"Aluminum Swiss Style Prism Pole\" width=\"500\" height=\"500\" srcset=\"https:\/\/mountlaser.com\/wp-content\/uploads\/2025\/11\/GLS112\uff082\uff09.webp 1000w, https:\/\/mountlaser.com\/wp-content\/uploads\/2025\/11\/GLS112\uff082\uff09-300x300.webp 300w, https:\/\/mountlaser.com\/wp-content\/uploads\/2025\/11\/GLS112\uff082\uff09-400x400.webp 400w, https:\/\/mountlaser.com\/wp-content\/uploads\/2025\/11\/GLS112\uff082\uff09-800x800.webp 800w, https:\/\/mountlaser.com\/wp-content\/uploads\/2025\/11\/GLS112\uff082\uff09-600x600.webp 600w, https:\/\/mountlaser.com\/wp-content\/uploads\/2025\/11\/GLS112\uff082\uff09-150x150.webp 150w, https:\/\/mountlaser.com\/wp-content\/uploads\/2025\/11\/GLS112\uff082\uff09-768x768.webp 768w, https:\/\/mountlaser.com\/wp-content\/uploads\/2025\/11\/GLS112\uff082\uff09-12x12.webp 12w\" sizes=\"(max-width: 500px) 100vw, 500px\" \/><\/p>\n<p><a href=\"https:\/\/mountlaser.com\/pl\/contact-us\/\"><strong>Specyfikacja aluminiowego s\u0142upka pryzmatycznego GLS112<\/strong><\/a><\/p>\n<table style=\"border-collapse: collapse; width: 741.77pt;\" border=\"0\" width=\"989\" cellspacing=\"0\" cellpadding=\"0\">\n<tbody>\n<tr style=\"height: 14.25pt;\">\n<td class=\"et2\" style=\"height: 14.25pt; width: 142.50pt;\" width=\"190\" height=\"19\">NUMER<\/td>\n<td class=\"et2\" style=\"width: 127.50pt;\" width=\"170\">D\u0141UGO\u015a\u0106<\/td>\n<td class=\"et2\" style=\"width: 126.00pt;\" width=\"168\">TWORZYWO<\/td>\n<td class=\"et2\" style=\"width: 135.00pt;\" width=\"180\">ABSOLWENCI<\/td>\n<td class=\"et2\" style=\"width: 124.50pt;\" width=\"166\">ADAPTER<\/td>\n<td class=\"et2\" style=\"width: 86.25pt;\" width=\"115\">\u015aREDNICA<\/td>\n<\/tr>\n<tr style=\"height: 14.25pt;\">\n<td class=\"et2\" style=\"height: 14.25pt;\" height=\"19\">GLS112<\/td>\n<td class=\"et2\">3,6 m (12 st\u00f3p)<\/td>\n<td class=\"et2\">Aluminium<\/td>\n<td class=\"et3\">cm\/ stopy<\/td>\n<td class=\"et3\">szwajcarski<\/td>\n<td class=\"et3\">19\/25\/32 mm<\/td>\n<\/tr>\n<\/tbody>\n<\/table>","protected":false},"excerpt":{"rendered":"<ul>\n<li>Zapewnia stabiln\u0105, wysok\u0105 platform\u0119 (3,6 m \/ 12 st\u00f3p) do pomiaru pryzmat\u00f3w.<\/li>\n<li>Zapewnia precyzyjne ustawienie pionowe przy u\u017cyciu 30-calowej libelki okr\u0105g\u0142ej.<\/li>\n<li>Zapewnia bezpieczne i uniwersalne dopasowanie dzi\u0119ki szwajcarskiemu adapterowi kompatybilnemu ze standardowymi pryzmatami.<\/li>\n<\/ul>","protected":false},"featured_media":4517,"comment_status":"open","ping_status":"closed","template":"","meta":[],"product_brand":[],"product_cat":[89,124],"product_tag":[],"class_list":{"0":"post-4516","1":"product","2":"type-product","3":"status-publish","4":"has-post-thumbnail","6":"product_cat-surveying-pole-rod","7":"product_cat-aluminum-fiberglass-prism-pole","9":"first","10":"instock","11":"shipping-taxable","12":"product-type-simple"},"_links":{"self":[{"href":"https:\/\/mountlaser.com\/pl\/wp-json\/wp\/v2\/product\/4516","targetHints":{"allow":["GET"]}}],"collection":[{"href":"https:\/\/mountlaser.com\/pl\/wp-json\/wp\/v2\/product"}],"about":[{"href":"https:\/\/mountlaser.com\/pl\/wp-json\/wp\/v2\/types\/product"}],"replies":[{"embeddable":true,"href":"https:\/\/mountlaser.com\/pl\/wp-json\/wp\/v2\/comments?post=4516"}],"wp:featuredmedia":[{"embeddable":true,"href":"https:\/\/mountlaser.com\/pl\/wp-json\/wp\/v2\/media\/4517"}],"wp:attachment":[{"href":"https:\/\/mountlaser.com\/pl\/wp-json\/wp\/v2\/media?parent=4516"}],"wp:term":[{"taxonomy":"product_brand","embeddable":true,"href":"https:\/\/mountlaser.com\/pl\/wp-json\/wp\/v2\/product_brand?post=4516"},{"taxonomy":"product_cat","embeddable":true,"href":"https:\/\/mountlaser.com\/pl\/wp-json\/wp\/v2\/product_cat?post=4516"},{"taxonomy":"product_tag","embeddable":true,"href":"https:\/\/mountlaser.com\/pl\/wp-json\/wp\/v2\/product_tag?post=4516"}],"curies":[{"name":"wp","href":"https:\/\/api.w.org\/{rel}","templated":true}]}}