{"id":4498,"date":"2025-11-17T08:56:11","date_gmt":"2025-11-17T08:56:11","guid":{"rendered":"https:\/\/mountlaser.com\/?post_type=product&#038;p=4498"},"modified":"2025-11-26T08:50:16","modified_gmt":"2025-11-26T08:50:16","slug":"gls111-aluminum-prism-pole","status":"publish","type":"product","link":"https:\/\/mountlaser.com\/pl\/produkt\/gls111-aluminum-prism-pole\/","title":{"rendered":"GLS111 Aluminiowy s\u0142upek pryzmatyczny"},"content":{"rendered":"<p>Poznaj <a href=\"https:\/\/mountlaser.com\/pl\/products\/\"><strong>GLS111 Aluminiowy s\u0142upek pryzmatyczny<\/strong><\/a>, wszechstronne i wytrzyma\u0142e rozwi\u0105zanie dla geodet\u00f3w, kt\u00f3rzy wymagaj\u0105 wszechstronno\u015bci bez kompromis\u00f3w w zakresie dok\u0142adno\u015bci. Ten niezwykle wytrzyma\u0142y, lekki maszt zosta\u0142 zaprojektowany z my\u015bl\u0105 o trwa\u0142o\u015bci i precyzyjnym dzia\u0142aniu w r\u00f3\u017cnych warunkach terenowych, co czyni go niezb\u0119dnym narz\u0119dziem w ka\u017cdym projekcie pomiarowym.<\/p>\n<p>Cech\u0105 wyr\u00f3\u017cniaj\u0105c\u0105 ten model jest innowacyjna, teleskopowa konstrukcja. Teleskopowy dr\u0105\u017cek pryzmatyczny GLS111 bez problemu rozk\u0142ada si\u0119 do pe\u0142nej wysoko\u015bci 2,6 metra (8,5 stopy), co pozwala na szybkie dostosowanie do wymaganej wysoko\u015bci roboczej. Gdy nie jest u\u017cywany, mo\u017cna go z\u0142o\u017cy\u0107, co u\u0142atwia i zmniejsza jego wymiary podczas transportu. Wygodna konstrukcja teleskopowego dr\u0105\u017cka pryzmatycznego GLS111 pozwala na przenoszenie jednego dr\u0105\u017cka na miejsce pracy zamiast kilku dr\u0105\u017ck\u00f3w o sta\u0142ej d\u0142ugo\u015bci.<\/p>\n<p>Aby zagwarantowa\u0107 dok\u0142adno\u015b\u0107 pionow\u0105, <a href=\"https:\/\/mountlaser.com\/pl\/about-us\/\"><strong>GLS111 Teleskopowy dr\u0105\u017cek pryzmatyczny<\/strong><\/a> Wyposa\u017cony jest w niezawodn\u0105, 30-calow\u0105 libell\u0119 okr\u0105g\u0142\u0105, kt\u00f3ra zapewnia idealne wypoziomowanie pryzmatu przy ka\u017cdym pomiarze. Wykonany z wytrzyma\u0142ego aluminium, jest odporny na codzienne u\u017cytkowanie, a jednocze\u015bnie wystarczaj\u0105co lekki, aby zapewni\u0107 komfort przez ca\u0142y dzie\u0144. Wyposa\u017cony jest w standardowy szwajcarski adapter zapewniaj\u0105cy szerok\u0105 kompatybilno\u015b\u0107 i jest dost\u0119pny w \u015brednicach 25\/32 mm, z wyra\u017an\u0105 gradacj\u0105 centymetr\u00f3w i st\u00f3p, co zapewnia wszechstronne zastosowanie.<\/p>\n<p>&nbsp;<\/p>\n<p><img fetchpriority=\"high\" decoding=\"async\" class=\"aligncenter wp-image-4503\" src=\"https:\/\/mountlaser.com\/wp-content\/uploads\/2025\/11\/GLS1113.webp\" alt=\"GLS111 Telescopic Prism Pole\" width=\"500\" height=\"500\" srcset=\"https:\/\/mountlaser.com\/wp-content\/uploads\/2025\/11\/GLS1113.webp 1000w, https:\/\/mountlaser.com\/wp-content\/uploads\/2025\/11\/GLS1113-300x300.webp 300w, https:\/\/mountlaser.com\/wp-content\/uploads\/2025\/11\/GLS1113-400x400.webp 400w, https:\/\/mountlaser.com\/wp-content\/uploads\/2025\/11\/GLS1113-800x800.webp 800w, https:\/\/mountlaser.com\/wp-content\/uploads\/2025\/11\/GLS1113-600x600.webp 600w, https:\/\/mountlaser.com\/wp-content\/uploads\/2025\/11\/GLS1113-150x150.webp 150w, https:\/\/mountlaser.com\/wp-content\/uploads\/2025\/11\/GLS1113-768x768.webp 768w, https:\/\/mountlaser.com\/wp-content\/uploads\/2025\/11\/GLS1113-12x12.webp 12w\" sizes=\"(max-width: 500px) 100vw, 500px\" \/><\/p>\n<p><a href=\"https:\/\/mountlaser.com\/pl\/contact-us\/\"><strong>Specyfikacja aluminiowego s\u0142upka pryzmatycznego GLS111<\/strong><\/a><\/p>\n<table style=\"border-collapse: collapse; width: 741.77pt;\" border=\"0\" width=\"989\" cellspacing=\"0\" cellpadding=\"0\">\n<tbody>\n<tr style=\"height: 14.25pt;\">\n<td class=\"et2\" style=\"height: 14.25pt; width: 142.50pt;\" width=\"190\" height=\"19\">NUMER<\/td>\n<td class=\"et2\" style=\"width: 127.50pt;\" width=\"170\">D\u0141UGO\u015a\u0106<\/td>\n<td class=\"et2\" style=\"width: 126.00pt;\" width=\"168\">TWORZYWO<\/td>\n<td class=\"et2\" style=\"width: 135.00pt;\" width=\"180\">ABSOLWENCI<\/td>\n<td class=\"et2\" style=\"width: 124.50pt;\" width=\"166\">ADAPTER<\/td>\n<td class=\"et2\" style=\"width: 86.25pt;\" width=\"115\">\u015aREDNICA<\/td>\n<\/tr>\n<tr style=\"height: 14.25pt;\">\n<td class=\"et2\" style=\"height: 14.25pt;\" height=\"19\">GLS111<\/td>\n<td class=\"et2\">2,6 m (8,5 stopy)<\/td>\n<td class=\"et2\">Aluminium<\/td>\n<td class=\"et3\">cm\/ stopy<\/td>\n<td class=\"et3\">szwajcarski<\/td>\n<td class=\"et3\">25\/32 mm<\/td>\n<\/tr>\n<\/tbody>\n<\/table>","protected":false},"excerpt":{"rendered":"<ul>\n<li>Zapewnia regulowan\u0105 i stabiln\u0105 platform\u0119 do pomiaru pryzmat\u00f3w dzi\u0119ki swojej teleskopowej konstrukcji.<\/li>\n<li>Gwarantuje precyzyjne ustawienie w pionie dzi\u0119ki wbudowanej 30-calowej libelce okr\u0105g\u0142ej.<\/li>\n<li>Oferuje \u0142atw\u0105 regulacj\u0119 wysoko\u015bci od kompaktowych rozmiar\u00f3w do pe\u0142nej wysoko\u015bci roboczej 2,6 m (8,5 stopy).<\/li>\n<\/ul>","protected":false},"featured_media":4499,"comment_status":"open","ping_status":"closed","template":"","meta":[],"product_brand":[],"product_cat":[89,124],"product_tag":[],"class_list":{"0":"post-4498","1":"product","2":"type-product","3":"status-publish","4":"has-post-thumbnail","6":"product_cat-surveying-pole-rod","7":"product_cat-aluminum-fiberglass-prism-pole","9":"first","10":"instock","11":"shipping-taxable","12":"product-type-simple"},"_links":{"self":[{"href":"https:\/\/mountlaser.com\/pl\/wp-json\/wp\/v2\/product\/4498","targetHints":{"allow":["GET"]}}],"collection":[{"href":"https:\/\/mountlaser.com\/pl\/wp-json\/wp\/v2\/product"}],"about":[{"href":"https:\/\/mountlaser.com\/pl\/wp-json\/wp\/v2\/types\/product"}],"replies":[{"embeddable":true,"href":"https:\/\/mountlaser.com\/pl\/wp-json\/wp\/v2\/comments?post=4498"}],"wp:featuredmedia":[{"embeddable":true,"href":"https:\/\/mountlaser.com\/pl\/wp-json\/wp\/v2\/media\/4499"}],"wp:attachment":[{"href":"https:\/\/mountlaser.com\/pl\/wp-json\/wp\/v2\/media?parent=4498"}],"wp:term":[{"taxonomy":"product_brand","embeddable":true,"href":"https:\/\/mountlaser.com\/pl\/wp-json\/wp\/v2\/product_brand?post=4498"},{"taxonomy":"product_cat","embeddable":true,"href":"https:\/\/mountlaser.com\/pl\/wp-json\/wp\/v2\/product_cat?post=4498"},{"taxonomy":"product_tag","embeddable":true,"href":"https:\/\/mountlaser.com\/pl\/wp-json\/wp\/v2\/product_tag?post=4498"}],"curies":[{"name":"wp","href":"https:\/\/api.w.org\/{rel}","templated":true}]}}