{"id":4497,"date":"2025-11-17T08:56:31","date_gmt":"2025-11-17T08:56:31","guid":{"rendered":"https:\/\/mountlaser.com\/?post_type=product&#038;p=4497"},"modified":"2025-11-26T08:49:16","modified_gmt":"2025-11-26T08:49:16","slug":"alp01-line-laser-lifting-platform","status":"publish","type":"product","link":"https:\/\/mountlaser.com\/pl\/produkt\/alp01-line-laser-lifting-platform\/","title":{"rendered":"Platforma podnosz\u0105ca laser liniowy ALP01"},"content":{"rendered":"<p>Ten <a href=\"https:\/\/mountlaser.com\/pl\/\"><strong>Platforma podnosz\u0105ca ALP01 do poziomicy laserowej<\/strong><\/a> jest precyzyjnie zaprojektowany <a href=\"https:\/\/mountlaser.com\/pl\/about-us\/\"><strong>podno\u015bnik laboratoryjny<\/strong><\/a> Zaprojektowany, aby zapewni\u0107 stabilne i regulowane podparcie dla laserowych narz\u0119dzi poziomuj\u0105cych. Wykonany z wytrzyma\u0142ego aluminium, ten podno\u015bnik laboratoryjny zapewnia p\u0142ynn\u0105 i niezawodn\u0105 kontrol\u0119 wysoko\u015bci, dzi\u0119ki czemu idealnie nadaje si\u0119 do precyzyjnej regulacji wysoko\u015bci lasera podczas prac budowlanych we wn\u0119trzach, uk\u0142adania i wyr\u00f3wnywania.<\/p>\n<p>Dzi\u0119ki kompaktowej konstrukcji i wysoko\u015bci roboczej 90 mm, platforma podnosz\u0105ca ALP01 do poziomicy laserowej umo\u017cliwia u\u017cytkownikom precyzyjn\u0105 regulacj\u0119 pionow\u0105, zapewniaj\u0105c precyzyjne ustawienie linii laserowych dok\u0142adnie tam, gdzie s\u0105 potrzebne. Solidna aluminiowa konstrukcja gwarantuje d\u0142ugotrwa\u0142\u0105 trwa\u0142o\u015b\u0107, a jednocze\u015bnie lekko\u015b\u0107 i mobilno\u015b\u0107 w miejscu pracy.<\/p>\n<p><img fetchpriority=\"high\" decoding=\"async\" class=\"aligncenter wp-image-4514\" src=\"https:\/\/mountlaser.com\/wp-content\/uploads\/2025\/11\/APL019.webp\" alt=\"ALP01 lab jack\" width=\"500\" height=\"500\" srcset=\"https:\/\/mountlaser.com\/wp-content\/uploads\/2025\/11\/APL019.webp 1000w, https:\/\/mountlaser.com\/wp-content\/uploads\/2025\/11\/APL019-300x300.webp 300w, https:\/\/mountlaser.com\/wp-content\/uploads\/2025\/11\/APL019-400x400.webp 400w, https:\/\/mountlaser.com\/wp-content\/uploads\/2025\/11\/APL019-800x800.webp 800w, https:\/\/mountlaser.com\/wp-content\/uploads\/2025\/11\/APL019-600x600.webp 600w, https:\/\/mountlaser.com\/wp-content\/uploads\/2025\/11\/APL019-150x150.webp 150w, https:\/\/mountlaser.com\/wp-content\/uploads\/2025\/11\/APL019-768x768.webp 768w, https:\/\/mountlaser.com\/wp-content\/uploads\/2025\/11\/APL019-12x12.webp 12w\" sizes=\"(max-width: 500px) 100vw, 500px\" \/><\/p>\n<p>Zaprojektowany dla profesjonalist\u00f3w, kt\u00f3rzy wymagaj\u0105 dok\u0142adno\u015bci, <a href=\"https:\/\/mountlaser.com\/pl\/contact-us\/\">Platforma podnosz\u0105ca ALP01 do poziomicy laserowej<\/a> zapewnia stabiln\u0105 wydajno\u015b\u0107 i stabilno\u015b\u0107, co czyni go niezb\u0119dnym podno\u015bnikiem laboratoryjnym do narz\u0119dzi laserowych wykorzystywanych w pracach pomiarowych i niwelacyjnych.<\/p>","protected":false},"excerpt":{"rendered":"<ul>\n<li>Zapewnia regulowan\u0105 wysoko\u015b\u0107 ustawienia poziomic laserowych<\/li>\n<li>P\u0142ynny i stabilny mechanizm podnoszenia zapewniaj\u0105cy precyzyjne ustawienie w pionie<\/li>\n<li>Solidna aluminiowa konstrukcja zapewniaj\u0105ca trwa\u0142o\u015b\u0107 i przeno\u015bno\u015b\u0107<\/li>\n<li>Wysoko\u015b\u0107 robocza: 90 mm<\/li>\n<li>Idealny do poziomowania, uk\u0142adania, uk\u0142adania p\u0142ytek i wyr\u00f3wnywania powierzchni wewn\u0105trz budynk\u00f3w<\/li>\n<li>Zwi\u0119ksza dok\u0142adno\u015b\u0107, umo\u017cliwiaj\u0105c precyzyjn\u0105 regulacj\u0119 wysoko\u015bci<\/li>\n<\/ul>","protected":false},"featured_media":4510,"comment_status":"open","ping_status":"closed","template":"","meta":[],"product_brand":[],"product_cat":[94,128],"product_tag":[],"class_list":{"0":"post-4497","1":"product","2":"type-product","3":"status-publish","4":"has-post-thumbnail","6":"product_cat-laser-level-accessory","7":"product_cat-line-laser-lifting-platform","9":"first","10":"instock","11":"shipping-taxable","12":"product-type-simple"},"_links":{"self":[{"href":"https:\/\/mountlaser.com\/pl\/wp-json\/wp\/v2\/product\/4497","targetHints":{"allow":["GET"]}}],"collection":[{"href":"https:\/\/mountlaser.com\/pl\/wp-json\/wp\/v2\/product"}],"about":[{"href":"https:\/\/mountlaser.com\/pl\/wp-json\/wp\/v2\/types\/product"}],"replies":[{"embeddable":true,"href":"https:\/\/mountlaser.com\/pl\/wp-json\/wp\/v2\/comments?post=4497"}],"wp:featuredmedia":[{"embeddable":true,"href":"https:\/\/mountlaser.com\/pl\/wp-json\/wp\/v2\/media\/4510"}],"wp:attachment":[{"href":"https:\/\/mountlaser.com\/pl\/wp-json\/wp\/v2\/media?parent=4497"}],"wp:term":[{"taxonomy":"product_brand","embeddable":true,"href":"https:\/\/mountlaser.com\/pl\/wp-json\/wp\/v2\/product_brand?post=4497"},{"taxonomy":"product_cat","embeddable":true,"href":"https:\/\/mountlaser.com\/pl\/wp-json\/wp\/v2\/product_cat?post=4497"},{"taxonomy":"product_tag","embeddable":true,"href":"https:\/\/mountlaser.com\/pl\/wp-json\/wp\/v2\/product_tag?post=4497"}],"curies":[{"name":"wp","href":"https:\/\/api.w.org\/{rel}","templated":true}]}}