{"id":4494,"date":"2025-11-17T07:52:44","date_gmt":"2025-11-17T07:52:44","guid":{"rendered":"https:\/\/mountlaser.com\/?post_type=product&#038;p=4494"},"modified":"2025-11-26T09:00:12","modified_gmt":"2025-11-26T09:00:12","slug":"gls12-aluminum-prism-pole","status":"publish","type":"product","link":"https:\/\/mountlaser.com\/pl\/produkt\/gls12-aluminum-prism-pole\/","title":{"rendered":"GLS12 Aluminiowy s\u0142upek pryzmatyczny"},"content":{"rendered":"<p>Po\u0142\u0105czenie precyzji i wytrzyma\u0142o\u015bci: aluminiowy dr\u0105\u017cek pryzmatyczny GLS12<\/p>\n<p>Podnie\u015b poziom swoich projekt\u00f3w geodezyjnych i pomiarowych dzi\u0119ki <a href=\"https:\/\/mountlaser.com\/pl\/products\/\"><strong>GLS12 Aluminiowy s\u0142upek pryzmatyczny<\/strong><\/a>, narz\u0119dzie zaprojektowane z my\u015bl\u0105 o wyj\u0105tkowej stabilno\u015bci i precyzji. Ten niezwykle wytrzyma\u0142y aluminiowy dr\u0105\u017cek zosta\u0142 zaprojektowany tak, aby sprosta\u0107 trudom panuj\u0105cym w terenie, zapewniaj\u0105c jednocze\u015bnie niezawodno\u015b\u0107 wymagan\u0105 przez profesjonalist\u00f3w.<\/p>\n<p>Kluczow\u0105 cech\u0105 tego kija jest mechanizm blokuj\u0105cy Swiss Style Snap Lock Prism Pole. Ten zaawansowany system blokowania zapewnia szybkie i bezpieczne rozstawianie, umo\u017cliwiaj\u0105c szybk\u0105 regulacj\u0119 wysoko\u015bci bez utraty sztywno\u015bci i wyr\u00f3wnania. Precyzja <a href=\"https:\/\/mountlaser.com\/pl\/about-us\/\"><strong>Tyczka pryzmatyczna z zatrzaskiem w stylu szwajcarskim<\/strong><\/a> konstrukcja gwarantuje, \u017ce Tw\u00f3j pryzmat pozostanie stabilny nawet w trudnych warunkach.<\/p>\n<p>Aby zapewni\u0107 niezr\u00f3wnan\u0105 dok\u0142adno\u015b\u0107 przy ka\u017cdym zadaniu, <a href=\"https:\/\/mountlaser.com\/pl\/\">GLS12 Aluminiowy s\u0142upek pryzmatyczny<\/a> Wyposa\u017cony jest w 30-calow\u0105 okr\u0105g\u0142\u0105 libelk\u0119 do precyzyjnego poziomowania. Wykonany z wytrzyma\u0142ego aluminium, oferuje optymaln\u0105 r\u00f3wnowag\u0119 mi\u0119dzy lekko\u015bci\u0105 i trwa\u0142o\u015bci\u0105. Tyczka jest wyposa\u017cona w szwajcarski adapter zapewniaj\u0105cy uniwersalno\u015b\u0107 i dost\u0119pna w \u015brednicach 18\/25 mm.<\/p>\n<p><img fetchpriority=\"high\" decoding=\"async\" class=\"aligncenter wp-image-4495\" src=\"https:\/\/mountlaser.com\/wp-content\/uploads\/2025\/11\/IMG_3171.webp\" alt=\"Swiss Style Snap Lock Prism Pole\" width=\"500\" height=\"500\" srcset=\"https:\/\/mountlaser.com\/wp-content\/uploads\/2025\/11\/IMG_3171.webp 800w, https:\/\/mountlaser.com\/wp-content\/uploads\/2025\/11\/IMG_3171-300x300.webp 300w, https:\/\/mountlaser.com\/wp-content\/uploads\/2025\/11\/IMG_3171-400x400.webp 400w, https:\/\/mountlaser.com\/wp-content\/uploads\/2025\/11\/IMG_3171-600x600.webp 600w, https:\/\/mountlaser.com\/wp-content\/uploads\/2025\/11\/IMG_3171-150x150.webp 150w, https:\/\/mountlaser.com\/wp-content\/uploads\/2025\/11\/IMG_3171-768x768.webp 768w, https:\/\/mountlaser.com\/wp-content\/uploads\/2025\/11\/IMG_3171-12x12.webp 12w\" sizes=\"(max-width: 500px) 100vw, 500px\" \/><\/p>\n<p><strong>Specyfikacja aluminiowego s\u0142upka pryzmatycznego GLS12<\/strong><\/p>\n<table style=\"border-collapse: collapse; width: 741.77pt;\" border=\"0\" width=\"989\" cellspacing=\"0\" cellpadding=\"0\">\n<tbody>\n<tr style=\"height: 14.25pt;\">\n<td class=\"et2\" style=\"height: 14.25pt; width: 142.50pt;\" width=\"190\" height=\"19\">NUMER<\/td>\n<td class=\"et2\" style=\"width: 127.50pt;\" width=\"170\">D\u0141UGO\u015a\u0106<\/td>\n<td class=\"et2\" style=\"width: 126.00pt;\" width=\"168\">TWORZYWO<\/td>\n<td class=\"et2\" style=\"width: 135.00pt;\" width=\"180\">ABSOLWENCI<\/td>\n<td class=\"et2\" style=\"width: 124.50pt;\" width=\"166\">ADAPTER<\/td>\n<td class=\"et2\" style=\"width: 86.25pt;\" width=\"115\">\u015aREDNICA<\/td>\n<\/tr>\n<tr style=\"height: 14.25pt;\">\n<td class=\"et2\" style=\"height: 14.25pt;\" height=\"19\">GLS12<\/td>\n<td class=\"et2\">2,0 m<\/td>\n<td class=\"et2\">Aluminium<\/td>\n<td class=\"et3\">cm<\/td>\n<td class=\"et3\">szwajcarski<\/td>\n<td class=\"et3\">18\/25 mm<\/td>\n<\/tr>\n<\/tbody>\n<\/table>\n<p>&nbsp;<\/p>","protected":false},"excerpt":{"rendered":"<ul>\n<li>Zapewnia stabiln\u0105 i regulowan\u0105 platform\u0119 do monta\u017cu pryzmat\u00f3w geodezyjnych.<\/li>\n<li>Gwarantuje precyzyjne ustawienie w pionie dzi\u0119ki zintegrowanej 30-calowej libelce okr\u0105g\u0142ej.<\/li>\n<li>Umo\u017cliwia szybk\u0105 i bezpieczn\u0105 regulacj\u0119 wysoko\u015bci dzi\u0119ki mechanizmowi Swiss Style Snap Lock.<\/li>\n<\/ul>","protected":false},"featured_media":4495,"comment_status":"open","ping_status":"closed","template":"","meta":[],"product_brand":[],"product_cat":[89,124],"product_tag":[],"class_list":{"0":"post-4494","1":"product","2":"type-product","3":"status-publish","4":"has-post-thumbnail","6":"product_cat-surveying-pole-rod","7":"product_cat-aluminum-fiberglass-prism-pole","9":"first","10":"instock","11":"shipping-taxable","12":"product-type-simple"},"_links":{"self":[{"href":"https:\/\/mountlaser.com\/pl\/wp-json\/wp\/v2\/product\/4494","targetHints":{"allow":["GET"]}}],"collection":[{"href":"https:\/\/mountlaser.com\/pl\/wp-json\/wp\/v2\/product"}],"about":[{"href":"https:\/\/mountlaser.com\/pl\/wp-json\/wp\/v2\/types\/product"}],"replies":[{"embeddable":true,"href":"https:\/\/mountlaser.com\/pl\/wp-json\/wp\/v2\/comments?post=4494"}],"wp:featuredmedia":[{"embeddable":true,"href":"https:\/\/mountlaser.com\/pl\/wp-json\/wp\/v2\/media\/4495"}],"wp:attachment":[{"href":"https:\/\/mountlaser.com\/pl\/wp-json\/wp\/v2\/media?parent=4494"}],"wp:term":[{"taxonomy":"product_brand","embeddable":true,"href":"https:\/\/mountlaser.com\/pl\/wp-json\/wp\/v2\/product_brand?post=4494"},{"taxonomy":"product_cat","embeddable":true,"href":"https:\/\/mountlaser.com\/pl\/wp-json\/wp\/v2\/product_cat?post=4494"},{"taxonomy":"product_tag","embeddable":true,"href":"https:\/\/mountlaser.com\/pl\/wp-json\/wp\/v2\/product_tag?post=4494"}],"curies":[{"name":"wp","href":"https:\/\/api.w.org\/{rel}","templated":true}]}}