{"id":4485,"date":"2025-11-17T07:41:43","date_gmt":"2025-11-17T07:41:43","guid":{"rendered":"https:\/\/mountlaser.com\/?post_type=product&#038;p=4485"},"modified":"2025-11-26T09:01:10","modified_gmt":"2025-11-26T09:01:10","slug":"ltp03-laser-target-plate","status":"publish","type":"product","link":"https:\/\/mountlaser.com\/pl\/produkt\/ltp03-laser-target-plate\/","title":{"rendered":"P\u0142ytka celownicza laserowa LTP03"},"content":{"rendered":"<p data-start=\"194\" data-end=\"576\">Ten <a href=\"https:\/\/mountlaser.com\/pl\/\"><strong data-start=\"198\" data-end=\"226\">P\u0142ytka celownicza laserowa LTP03<\/strong><\/a> jest trwa\u0142y i bardzo widoczny <a href=\"https:\/\/mountlaser.com\/pl\/about-us\/\"><strong data-start=\"259\" data-end=\"287\">Tarcza docelowa poziomicy laserowej<\/strong><\/a> Zaprojektowana w celu poprawy detekcji wi\u0105zki laserowej w r\u00f3\u017cnych zadaniach pomiarowych i kalibracyjnych. Zbudowana z odblaskowej, wysokokontrastowej powierzchni, tarcza celownicza LTP03 poprawia czytelno\u015b\u0107 linii laserowych, u\u0142atwiaj\u0105c i zwi\u0119kszaj\u0105c precyzj\u0119 pomiar\u00f3w z du\u017cej odleg\u0142o\u015bci i w jasnym otoczeniu.<\/p>\n<p data-start=\"578\" data-end=\"949\">Aby sprosta\u0107 zr\u00f3\u017cnicowanym potrzebom, tarcza celownicza LTP03 jest dost\u0119pna w dw\u00f3ch kolorach: czerwonym i bia\u0142ym, oferuj\u0105c wszechstronn\u0105 widoczno\u015b\u0107 w r\u00f3\u017cnych warunkach pracy. Dodatkowo, tarcza celownicza laserowa jest dost\u0119pna w trzech rozmiarach \u2013 150 mm, 200 mm i 300 mm \u2013 co zapewnia elastyczno\u015b\u0107 w r\u00f3\u017cnych warunkach pracy i wymaganiach projektowych.<\/p>\n<p data-start=\"951\" data-end=\"1200\"><img fetchpriority=\"high\" decoding=\"async\" class=\"aligncenter wp-image-4490\" src=\"https:\/\/mountlaser.com\/wp-content\/uploads\/2025\/11\/LTP035.webp\" alt=\"LTP03 Laser Target Plate\" width=\"500\" height=\"500\" srcset=\"https:\/\/mountlaser.com\/wp-content\/uploads\/2025\/11\/LTP035.webp 1000w, https:\/\/mountlaser.com\/wp-content\/uploads\/2025\/11\/LTP035-300x300.webp 300w, https:\/\/mountlaser.com\/wp-content\/uploads\/2025\/11\/LTP035-400x400.webp 400w, https:\/\/mountlaser.com\/wp-content\/uploads\/2025\/11\/LTP035-800x800.webp 800w, https:\/\/mountlaser.com\/wp-content\/uploads\/2025\/11\/LTP035-600x600.webp 600w, https:\/\/mountlaser.com\/wp-content\/uploads\/2025\/11\/LTP035-150x150.webp 150w, https:\/\/mountlaser.com\/wp-content\/uploads\/2025\/11\/LTP035-768x768.webp 768w, https:\/\/mountlaser.com\/wp-content\/uploads\/2025\/11\/LTP035-12x12.webp 12w\" sizes=\"(max-width: 500px) 100vw, 500px\" \/><\/p>\n<p data-start=\"951\" data-end=\"1200\">Zaprojektowany dla profesjonalist\u00f3w zajmuj\u0105cych si\u0119 budownictwem, uk\u0142adem i geodezj\u0105, <a href=\"https:\/\/mountlaser.com\/pl\/products\/\">Tarcza docelowa poziomicy laserowej<\/a> Zapewnia lepszy kontrast, czytelne oznaczenia skali i stabiln\u0105 prac\u0119. Wytrzyma\u0142a konstrukcja gwarantuje niezawodne u\u017cytkowanie zar\u00f3wno wewn\u0105trz, jak i na zewn\u0105trz.<\/p>","protected":false},"excerpt":{"rendered":"<ul>\n<li>Poprawia widoczno\u015b\u0107 linii laserowych w \u015brodowiskach o du\u017cym zasi\u0119gu lub jasnym o\u015bwietleniu<\/li>\n<li>Odblaskowa powierzchnia poprawia kontrast, zapewniaj\u0105c dok\u0142adne ustawienie<\/li>\n<li>Dost\u0119pne w kolorze czerwonym i bia\u0142ym<\/li>\n<li>Dost\u0119pne w trzech rozmiarach: 150 mm, 200 mm, 300 mm<\/li>\n<li>Wyra\u017ane oznaczenia skali umo\u017cliwiaj\u0105ce precyzyjne pozycjonowanie odniesienia<\/li>\n<li>Nadaje si\u0119 do zada\u0144 zwi\u0105zanych z poziomowaniem, uk\u0142adem i pomiarami geodezyjnymi<\/li>\n<li>Trwa\u0142e i stabilne do u\u017cytku wewn\u0105trz i na zewn\u0105trz<\/li>\n<\/ul>","protected":false},"featured_media":4490,"comment_status":"open","ping_status":"closed","template":"","meta":[],"product_brand":[],"product_cat":[94,127],"product_tag":[],"class_list":{"0":"post-4485","1":"product","2":"type-product","3":"status-publish","4":"has-post-thumbnail","6":"product_cat-laser-level-accessory","7":"product_cat-laser-target","9":"first","10":"instock","11":"shipping-taxable","12":"product-type-simple"},"_links":{"self":[{"href":"https:\/\/mountlaser.com\/pl\/wp-json\/wp\/v2\/product\/4485","targetHints":{"allow":["GET"]}}],"collection":[{"href":"https:\/\/mountlaser.com\/pl\/wp-json\/wp\/v2\/product"}],"about":[{"href":"https:\/\/mountlaser.com\/pl\/wp-json\/wp\/v2\/types\/product"}],"replies":[{"embeddable":true,"href":"https:\/\/mountlaser.com\/pl\/wp-json\/wp\/v2\/comments?post=4485"}],"wp:featuredmedia":[{"embeddable":true,"href":"https:\/\/mountlaser.com\/pl\/wp-json\/wp\/v2\/media\/4490"}],"wp:attachment":[{"href":"https:\/\/mountlaser.com\/pl\/wp-json\/wp\/v2\/media?parent=4485"}],"wp:term":[{"taxonomy":"product_brand","embeddable":true,"href":"https:\/\/mountlaser.com\/pl\/wp-json\/wp\/v2\/product_brand?post=4485"},{"taxonomy":"product_cat","embeddable":true,"href":"https:\/\/mountlaser.com\/pl\/wp-json\/wp\/v2\/product_cat?post=4485"},{"taxonomy":"product_tag","embeddable":true,"href":"https:\/\/mountlaser.com\/pl\/wp-json\/wp\/v2\/product_tag?post=4485"}],"curies":[{"name":"wp","href":"https:\/\/api.w.org\/{rel}","templated":true}]}}